{"id":6965,"date":"2023-08-28T16:51:50","date_gmt":"2023-08-28T16:51:50","guid":{"rendered":"https:\/\/ssscorp.org\/o-projeto-de-reconciliacao-compassiva\/"},"modified":"2025-03-09T22:36:11","modified_gmt":"2025-03-09T22:36:11","slug":"o-projeto-de-reconciliacao-compassiva","status":"publish","type":"page","link":"https:\/\/ssscorp.org\/pt-br\/o-projeto-de-reconciliacao-compassiva\/","title":{"rendered":"O Projeto de Reconcilia\u00e7\u00e3o Compassiva"},"content":{"rendered":"\n\n  <div class=\"banner has-hover has-parallax\" id=\"banner-1873328468\">\n          <div class=\"banner-inner fill\">\n        <div class=\"banner-bg fill\" data-parallax=\"-3\" data-parallax-container=\".banner\" data-parallax-background>\n            <div class=\"bg fill bg-fill \"><\/div>\n                        <div class=\"overlay\"><\/div>            \n                    <\/div>\n\t\t\n        <div class=\"banner-layers container\">\n            <div class=\"fill banner-link\"><\/div>            \n\n   <div id=\"text-box-1499292498\" class=\"text-box banner-layer x50 md-x50 lg-x50 y50 md-y50 lg-y50 res-text\">\n                                <div class=\"text-box-content text dark\">\n              \n              <div class=\"text-inner text-center\">\n                  \n\n<h3 class=\"uppercase\"><strong>O Projeto de Reconcilia\u00e7\u00e3o Compassiva<\/strong><\/h3>\n\n              <\/div>\n           <\/div>\n                            \n<style>\n#text-box-1499292498 {\n  width: 60%;\n}\n#text-box-1499292498 .text-box-content {\n  font-size: 100%;\n}\n<\/style>\n    <\/div>\n \n\n        <\/div>\n      <\/div>\n\n            \n<style>\n#banner-1873328468 {\n  padding-top: 300px;\n}\n#banner-1873328468 .bg.bg-loaded {\n  background-image: url(https:\/\/ssscorp.org\/wp-content\/uploads\/2022\/09\/Untitled-design-3-scaled-1.jpeg);\n}\n#banner-1873328468 .overlay {\n  background-color: rgba(17, 33, 82, 0.855);\n}\n#banner-1873328468 .ux-shape-divider--top svg {\n  height: 150px;\n  --divider-top-width: 100%;\n}\n#banner-1873328468 .ux-shape-divider--bottom svg {\n  height: 150px;\n  --divider-width: 100%;\n}\n<\/style>\n  <\/div>\n\n\n\t<section class=\"section\" id=\"section_1848457800\">\n\t\t<div class=\"bg section-bg fill bg-fill  bg-loaded\" >\n\n\t\t\t\n\t\t\t\n\t\t\t\n\n\t\t<\/div>\n\n\t\t\n\n\t\t<div class=\"section-content relative\">\n\t\t\t\n\n<div class=\"row align-center\"  id=\"row-1866783406\">\n\n\n\t<div id=\"col-1897277219\" class=\"col small-12 large-12\"  >\n\t\t\t\t<div class=\"col-inner\"  >\n\t\t\t\n\t\t\t\n\n<h2>O Projeto de Reconcilia\u00e7\u00e3o Compassiva<\/h2>\n<p><span style=\"font-weight: 400;\">No in\u00edcio de 2020, as comunidades globais 3HO, KRI e Sikh Dharma International ouviram a dolorosa partilha de experi\u00eancias de danos dentro de nossas comunidades, e especialmente em nossos programas e escolas para jovens.<\/span><\/p>\n<p><span style=\"font-weight: 400;\">O SSSC embarcou numa jornada de Reconcilia\u00e7\u00e3o Compassiva, que utiliza os princ\u00edpios fundamentais da justi\u00e7a restaurativa para orientar os processos de cura para todos os afectados. O Projeto de Reconcilia\u00e7\u00e3o Compassiva procura reconhecer e reparar os danos, ao mesmo tempo que reconstr\u00f3i uma comunidade de confian\u00e7a.<\/span><\/p>\n<p><span style=\"font-weight: 400;\">No outono de 2020, o SSSC contratou a Just Outcomes, uma empresa de consultoria em justi\u00e7a restaurativa, que concentrou esfor\u00e7os em reunir indiv\u00edduos e grupos da nossa comunidade para compreender melhor as diversas necessidades e experi\u00eancias presentes. Este processo de aprendizagem e avalia\u00e7\u00e3o ajudou a Just Outcomes a compreender o que poderia ser necess\u00e1rio para responder de forma significativa \u00e0s necessidades de reconhecimento e cura. Atrav\u00e9s deste trabalho em rede e da cria\u00e7\u00e3o de rela\u00e7\u00f5es, a Just Outcomes tem trabalhado em estreita colabora\u00e7\u00e3o com os nossos actuais<\/span><\/p>\n<p><span style=\"font-weight: 400;\">organiza\u00e7\u00e3o e lideran\u00e7a comunit\u00e1ria para desenvolver capacidades e conceber caminhos para a justi\u00e7a, o apoio e a cura.<\/span><\/p>\n<p><span style=\"font-weight: 400;\">Uma iniciativa importante do Projeto de Reconcilia\u00e7\u00e3o Compassiva foi a cria\u00e7\u00e3o da Comiss\u00e3o de Reconcilia\u00e7\u00e3o Compassiva (CRC). O CRC \u00e9 um grupo diversificado que envolve as muitas vozes, necessidades e perspectivas que existem na nossa comunidade. A atual estrutura do CRC consiste numa s\u00e9rie de equipas consultivas que trabalham em conjunto com o CRC principal, que \u00e9 composto por representantes de cada equipa consultiva.<\/span><\/p>\n<p><span style=\"font-weight: 400;\">Clique aqui para obter mais informa\u00e7\u00f5es sobre o projeto: <\/span><a href=\"https:\/\/ssscorp.org\/pt-br\/o-projeto-de-reconciliacao-compassiva\/crc-teste\/\"><span style=\"font-weight: 400;\">https:\/\/ssscorp.org\/the-compassionate-reconciliation-project\/crp-about\/<\/span><\/a><\/p>\n\n\n\t\t<\/div>\n\t\t\t\t\t<\/div>\n\n\t\n\n<\/div>\n\n\t\t<\/div>\n\n\t\t\n<style>\n#section_1848457800 {\n  padding-top: 30px;\n  padding-bottom: 30px;\n}\n#section_1848457800 .ux-shape-divider--top svg {\n  height: 150px;\n  --divider-top-width: 100%;\n}\n#section_1848457800 .ux-shape-divider--bottom svg {\n  height: 150px;\n  --divider-width: 100%;\n}\n<\/style>\n\t<\/section>\n\t\n\n","protected":false},"excerpt":{"rendered":"","protected":false},"author":2,"featured_media":0,"parent":0,"menu_order":0,"comment_status":"closed","ping_status":"closed","template":"page-blank.php","meta":{"iawp_total_views":4,"footnotes":""},"class_list":["post-6965","page","type-page","status-publish","hentry"],"_links":{"self":[{"href":"https:\/\/ssscorp.org\/pt-br\/wp-json\/wp\/v2\/pages\/6965","targetHints":{"allow":["GET"]}}],"collection":[{"href":"https:\/\/ssscorp.org\/pt-br\/wp-json\/wp\/v2\/pages"}],"about":[{"href":"https:\/\/ssscorp.org\/pt-br\/wp-json\/wp\/v2\/types\/page"}],"author":[{"embeddable":true,"href":"https:\/\/ssscorp.org\/pt-br\/wp-json\/wp\/v2\/users\/2"}],"replies":[{"embeddable":true,"href":"https:\/\/ssscorp.org\/pt-br\/wp-json\/wp\/v2\/comments?post=6965"}],"version-history":[{"count":4,"href":"https:\/\/ssscorp.org\/pt-br\/wp-json\/wp\/v2\/pages\/6965\/revisions"}],"predecessor-version":[{"id":12838,"href":"https:\/\/ssscorp.org\/pt-br\/wp-json\/wp\/v2\/pages\/6965\/revisions\/12838"}],"wp:attachment":[{"href":"https:\/\/ssscorp.org\/pt-br\/wp-json\/wp\/v2\/media?parent=6965"}],"curies":[{"name":"wp","href":"https:\/\/api.w.org\/{rel}","templated":true}]}}