{"id":6877,"date":"2023-08-28T16:36:52","date_gmt":"2023-08-28T16:36:52","guid":{"rendered":"https:\/\/ssscorp.org\/comissao-de-direitos-humanos-2\/"},"modified":"2024-09-20T15:13:31","modified_gmt":"2024-09-20T15:13:31","slug":"comissao-de-direitos-humanos-2","status":"publish","type":"page","link":"https:\/\/ssscorp.org\/pt-br\/comissao-de-direitos-humanos-2\/","title":{"rendered":"Grupo de trabalho para pedidos n\u00e3o monet\u00e1rios do IHRP"},"content":{"rendered":"\n\n  <div class=\"banner has-hover has-parallax\" id=\"banner-234930872\">\n          <div class=\"banner-inner fill\">\n        <div class=\"banner-bg fill\" data-parallax=\"-3\" data-parallax-container=\".banner\" data-parallax-background>\n            <div class=\"bg fill bg-fill \"><\/div>\n                        <div class=\"overlay\"><\/div>            \n                    <\/div>\n\t\t\n        <div class=\"banner-layers container\">\n            <div class=\"fill banner-link\"><\/div>            \n\n   <div id=\"text-box-910405774\" class=\"text-box banner-layer x50 md-x50 lg-x50 y50 md-y50 lg-y50 res-text\">\n                                <div class=\"text-box-content text dark\">\n              \n              <div class=\"text-inner text-center\">\n                  \n\n<h3 class=\"uppercase\"><strong>Grupo de trabalho para pedidos n\u00e3o monet\u00e1rios do IHRP<\/strong><\/h3>\n\n              <\/div>\n           <\/div>\n                            \n<style>\n#text-box-910405774 {\n  width: 60%;\n}\n#text-box-910405774 .text-box-content {\n  font-size: 100%;\n}\n<\/style>\n    <\/div>\n \n\n        <\/div>\n      <\/div>\n\n            \n<style>\n#banner-234930872 {\n  padding-top: 300px;\n}\n#banner-234930872 .bg.bg-loaded {\n  background-image: url(https:\/\/ssscorp.org\/wp-content\/uploads\/2022\/09\/Untitled-design-3-scaled-1.jpeg);\n}\n#banner-234930872 .overlay {\n  background-color: rgba(17, 33, 82, 0.855);\n}\n#banner-234930872 .ux-shape-divider--top svg {\n  height: 150px;\n  --divider-top-width: 100%;\n}\n#banner-234930872 .ux-shape-divider--bottom svg {\n  height: 150px;\n  --divider-width: 100%;\n}\n<\/style>\n  <\/div>\n\n\n\t<section class=\"section\" id=\"section_348634387\">\n\t\t<div class=\"bg section-bg fill bg-fill  bg-loaded\" >\n\n\t\t\t\n\t\t\t\n\t\t\t\n\n\t\t<\/div>\n\n\t\t\n\n\t\t<div class=\"section-content relative\">\n\t\t\t\n\n<div class=\"row align-center\"  id=\"row-1393470001\">\n\n\n\t<div id=\"col-1448759799\" class=\"col small-12 large-12\"  >\n\t\t\t\t<div class=\"col-inner\"  >\n\t\t\t\n\t\t\t\n\n<h2>Grupo de trabalho para pedidos n\u00e3o monet\u00e1rios do IHRP<\/h2>\n<p>Em 7 de junho de 2023, o SSSC criou um Grupo de Trabalho sobre Pedidos N\u00e3o Monet\u00e1rios para avaliar os pedidos n\u00e3o monet\u00e1rios dos participantes no IHRP e apresentar ao Conselho de Administra\u00e7\u00e3o as suas conclus\u00f5es e recomenda\u00e7\u00f5es em rela\u00e7\u00e3o a esses pedidos. Os pedidos n\u00e3o monet\u00e1rios foram compilados e fornecidos ao grupo de trabalho por Lynn Shiner, a facilitadora do IHRP, tendo o anonimato individual sido cuidadosamente protegido. Inclui mais de mil pedidos n\u00e3o monet\u00e1rios.<br><a href=\"https:\/\/epsweb.org\/reparations-faq\/\" target=\"_blank\" rel=\"noopener\">Programa Independente de Cura e Repara\u00e7\u00e3o (IHRP).  <\/a><\/p>\n<p> <\/p>\n\n\t\t<\/div>\n\t\t\t\t\t<\/div>\n\n\t\n\n<\/div>\n\n\t\t<\/div>\n\n\t\t\n<style>\n#section_348634387 {\n  padding-top: 30px;\n  padding-bottom: 30px;\n}\n#section_348634387 .ux-shape-divider--top svg {\n  height: 150px;\n  --divider-top-width: 100%;\n}\n#section_348634387 .ux-shape-divider--bottom svg {\n  height: 150px;\n  --divider-width: 100%;\n}\n<\/style>\n\t<\/section>\n\t\n\n","protected":false},"excerpt":{"rendered":"","protected":false},"author":2,"featured_media":0,"parent":0,"menu_order":0,"comment_status":"closed","ping_status":"closed","template":"page-blank.php","meta":{"iawp_total_views":0,"footnotes":""},"class_list":["post-6877","page","type-page","status-publish","hentry"],"_links":{"self":[{"href":"https:\/\/ssscorp.org\/pt-br\/wp-json\/wp\/v2\/pages\/6877","targetHints":{"allow":["GET"]}}],"collection":[{"href":"https:\/\/ssscorp.org\/pt-br\/wp-json\/wp\/v2\/pages"}],"about":[{"href":"https:\/\/ssscorp.org\/pt-br\/wp-json\/wp\/v2\/types\/page"}],"author":[{"embeddable":true,"href":"https:\/\/ssscorp.org\/pt-br\/wp-json\/wp\/v2\/users\/2"}],"replies":[{"embeddable":true,"href":"https:\/\/ssscorp.org\/pt-br\/wp-json\/wp\/v2\/comments?post=6877"}],"version-history":[{"count":4,"href":"https:\/\/ssscorp.org\/pt-br\/wp-json\/wp\/v2\/pages\/6877\/revisions"}],"predecessor-version":[{"id":10884,"href":"https:\/\/ssscorp.org\/pt-br\/wp-json\/wp\/v2\/pages\/6877\/revisions\/10884"}],"wp:attachment":[{"href":"https:\/\/ssscorp.org\/pt-br\/wp-json\/wp\/v2\/media?parent=6877"}],"curies":[{"name":"wp","href":"https:\/\/api.w.org\/{rel}","templated":true}]}}