{"id":5473,"date":"2023-04-03T16:00:59","date_gmt":"2023-04-03T16:00:59","guid":{"rendered":"https:\/\/ssscorp.org\/pagina-das-organizacoes-sssc\/"},"modified":"2023-04-03T16:08:07","modified_gmt":"2023-04-03T16:08:07","slug":"pagina-das-organizacoes-sssc","status":"publish","type":"page","link":"https:\/\/ssscorp.org\/pt-br\/pagina-das-organizacoes-sssc\/","title":{"rendered":"P\u00e1gina das organiza\u00e7\u00f5es SSSC"},"content":{"rendered":"","protected":true},"excerpt":{"rendered":"","protected":true},"author":2,"featured_media":0,"parent":0,"menu_order":0,"comment_status":"closed","ping_status":"closed","template":"","meta":{"iawp_total_views":1,"footnotes":""},"class_list":["post-5473","page","type-page","status-publish","post-password-required","hentry"],"_links":{"self":[{"href":"https:\/\/ssscorp.org\/pt-br\/wp-json\/wp\/v2\/pages\/5473","targetHints":{"allow":["GET"]}}],"collection":[{"href":"https:\/\/ssscorp.org\/pt-br\/wp-json\/wp\/v2\/pages"}],"about":[{"href":"https:\/\/ssscorp.org\/pt-br\/wp-json\/wp\/v2\/types\/page"}],"author":[{"embeddable":true,"href":"https:\/\/ssscorp.org\/pt-br\/wp-json\/wp\/v2\/users\/2"}],"replies":[{"embeddable":true,"href":"https:\/\/ssscorp.org\/pt-br\/wp-json\/wp\/v2\/comments?post=5473"}],"version-history":[{"count":3,"href":"https:\/\/ssscorp.org\/pt-br\/wp-json\/wp\/v2\/pages\/5473\/revisions"}],"predecessor-version":[{"id":5521,"href":"https:\/\/ssscorp.org\/pt-br\/wp-json\/wp\/v2\/pages\/5473\/revisions\/5521"}],"wp:attachment":[{"href":"https:\/\/ssscorp.org\/pt-br\/wp-json\/wp\/v2\/media?parent=5473"}],"curies":[{"name":"wp","href":"https:\/\/api.w.org\/{rel}","templated":true}]}}