{"id":4675,"date":"2023-01-07T17:27:25","date_gmt":"2023-01-07T17:27:25","guid":{"rendered":"https:\/\/ssscorp.org\/gestor-de-projectos-de-direitos-humanos\/"},"modified":"2023-01-07T17:39:35","modified_gmt":"2023-01-07T17:39:35","slug":"gestor-de-projectos-de-direitos-humanos","status":"publish","type":"page","link":"https:\/\/ssscorp.org\/pt-br\/gestor-de-projectos-de-direitos-humanos\/","title":{"rendered":"Gestor de Projectos de Direitos Humanos"},"content":{"rendered":"\n\t<section class=\"section\" id=\"section_1662313429\">\n\t\t<div class=\"bg section-bg fill bg-fill  bg-loaded\" >\n\n\t\t\t\n\t\t\t\n\t\t\t\n\n\t\t<\/div>\n\n\t\t\n\n\t\t<div class=\"section-content relative\">\n\t\t\t\n\n<div class=\"row align-center\"  id=\"row-1979923258\">\n\n\n\t<div id=\"col-1193836455\" class=\"col small-12 large-12\"  >\n\t\t\t\t<div class=\"col-inner\"  >\n\t\t\t\n\t\t\t\n\n<h2>A SSSC est\u00e1 \u00e0 procura de um Gestor de Projectos de Direitos Humanos<\/h2>\n<p>A SSSC \u00e9 a organiza\u00e7\u00e3o-m\u00e3e de organiza\u00e7\u00f5es subsidi\u00e1rias sem fins lucrativos (3HO, 3HO Europe, LYB, KRI, Sikhnet, SDI e SDEI) e a accionista da KIIT, a nossa subsidi\u00e1ria com fins lucrativos. O SSSC serve tamb\u00e9m como fiduci\u00e1rio de um fundo de caridade cujos benefici\u00e1rios s\u00e3o as organiza\u00e7\u00f5es sem fins lucrativos e as comunidades que servem.<\/p>\n<p>Em Abril de 2021, a SSSC, atrav\u00e9s de um aconselhamento do Conselho Khalsa, formou a Comiss\u00e3o de Direitos Humanos. A primeira edi\u00e7\u00e3o da comiss\u00e3o centra-se na igualdade matrimonial para casais Sikhs LGBTQ.<\/p>\n<p>Estamos agora \u00e0 procura de um gestor de projecto para a Comiss\u00e3o de Direitos Humanos para assumir a lideran\u00e7a deste projecto e emprestar as suas compet\u00eancias e talentos a esta posi\u00e7\u00e3o. Leia a descri\u00e7\u00e3o do trabalho abaixo e envie o seu curr\u00edculo e carta de apresenta\u00e7\u00e3o para <a href=\"mailto:humanrightsadmin@ssscorp.org\">humanrightsadmin@ssscorp.org<\/a> para se candidatar.<\/p>\n<h3>Descri\u00e7\u00e3o do trabalho<\/h3>\n<p>\n<strong>Tipo:<\/strong> A tempo parcial, Empreiteiro independente<br>\n<strong>Relat\u00f3rios para:<\/strong> O Presidente da Comiss\u00e3o dos Direitos Humanos<br>\n<strong>Foco:<\/strong> Igualdade Matrimonial na 3HO, Sikh Dharma e comunidade Sikh maior\n<\/p>\n<p style=\"font-weight: bold\">O \u00e2mbito do trabalho inclui:<\/p>\n<ul>\n<li>Gerir e criar conte\u00fados que possam ser partilhados, incluindo a hist\u00f3ria da Igualdade Matrimonial na Comunidade Sikh, lista de locais e ministros que realizam casamentos Sikh do mesmo sexo, recursos para a seguran\u00e7a de Gurdwaras, Parceiros e Aliados  <\/li>\n<li>Desenvolver materiais educativos e guias de recursos incluindo sa\u00fade mental e apoio terap\u00eautico familiar para a Comunidade LGBTQ, um motivo arco-\u00edris que os ministros, Gurdwaras e pessoas amigas destes grupos podem exibir nos seus websites<\/li>\n<li>\nTrabalhar internamente com a SSSC e organiza\u00e7\u00f5es subsidi\u00e1rias<\/li>\n<li>Apoio\/trabalho com o OPA (Gabinete de Assuntos P\u00fablicos)<\/li>\n<li>Parcerias em rede\/criar parcerias e aliados com Gurdwaras e outros grupos Sikh\/LGBTQ<\/li>\n<li>\nOutras tarefas desenvolvidas e atribu\u00eddas pela Comiss\u00e3o de Direitos Humanos  <\/li>\n<\/ul>\n<p>\n<b>Outros deveres poss\u00edveis:<\/b><\/p>\n<ul>\n<li>Trabalhar com Direitos Humanos\/OPA no evento Vaisakhi<\/li>\n<\/ul>\n<p>\n<b>Qualifica\u00e7\u00f5es<\/b><\/p>\n<ul>\n<li>Excelentes capacidades de comunica\u00e7\u00e3o escrita e verbal\n<\/li>\n<li>Antecedentes\/capacidades em Gest\u00e3o de Projectos\n<\/li>\n<li>Profici\u00eancia tecnol\u00f3gica com computadores, a Internet e aplica\u00e7\u00f5es comuns como o Google Docs\n<\/li>\n<li>Experi\u00eancia na constru\u00e7\u00e3o de estrat\u00e9gias\n<\/li>\n<li>Pessoa a pessoa\n<\/li>\n<li>Deve poder assistir a todas as reuni\u00f5es do HRC sobre o Zoom e coordenar estreitamente com o Presidente do HRC\n<\/li>\n<\/ul>\n<p>\n<b>Qualifica\u00e7\u00f5es preferenciais<\/b><\/p>\n<ul>\n<li>Capacidade de lideran\u00e7a<\/li>\n<li>Experi\u00eancia viva\n<\/li>\n<li>Experi\u00eancia com a advocacia da justi\u00e7a social\n<\/li>\n<li>Compet\u00eancias e sensibilidade transculturais\n<\/li>\n<li>Experi\u00eancia em gest\u00e3o de projectos\n<\/li>\n<li>Experi\u00eancia de apoio \u00e0 comunidade LGBTQ+\n<\/li>\n<li>Experi\u00eancia de trabalho com organiza\u00e7\u00f5es sem fins lucrativos\n<\/li>\n<li>Experi\u00eancia de trabalho por contrato\/empreitada\n<\/li>\n<li>Excelentes capacidades de gest\u00e3o do tempo\n<\/li>\n<\/ul>\n<p>\nNota: esta \u00e9 uma posi\u00e7\u00e3o de empreiteiro independente, a tempo parcial durante dois anos. O trabalho continuado ap\u00f3s os dois anos est\u00e1 dependente de financiamento. Esta posi\u00e7\u00e3o \u00e9 virtual, com a necessidade ocasional de viajar.<\/p>\n<p>Por favor envie o seu curr\u00edculo com uma carta de apresenta\u00e7\u00e3o explicando como as suas compet\u00eancias e experi\u00eancia podem melhorar este projecto: <a href=\"mailto:humanrightsadmin@ssscorp.org\">humanrightsadmin@ssscorp.org<\/a>. <u>Data limite para submeter o seu curr\u00edculo: 31 de Janeiro de 2023<\/u>\n<\/p>\n\n\n\t\t<\/div>\n\t\t\t\t\t<\/div>\n\n\t\n\n<\/div>\n\n\t\t<\/div>\n\n\t\t\n<style>\n#section_1662313429 {\n  padding-top: 30px;\n  padding-bottom: 30px;\n}\n#section_1662313429 .ux-shape-divider--top svg {\n  height: 150px;\n  --divider-top-width: 100%;\n}\n#section_1662313429 .ux-shape-divider--bottom svg {\n  height: 150px;\n  --divider-width: 100%;\n}\n<\/style>\n\t<\/section>\n\t\n\n","protected":false},"excerpt":{"rendered":"","protected":false},"author":1,"featured_media":0,"parent":0,"menu_order":0,"comment_status":"closed","ping_status":"closed","template":"page-blank.php","meta":{"iawp_total_views":0,"footnotes":""},"class_list":["post-4675","page","type-page","status-publish","hentry"],"_links":{"self":[{"href":"https:\/\/ssscorp.org\/pt-br\/wp-json\/wp\/v2\/pages\/4675","targetHints":{"allow":["GET"]}}],"collection":[{"href":"https:\/\/ssscorp.org\/pt-br\/wp-json\/wp\/v2\/pages"}],"about":[{"href":"https:\/\/ssscorp.org\/pt-br\/wp-json\/wp\/v2\/types\/page"}],"author":[{"embeddable":true,"href":"https:\/\/ssscorp.org\/pt-br\/wp-json\/wp\/v2\/users\/1"}],"replies":[{"embeddable":true,"href":"https:\/\/ssscorp.org\/pt-br\/wp-json\/wp\/v2\/comments?post=4675"}],"version-history":[{"count":3,"href":"https:\/\/ssscorp.org\/pt-br\/wp-json\/wp\/v2\/pages\/4675\/revisions"}],"predecessor-version":[{"id":4695,"href":"https:\/\/ssscorp.org\/pt-br\/wp-json\/wp\/v2\/pages\/4675\/revisions\/4695"}],"wp:attachment":[{"href":"https:\/\/ssscorp.org\/pt-br\/wp-json\/wp\/v2\/media?parent=4675"}],"curies":[{"name":"wp","href":"https:\/\/api.w.org\/{rel}","templated":true}]}}