{"id":2531,"date":"2022-09-02T15:26:40","date_gmt":"2022-09-02T15:26:40","guid":{"rendered":"https:\/\/ssscorp.org\/eleicao-sssc\/eleitores\/novos-eleitores\/"},"modified":"2022-10-20T15:24:31","modified_gmt":"2022-10-20T15:24:31","slug":"novos-eleitores","status":"publish","type":"page","link":"https:\/\/ssscorp.org\/pt-br\/eleicao-sssc\/eleitores\/novos-eleitores\/","title":{"rendered":"Novos eleitores"},"content":{"rendered":"\n\t<section class=\"section\" id=\"section_2091556688\">\n\t\t<div class=\"bg section-bg fill bg-fill  bg-loaded\" >\n\n\t\t\t\n\t\t\t\n\t\t\t\n\n\t\t<\/div>\n\n\t\t\n\n\t\t<div class=\"section-content relative\">\n\t\t\t\n\n<div class=\"row align-center\"  id=\"row-1479039340\">\n\n\n\t<div id=\"col-1218082153\" class=\"col small-12 large-12\"  >\n\t\t\t\t<div class=\"col-inner text-left\"  >\n\t\t\t\n\t\t\t\n\n<h2 id=\"503784193199685412\" class=\"element wsite-content-title editable-text cke_editable cke_editable_inline cke_contents_ltr cke_show_borders cke_focus\" style=\"text-align: center;\" tabindex=\"0\" role=\"textbox\" contenteditable=\"true\" spellcheck=\"true\" aria-label=\"false\"><span style=\"color: #8d7824; font-size: 150%;\">2022 Novo Processo de Candidatura a Eleitor<\/span><br><span style=\"font-size: xx-large; color: #333333;\">para NOVOS eleitores<\/span><\/h2>\n\t<div id=\"text-126100166\" class=\"text\">\n\t\t\n\n<h2><strong><span style=\"color: #8d7824;\">Para os membros da comunidade que desejam se inscrever para se tornar um eleitor, siga estas etapas:<\/span><\/strong><\/h2>\n<p><span style=\"color: #020202; font-size: large;\"><strong>Requisitos para se candidatar: deve cumprir os 4 requisitos listados abaixo para ser eleg\u00edvel para votar<\/strong><\/span><\/p>\n<ol>\n<li>Fez votos Sikh, ou nasceu ou foi criado como um Sikh de pais que eram membros da comunidade Sikh Dharma\/3HO, ou praticou Kundalini Yoga por pelo menos 7 anos consecutivos, e<\/li>\n<li>Est\u00e1 atualmente e tem vivido e praticado o estilo de vida Sikh Dharma\/3HO por pelo menos 7 anos consecutivos, e<\/li>\n<li>\u00c9 atualmente e tem sido um membro ativo da comunidade Sikh Dharma\/3HO por pelo menos 7 anos consecutivos, e<\/li>\n<li>N\u00e3o est\u00e1 nem nunca esteve envolvido em nenhuma atividade, organiza\u00e7\u00e3o ou comunica\u00e7\u00e3o que prejudique, ameace ou deturpe as organiza\u00e7\u00f5es legadas (por exemplo, tenha uma reclama\u00e7\u00e3o ativa de EPS, amea\u00e7ou ou tomou medidas legais contra qualquer organiza\u00e7\u00e3o legada ou seus funcion\u00e1rios, fizeram reclama\u00e7\u00f5es ao SGPC ou outros \u00f3rg\u00e3os governamentais Sikh sobre qualquer organiza\u00e7\u00e3o Sikh Dharma\/3HO).<\/li>\n<\/ol>\n<p><span style=\"font-size: 120%; color: #333333;\"><strong>Processo de aplica\u00e7\u00e3o<\/strong><\/span><\/p>\n<ol>\n<li>Preencha o aplicativo on-line. Este aplicativo estar\u00e1 dispon\u00edvel nesta p\u00e1gina a partir de 25 de mar\u00e7o de 2022. O per\u00edodo de candidatura termina a 13 de Setembro de 2022 \u00e0s 20h00 EST\/6h00 MST\/5h00 PST.<\/li>\n<li>Receba 3 cartas de recomenda\u00e7\u00e3o de ministros em boa situa\u00e7\u00e3o, membros ativos do conselho Khalsa e\/ou l\u00edderes ativos e instrutores profissionais l\u00edderes na ATA Academy. Voc\u00ea precisar\u00e1 das informa\u00e7\u00f5es (nome, e-mail e n\u00famero de telefone) para seus tr\u00eas recomendadores antes de iniciar o aplicativo online. <strong>Nota:<\/strong> Cartas de recomenda\u00e7\u00e3o n\u00e3o podem ser escritas por parentes. Envie-os<span style=\"font-size: 100%;\"> <a href=\"https:\/\/www.ssscorp.org\/recommendation-process.html\" target=\"_blank\" rel=\"noopener\"><strong>https:\/\/www.ssscorp.org\/recommendation-process.html<\/strong><\/a> <\/span>para que preencham a recomenda\u00e7\u00e3o online. N\u00c3O SER\u00c3O ACEITAS RECOMENDA\u00c7\u00d5ES DE CARTAS OU PDF. Eles t\u00eam que preencher a recomenda\u00e7\u00e3o online.<\/li>\n<li><span style=\"color: #2a2a2a;\">Os candidatos ao SSSC n\u00e3o podem escrever cartas de recomenda\u00e7\u00e3o para pessoas que se candidatam ao eleitorado. Se um recomendador se tornar candidato depois de escrever uma carta de recomenda\u00e7\u00e3o, a pessoa que se candidatar ao eleitorado ser\u00e1 solicitada a fornecer uma carta adicional.<\/span><\/li>\n<li>A recomenda\u00e7\u00e3o online tem de ser submetida pelos recomendadores at\u00e9 13 de Setembro de 2022, at\u00e9 \u00e0s 20h EST\/6h MST\/5h PST.<\/li>\n<li>O seu pedido ser\u00e1 enviado revisto e aprovado pela Armanino, a empresa terceirizada que supervisiona a elei\u00e7\u00e3o.<\/li>\n<li>Se aprovado, voc\u00ea receber\u00e1 uma identifica\u00e7\u00e3o de eleitor no dia em que a vota\u00e7\u00e3o come\u00e7ar. <\/li>\n<\/ol>\n<p><strong>Nota:<\/strong> se Armanino precisar de mais informa\u00e7\u00f5es para a sua candidatura, eles contact\u00e1-lo-\u00e3o via e-mail. Por favor, responda o mais r\u00e1pido poss\u00edvel. As respostas devem ser recebidas dentro do per\u00edodo de inscri\u00e7\u00e3o para serem aceitas. A falta de resposta no prazo indicado pode resultar na recusa do seu pedido. <\/p>\n<p><span style=\"font-size: 120%; color: #333333;\"><strong>Aplicar<\/strong><\/span><\/p>\n<p><span style=\"color: #2a2a2a;\">O processo de candidatura para novos membros do eleitorado abre a 25 de Mar\u00e7o de 2022 e encerrar\u00e1 a 13 de Setembro de 2022 \u00e0s 20h00 EST\/6h00 MST\/5h00 PST.  <br><br>COMO LEMBRANTE: Depois de preencher a carta de candidatura, por favor envie este link  <\/span><a href=\"https:\/\/www.ssscorp.org\/recommendation-process.html\" target=\"_blank\" rel=\"noopener\"><span style=\"font-size: 100%;\"><strong>https:\/\/www.ssscorp.org\/recommendation-process.html<\/strong><\/span><\/a><span style=\"color: #2a2a2a;\"><a href=\"_wp_link_placeholder\"><span style=\"font-size: 100%;\"> <\/span><\/a>\u00e0s pessoas que ir\u00e3o escrever a sua carta de recomenda\u00e7\u00e3o:  <\/span><\/p>\n\t\t\n<style>\n#text-126100166 {\n  text-align: left;\n}\n<\/style>\n\t<\/div>\n\t\n<div class=\"row\"  id=\"row-1587217565\">\n\n\n\t<div id=\"col-2024763242\" class=\"col small-12 large-12\"  >\n\t\t\t\t<div class=\"col-inner\"  >\n\t\t\t\n\t\t\t\n\n\n\n<script>(function(t,e,s,n){var o,a,c;t.SMCX=t.SMCX||[],e.getElementById(n)||(o=e.getElementsByTagName(s),a=o[o.length-1],c=e.createElement(s),c.type=\"text\/javascript\",c.async=!0,c.id=n,c.src=\"https:\/\/widget.surveymonkey.com\/collect\/website\/js\/tRaiETqnLgj758hTBazgdxmwFJWsJD7oWfYGoQhbjFA_2FlnpCq2WIWempCoZLW5co.js\",a.parentNode.insertBefore(c,a))})(window,document,\"script\",\"smcx-sdk\");<\/script>\n\n\n\t\t<\/div>\n\t\t\t\t\t<\/div>\n\n\t\n\n<\/div>\n\n\t\t<\/div>\n\t\t\t\t\t<\/div>\n\n\t\n\n<\/div>\n\n\t\t<\/div>\n\n\t\t\n<style>\n#section_2091556688 {\n  padding-top: 30px;\n  padding-bottom: 30px;\n}\n#section_2091556688 .ux-shape-divider--top svg {\n  height: 150px;\n  --divider-top-width: 100%;\n}\n#section_2091556688 .ux-shape-divider--bottom svg {\n  height: 150px;\n  --divider-width: 100%;\n}\n<\/style>\n\t<\/section>\n\t\n\n","protected":false},"excerpt":{"rendered":"","protected":false},"author":1,"featured_media":0,"parent":2486,"menu_order":0,"comment_status":"closed","ping_status":"closed","template":"page-blank.php","meta":{"iawp_total_views":7,"footnotes":""},"class_list":["post-2531","page","type-page","status-publish","hentry"],"_links":{"self":[{"href":"https:\/\/ssscorp.org\/pt-br\/wp-json\/wp\/v2\/pages\/2531","targetHints":{"allow":["GET"]}}],"collection":[{"href":"https:\/\/ssscorp.org\/pt-br\/wp-json\/wp\/v2\/pages"}],"about":[{"href":"https:\/\/ssscorp.org\/pt-br\/wp-json\/wp\/v2\/types\/page"}],"author":[{"embeddable":true,"href":"https:\/\/ssscorp.org\/pt-br\/wp-json\/wp\/v2\/users\/1"}],"replies":[{"embeddable":true,"href":"https:\/\/ssscorp.org\/pt-br\/wp-json\/wp\/v2\/comments?post=2531"}],"version-history":[{"count":1,"href":"https:\/\/ssscorp.org\/pt-br\/wp-json\/wp\/v2\/pages\/2531\/revisions"}],"predecessor-version":[{"id":2536,"href":"https:\/\/ssscorp.org\/pt-br\/wp-json\/wp\/v2\/pages\/2531\/revisions\/2536"}],"up":[{"embeddable":true,"href":"https:\/\/ssscorp.org\/pt-br\/wp-json\/wp\/v2\/pages\/2486"}],"wp:attachment":[{"href":"https:\/\/ssscorp.org\/pt-br\/wp-json\/wp\/v2\/media?parent=2531"}],"curies":[{"name":"wp","href":"https:\/\/api.w.org\/{rel}","templated":true}]}}