{"id":2508,"date":"2022-09-02T15:25:41","date_gmt":"2022-09-02T15:25:41","guid":{"rendered":"https:\/\/ssscorp.org\/eleicao-sssc\/eleitores\/carta-de-recomendacao\/"},"modified":"2022-10-22T21:08:45","modified_gmt":"2022-10-22T21:08:45","slug":"carta-de-recomendacao","status":"publish","type":"page","link":"https:\/\/ssscorp.org\/pt-br\/eleicao-sssc\/eleitores\/carta-de-recomendacao\/","title":{"rendered":"Carta de recomenda\u00e7\u00e3o"},"content":{"rendered":"\n\t<section class=\"section\" id=\"section_233917098\">\n\t\t<div class=\"bg section-bg fill bg-fill  bg-loaded\" >\n\n\t\t\t\n\t\t\t\n\t\t\t\n\n\t\t<\/div>\n\n\t\t\n\n\t\t<div class=\"section-content relative\">\n\t\t\t\n\n<div class=\"row align-center\"  id=\"row-939943755\">\n\n\n\t<div id=\"col-1444997721\" class=\"col small-12 large-12\"  >\n\t\t\t\t<div class=\"col-inner text-left\"  >\n\t\t\t\n\t\t\t\n\n<h2 id=\"503784193199685412\" class=\"element wsite-content-title editable-text cke_editable cke_editable_inline cke_contents_ltr cke_show_borders cke_focus\" style=\"text-align: center;\" tabindex=\"0\" role=\"textbox\" contenteditable=\"true\" spellcheck=\"true\" aria-label=\"false\"><span style=\"color: #8d7824; font-size: 150%;\">Processo de Recomenda\u00e7\u00e3o 2022<\/span><br><span style=\"font-size: xx-large; color: #333333;\">para aqueles que escrevem recomenda\u00e7\u00f5es para eleitores<\/span><\/h2>\n\t<div id=\"gap-77928996\" class=\"gap-element clearfix\" style=\"display:block; height:auto;\">\n\t\t\n<style>\n#gap-77928996 {\n  padding-top: 30px;\n}\n<\/style>\n\t<\/div>\n\t\n\n\t<div id=\"text-1667584835\" class=\"text\">\n\t\t\n\n<h2><strong><span style=\"color: #8d7824;\">Para Ministros, Membros do Conselho Khalsa e Formadores Profissionais e L\u00edderes da ATA:<\/span><\/strong><\/h2>\n<p>Durante o processo eleitoral, voc\u00ea pode ser solicitado a fornecer recomenda\u00e7\u00f5es de membros da comunidade interessados em ingressar no eleitorado e se tornar um eleitor. Para fazer isso, revise o seguinte antes de preencher a recomenda\u00e7\u00e3o on-line:<\/p>\n<ol>\n<li>Por favor, revise os requisitos do candidato. Se o eleitor em potencial atender aos requisitos, voc\u00ea pode escrever uma carta de recomenda\u00e7\u00e3o.<\/li>\n<li>Voc\u00ea s\u00f3 pode escrever cartas de recomenda\u00e7\u00e3o SE voc\u00ea for um dos seguintes: um ministro em boa posi\u00e7\u00e3o e membro ativo do Conselho Khalsa ou um instrutor l\u00edder ativo\/l\u00edder profissional na Academia ATA. Se voc\u00ea n\u00e3o tiver certeza de seu status nas categorias acima, entre em contato com a organiza\u00e7\u00e3o subsidi\u00e1ria. <\/li>\n<li>Voc\u00ea N\u00c3O pode escrever uma recomenda\u00e7\u00e3o se for um membro da fam\u00edlia da pessoa que est\u00e1 se candidatando. <\/li>\n<li><span style=\"color: #2a2a2a;\">Os candidatos ao SSSC n\u00e3o podem escrever cartas de recomenda\u00e7\u00e3o para pessoas que se candidatam ao eleitorado. Se um recomendador se tornar candidato depois de escrever uma carta de recomenda\u00e7\u00e3o, a pessoa que se candidatar ao eleitorado ser\u00e1 solicitada a fornecer uma carta adicional.<\/span><\/li>\n<li> N\u00c3O aceitaremos cartas escritas\/PDF&#8217;s como recomenda\u00e7\u00e3o. Apenas recomenda\u00e7\u00f5es ONLINE ser\u00e3o consideradas. <\/li>\n<li>Voc\u00ea pode preencher este formul\u00e1rio para o maior n\u00famero poss\u00edvel de eleitores em potencial. <\/li>\n<\/ol>\n<p><span style=\"color: #e14d43;\"><strong>Nota ao potencial  <\/strong><strong>recomendadores: Deve ser demonstrado que est\u00e1 em boa situa\u00e7\u00e3o para recomendar um potencial eleitor atrav\u00e9s deste processo de candidatura de eleitores. Entre em contato com as entidades correspondentes para confirmar que voc\u00ea est\u00e1 em situa\u00e7\u00e3o regular antes de escrever uma recomenda\u00e7\u00e3o. O \u00faltimo dia para poder estar em boa situa\u00e7\u00e3o \u00e9 <em style=\"text-decoration:underline\">13 de Setembro de 2022, 2022, 20h EST<\/em>, com o objectivo de recomendar um potencial eleitor.  <\/strong><\/span><\/p>\n\t\t\n<style>\n#text-1667584835 {\n  text-align: left;\n}\n<\/style>\n\t<\/div>\n\t\n<div class=\"row\"  id=\"row-678057781\">\n\n\n\t<div id=\"col-278276335\" class=\"col small-12 large-12\"  >\n\t\t\t\t<div class=\"col-inner\"  >\n\t\t\t\n\t\t\t\n\n\n\n<script>(function(t,e,s,n){var o,a,c;t.SMCX=t.SMCX||[],e.getElementById(n)||(o=e.getElementsByTagName(s),a=o[o.length-1],c=e.createElement(s),c.type=\"text\/javascript\",c.async=!0,c.id=n,c.src=\"https:\/\/widget.surveymonkey.com\/collect\/website\/js\/tRaiETqnLgj758hTBazgd1YkBlJMi2KW7b_2BiLPJX42My3wdyZqiA2ZcG4uSxdnkB.js\",a.parentNode.insertBefore(c,a))})(window,document,\"script\",\"smcx-sdk\");<\/script>\n\n\n\t\t<\/div>\n\t\t\t\t\t<\/div>\n\n\t\n\n<\/div>\n\n\t\t<\/div>\n\t\t\t\t\t<\/div>\n\n\t\n\n<\/div>\n\n\t\t<\/div>\n\n\t\t\n<style>\n#section_233917098 {\n  padding-top: 30px;\n  padding-bottom: 30px;\n}\n#section_233917098 .ux-shape-divider--top svg {\n  height: 150px;\n  --divider-top-width: 100%;\n}\n#section_233917098 .ux-shape-divider--bottom svg {\n  height: 150px;\n  --divider-width: 100%;\n}\n<\/style>\n\t<\/section>\n\t\n\n","protected":false},"excerpt":{"rendered":"","protected":false},"author":1,"featured_media":0,"parent":2486,"menu_order":0,"comment_status":"closed","ping_status":"closed","template":"page-blank.php","meta":{"iawp_total_views":6,"footnotes":""},"class_list":["post-2508","page","type-page","status-publish","hentry"],"_links":{"self":[{"href":"https:\/\/ssscorp.org\/pt-br\/wp-json\/wp\/v2\/pages\/2508","targetHints":{"allow":["GET"]}}],"collection":[{"href":"https:\/\/ssscorp.org\/pt-br\/wp-json\/wp\/v2\/pages"}],"about":[{"href":"https:\/\/ssscorp.org\/pt-br\/wp-json\/wp\/v2\/types\/page"}],"author":[{"embeddable":true,"href":"https:\/\/ssscorp.org\/pt-br\/wp-json\/wp\/v2\/users\/1"}],"replies":[{"embeddable":true,"href":"https:\/\/ssscorp.org\/pt-br\/wp-json\/wp\/v2\/comments?post=2508"}],"version-history":[{"count":3,"href":"https:\/\/ssscorp.org\/pt-br\/wp-json\/wp\/v2\/pages\/2508\/revisions"}],"predecessor-version":[{"id":3056,"href":"https:\/\/ssscorp.org\/pt-br\/wp-json\/wp\/v2\/pages\/2508\/revisions\/3056"}],"up":[{"embeddable":true,"href":"https:\/\/ssscorp.org\/pt-br\/wp-json\/wp\/v2\/pages\/2486"}],"wp:attachment":[{"href":"https:\/\/ssscorp.org\/pt-br\/wp-json\/wp\/v2\/media?parent=2508"}],"curies":[{"name":"wp","href":"https:\/\/api.w.org\/{rel}","templated":true}]}}