{"id":2484,"date":"2022-09-02T15:25:35","date_gmt":"2022-09-02T15:25:35","guid":{"rendered":"https:\/\/ssscorp.org\/renovar-credencial-de-voto\/"},"modified":"2022-12-16T19:37:21","modified_gmt":"2022-12-16T19:37:21","slug":"renovar-credencial-de-voto","status":"publish","type":"page","link":"https:\/\/ssscorp.org\/pt-br\/eleicao-sssc\/eleitores\/renovar-credencial-de-voto\/","title":{"rendered":"Renovar credencial de voto"},"content":{"rendered":"\n\t<section class=\"section\" id=\"section_778269561\">\n\t\t<div class=\"bg section-bg fill bg-fill  bg-loaded\" >\n\n\t\t\t\n\t\t\t\n\t\t\t\n\n\t\t<\/div>\n\n\t\t\n\n\t\t<div class=\"section-content relative\">\n\t\t\t\n\n<div class=\"row align-center\"  id=\"row-1619203496\">\n\n\n\t<div id=\"col-2826251\" class=\"col small-12 large-12\"  >\n\t\t\t\t<div class=\"col-inner text-left\"  >\n\t\t\t\n\t\t\t\n\n<h2 id=\"503784193199685412\" class=\"element wsite-content-title editable-text cke_editable cke_editable_inline cke_contents_ltr cke_show_borders cke_focus\" style=\"text-align: center;\" tabindex=\"0\" role=\"textbox\" contenteditable=\"true\" spellcheck=\"true\" aria-label=\"false\"><span style=\"color: #8d7824; font-size: 150%;\">Processo de renova\u00e7\u00e3o de eleitores de 2022<\/span><br><span style=\"font-size: xx-large; color: #333333;\">para VOLTAGENS DE VOLTAGEM<\/span><\/h2>\n\t<div id=\"gap-1262955136\" class=\"gap-element clearfix\" style=\"display:block; height:auto;\">\n\t\t\n<style>\n#gap-1262955136 {\n  padding-top: 30px;\n}\n<\/style>\n\t<\/div>\n\t\n\n\t<div id=\"text-3639844908\" class=\"text\">\n\t\t\n\n<h2><strong><span style=\"color: #8d7824;\">Para os eleitores que regressam:<\/span><\/strong><\/h2>\n<p>Se voc\u00ea j\u00e1 foi aprovado para fazer parte do grupo de eleitores do SSSC, voc\u00ea est\u00e1 qualificado para renovar suas credenciais. <br>Observe que, se voc\u00ea n\u00e3o renovar este turno eleitoral, ter\u00e1 que se candidatar novamente para o pr\u00f3ximo ciclo eleitoral como novo eleitor. Se voc\u00ea confirmar suas credenciais de eleitor, poder\u00e1 renov\u00e1-las no pr\u00f3ximo ciclo eleitoral sem precisar se inscrever novamente. <br><br>Se N\u00c3O FOI ANTERIORAMENTE APROVADO como eleitor, dirija-se por favor \u00e0 <a href=\"https:\/\/ssscorp.org\/pt-br\/eleicao-sssc\/eleitores\/novos-eleitores\/\">P\u00e1gina do Novo Eleitor de Candidatura<\/a>.<br><br><strong>O prazo para renovar as suas credenciais de eleitor \u00e9 8 de Outubro de 2022, at\u00e9 \u00e0s 20hEST<\/strong><\/p>\n\t\t\n<style>\n#text-3639844908 {\n  text-align: left;\n}\n<\/style>\n\t<\/div>\n\t\n<div class=\"row\"  id=\"row-92829173\">\n\n\n\t<div id=\"col-962365072\" class=\"col small-12 large-12\"  >\n\t\t\t\t<div class=\"col-inner\"  >\n\t\t\t\n\t\t\t\n\n\n\n<script>(function(t,e,s,n){var o,a,c;t.SMCX=t.SMCX||[],e.getElementById(n)||(o=e.getElementsByTagName(s),a=o[o.length-1],c=e.createElement(s),c.type=\"text\/javascript\",c.async=!0,c.id=n,c.src=\"https:\/\/widget.surveymonkey.com\/collect\/website\/js\/tRaiETqnLgj758hTBazgd1YkBlJMi2KW7b_2BiLPJX42O1oGrZ8J5LscyG41ViGgmo.js\",a.parentNode.insertBefore(c,a))})(window,document,\"script\",\"smcx-sdk\");<\/script>\n\n\n\t\t<\/div>\n\t\t\t\t\t<\/div>\n\n\t\n\n<\/div>\n\n\t\t<\/div>\n\t\t\t\t\t<\/div>\n\n\t\n\n<\/div>\n\n\t\t<\/div>\n\n\t\t\n<style>\n#section_778269561 {\n  padding-top: 30px;\n  padding-bottom: 30px;\n}\n#section_778269561 .ux-shape-divider--top svg {\n  height: 150px;\n  --divider-top-width: 100%;\n}\n#section_778269561 .ux-shape-divider--bottom svg {\n  height: 150px;\n  --divider-width: 100%;\n}\n<\/style>\n\t<\/section>\n\t\n\n","protected":false},"excerpt":{"rendered":"","protected":false},"author":1,"featured_media":0,"parent":2486,"menu_order":0,"comment_status":"closed","ping_status":"closed","template":"page-blank.php","meta":{"iawp_total_views":4,"footnotes":""},"class_list":["post-2484","page","type-page","status-publish","hentry"],"_links":{"self":[{"href":"https:\/\/ssscorp.org\/pt-br\/wp-json\/wp\/v2\/pages\/2484","targetHints":{"allow":["GET"]}}],"collection":[{"href":"https:\/\/ssscorp.org\/pt-br\/wp-json\/wp\/v2\/pages"}],"about":[{"href":"https:\/\/ssscorp.org\/pt-br\/wp-json\/wp\/v2\/types\/page"}],"author":[{"embeddable":true,"href":"https:\/\/ssscorp.org\/pt-br\/wp-json\/wp\/v2\/users\/1"}],"replies":[{"embeddable":true,"href":"https:\/\/ssscorp.org\/pt-br\/wp-json\/wp\/v2\/comments?post=2484"}],"version-history":[{"count":2,"href":"https:\/\/ssscorp.org\/pt-br\/wp-json\/wp\/v2\/pages\/2484\/revisions"}],"predecessor-version":[{"id":4323,"href":"https:\/\/ssscorp.org\/pt-br\/wp-json\/wp\/v2\/pages\/2484\/revisions\/4323"}],"up":[{"embeddable":true,"href":"https:\/\/ssscorp.org\/pt-br\/wp-json\/wp\/v2\/pages\/2486"}],"wp:attachment":[{"href":"https:\/\/ssscorp.org\/pt-br\/wp-json\/wp\/v2\/media?parent=2484"}],"curies":[{"name":"wp","href":"https:\/\/api.w.org\/{rel}","templated":true}]}}