{"id":2449,"date":"2022-09-02T15:24:03","date_gmt":"2022-09-02T15:24:03","guid":{"rendered":"https:\/\/ssscorp.org\/eleicoes-da-siri-singh-sahib-corporation-2020\/"},"modified":"2022-10-23T00:58:30","modified_gmt":"2022-10-23T00:58:30","slug":"eleicoes-da-siri-singh-sahib-corporation-2020","status":"publish","type":"page","link":"https:\/\/ssscorp.org\/pt-br\/eleicoes-da-siri-singh-sahib-corporation-2020\/","title":{"rendered":"Elei\u00e7\u00f5es da Siri Singh Sahib Corporation 2020"},"content":{"rendered":"\n\n  <div class=\"banner has-hover has-parallax\" id=\"banner-338934987\">\n          <div class=\"banner-inner fill\">\n        <div class=\"banner-bg fill\" data-parallax=\"-3\" data-parallax-container=\".banner\" data-parallax-background>\n            <div class=\"bg fill bg-fill \"><\/div>\n                        <div class=\"overlay\"><\/div>            \n                    <\/div>\n\t\t\n        <div class=\"banner-layers container\">\n            <div class=\"fill banner-link\"><\/div>            \n\n   <div id=\"text-box-1967770006\" class=\"text-box banner-layer x50 md-x50 lg-x50 y50 md-y50 lg-y50 res-text\">\n                                <div class=\"text-box-content text dark\">\n              \n              <div class=\"text-inner text-center\">\n                  \n\n<h3 class=\"uppercase\"><strong>Elei\u00e7\u00f5es da Siri Singh Sahib Corporation 2020<\/strong><\/h3>\n<p>Seva, um servi\u00e7o de dar sem pensar no resultado, \u00e9 uma coisa muito simples. Faz de si um l\u00edder, quer seja ou n\u00e3o &#8211; quer mere\u00e7a ou n\u00e3o ser. E traz-vos oportunidades, prosperatividades, e todos os bens, e Deus, e bens do Universo.<br>Yogi Bhajan 4\/20\/89<\/p>\n\n              <\/div>\n           <\/div>\n                            \n<style>\n#text-box-1967770006 {\n  width: 99%;\n}\n#text-box-1967770006 .text-box-content {\n  font-size: 100%;\n}\n<\/style>\n    <\/div>\n \n\n        <\/div>\n      <\/div>\n\n            \n<style>\n#banner-338934987 {\n  padding-top: 300px;\n}\n#banner-338934987 .bg.bg-loaded {\n  background-image: url(https:\/\/ssscorp.org\/wp-content\/uploads\/2022\/09\/Untitled-design-3-scaled-1.jpeg);\n}\n#banner-338934987 .overlay {\n  background-color: rgba(17, 33, 82, 0.855);\n}\n#banner-338934987 .ux-shape-divider--top svg {\n  height: 150px;\n  --divider-top-width: 100%;\n}\n#banner-338934987 .ux-shape-divider--bottom svg {\n  height: 150px;\n  --divider-width: 100%;\n}\n<\/style>\n  <\/div>\n\n\n\t<section class=\"section\" id=\"section_779965606\">\n\t\t<div class=\"bg section-bg fill bg-fill  bg-loaded\" >\n\n\t\t\t\n\t\t\t\n\t\t\t\n\n\t\t<\/div>\n\n\t\t\n\n\t\t<div class=\"section-content relative\">\n\t\t\t\n\n<div class=\"row\"  id=\"row-2112579685\">\n\n\n\t<div id=\"col-556647127\" class=\"col small-12 large-12\"  >\n\t\t\t\t<div class=\"col-inner\"  >\n\t\t\t\n\t\t\t\n\n\t<div class=\"img has-hover x md-x lg-x y md-y lg-y\" id=\"image_1099881400\">\n\t\t\t\t\t\t\t\t<div class=\"img-inner dark\" >\n\t\t\t<img fetchpriority=\"high\" decoding=\"async\" width=\"1020\" height=\"410\" src=\"https:\/\/ssscorp.org\/wp-content\/uploads\/2022\/10\/2020-sssc-election-infograph-most-current_orig-1024x412.jpg\" class=\"attachment-large size-large\" alt=\"\" srcset=\"https:\/\/ssscorp.org\/wp-content\/uploads\/2022\/10\/2020-sssc-election-infograph-most-current_orig-1024x412.jpg 1024w, https:\/\/ssscorp.org\/wp-content\/uploads\/2022\/10\/2020-sssc-election-infograph-most-current_orig-300x121.jpg 300w, https:\/\/ssscorp.org\/wp-content\/uploads\/2022\/10\/2020-sssc-election-infograph-most-current_orig-768x309.jpg 768w, https:\/\/ssscorp.org\/wp-content\/uploads\/2022\/10\/2020-sssc-election-infograph-most-current_orig.jpg 1456w\" sizes=\"(max-width: 1020px) 100vw, 1020px\" \/>\t\t\t\t\t\t\n\t\t\t\t\t<\/div>\n\t\t\t\t\t\t\t\t\n<style>\n#image_1099881400 {\n  width: 100%;\n}\n<\/style>\n\t<\/div>\n\t\n\n<h2 id=\"869772807653871632\" class=\"element wsite-content-title editable-text cke_editable cke_editable_inline cke_contents_ltr cke_show_borders cke_focus\" tabindex=\"0\" role=\"textbox\" contenteditable=\"true\" spellcheck=\"true\" aria-label=\"false\"><span style=\"color: #8d7824; font-size: xx-large;\">Resultados das elei\u00e7\u00f5es de 2020<\/span><\/h2>\n<p>Descarregar resultados oficiais, clicando <a href=\"https:\/\/ssscorp.org\/wp-content\/uploads\/2022\/10\/siri_singh_sahib_corporation_trustees_election_certification_letter_2020-03-30-1245.pdf\" target=\"_blank\" rel=\"noopener\" data-cke-saved-href=\"http:\/\/weebly-file\/1\/0\/7\/2\/107246343\/siri_singh_sahib_corporation_trustees_election_certification_letter_2020-03-30-1245.pdf\">aqui<\/a>.<\/p>\n\t<div class=\"img has-hover x md-x lg-x y md-y lg-y\" id=\"image_1190428993\">\n\t\t\t\t\t\t\t\t<div class=\"img-inner dark\" >\n\t\t\t<img decoding=\"async\" width=\"1020\" height=\"633\" src=\"https:\/\/ssscorp.org\/wp-content\/uploads\/2022\/10\/table-2020-elections-1024x635.jpg\" class=\"attachment-large size-large\" alt=\"\" srcset=\"https:\/\/ssscorp.org\/wp-content\/uploads\/2022\/10\/table-2020-elections-1024x635.jpg 1024w, https:\/\/ssscorp.org\/wp-content\/uploads\/2022\/10\/table-2020-elections-300x186.jpg 300w, https:\/\/ssscorp.org\/wp-content\/uploads\/2022\/10\/table-2020-elections-768x476.jpg 768w, https:\/\/ssscorp.org\/wp-content\/uploads\/2022\/10\/table-2020-elections.jpg 1121w\" sizes=\"(max-width: 1020px) 100vw, 1020px\" \/>\t\t\t\t\t\t\n\t\t\t\t\t<\/div>\n\t\t\t\t\t\t\t\t\n<style>\n#image_1190428993 {\n  width: 100%;\n}\n<\/style>\n\t<\/div>\n\t\n\n<h2 id=\"684112980737863157\" class=\"element wsite-content-title editable-text cke_editable cke_editable_inline cke_contents_ltr cke_show_borders cke_focus\" style=\"text-align: center;\" tabindex=\"0\" role=\"textbox\" contenteditable=\"true\" spellcheck=\"true\" aria-label=\"false\">Detalhes da elei\u00e7\u00e3o<\/h2>\n<p><strong><span style=\"color: #8d7824;\">Oito (8) dos membros foram eleitos na \u00faltima elei\u00e7\u00e3o. Eles servir\u00e3o at\u00e9 o Conselho Khalsa no outono de 2022:<\/span><\/strong><\/p>\n<ul>\n<li>SS Guru Amrit Singh Khalsa- Herndon, VA (Tesoureiro)<\/li>\n<li>SS Gurusangat Singh Khalsa &#8211; Herndon, VA<\/li>\n<li>SS Gurudarbar Singh Khalsa &#8211; Espa\u00f1ola, NM<\/li>\n<li>SS Kulwant Kaur Khalsa &#8211; Espa\u00f1ola\/Los Angeles<\/li>\n<li>SS Dr. Harjot Kaur Singh- Calgary, Canad\u00e1<\/li>\n<li>MSS Krishna Kaur Khalsa &#8211; Los Angeles, CA<\/li>\n<li>SS Gurutej Singh Khalsa &#8211; Singapura<\/li>\n<li>SS Sahaj Singh Kahlas &#8211; Santa F\u00e9, NM<\/li>\n<\/ul>\n<p><strong><span style=\"color: #a88d2e;\">Os sete (7) membros do Conselho do SSSC cujos mandatos expiram na primavera de 2020 s\u00e3o:<\/span><\/strong><\/p>\n<ul>\n<li>MJ Amrit Singh Khalsa- Espanola, NM<\/li>\n<li>SS Dharm Singh Khalsa- Espanola, NM<\/li>\n<li>SS Gurujodha Singh Khalsa- Bakersfield, CA<\/li>\n<li>SS Gurujot Kaur Khalsa-Herndon, VA<\/li>\n<li>SS Sat Bachan Kaur Khalsa- Espanola, NM<\/li>\n<li>SS Sat Hari Singh Khalsa &#8211; Hamburgo, Alemanha<\/li>\n<li>SS Viriam Singh Khalsa- Eugene, OR<\/li>\n<\/ul>\n<h3><span style=\"color: #a88d2e;\">Detalhe do calend\u00e1rio eleitoral de 2022<\/span><\/h3>\n<p><strong>1. Indica\u00e7\u00e3o: 15 de setembro a 15 de outubro de 2019<\/strong><\/p>\n<ul>\n<li>Os membros do Sangat nomear\u00e3o os Candidatos por meio de uma pesquisa eletr\u00f4nica. Todos os membros do Sangat podem participar. <\/li>\n<\/ul>\n<p><br><strong>2. Verifica\u00e7\u00e3o: 16 de outubro a 31 de dezembro de 2019<\/strong><\/p>\n<ul>\n<li> O Gabinete do Chanceler examinar\u00e1 os candidatos de acordo com a se\u00e7\u00e3o 2.6 dos estatutos para determinar a elegibilidade. <\/li>\n<li> O Gabinete do Secret\u00e1rio de Religi\u00e3o fornecer\u00e1 uma lista de ministros que se qualificaram para serem eleg\u00edveis para votar nas pr\u00f3ximas elei\u00e7\u00f5es. <\/li>\n<\/ul>\n<p><strong> <\/strong><br><strong>3. An\u00fancio de Candidatos: 1\u00ba de janeiro de 2020<\/strong><\/p>\n<ul>\n<li> Um e-mail ser\u00e1 enviado ao Eleitorado anunciando os nomes dos Candidatos eleg\u00edveis.<\/li>\n<\/ul>\n<p><strong> <\/strong><br><strong>4. Envio de Declara\u00e7\u00f5es de Candidato: 2 de janeiro de 2020 &#8211; 30 de janeiro de 2020<\/strong><\/p>\n<ul>\n<li>Os Candidatos Eleg\u00edveis devem receber um question\u00e1rio solicitando informa\u00e7\u00f5es biogr\u00e1ficas relevantes. O question\u00e1rio dever\u00e1 incluir o prazo de envio e os crit\u00e9rios de desqualifica\u00e7\u00e3o conforme especificado na Fase 5 deste cronograma. <\/li>\n<li>Cada Candidato Eleg\u00edvel dever\u00e1 enviar uma resposta ao question\u00e1rio.<\/li>\n<li>Ser\u00e3o desclassificados os candidatos que n\u00e3o apresentarem resposta antes do prazo.<\/li>\n<\/ul>\n<p><strong> <\/strong><br><strong>5. Revis\u00e3o das Declara\u00e7\u00f5es do Candidato: 31 de janeiro a 13 de fevereiro de 2020<\/strong><\/p>\n<ul>\n<li>Esta fase pode ser executada simultaneamente com as Fases 4 e 6.<\/li>\n<li>O Gabinete do Chanceler e o Comit\u00ea Eleitoral revisar\u00e3o todas as Declara\u00e7\u00f5es dos candidatos.<\/li>\n<\/ul>\n<ul>\n<li>Os candidatos cujas declara\u00e7\u00f5es cont\u00eam conte\u00fado impr\u00f3prio podem enviar uma Declara\u00e7\u00e3o revisada at\u00e9 tr\u00eas (3) dias antes do in\u00edcio da vota\u00e7\u00e3o. Os candidatos que n\u00e3o apresentarem uma Declara\u00e7\u00e3o revisada apropriada at\u00e9 este prazo ser\u00e3o desqualificados. <\/li>\n<\/ul>\n<p><br><strong>6. Publica\u00e7\u00e3o de Declara\u00e7\u00f5es de Candidatos: 14 de fevereiro de 2020<\/strong><\/p>\n<ul>\n<li>Esta fase pode ser executada simultaneamente com as fases 4 e 5.<\/li>\n<li>Uma vez que todas as Declara\u00e7\u00f5es apropriadas tenham sido publicadas, o site ser\u00e1 ativado e uma notifica\u00e7\u00e3o ser\u00e1 enviada ao Eleitorado. <\/li>\n<\/ul>\n<p><br><strong>7. Prefeitura: 1 a 8 de mar\u00e7o de <strong>2020<\/strong><\/strong><\/p>\n<ul>\n<li> As C\u00e2maras Municipais online ser\u00e3o realizadas para o Eleitorado conhecer os candidatos e fazer-lhes perguntas. <\/li>\n<\/ul>\n<p><br><strong>8. Vota\u00e7\u00e3o: 9 a 22 de mar\u00e7o de 2020<\/strong><\/p>\n<ul>\n<li>A vota\u00e7\u00e3o ser\u00e1 realizada online atrav\u00e9s de um servi\u00e7o de vota\u00e7\u00e3o seguro.<\/li>\n<li>Cada eleitor receber\u00e1 credenciais \u00fanicas para que possa preencher exatamente uma c\u00e9dula.<\/li>\n<li>Cada eleitor pode depositar um n\u00famero de votos igual ou inferior ao n\u00famero de cadeiras em disputa. <\/li>\n<li> Cada eleitor est\u00e1 proibido de votar em qualquer Candidato mais de uma vez. <strong> <\/strong><\/li>\n<\/ul>\n<p><br><strong>9. Registro e Notifica\u00e7\u00e3o: 23 de mar\u00e7o de 2020<\/strong><\/p>\n<ul>\n<li>Os votos ser\u00e3o computados eletronicamente ap\u00f3s o t\u00e9rmino da vota\u00e7\u00e3o.<\/li>\n<li>Os sete Candidatos que receberem mais votos estar\u00e3o sentados. <\/li>\n<li>Em caso de empate na(s) \u00faltima(s) vaga(s) aberta(s), se houver mais Candidatos empatados do que vagas, a(s) vaga(s) restante(s) ser\u00e1(\u00e3o) disputada(s) em um segundo turno entre os Candidatos empatados. <\/li>\n<li>A notifica\u00e7\u00e3o dos resultados das elei\u00e7\u00f5es incluir\u00e1 os vencedores e os apuramentos para cada Candidato.<\/li>\n<\/ul>\n<p> <br><strong>10. Segundo turno da elei\u00e7\u00e3o (se necess\u00e1rio): 23 a 31 de mar\u00e7o de 2020<\/strong><\/p>\n<ul>\n<li>O Eleitorado ser\u00e1 notificado de um segundo turno no dia seguinte ao final da elei\u00e7\u00e3o normal.<\/li>\n<li>A vota\u00e7\u00e3o e a contagem dos votos ocorrer\u00e3o de acordo com as Fases 7 e 8.<\/li>\n<\/ul>\n<p><br><strong>11. Notifique Sangat sobre os resultados da elei\u00e7\u00e3o do segundo turno: 1\u00ba de abril de 2020 (se for necess\u00e1ria a elei\u00e7\u00e3o do segundo turno)<\/strong><\/p>\n<ul>\n<li>O Sangat ser\u00e1 notificado dos resultados da elei\u00e7\u00e3o do segundo turno.<\/li>\n<\/ul>\n<p><br><strong>12. Assun\u00e7\u00e3o do cargo: (Primeiro dia do Conselho de Khalsa) 22 de abril de 2020<\/strong><\/p>\n<ul>\n<li>Os vencedores da elei\u00e7\u00e3o tomar\u00e3o posse ap\u00f3s a expira\u00e7\u00e3o dos mandatos dos administradores cessantes. <\/li>\n<\/ul>\n<div class=\"is-divider divider clearfix\" style=\"max-width:100%;\"><\/div>\n\n<div class=\"row\"  id=\"row-111580434\">\n\n\n\t<div id=\"col-1252152576\" class=\"col medium-6 small-12 large-6\"  >\n\t\t\t\t<div class=\"col-inner\"  >\n\t\t\t\n\t\t\t\n\n<h3>Eleitorado<\/h3>\n<p>Para saber mais sobre quem se qualifica para fazer parte do eleitorado ou candidatar-se, clique no bot\u00e3o seguinte:<\/p>\n\n<a class=\"button primary is-outline reveal-icon\"  >\n    <span>ELEITORADO DE 2020<\/span>\n  <i class=\"icon-angle-right\" ><\/i><\/a>\n\n\n\n\t\t<\/div>\n\t\t\t\t\t<\/div>\n\n\t\n\n\t<div id=\"col-155586424\" class=\"col medium-6 small-12 large-6\"  >\n\t\t\t\t<div class=\"col-inner\"  >\n\t\t\t\n\t\t\t\n\n<h3>Nomea\u00e7\u00f5es<\/h3>\n<p>Para nomear algu\u00e9m para se tornar um fiduci\u00e1rio, por favor clique no bot\u00e3o seguinte:<\/p>\n\n<a class=\"button primary is-outline reveal-icon\"  >\n    <span>FORMUL\u00c1RIO DE NOMEA\u00c7\u00c3O DE FIDUCI\u00c1RIO<\/span>\n  <i class=\"icon-angle-right\" ><\/i><\/a>\n\n\n\n\t\t<\/div>\n\t\t\t\t\t<\/div>\n\n\t\n\n<\/div>\n\n\t\t<\/div>\n\t\t\t\t\t<\/div>\n\n\t\n\n<\/div>\n\n\t\t<\/div>\n\n\t\t\n<style>\n#section_779965606 {\n  padding-top: 30px;\n  padding-bottom: 30px;\n}\n#section_779965606 .ux-shape-divider--top svg {\n  height: 150px;\n  --divider-top-width: 100%;\n}\n#section_779965606 .ux-shape-divider--bottom svg {\n  height: 150px;\n  --divider-width: 100%;\n}\n<\/style>\n\t<\/section>\n\t\n\n  <div class=\"banner has-hover\" id=\"banner-687608862\">\n          <div class=\"banner-inner fill\">\n        <div class=\"banner-bg fill\" >\n            <div class=\"bg fill bg-fill \"><\/div>\n                                    \n                    <\/div>\n\t\t\n        <div class=\"banner-layers container\">\n            <div class=\"fill banner-link\"><\/div>            \n\n   <div id=\"text-box-536511577\" class=\"text-box banner-layer x50 md-x50 lg-x50 y50 md-y50 lg-y50 res-text\">\n                                <div class=\"text-box-content text dark\">\n              \n              <div class=\"text-inner text-center\">\n                  \n\n<p><span style=\"font-size: large;\">Escolham quem querem mas devem votar. Penso que qualquer pessoa que n\u00e3o se tenha registado como eleitor, fez uma trag\u00e9dia nacional. O que \u00e9 aquela democracia em que ningu\u00e9m quer votar? Votar certo e errado, mas \u00e9 preciso votar; isto \u00e9 democracia. E uma democracia em que apenas metade do povo vota, o que \u00e9 a democracia?<\/span><br><span style=\"font-size: small;\">Yogi Bhajan 10\/13\/88<\/span><\/p>\n<a class=\"button white is-outline reveal-icon\"  >\n    <span>CANDIDATOS 2020<\/span>\n  <i class=\"icon-angle-right\" ><\/i><\/a>\n\n\n\n              <\/div>\n           <\/div>\n                            \n<style>\n#text-box-536511577 {\n  width: 97%;\n}\n#text-box-536511577 .text-box-content {\n  font-size: 100%;\n}\n<\/style>\n    <\/div>\n \n\n        <\/div>\n      <\/div>\n\n            \n<style>\n#banner-687608862 {\n  padding-top: 250px;\n  background-color: rgb(51, 61, 80);\n}\n#banner-687608862 .ux-shape-divider--top svg {\n  height: 150px;\n  --divider-top-width: 100%;\n}\n#banner-687608862 .ux-shape-divider--bottom svg {\n  height: 150px;\n  --divider-width: 100%;\n}\n<\/style>\n  <\/div>\n\n\n\n","protected":false},"excerpt":{"rendered":"","protected":false},"author":1,"featured_media":0,"parent":0,"menu_order":0,"comment_status":"closed","ping_status":"closed","template":"page-blank.php","meta":{"iawp_total_views":1,"footnotes":""},"class_list":["post-2449","page","type-page","status-publish","hentry"],"_links":{"self":[{"href":"https:\/\/ssscorp.org\/pt-br\/wp-json\/wp\/v2\/pages\/2449","targetHints":{"allow":["GET"]}}],"collection":[{"href":"https:\/\/ssscorp.org\/pt-br\/wp-json\/wp\/v2\/pages"}],"about":[{"href":"https:\/\/ssscorp.org\/pt-br\/wp-json\/wp\/v2\/types\/page"}],"author":[{"embeddable":true,"href":"https:\/\/ssscorp.org\/pt-br\/wp-json\/wp\/v2\/users\/1"}],"replies":[{"embeddable":true,"href":"https:\/\/ssscorp.org\/pt-br\/wp-json\/wp\/v2\/comments?post=2449"}],"version-history":[{"count":5,"href":"https:\/\/ssscorp.org\/pt-br\/wp-json\/wp\/v2\/pages\/2449\/revisions"}],"predecessor-version":[{"id":3204,"href":"https:\/\/ssscorp.org\/pt-br\/wp-json\/wp\/v2\/pages\/2449\/revisions\/3204"}],"wp:attachment":[{"href":"https:\/\/ssscorp.org\/pt-br\/wp-json\/wp\/v2\/media?parent=2449"}],"curies":[{"name":"wp","href":"https:\/\/api.w.org\/{rel}","templated":true}]}}