{"id":2421,"date":"2022-09-02T15:24:06","date_gmt":"2022-09-02T15:24:06","guid":{"rendered":"https:\/\/ssscorp.org\/eleicoes-especiais-da-siri-singh-sahib-corporation-2020\/"},"modified":"2025-03-09T22:13:10","modified_gmt":"2025-03-09T22:13:10","slug":"eleicoes-especiais-da-siri-singh-sahib-corporation-2020","status":"publish","type":"page","link":"https:\/\/ssscorp.org\/pt-br\/eleicoes-especiais-da-siri-singh-sahib-corporation-2020\/","title":{"rendered":"Elei\u00e7\u00f5es especiais da Siri Singh Sahib Corporation 2020"},"content":{"rendered":"\n\n  <div class=\"banner has-hover has-parallax\" id=\"banner-855913654\">\n          <div class=\"banner-inner fill\">\n        <div class=\"banner-bg fill\" data-parallax=\"-3\" data-parallax-container=\".banner\" data-parallax-background>\n            <div class=\"bg fill bg-fill \"><\/div>\n                        <div class=\"overlay\"><\/div>            \n                    <\/div>\n\t\t\n        <div class=\"banner-layers container\">\n            <div class=\"fill banner-link\"><\/div>            \n\n   <div id=\"text-box-1350872643\" class=\"text-box banner-layer x50 md-x50 lg-x50 y50 md-y50 lg-y50 res-text\">\n                                <div class=\"text-box-content text dark\">\n              \n              <div class=\"text-inner text-center\">\n                  \n\n<h3 class=\"uppercase\"><strong>Elei\u00e7\u00f5es especiais da Siri Singh Sahib Corporation 2020<\/strong><\/h3>\n<p>Seva, um servi\u00e7o de dar sem pensar no resultado, \u00e9 uma coisa muito simples. Faz de si um l\u00edder, quer seja ou n\u00e3o &#8211; quer mere\u00e7a ou n\u00e3o ser. E isso traz a voc\u00ea oportunidades, prosperidades e todos os bens, Deus e as del\u00edcias do Universo.<br>Yogi Bhajan 20\/04\/89<\/p>\n\n              <\/div>\n           <\/div>\n                            \n<style>\n#text-box-1350872643 {\n  width: 97%;\n}\n#text-box-1350872643 .text-box-content {\n  font-size: 100%;\n}\n<\/style>\n    <\/div>\n \n\n        <\/div>\n      <\/div>\n\n            \n<style>\n#banner-855913654 {\n  padding-top: 300px;\n}\n#banner-855913654 .bg.bg-loaded {\n  background-image: url(https:\/\/ssscorp.org\/wp-content\/uploads\/2022\/09\/Untitled-design-3-scaled-1.jpeg);\n}\n#banner-855913654 .overlay {\n  background-color: rgba(17, 33, 82, 0.855);\n}\n#banner-855913654 .ux-shape-divider--top svg {\n  height: 150px;\n  --divider-top-width: 100%;\n}\n#banner-855913654 .ux-shape-divider--bottom svg {\n  height: 150px;\n  --divider-width: 100%;\n}\n<\/style>\n  <\/div>\n\n\n\t<section class=\"section\" id=\"section_2074496575\">\n\t\t<div class=\"bg section-bg fill bg-fill  bg-loaded\" >\n\n\t\t\t\n\t\t\t\n\t\t\t\n\n\t\t<\/div>\n\n\t\t\n\n\t\t<div class=\"section-content relative\">\n\t\t\t\n\n<div class=\"row\"  id=\"row-1500726562\">\n\n\n\t<div id=\"col-59459705\" class=\"col small-12 large-12\"  >\n\t\t\t\t<div class=\"col-inner\"  >\n\t\t\t\n\t\t\t\n\n\t<div class=\"img has-hover x md-x lg-x y md-y lg-y\" id=\"image_1921340905\">\n\t\t\t\t\t\t\t\t<div class=\"img-inner dark\" >\n\t\t\t<img fetchpriority=\"high\" decoding=\"async\" width=\"1020\" height=\"376\" src=\"https:\/\/ssscorp.org\/wp-content\/uploads\/2022\/10\/sssc-election-timlines-3_orig-1024x377.jpg\" class=\"attachment-large size-large\" alt=\"\" srcset=\"https:\/\/ssscorp.org\/wp-content\/uploads\/2022\/10\/sssc-election-timlines-3_orig-1024x377.jpg 1024w, https:\/\/ssscorp.org\/wp-content\/uploads\/2022\/10\/sssc-election-timlines-3_orig-300x110.jpg 300w, https:\/\/ssscorp.org\/wp-content\/uploads\/2022\/10\/sssc-election-timlines-3_orig-768x283.jpg 768w, https:\/\/ssscorp.org\/wp-content\/uploads\/2022\/10\/sssc-election-timlines-3_orig-1536x566.jpg 1536w, https:\/\/ssscorp.org\/wp-content\/uploads\/2022\/10\/sssc-election-timlines-3_orig.jpg 1920w\" sizes=\"(max-width: 1020px) 100vw, 1020px\" \/>\t\t\t\t\t\t\n\t\t\t\t\t<\/div>\n\t\t\t\t\t\t\t\t\n<style>\n#image_1921340905 {\n  width: 100%;\n}\n<\/style>\n\t<\/div>\n\t\n\n<h3>Resultados das elei\u00e7\u00f5es especiais de 2020<\/h3>\n<p>Descarregar resultados oficiais, clicando <a href=\"https:\/\/ssscorp.org\/wp-content\/uploads\/2022\/10\/2020_sssc_special_trustees_election_final_certified_election_results.pdf\" target=\"_blank\" rel=\"noopener\" data-cke-saved-href=\"http:\/\/weebly-file\/1\/0\/7\/2\/107246343\/2020_sssc_special_trustees_election_final_certified_election_results.pdf\">aqui<\/a>.<\/p>\n\t<div class=\"img has-hover x md-x lg-x y md-y lg-y\" id=\"image_299698462\">\n\t\t\t\t\t\t\t\t<div class=\"img-inner dark\" >\n\t\t\t<img decoding=\"async\" width=\"1020\" height=\"354\" src=\"https:\/\/ssscorp.org\/wp-content\/uploads\/2022\/10\/sssc-special-1024x355.jpg\" class=\"attachment-large size-large\" alt=\"\" srcset=\"https:\/\/ssscorp.org\/wp-content\/uploads\/2022\/10\/sssc-special-1024x355.jpg 1024w, https:\/\/ssscorp.org\/wp-content\/uploads\/2022\/10\/sssc-special-300x104.jpg 300w, https:\/\/ssscorp.org\/wp-content\/uploads\/2022\/10\/sssc-special-768x266.jpg 768w, https:\/\/ssscorp.org\/wp-content\/uploads\/2022\/10\/sssc-special.jpg 1120w\" sizes=\"(max-width: 1020px) 100vw, 1020px\" \/>\t\t\t\t\t\t\n\t\t\t\t\t<\/div>\n\t\t\t\t\t\t\t\t\n<style>\n#image_299698462 {\n  width: 100%;\n}\n<\/style>\n\t<\/div>\n\t\n\n<h3>Detalhes da elei\u00e7\u00e3o<\/h3>\n<p>O estatuto do SSSC prev\u00ea que o conselho seja composto por 15 curadores eleitos. Recentemente, houve quatro ren\u00fancias do Conselho &#8211; MJ Amrit Singh Khalsa, SS Guru Amrit Singh Khalsa, MSS Krishna Kaur Khalsa e SS Guru Darbar Singh Khalsa. Duas das vagas abertas foram preenchidas por candidatos que concorreram na elei\u00e7\u00e3o anterior, SS Gurumeet Kaur Khalsa e SS Sirivishnu Singh Khalsa. No entanto, n\u00e3o havia candidatos suficientes restantes dessa elei\u00e7\u00e3o para preencher o assento final. Como h\u00e1 duas vagas no conselho que n\u00e3o podem ser preenchidas pelo nosso processo normal, o SSSC est\u00e1 realizando uma elei\u00e7\u00e3o especial para preencher as duas vagas.<br><br>Os dois membros do Conselho que renunciaram e criaram essas vagas foram empossados em setembro de 2017 e, portanto, os dois cargos que est\u00e3o sendo preenchidos expirar\u00e3o em setembro de 2022.<\/p>\n<h3>Detalhe do Calend\u00e1rio Eleitoral Especial 2020<\/h3>\n<p><strong>1. Indica\u00e7\u00e3o: 1\u00ba de outubro a 15 de outubro de 2020<\/strong><\/p>\n<ul>\n<li>Os membros do Sangat nomear\u00e3o os Candidatos por meio de uma pesquisa eletr\u00f4nica. Todos os membros do Sangat podem participar. <\/li>\n<\/ul>\n<p><br><strong>2. Verifica\u00e7\u00e3o: 21 a 31 de outubro de 2020<\/strong><\/p>\n<ul>\n<li> O Escrit\u00f3rio do Conselho Dharmico examinar\u00e1 os candidatos de acordo com a se\u00e7\u00e3o 2.6 dos estatutos para determinar a elegibilidade. <\/li>\n<li> O Gabinete do Secret\u00e1rio de Religi\u00e3o fornecer\u00e1 uma lista de ministros que se qualificaram para serem eleg\u00edveis para votar nas pr\u00f3ximas elei\u00e7\u00f5es. <\/li>\n<\/ul>\n<p><strong> <\/strong><br><strong>3. An\u00fancio dos Candidatos: 2 de novembro de 2020<\/strong><\/p>\n<ul>\n<li> Um e-mail ser\u00e1 enviado ao Eleitorado anunciando os nomes dos Candidatos eleg\u00edveis.<\/li>\n<\/ul>\n<p><strong> <\/strong><br><strong>4. Envio de declara\u00e7\u00f5es de candidatos: 2 a 7 de novembro de 2020<\/strong><\/p>\n<ul>\n<li>Os Candidatos Eleg\u00edveis devem receber um question\u00e1rio solicitando informa\u00e7\u00f5es biogr\u00e1ficas relevantes. O question\u00e1rio dever\u00e1 incluir o prazo de envio e os crit\u00e9rios de desqualifica\u00e7\u00e3o conforme especificado na Fase 5 deste cronograma. <\/li>\n<li>Cada Candidato Eleg\u00edvel dever\u00e1 enviar uma resposta ao question\u00e1rio.<\/li>\n<li>Ser\u00e3o desclassificados os candidatos que n\u00e3o apresentarem resposta antes do prazo.<\/li>\n<\/ul>\n<p><strong> <\/strong><br><strong>5. Revis\u00e3o das Declara\u00e7\u00f5es do Candidato: 8 a 15 de novembro de 2020<\/strong><\/p>\n<ul>\n<li>Esta fase pode ser executada simultaneamente com as Fases 4 e 6.<\/li>\n<li>O Escrit\u00f3rio do Conselho Dharmico e o Comit\u00ea Eleitoral revisar\u00e3o todas as Declara\u00e7\u00f5es dos candidatos.<\/li>\n<\/ul>\n<ul>\n<li>Os candidatos cujas declara\u00e7\u00f5es cont\u00eam conte\u00fado impr\u00f3prio podem enviar uma Declara\u00e7\u00e3o revisada at\u00e9 tr\u00eas (3) dias antes do in\u00edcio da vota\u00e7\u00e3o. Os candidatos que n\u00e3o apresentarem uma Declara\u00e7\u00e3o revisada apropriada at\u00e9 este prazo ser\u00e3o desqualificados. <\/li>\n<\/ul>\n<p><br><strong>6. Publica\u00e7\u00e3o de Declara\u00e7\u00f5es de Candidatos: 16 de novembro de 2020<\/strong><\/p>\n<ul>\n<li>Esta fase pode ser executada simultaneamente com as fases 4 e 5.<\/li>\n<li>Uma vez que todas as Declara\u00e7\u00f5es apropriadas tenham sido publicadas, o site ser\u00e1 ativado e uma notifica\u00e7\u00e3o ser\u00e1 enviada ao Eleitorado. <\/li>\n<\/ul>\n<p><br><strong>7. Vota\u00e7\u00e3o: 4 a 13 de dezembro de 2020<\/strong><\/p>\n<ul>\n<li>A vota\u00e7\u00e3o ser\u00e1 realizada online atrav\u00e9s de um servi\u00e7o de vota\u00e7\u00e3o seguro.<\/li>\n<li>Cada eleitor receber\u00e1 credenciais \u00fanicas para que possa preencher exatamente uma c\u00e9dula.<\/li>\n<li>Cada eleitor pode depositar um n\u00famero de votos igual ou inferior ao n\u00famero de cadeiras em disputa. <\/li>\n<li> Cada eleitor est\u00e1 proibido de votar em qualquer Candidato mais de uma vez. <strong> <\/strong><\/li>\n<\/ul>\n<p><br><strong>8. Registro e Notifica\u00e7\u00e3o: 14 de dezembro de 2020<\/strong><\/p>\n<ul>\n<li>Os votos ser\u00e3o computados eletronicamente ap\u00f3s o t\u00e9rmino da vota\u00e7\u00e3o.<\/li>\n<li>Ficar\u00e1 sentado o candidato que obtiver o maior n\u00famero de votos. <\/li>\n<li>Em caso de empate na vaga, se houver mais Candidatos empatados do que vagas, as vagas restantes ser\u00e3o disputadas em um segundo turno entre os Candidatos empatados. <\/li>\n<li>A notifica\u00e7\u00e3o dos resultados das elei\u00e7\u00f5es incluir\u00e1 o vencedor e as contagens de cada Candidato.<\/li>\n<\/ul>\n<p><br><strong> 9<strong>. Treinamento para novos membros da diretoria<\/strong><\/strong><\/p>\n<ul>\n<li>Os novos membros do conselho fazem um treinamento de 2 semanas antes de se tornarem oficialmente parte do conselho.<\/li>\n<\/ul>\n<p><br><strong>10. Assun\u00e7\u00e3o do cargo: 16 de janeiro de 2021<\/strong><\/p>\n<ul>\n<li>O vencedor da elei\u00e7\u00e3o tomar\u00e1 posse antes das Reuni\u00f5es Presenciais de janeiro. <\/li>\n<\/ul>\n<div class=\"is-divider divider clearfix\" style=\"max-width:100%;\"><\/div>\n\n<div class=\"row\"  id=\"row-368558459\">\n\n\n\t<div id=\"col-1864364533\" class=\"col medium-6 small-12 large-6\"  >\n\t\t\t\t<div class=\"col-inner\"  >\n\t\t\t\n\t\t\t\n\n<h3>Eleitorado<\/h3>\n<p>O processo do Eleitorado de 2020 terminou.  <\/p>\n\n\t\t<\/div>\n\t\t\t\t\t<\/div>\n\n\t\n\n\t<div id=\"col-59458023\" class=\"col medium-6 small-12 large-6\"  >\n\t\t\t\t<div class=\"col-inner\"  >\n\t\t\t\n\t\t\t\n\n<h3>Nomea\u00e7\u00f5es<\/h3>\n<p>O processo de Nomea\u00e7\u00e3o para 2020 terminou.<\/p>\n\n\n\t\t<\/div>\n\t\t\t\t\t<\/div>\n\n\t\n\n<\/div>\n\n\t\t<\/div>\n\t\t\t\t\t<\/div>\n\n\t\n\n<\/div>\n\n\t\t<\/div>\n\n\t\t\n<style>\n#section_2074496575 {\n  padding-top: 30px;\n  padding-bottom: 30px;\n}\n#section_2074496575 .ux-shape-divider--top svg {\n  height: 150px;\n  --divider-top-width: 100%;\n}\n#section_2074496575 .ux-shape-divider--bottom svg {\n  height: 150px;\n  --divider-width: 100%;\n}\n<\/style>\n\t<\/section>\n\t\n\n  <div class=\"banner has-hover\" id=\"banner-1587213649\">\n          <div class=\"banner-inner fill\">\n        <div class=\"banner-bg fill\" >\n            <div class=\"bg fill bg-fill \"><\/div>\n                                    \n                    <\/div>\n\t\t\n        <div class=\"banner-layers container\">\n            <div class=\"fill banner-link\"><\/div>            \n\n   <div id=\"text-box-2118894367\" class=\"text-box banner-layer x50 md-x50 lg-x50 y50 md-y50 lg-y50 res-text\">\n                                <div class=\"text-box-content text dark\">\n              \n              <div class=\"text-inner text-center\">\n                  \n\n<p><span style=\"font-size: large;\">Escolham quem querem mas devem votar. Penso que qualquer pessoa que n\u00e3o se tenha registado como eleitor, fez uma trag\u00e9dia nacional. O que \u00e9 aquela democracia em que ningu\u00e9m quer votar? Votar certo e errado, mas \u00e9 preciso votar; isto \u00e9 democracia. E uma democracia em que apenas metade do povo vota, o que \u00e9 a democracia?<\/span><br><span style=\"font-size: small;\">Yogi Bhajan 10\/13\/88<\/span><\/p>\n\n              <\/div>\n           <\/div>\n                            \n<style>\n#text-box-2118894367 {\n  width: 100%;\n}\n#text-box-2118894367 .text-box-content {\n  font-size: 100%;\n}\n<\/style>\n    <\/div>\n \n\n        <\/div>\n      <\/div>\n\n            \n<style>\n#banner-1587213649 {\n  padding-top: 220px;\n  background-color: rgb(52, 61, 81);\n}\n#banner-1587213649 .ux-shape-divider--top svg {\n  height: 150px;\n  --divider-top-width: 100%;\n}\n#banner-1587213649 .ux-shape-divider--bottom svg {\n  height: 150px;\n  --divider-width: 100%;\n}\n<\/style>\n  <\/div>\n\n\n\n","protected":false},"excerpt":{"rendered":"","protected":false},"author":1,"featured_media":0,"parent":0,"menu_order":0,"comment_status":"closed","ping_status":"closed","template":"page-blank.php","meta":{"iawp_total_views":2,"footnotes":""},"class_list":["post-2421","page","type-page","status-publish","hentry"],"_links":{"self":[{"href":"https:\/\/ssscorp.org\/pt-br\/wp-json\/wp\/v2\/pages\/2421","targetHints":{"allow":["GET"]}}],"collection":[{"href":"https:\/\/ssscorp.org\/pt-br\/wp-json\/wp\/v2\/pages"}],"about":[{"href":"https:\/\/ssscorp.org\/pt-br\/wp-json\/wp\/v2\/types\/page"}],"author":[{"embeddable":true,"href":"https:\/\/ssscorp.org\/pt-br\/wp-json\/wp\/v2\/users\/1"}],"replies":[{"embeddable":true,"href":"https:\/\/ssscorp.org\/pt-br\/wp-json\/wp\/v2\/comments?post=2421"}],"version-history":[{"count":5,"href":"https:\/\/ssscorp.org\/pt-br\/wp-json\/wp\/v2\/pages\/2421\/revisions"}],"predecessor-version":[{"id":12816,"href":"https:\/\/ssscorp.org\/pt-br\/wp-json\/wp\/v2\/pages\/2421\/revisions\/12816"}],"wp:attachment":[{"href":"https:\/\/ssscorp.org\/pt-br\/wp-json\/wp\/v2\/media?parent=2421"}],"curies":[{"name":"wp","href":"https:\/\/api.w.org\/{rel}","templated":true}]}}