{"id":2407,"date":"2022-09-02T15:23:56","date_gmt":"2022-09-02T15:23:56","guid":{"rendered":"https:\/\/ssscorp.org\/eleicoes-da-siri-singh-sahib-corporation-2015\/"},"modified":"2022-10-23T00:43:56","modified_gmt":"2022-10-23T00:43:56","slug":"eleicoes-da-siri-singh-sahib-corporation-2015","status":"publish","type":"page","link":"https:\/\/ssscorp.org\/pt-br\/eleicoes-da-siri-singh-sahib-corporation-2015\/","title":{"rendered":"Elei\u00e7\u00f5es da Siri Singh Sahib Corporation 2015"},"content":{"rendered":"\n\n  <div class=\"banner has-hover has-parallax\" id=\"banner-2074451357\">\n          <div class=\"banner-inner fill\">\n        <div class=\"banner-bg fill\" data-parallax=\"-3\" data-parallax-container=\".banner\" data-parallax-background>\n            <div class=\"bg fill bg-fill \"><\/div>\n                        <div class=\"overlay\"><\/div>            \n                    <\/div>\n\t\t\n        <div class=\"banner-layers container\">\n            <div class=\"fill banner-link\"><\/div>            \n\n   <div id=\"text-box-18086428\" class=\"text-box banner-layer x50 md-x50 lg-x50 y50 md-y50 lg-y50 res-text\">\n                                <div class=\"text-box-content text dark\">\n              \n              <div class=\"text-inner text-center\">\n                  \n\n<h3 class=\"uppercase\"><strong>Elei\u00e7\u00f5es da Siri Singh Sahib Corporation 2015<\/strong><\/h3>\n\n\n              <\/div>\n           <\/div>\n                            \n<style>\n#text-box-18086428 {\n  width: 80%;\n}\n#text-box-18086428 .text-box-content {\n  font-size: 100%;\n}\n<\/style>\n    <\/div>\n \n\n        <\/div>\n      <\/div>\n\n            \n<style>\n#banner-2074451357 {\n  padding-top: 300px;\n}\n#banner-2074451357 .bg.bg-loaded {\n  background-image: url(https:\/\/ssscorp.org\/wp-content\/uploads\/2022\/09\/Untitled-design-3-scaled-1.jpeg);\n}\n#banner-2074451357 .overlay {\n  background-color: rgba(17, 33, 82, 0.855);\n}\n#banner-2074451357 .ux-shape-divider--top svg {\n  height: 150px;\n  --divider-top-width: 100%;\n}\n#banner-2074451357 .ux-shape-divider--bottom svg {\n  height: 150px;\n  --divider-width: 100%;\n}\n<\/style>\n  <\/div>\n\n\n\t<section class=\"section\" id=\"section_599588949\">\n\t\t<div class=\"bg section-bg fill bg-fill  bg-loaded\" >\n\n\t\t\t\n\t\t\t\n\t\t\t\n\n\t\t<\/div>\n\n\t\t\n\n\t\t<div class=\"section-content relative\">\n\t\t\t\n\n<div class=\"row\"  id=\"row-500779632\">\n\n\n\t<div id=\"col-564237306\" class=\"col small-12 large-12\"  >\n\t\t\t\t<div class=\"col-inner\"  >\n\t\t\t\n\t\t\t\n\n<p>A Siri Singh Sahib Corporation (SSSC) \u00e9 dirigida por um Conselho de Curadores de dezessete membros. Dois desses membros, o Bhai Sahiba e o Siri Sikdar Sahiba, est\u00e3o inclu\u00eddos em virtude de seus cargos e, portanto, n\u00e3o eleitos. Os quinze membros restantes s\u00e3o eleitos de acordo com os Estatutos do SSSC.<br>Em<br>Os atuais membros do Conselho, tendo sido eleitos como Conselho Inicial pelo Sangat em maio de 2012, tomaram posse em 26 de novembro de 2012, conforme estipulado no Acordo Geral com o antigo Conselho Unto Infinity (UI). <br><br><strong><span style=\"color: #8d7824;\">Oito (8) dos membros foram eleitos na \u00faltima elei\u00e7\u00e3o. Eles servir\u00e3o at\u00e9 o Conselho Khalsa no outono de 2022:<\/span><\/strong><\/p>\n<ul>\n<li>Guru da SS Amrit Singh Khalsa-Herndon, VA <\/li>\n<li>SS Avtar Hari Singh Khalsa &#8211; NM<\/li>\n<li>MSS Guru Singh Khalsa &#8211; Los Angeles, CA<\/li>\n<li>SS Dr. Harjot Kaur Singh- Calgary, Canad\u00e1<\/li>\n<li>SS Jai Singh Khalsa &#8211; Boston, MA<\/li>\n<li>MSS Krishna Kaur Khalsa &#8211; Los Angeles, CA<\/li>\n<li>SS Siri Pritam Kaur Khalsa &#8211; Yuba City, CA<\/li>\n<li>SS Siri Vishnu Singh Khalsa &#8211; Espa\u00f1ola, NM<\/li>\n<\/ul>\n<p><strong><span style=\"color: #a88d2e;\">Os sete (7) membros do Conselho do SSSC cujos mandatos expiram na primavera de 2020 s\u00e3o:<\/span><\/strong><\/p>\n<ul>\n<li>SS Gurujodha Singh Khalsa &#8211; Bakersfield, CA <\/li>\n<li>SS Viriam Singh Khalsa &#8211; Eugene, OR<\/li>\n<li>SS Amrit Singh Khalsa &#8211; Espa\u00f1ola, NM<\/li>\n<li>SS Dharm Singh Khalsa &#8211; Espa\u00f1ola, NM<\/li>\n<li>SS Gurujot Kaur Khalsa &#8211; Eugene, OR<\/li>\n<li>SS Guru Raj Kaur Khalsa &#8211; Vancouver, Canad\u00e1<\/li>\n<li>SS Harinam Singh Khalsa &#8211; Nova York, NY<\/li>\n<\/ul>\n<p><em>*Com base em sua posi\u00e7\u00e3o como o pr\u00f3ximo mais votado (16\u00ba lugar) nas elei\u00e7\u00f5es iniciais, MJ Amrit Singh Khalsa foi nomeado para servir o restante do mandato de SS Shanti Kaur Khalsa ap\u00f3s sua ren\u00fancia do Conselho. <\/em><\/p>\n<h3><span style=\"color: #a88d2e;\">Elegibilidade do Candidato<\/span><\/h3>\n<p>Conforme especificado na Pol\u00edtica Eleitoral, os Candidatos ao Conselho devem ser indicados pelos membros do Sangat (ou seja, o p\u00fablico em geral). O processo de nomea\u00e7\u00e3o est\u00e1 descrito na se\u00e7\u00e3o Calend\u00e1rio Eleitoral.<br><br>Todos os Candidatos devem atender aos seguintes requisitos do Estatuto Social:<br><br><em><strong>Se\u00e7\u00e3o 2.6 Qualifica\u00e7\u00f5es para membros do conselho<\/strong><\/em><br><em>Para ser eleg\u00edvel para servir como um Administrador Eleito, um indiv\u00edduo deve:<br><br>(a) ser um ministro da Sikh Dharma International atualmente em boas condi\u00e7\u00f5es e ter sido por pelo menos dois (2) anos completos imediatamente anteriores \u00e0 sua nomea\u00e7\u00e3o<br><br>(b) ser um doador regular de uma ou mais das Corpora\u00e7\u00f5es Constituintes sem fins lucrativos (conforme definido na Se\u00e7\u00e3o 1.4) e tenha sido por pelo menos dois (2) anos civis imediatamente anteriores \u00e0 sua nomea\u00e7\u00e3o<br><br>(c) ter bom car\u00e1ter; nunca foram condenados ou admitidos a qualquer crime ou contraven\u00e7\u00e3o envolvendo torpeza moral; n\u00e3o representar qualquer amea\u00e7a \u00e0 seguran\u00e7a dos Estados Unidos ou ter quaisquer interesses ou status estrangeiros que entrem em conflito com os interesses dos Estados Unidos ou com qualquer elemento da Comunidade Sikh Dharma\/3HO e neg\u00f3cios; concordar em fornecer informa\u00e7\u00f5es para uma verifica\u00e7\u00e3o de antecedentes confidenciais; e<br><br>(d) n\u00e3o atuar simultaneamente como membro votante do Conselho de Administra\u00e7\u00e3o de qualquer Corpora\u00e7\u00e3o Constituinte sem fins lucrativos identificada no Anexo A deste Estatuto. Para cumprir esta<\/em><\/p>\n<ul>\n<li><em>(i) Um Fiduci\u00e1rio deve renunciar ou continuar como membro sem direito a voto do Conselho de Administra\u00e7\u00e3o de uma Corpora\u00e7\u00e3o Constituinte sem fins lucrativos imediatamente ap\u00f3s assumir o cargo de Fiduci\u00e1rio,<\/em><\/li>\n<li><em>(ii) Um Agente Fiduci\u00e1rio pode servir sem direito a voto em um m\u00e1ximo de dois (2) conselhos de Corpora\u00e7\u00e3o Constituinte sem fins lucrativos.<\/em><\/li>\n<li><em>(iii) Se aplic\u00e1vel, um Fiduci\u00e1rio servindo uma Corpora\u00e7\u00e3o Constituinte sem fins lucrativos sem direito a voto pode ser recusado dos votos do SSSC em quest\u00f5es envolvendo esse constituinte em quest\u00e3o<\/em><\/li>\n<\/ul>\n<p><em>(e) n\u00e3o estar relacionado por sangue ou casamento (incluindo parentesco) ou em parceria dom\u00e9stica com outro Agente Fiduci\u00e1rio.<\/em><\/p>\n<h3><span style=\"color: #8d7824;\">Eleitorado de 2015<\/span><\/h3>\n<p>O Eleitorado para o Conselho do SSSC \u00e9 prescrito por uma mo\u00e7\u00e3o do Conselho, da seguinte forma:<br><em>Para as elei\u00e7\u00f5es de 2015, o eleitorado eleg\u00edvel \u00e9:<\/em><\/p>\n<ul>\n<li><em>Ministros do Sikh Dharma em situa\u00e7\u00e3o regular catorze (14) dias antes do in\u00edcio da vota\u00e7\u00e3o, e<\/em><\/li>\n<li><em>Eleitores que votaram na elei\u00e7\u00e3o inicial da diretoria.<\/em><\/li>\n<\/ul>\n<p><em>Para todas as elei\u00e7\u00f5es subsequentes, o eleitorado eleg\u00edvel s\u00e3o apenas os Ministros do Sikh Dharma que est\u00e3o em boas condi\u00e7\u00f5es<br>permanente de 90 (noventa) dias antes do in\u00edcio da vota\u00e7\u00e3o.<\/em><\/p>\n<h3><span style=\"color: #8d7824; font-size: 100%;\">Resultados das elei\u00e7\u00f5es de 2015<\/span><\/h3>\n<p>Para baixar e ver os resultados oficiais, clique <a href=\"https:\/\/ssscorp.org\/wp-content\/uploads\/2022\/10\/2015_sssc_final_election_results_certification_board_member_election_20152.pdf\" target=\"_blank\" rel=\"noopener\" data-cke-saved-href=\"http:\/\/weebly-file\/1\/0\/7\/2\/107246343\/2015_sssc_final_election_results_certification_board_member_election_2015&#091;2&#093;.pdf\">aqui<\/a> . <\/p>\n\t<div class=\"img has-hover x md-x lg-x y md-y lg-y\" id=\"image_1830393794\">\n\t\t\t\t\t\t\t\t<div class=\"img-inner dark\" >\n\t\t\t<img fetchpriority=\"high\" decoding=\"async\" width=\"702\" height=\"800\" src=\"https:\/\/ssscorp.org\/wp-content\/uploads\/2022\/10\/screen-shot-2019-04-27-at-11-36-36-am_orig.png\" class=\"attachment-large size-large\" alt=\"\" srcset=\"https:\/\/ssscorp.org\/wp-content\/uploads\/2022\/10\/screen-shot-2019-04-27-at-11-36-36-am_orig.png 702w, https:\/\/ssscorp.org\/wp-content\/uploads\/2022\/10\/screen-shot-2019-04-27-at-11-36-36-am_orig-263x300.png 263w\" sizes=\"(max-width: 702px) 100vw, 702px\" \/>\t\t\t\t\t\t\n\t\t\t\t\t<\/div>\n\t\t\t\t\t\t\t\t\n<style>\n#image_1830393794 {\n  width: 100%;\n}\n<\/style>\n\t<\/div>\n\t\n\n\n\t\t<\/div>\n\t\t\t\t\t<\/div>\n\n\t\n\n<\/div>\n\n\t\t<\/div>\n\n\t\t\n<style>\n#section_599588949 {\n  padding-top: 30px;\n  padding-bottom: 30px;\n}\n#section_599588949 .ux-shape-divider--top svg {\n  height: 150px;\n  --divider-top-width: 100%;\n}\n#section_599588949 .ux-shape-divider--bottom svg {\n  height: 150px;\n  --divider-width: 100%;\n}\n<\/style>\n\t<\/section>\n\t\n\n","protected":false},"excerpt":{"rendered":"","protected":false},"author":1,"featured_media":0,"parent":0,"menu_order":0,"comment_status":"closed","ping_status":"closed","template":"page-blank.php","meta":{"iawp_total_views":1,"footnotes":""},"class_list":["post-2407","page","type-page","status-publish","hentry"],"_links":{"self":[{"href":"https:\/\/ssscorp.org\/pt-br\/wp-json\/wp\/v2\/pages\/2407","targetHints":{"allow":["GET"]}}],"collection":[{"href":"https:\/\/ssscorp.org\/pt-br\/wp-json\/wp\/v2\/pages"}],"about":[{"href":"https:\/\/ssscorp.org\/pt-br\/wp-json\/wp\/v2\/types\/page"}],"author":[{"embeddable":true,"href":"https:\/\/ssscorp.org\/pt-br\/wp-json\/wp\/v2\/users\/1"}],"replies":[{"embeddable":true,"href":"https:\/\/ssscorp.org\/pt-br\/wp-json\/wp\/v2\/comments?post=2407"}],"version-history":[{"count":3,"href":"https:\/\/ssscorp.org\/pt-br\/wp-json\/wp\/v2\/pages\/2407\/revisions"}],"predecessor-version":[{"id":3124,"href":"https:\/\/ssscorp.org\/pt-br\/wp-json\/wp\/v2\/pages\/2407\/revisions\/3124"}],"wp:attachment":[{"href":"https:\/\/ssscorp.org\/pt-br\/wp-json\/wp\/v2\/media?parent=2407"}],"curies":[{"name":"wp","href":"https:\/\/api.w.org\/{rel}","templated":true}]}}