{"id":2384,"date":"2022-09-02T15:22:33","date_gmt":"2022-09-02T15:22:33","guid":{"rendered":"https:\/\/ssscorp.org\/eleicao-sssc\/"},"modified":"2022-11-02T21:54:38","modified_gmt":"2022-11-02T21:54:38","slug":"eleicao-sssc","status":"publish","type":"page","link":"https:\/\/ssscorp.org\/pt-br\/eleicao-sssc\/","title":{"rendered":"Elei\u00e7\u00e3o SSSC"},"content":{"rendered":"\n\n  <div class=\"banner has-hover has-parallax\" id=\"banner-1231883351\">\n          <div class=\"banner-inner fill\">\n        <div class=\"banner-bg fill\" data-parallax=\"-3\" data-parallax-container=\".banner\" data-parallax-background>\n            <div class=\"bg fill bg-fill \"><\/div>\n                        <div class=\"overlay\"><\/div>            \n                    <\/div>\n\t\t\n        <div class=\"banner-layers container\">\n            <div class=\"fill banner-link\"><\/div>            \n\n   <div id=\"text-box-1144880274\" class=\"text-box banner-layer x50 md-x50 lg-x50 y50 md-y50 lg-y50 res-text\">\n                                <div class=\"text-box-content text dark\">\n              \n              <div class=\"text-inner text-center\">\n                  \n\n<h3 class=\"uppercase\"><strong>Elei\u00e7\u00e3o de Administradores do SSSC <\/strong><\/h3>\n\n\n              <\/div>\n           <\/div>\n                            \n<style>\n#text-box-1144880274 {\n  width: 60%;\n}\n#text-box-1144880274 .text-box-content {\n  font-size: 100%;\n}\n<\/style>\n    <\/div>\n \n\n        <\/div>\n      <\/div>\n\n            \n<style>\n#banner-1231883351 {\n  padding-top: 300px;\n}\n#banner-1231883351 .bg.bg-loaded {\n  background-image: url(https:\/\/ssscorp.org\/wp-content\/uploads\/2022\/09\/Untitled-design-3-scaled-1.jpeg);\n}\n#banner-1231883351 .overlay {\n  background-color: rgba(17, 33, 82, 0.855);\n}\n#banner-1231883351 .ux-shape-divider--top svg {\n  height: 150px;\n  --divider-top-width: 100%;\n}\n#banner-1231883351 .ux-shape-divider--bottom svg {\n  height: 150px;\n  --divider-width: 100%;\n}\n<\/style>\n  <\/div>\n\n\n\t<section class=\"section\" id=\"section_213255437\">\n\t\t<div class=\"bg section-bg fill bg-fill  bg-loaded\" >\n\n\t\t\t\n\t\t\t\n\t\t\t\n\n\t\t<\/div>\n\n\t\t\n\n\t\t<div class=\"section-content relative\">\n\t\t\t\n\n<div class=\"row\"  id=\"row-1835634383\">\n\n\n\t<div id=\"col-2038592319\" class=\"col small-12 large-12\"  >\n\t\t\t\t<div class=\"col-inner\"  >\n\t\t\t\n\t\t\t\n\n<p>A Siri Singh Sahib Corporation (SSSC) \u00e9 dirigida por um Conselho de Curadores de dezessete membros. Dois desses membros, o Bhai Sahiba e o Siri Sikdar Sahiba, s\u00e3o inclu\u00eddos como membros do Conselho em virtude de seus cargos (&#8220;ex officio&#8221;) e, portanto, n\u00e3o s\u00e3o eleitos. <br>Em<br>Os mandatos e a elei\u00e7\u00e3o dos membros do Conselho est\u00e3o previstos no Estatuto Social e na Pol\u00edtica Eleitoral. <br><br>Se\u00e7\u00e3o 2.4 Prazo e Elei\u00e7\u00e3o. Os mandatos dos Administradores Eleitos ser\u00e3o de aproximadamente 5 (cinco) anos. As elei\u00e7\u00f5es ser\u00e3o escalonadas com metade dos curadores eleitos em intervalos de aproximadamente 2,5 anos. O processo de elei\u00e7\u00e3o deve ser conforme especificado na Pol\u00edtica de Elei\u00e7\u00e3o do Conselho do SSSC, adotada por resolu\u00e7\u00e3o do Conselho de Curadores de tempos em tempos. &#8230; O mandato do Conselho Inicial do SSSC ser\u00e1 conforme especificado na Pol\u00edtica de Elei\u00e7\u00e3o do Conselho do SSSC. (do Estatuto)<\/p>\n<p>O mandato de sete (7) dos Administradores Iniciais (&#8220;Grupo A&#8221;) expirar\u00e1 no primeiro dia das reuni\u00f5es do Spring Khalsa Council em 2015. O mandato dos restantes oito (8) Administradores Iniciais eleitos (&#8220;Grupo B&#8221;) expirar\u00e1 no primeiro dia das reuni\u00f5es do Fall Khalsa Council em 2017. O Grupo A e o Grupo B devem ser designados de forma volunt\u00e1ria. Se um dos grupos receber menos volunt\u00e1rios do que o necess\u00e1rio, os curadores restantes desse grupo ser\u00e3o selecionados aleatoriamente. (da Pol\u00edtica Eleitoral)<\/p>\n<p>Para ver a elei\u00e7\u00e3o atual, bem como os resultados das elei\u00e7\u00f5es anteriores, role para baixo e clique nos respectivos links.<\/p>\n<div class=\"container section-title-container\" ><h3 class=\"section-title section-title-normal\"><b><\/b><span class=\"section-title-main\" >Calend\u00e1rio de Elei\u00e7\u00f5es:<\/span><b><\/b><\/h3><\/div>\n\n<table>\n<thead>\n<tr style=\"background: #c2a43b;\">\n<th style=\"text-align: center;\">Ano<\/th>\n<th style=\"text-align: center;\">Resultados<\/th>\n<\/tr>\n<\/thead>\n<tbody>\n<tr>\n<td style=\"text-align: center;\">2012<\/td>\n<td style=\"text-align: center;\"><a href=\"https:\/\/ssscorp.org\/pt-br\/eleicoes-da-siri-singh-sahib-corporation-2012\/\">Clique aqui para ver os resultados deste ano eleitoral<\/a><\/td>\n<\/tr>\n<tr>\n<td style=\"text-align: center;\">2015<\/td>\n<td style=\"text-align: center;\"><a href=\"https:\/\/ssscorp.org\/pt-br\/eleicoes-da-siri-singh-sahib-corporation-2015\/\">Clique aqui para ver os resultados deste ano eleitoral<\/a><\/td>\n<\/tr>\n<tr>\n<td style=\"text-align: center;\">2017<\/td>\n<td style=\"text-align: center;\"><a href=\"https:\/\/ssscorp.org\/pt-br\/eleicoes-da-siri-singh-sahib-corporation-2017\/\">Clique aqui para ver os resultados deste ano eleitoral<\/a><\/td>\n<\/tr>\n<tr>\n<td style=\"text-align: center;\">2020<\/td>\n<td style=\"text-align: center;\"><a href=\"https:\/\/ssscorp.org\/pt-br\/eleicoes-da-siri-singh-sahib-corporation-2020\/\">Clique aqui para ver os resultados deste ano eleitoral<\/a><\/td>\n<\/tr>\n<tr>\n<td style=\"text-align: center;\">2022<\/td>\n<td style=\"text-align: center;\"><a href=\"https:\/\/ssscorp.org\/pt-br\/eleicoes-da-siri-singh-sahib-corporation-2022\/\">Clique aqui para ver os resultados deste ano eleitoral<\/a><\/td>\n<\/tr>\n<tr>\n<td style=\"text-align: center;\">2022<\/td>\n<td style=\"text-align: center;\">Agendado para o Outono de 2022<\/td>\n<\/tr>\n<tr>\n<td style=\"text-align: center;\">2025<\/td>\n<td style=\"text-align: center;\">Programado para a Primavera de 2025<\/td>\n<\/tr>\n<tr>\n<td style=\"text-align: center;\">2027<\/td>\n<td style=\"text-align: center;\">Agendado para o Outono de 2027<\/td>\n<\/tr>\n<tr>\n<td style=\"text-align: center;\">2030<\/td>\n<td style=\"text-align: center;\">Programado para a Primavera de 2030<\/td>\n<\/tr>\n<tr>\n<td style=\"text-align: center;\">2032<\/td>\n<td style=\"text-align: center;\">Programado para o Outono de 2032<\/td>\n<\/tr>\n<\/tbody>\n<\/table>\n\n\t\t<\/div>\n\t\t\t\t\t<\/div>\n\n\t\n\n<\/div>\n\n\t\t<\/div>\n\n\t\t\n<style>\n#section_213255437 {\n  padding-top: 30px;\n  padding-bottom: 30px;\n}\n#section_213255437 .ux-shape-divider--top svg {\n  height: 150px;\n  --divider-top-width: 100%;\n}\n#section_213255437 .ux-shape-divider--bottom svg {\n  height: 150px;\n  --divider-width: 100%;\n}\n<\/style>\n\t<\/section>\n\t\n\n","protected":false},"excerpt":{"rendered":"","protected":false},"author":1,"featured_media":0,"parent":0,"menu_order":0,"comment_status":"closed","ping_status":"closed","template":"page-blank.php","meta":{"iawp_total_views":14,"footnotes":""},"class_list":["post-2384","page","type-page","status-publish","hentry"],"_links":{"self":[{"href":"https:\/\/ssscorp.org\/pt-br\/wp-json\/wp\/v2\/pages\/2384","targetHints":{"allow":["GET"]}}],"collection":[{"href":"https:\/\/ssscorp.org\/pt-br\/wp-json\/wp\/v2\/pages"}],"about":[{"href":"https:\/\/ssscorp.org\/pt-br\/wp-json\/wp\/v2\/types\/page"}],"author":[{"embeddable":true,"href":"https:\/\/ssscorp.org\/pt-br\/wp-json\/wp\/v2\/users\/1"}],"replies":[{"embeddable":true,"href":"https:\/\/ssscorp.org\/pt-br\/wp-json\/wp\/v2\/comments?post=2384"}],"version-history":[{"count":5,"href":"https:\/\/ssscorp.org\/pt-br\/wp-json\/wp\/v2\/pages\/2384\/revisions"}],"predecessor-version":[{"id":3918,"href":"https:\/\/ssscorp.org\/pt-br\/wp-json\/wp\/v2\/pages\/2384\/revisions\/3918"}],"wp:attachment":[{"href":"https:\/\/ssscorp.org\/pt-br\/wp-json\/wp\/v2\/media?parent=2384"}],"curies":[{"name":"wp","href":"https:\/\/api.w.org\/{rel}","templated":true}]}}