{"id":2364,"date":"2022-09-02T15:22:31","date_gmt":"2022-09-02T15:22:31","guid":{"rendered":"https:\/\/ssscorp.org\/servir-em-um-conselho-subsidiario\/sikh-dharma-international-sdi-conselho\/"},"modified":"2025-12-16T17:35:55","modified_gmt":"2025-12-16T17:35:55","slug":"sikh-dharma-international-sdi-conselho","status":"publish","type":"page","link":"https:\/\/ssscorp.org\/pt-br\/a-quem-servimos\/servir-em-um-conselho-subsidiario\/sikh-dharma-international-sdi-conselho\/","title":{"rendered":"Sikh Dharma International (SDI) Conselho"},"content":{"rendered":"\n\n  <div class=\"banner has-hover has-parallax\" id=\"banner-1737195405\">\n          <div class=\"banner-inner fill\">\n        <div class=\"banner-bg fill\" data-parallax=\"-3\" data-parallax-container=\".banner\" data-parallax-background>\n            <div class=\"bg fill bg-fill \"><\/div>\n                        <div class=\"overlay\"><\/div>            \n                    <\/div>\n\t\t\n        <div class=\"banner-layers container\">\n            <div class=\"fill banner-link\"><\/div>            \n\n   <div id=\"text-box-2070448533\" class=\"text-box banner-layer x50 md-x50 lg-x50 y50 md-y50 lg-y50 res-text\">\n                                <div class=\"text-box-content text dark\">\n              \n              <div class=\"text-inner text-center\">\n                  \n\n<h3 class=\"uppercase\"><strong>Sikh Dharma International (SDI) Conselho<\/strong><\/h3>\n<p>A SDI est\u00e1 procurando novos membros para o conselho para ajudar a cumprir sua miss\u00e3o. A miss\u00e3o do Sikh Dharma International \u00e9 manter o padr\u00e3o e a gra\u00e7a do Siri Guru Granth Sahib e servir para elevar a humanidade atrav\u00e9s da tecnologia sagrada do Shabad Guru. Nossa vis\u00e3o \u00e9 elevar o esp\u00edrito da humanidade. Nossos objetivos s\u00e3o servir nossas comunidades globais por meio de educa\u00e7\u00e3o, apoio comunit\u00e1rio, lideran\u00e7a, comunica\u00e7\u00e3o e inspira\u00e7\u00e3o. Acreditamos na universalidade de Deus em tudo. N\u00f3s da SDI apoiamos a igualdade, dignidade, divindade e gra\u00e7a de todos os seres humanos. \u00c9 com a maior gratid\u00e3o a Deus e ao Guru que o pessoal, os oficiais e o conselho de administra\u00e7\u00e3o t\u00eam o privil\u00e9gio de servir a miss\u00e3o do Sikh Dharma ao servi\u00e7o das gera\u00e7\u00f5es futuras.<\/p>\n\n              <\/div>\n           <\/div>\n                            \n<style>\n#text-box-2070448533 {\n  width: 100%;\n}\n#text-box-2070448533 .text-box-content {\n  font-size: 100%;\n}\n<\/style>\n    <\/div>\n \n\n        <\/div>\n      <\/div>\n\n            \n<style>\n#banner-1737195405 {\n  padding-top: 400px;\n}\n#banner-1737195405 .bg.bg-loaded {\n  background-image: url(https:\/\/ssscorp.org\/wp-content\/uploads\/2022\/09\/Untitled-design-3-scaled-1.jpeg);\n}\n#banner-1737195405 .overlay {\n  background-color: rgba(17, 33, 82, 0.855);\n}\n#banner-1737195405 .ux-shape-divider--top svg {\n  height: 150px;\n  --divider-top-width: 100%;\n}\n#banner-1737195405 .ux-shape-divider--bottom svg {\n  height: 150px;\n  --divider-width: 100%;\n}\n<\/style>\n  <\/div>\n\n\n\t<section class=\"section\" id=\"section_1433683870\">\n\t\t<div class=\"bg section-bg fill bg-fill  bg-loaded\" >\n\n\t\t\t\n\t\t\t\n\t\t\t\n\n\t\t<\/div>\n\n\t\t\n\n\t\t<div class=\"section-content relative\">\n\t\t\t\n\n<div class=\"row\"  id=\"row-2089412035\">\n\n\n\t<div id=\"col-199070010\" class=\"col small-12 large-12\"  >\n\t\t\t\t<div class=\"col-inner\"  >\n\t\t\t\n\t\t\t\n\n<div class=\"row\"  id=\"row-912673563\">\n\n\n\t<div id=\"col-1470654325\" class=\"col small-12 large-12\"  >\n\t\t\t\t<div class=\"col-inner text-center\"  >\n\t\t\t\n\t\t\t\n\n\t<div class=\"img has-hover x md-x lg-x y md-y lg-y\" id=\"image_2141937297\">\n\t\t\t\t\t\t\t\t<div class=\"img-inner dark\" >\n\t\t\t<img fetchpriority=\"high\" decoding=\"async\" width=\"1020\" height=\"510\" src=\"https:\/\/ssscorp.org\/wp-content\/uploads\/2022\/10\/sikh-dharma-1024x512.jpg\" class=\"attachment-large size-large\" alt=\"\" srcset=\"https:\/\/ssscorp.org\/wp-content\/uploads\/2022\/10\/sikh-dharma-1024x512.jpg 1024w, https:\/\/ssscorp.org\/wp-content\/uploads\/2022\/10\/sikh-dharma-300x150.jpg 300w, https:\/\/ssscorp.org\/wp-content\/uploads\/2022\/10\/sikh-dharma-768x384.jpg 768w, https:\/\/ssscorp.org\/wp-content\/uploads\/2022\/10\/sikh-dharma.jpg 1100w\" sizes=\"(max-width: 1020px) 100vw, 1020px\" \/>\t\t\t\t\t\t\n\t\t\t\t\t<\/div>\n\t\t\t\t\t\t\t\t\n<style>\n#image_2141937297 {\n  width: 48%;\n}\n<\/style>\n\t<\/div>\n\t\n\n\n\t\t<\/div>\n\t\t\t\t\t<\/div>\n\n\t\n\n\t<div id=\"col-1106061189\" class=\"col small-12 large-12\"  >\n\t\t\t\t<div class=\"col-inner\"  >\n\t\t\t\n\t\t\t\n\n<p><strong>Para servir como membro do Conselho de Administra\u00e7\u00e3o, deve cumprir os seguintes requisitos de elegibilidade<\/strong><\/p>\n<ul>\n<li>Apoiar os valores e a miss\u00e3o da Corpora\u00e7\u00e3o<\/li>\n<li>Seja um doador regular de Dasvandh ou torne-se um doador de Dasvandh, ou tenha tido um relacionamento demonstr\u00e1vel (por exemplo, um sevadar regular) com qualquer uma das organiza\u00e7\u00f5es ou comunidades Sikh Dharma\/3HO afiliadas por pelo menos dois anos imediatamente anteriores \u00e0 sua indica\u00e7\u00e3o<\/li>\n<li>Seja um ministro da Sikh Dharma International ou se tornar\u00e1 um ministro da Sikh Dharma International ao se tornar um membro do conselho<\/li>\n<li>Ser de bom car\u00e1ter com altos padr\u00f5es \u00e9ticos<\/li>\n<li>N\u00e3o estar relacionado por sangue ou casamento (incluindo parentesco) ou em parceria dom\u00e9stica com outro Diretor; e<\/li>\n<li>N\u00e3o ser funcion\u00e1rio da Corpora\u00e7\u00e3o\u200b\u200b\u200b<\/li>\n<\/ul>\n\n\t\t<\/div>\n\t\t\t\t\t<\/div>\n\n\t\n\n\t<div id=\"col-83409619\" class=\"col small-12 large-12\"  >\n\t\t\t\t<div class=\"col-inner\"  >\n\t\t\t\n\t\t\t\n\n<h2 id=\"657329065555764734\" class=\"element wsite-content-title editable-text cke_editable cke_editable_inline cke_contents_ltr cke_focus cke_show_borders\" tabindex=\"0\" role=\"textbox\" contenteditable=\"true\" spellcheck=\"true\" aria-label=\"false\">Cronograma para o processo de nomea\u00e7\u00e3o:<\/h2>\n<p><strong>1. <\/strong><strong>Janela de inscri\u00e7\u00e3o de<\/strong><strong> <b>1\u00ba de dezembro a 21 de dezembro de 2025 <\/b> <\/strong><br>Os candidatos podem enviar suas inscri\u00e7\u00f5es on-line para serem considerados para fazer parte do conselho.<\/p>\n<p><strong>2. <b>22 de dezembro de 2025 &#8211; 15 de janeiro de 2026<\/b> Processo de entrevista<\/strong><br>As entrevistas ser\u00e3o conduzidas por uma equipe de entrevistadores.  <\/p>\n<p>3. <b>16 de janeiro &#8211; 31 de janeiro de 2025 Processo de an\u00e1lise e recomenda\u00e7\u00e3o <\/b>A Comiss\u00e3o de Entrevistas e a Comiss\u00e3o de Governan\u00e7a analisam e examinam os candidatos e fazem recomenda\u00e7\u00f5es \u00e0 Diretoria da SSSC<\/p>\n<p><strong>3. <b>1\u00ba de fevereiro a 15 de fevereiro de 2026: Aprova\u00e7\u00e3o final da diretoria da SSSC<\/b><\/strong><br>Os candidatos recomendados ser\u00e3o enviados \u00e0 SSSC para avalia\u00e7\u00e3o e aprova\u00e7\u00e3o final.<\/p>\n<p><strong>4. <b>15 de fevereiro de 2026: In\u00edcio do processo de notifica\u00e7\u00e3o e integra\u00e7\u00e3o<\/b><\/strong><br>As diretorias e os candidatos ser\u00e3o notificados sobre os novos membros da diretoria.  <\/p>\n<p> <\/p>\n<p><em>*As datas podem mudar devido a circunst\u00e2ncias imprevistas<\/em><\/p>\n\n\t\t<\/div>\n\t\t\t\t\t<\/div>\n\n\t\n\n<\/div>\n<div class=\"row align-middle align-center\"  id=\"row-1795788452\">\n\n\n\t<div id=\"col-1164225002\" class=\"col medium-6 small-12 large-6\"  >\n\t\t\t\t<div class=\"col-inner text-center\"  >\n\t\t\t\n\t\t\t\n\n\t<div class=\"img has-hover x md-x lg-x y md-y lg-y\" id=\"image_1750173896\">\n\t\t\t\t\t\t\t\t<div class=\"img-inner dark\" >\n\t\t\t<img decoding=\"async\" width=\"1020\" height=\"1020\" src=\"https:\/\/ssscorp.org\/wp-content\/uploads\/2022\/10\/4_orig-1024x1024.png\" class=\"attachment-large size-large\" alt=\"\" srcset=\"https:\/\/ssscorp.org\/wp-content\/uploads\/2022\/10\/4_orig-1024x1024.png 1024w, https:\/\/ssscorp.org\/wp-content\/uploads\/2022\/10\/4_orig-300x300.png 300w, https:\/\/ssscorp.org\/wp-content\/uploads\/2022\/10\/4_orig-150x150.png 150w, https:\/\/ssscorp.org\/wp-content\/uploads\/2022\/10\/4_orig-768x768.png 768w, https:\/\/ssscorp.org\/wp-content\/uploads\/2022\/10\/4_orig.png 1080w\" sizes=\"(max-width: 1020px) 100vw, 1020px\" \/>\t\t\t\t\t\t\n\t\t\t\t\t<\/div>\n\t\t\t\t\t\t\t\t\n<style>\n#image_1750173896 {\n  width: 30%;\n}\n<\/style>\n\t<\/div>\n\t\n\n<a href=\"https:\/\/ssscorp.org\/wp-content\/uploads\/2025\/12\/SDI-Board-Member-Job-Description-rev.-12.16.25.pdf\" target=\"_self\" class=\"button primary is-outline reveal-icon\"  >\n    <span>LEIA AQUI A DESCRI\u00c7\u00c3O COMPLETA DAS FUN\u00c7\u00d5ES<\/span>\n  <i class=\"icon-angle-right\" ><\/i><\/a>\n\n\n\n\t\t<\/div>\n\t\t\t\t\t<\/div>\n\n\t\n\n\t<div id=\"col-834611177\" class=\"col medium-6 small-12 large-6\"  >\n\t\t\t\t<div class=\"col-inner text-center\"  >\n\t\t\t\n\t\t\t\n\n\t<div class=\"img has-hover x md-x lg-x y md-y lg-y\" id=\"image_568134217\">\n\t\t\t\t\t\t\t\t<div class=\"img-inner dark\" >\n\t\t\t<img decoding=\"async\" width=\"1020\" height=\"1020\" src=\"https:\/\/ssscorp.org\/wp-content\/uploads\/2022\/10\/5_orig-1024x1024.png\" class=\"attachment-large size-large\" alt=\"\" srcset=\"https:\/\/ssscorp.org\/wp-content\/uploads\/2022\/10\/5_orig-1024x1024.png 1024w, https:\/\/ssscorp.org\/wp-content\/uploads\/2022\/10\/5_orig-300x300.png 300w, https:\/\/ssscorp.org\/wp-content\/uploads\/2022\/10\/5_orig-150x150.png 150w, https:\/\/ssscorp.org\/wp-content\/uploads\/2022\/10\/5_orig-768x768.png 768w, https:\/\/ssscorp.org\/wp-content\/uploads\/2022\/10\/5_orig.png 1080w\" sizes=\"(max-width: 1020px) 100vw, 1020px\" \/>\t\t\t\t\t\t\n\t\t\t\t\t<\/div>\n\t\t\t\t\t\t\t\t\n<style>\n#image_568134217 {\n  width: 30%;\n}\n<\/style>\n\t<\/div>\n\t\n\n<a rel=\"noopener noreferrer\" href=\"https:\/\/www.surveymonkey.com\/r\/72MT8RC\" target=\"_blank\" class=\"button primary is-outline reveal-icon\"  >\n    <span>APLIQUE AQUI<\/span>\n  <i class=\"icon-angle-right\" ><\/i><\/a>\n\n\n\n\t\t<\/div>\n\t\t\t\t\t<\/div>\n\n\t\n\n<\/div>\n<p style=\"text-align: center;\"><strong><em>Por favor, leia a descri\u00e7\u00e3o do cargo de Membro do Conselho da SDI na \u00edntegra antes de preencher a inscri\u00e7\u00e3o.<\/em><\/strong><\/p>\n\n\t\t<\/div>\n\t\t\t\t\t<\/div>\n\n\t\n\n<\/div>\n\n\t\t<\/div>\n\n\t\t\n<style>\n#section_1433683870 {\n  padding-top: 30px;\n  padding-bottom: 30px;\n}\n#section_1433683870 .ux-shape-divider--top svg {\n  height: 150px;\n  --divider-top-width: 100%;\n}\n#section_1433683870 .ux-shape-divider--bottom svg {\n  height: 150px;\n  --divider-width: 100%;\n}\n<\/style>\n\t<\/section>\n\t\n\n","protected":false},"excerpt":{"rendered":"","protected":false},"author":1,"featured_media":0,"parent":2342,"menu_order":0,"comment_status":"closed","ping_status":"closed","template":"page-blank.php","meta":{"iawp_total_views":1,"footnotes":""},"class_list":["post-2364","page","type-page","status-publish","hentry"],"_links":{"self":[{"href":"https:\/\/ssscorp.org\/pt-br\/wp-json\/wp\/v2\/pages\/2364","targetHints":{"allow":["GET"]}}],"collection":[{"href":"https:\/\/ssscorp.org\/pt-br\/wp-json\/wp\/v2\/pages"}],"about":[{"href":"https:\/\/ssscorp.org\/pt-br\/wp-json\/wp\/v2\/types\/page"}],"author":[{"embeddable":true,"href":"https:\/\/ssscorp.org\/pt-br\/wp-json\/wp\/v2\/users\/1"}],"replies":[{"embeddable":true,"href":"https:\/\/ssscorp.org\/pt-br\/wp-json\/wp\/v2\/comments?post=2364"}],"version-history":[{"count":15,"href":"https:\/\/ssscorp.org\/pt-br\/wp-json\/wp\/v2\/pages\/2364\/revisions"}],"predecessor-version":[{"id":16613,"href":"https:\/\/ssscorp.org\/pt-br\/wp-json\/wp\/v2\/pages\/2364\/revisions\/16613"}],"up":[{"embeddable":true,"href":"https:\/\/ssscorp.org\/pt-br\/wp-json\/wp\/v2\/pages\/2342"}],"wp:attachment":[{"href":"https:\/\/ssscorp.org\/pt-br\/wp-json\/wp\/v2\/media?parent=2364"}],"curies":[{"name":"wp","href":"https:\/\/api.w.org\/{rel}","templated":true}]}}