{"id":2248,"date":"2022-09-02T15:20:16","date_gmt":"2022-09-02T15:20:16","guid":{"rendered":"https:\/\/ssscorp.org\/reunioes-ordinarias-e-especiais-de-2020\/"},"modified":"2022-10-20T15:21:31","modified_gmt":"2022-10-20T15:21:31","slug":"reunioes-ordinarias-e-especiais-de-2020","status":"publish","type":"page","link":"https:\/\/ssscorp.org\/pt-br\/reunioes-ordinarias-e-especiais-de-2020\/","title":{"rendered":"Reuni\u00f5es Ordin\u00e1rias e Especiais de 2020"},"content":{"rendered":"\n\n  <div class=\"banner has-hover has-parallax\" id=\"banner-2074192030\">\n          <div class=\"banner-inner fill\">\n        <div class=\"banner-bg fill\" data-parallax=\"-3\" data-parallax-container=\".banner\" data-parallax-background>\n            <div class=\"bg fill bg-fill \"><\/div>\n                        <div class=\"overlay\"><\/div>            \n                    <\/div>\n\t\t\n        <div class=\"banner-layers container\">\n            <div class=\"fill banner-link\"><\/div>            \n\n   <div id=\"text-box-1038068192\" class=\"text-box banner-layer x50 md-x50 lg-x50 y50 md-y50 lg-y50 res-text\">\n                                <div class=\"text-box-content text dark\">\n              \n              <div class=\"text-inner text-center\">\n                  \n\n<h3 class=\"uppercase\"><strong>Reuni\u00f5es Regulares e Especiais de 2020<\/strong><\/h3>\n<p>Clique na data de cada Reuni\u00e3o Ordin\u00e1ria para ver a agenda dessa reuni\u00e3o.<\/p>\n\n              <\/div>\n           <\/div>\n                            \n<style>\n#text-box-1038068192 {\n  width: 98%;\n}\n#text-box-1038068192 .text-box-content {\n  font-size: 100%;\n}\n<\/style>\n    <\/div>\n \n\n        <\/div>\n      <\/div>\n\n            \n<style>\n#banner-2074192030 {\n  padding-top: 300px;\n}\n#banner-2074192030 .bg.bg-loaded {\n  background-image: url(https:\/\/ssscorp.org\/wp-content\/uploads\/2022\/09\/Untitled-design-3-scaled-1.jpeg);\n}\n#banner-2074192030 .overlay {\n  background-color: rgba(17, 33, 82, 0.855);\n}\n#banner-2074192030 .ux-shape-divider--top svg {\n  height: 150px;\n  --divider-top-width: 100%;\n}\n#banner-2074192030 .ux-shape-divider--bottom svg {\n  height: 150px;\n  --divider-width: 100%;\n}\n<\/style>\n  <\/div>\n\n\n\t<section class=\"section\" id=\"section_970024892\">\n\t\t<div class=\"bg section-bg fill bg-fill  bg-loaded\" >\n\n\t\t\t\n\t\t\t\n\t\t\t\n\n\t\t<\/div>\n\n\t\t\n\n\t\t<div class=\"section-content relative\">\n\t\t\t\n\n<div class=\"row\"  id=\"row-426279725\">\n\n\n\t<div id=\"col-1966535121\" class=\"col medium-6 small-12 large-6\"  >\n\t\t\t\t<div class=\"col-inner\"  >\n\t\t\t\n\t\t\t\n\n<div class=\"container section-title-container\" ><h3 class=\"section-title section-title-normal\"><b><\/b><span class=\"section-title-main\" >Agendas das Reuni\u00f5es Ordin\u00e1rias de 2020<\/span><b><\/b><\/h3><\/div>\n\n<ul>\n<li>8 de Janeiro de 2020 &#8211; Reuni\u00e3o Regular da SSSC<\/li>\n<li>12 de fevereiro de 2020 &#8211; Reuni\u00e3o Ordin\u00e1ria do SSSC<\/li>\n<li>1\u00ba de abril de 2020 &#8211; Reuni\u00e3o Ordin\u00e1ria do SSSC<\/li>\n<li>18 de junho de 2020 &#8211; Reuni\u00e3o Ordin\u00e1ria do SSSC<\/li>\n<li>2 de setembro de 2020 &#8211; Reuni\u00e3o Ordin\u00e1ria do SSSC<\/li>\n<li>9 de setembro de 2020 &#8211; Reuni\u00e3o Ordin\u00e1ria do SSSC<\/li>\n<li>16 de setembro de 2020 &#8211; Reuni\u00e3o Ordin\u00e1ria do SSSC<\/li>\n<li>27 de setembro de 2020 &#8211; Reuni\u00e3o Ordin\u00e1ria do SSSC<\/li>\n<li>21 de outubro de 2020 &#8211; Reuni\u00e3o Ordin\u00e1ria do SSSC<\/li>\n<li>28 de outubro de 2020 &#8211; Reuni\u00e3o Ordin\u00e1ria do SSSC<\/li>\n<li>4 de novembro de 2020 &#8211; Reuni\u00e3o Ordin\u00e1ria do SSSC<\/li>\n<li>2 de dezembro de 2020 &#8211; Reuni\u00e3o Ordin\u00e1ria do SSSC<\/li>\n<li>16 de dezembro de 2020 &#8211; Reuni\u00e3o Ordin\u00e1ria do SSSC<\/li>\n<li>30 de dezembro de 2020 &#8211; Reuni\u00e3o Ordin\u00e1ria do SSSC\u200b\u200b<\/li>\n<\/ul>\n\n\t\t<\/div>\n\t\t\t\t\t<\/div>\n\n\t\n\n\t<div id=\"col-41970665\" class=\"col medium-6 small-12 large-6\"  >\n\t\t\t\t<div class=\"col-inner\"  >\n\t\t\t\n\t\t\t\n\n<div class=\"container section-title-container\" ><h3 class=\"section-title section-title-normal\"><b><\/b><span class=\"section-title-main\" >Reuni\u00f5es Especiais de 2020<\/span><b><\/b><\/h3><\/div>\n\n<ul>\n<li>8 de janeiro de 2020 &#8211; Reuni\u00e3o Especial do SSSC<\/li>\n<li>18 de janeiro de 2020 &#8211; Reuni\u00e3o Especial do SSSC<\/li>\n<li>19 de janeiro de 2020 &#8211; Reuni\u00e3o Especial do SSSC<\/li>\n<li>20 de janeiro de 2020 &#8211; Reuni\u00e3o Especial do SSSC<\/li>\n<li>22 de janeiro de 2020 &#8211; Reuni\u00e3o Especial do SSSC<\/li>\n<li>5 de fevereiro de 2020 &#8211; Reuni\u00e3o Especial do SSSC<\/li>\n<li>19 de fevereiro de 2020 &#8211; Reuni\u00e3o Especial do SSSC<\/li>\n<li>26 e 27 de fevereiro de 2020 &#8211; Reuni\u00e3o Especial do SSSC<\/li>\n<li>5 de mar\u00e7o de 2020 &#8211; Reuni\u00e3o Especial do SSSC<\/li>\n<li>11 de mar\u00e7o de 2020 &#8211; Reuni\u00e3o Especial do SSSC<\/li>\n<li>12 de mar\u00e7o de 2020 &#8211; Reuni\u00e3o Especial do SSSC<\/li>\n<li>18 de mar\u00e7o de 2020 &#8211; Reuni\u00e3o Especial do SSSC<\/li>\n<li>19 de mar\u00e7o de 2020 &#8211; Reuni\u00e3o Especial do SSSC<\/li>\n<li>25 de mar\u00e7o de 2020 &#8211; Reuni\u00e3o Especial do SSSC<\/li>\n<li>1\u00ba de abril de 2020 &#8211; Reuni\u00e3o Especial do SSSC<\/li>\n<li>8 e 9 de abril de 2020 &#8211; Reuni\u00e3o Especial do SSSC<\/li>\n<li>15 de abril de 2020 &#8211; Reuni\u00e3o Especial do SSSC<\/li>\n<li>22 de abril de 2020 &#8211; Reuni\u00e3o Especial do SSSC<\/li>\n<li>26 de abril de 2020 &#8211; Reuni\u00e3o Especial do SSSC<\/li>\n<li>27 de abril de 2020 &#8211; Reuni\u00e3o Especial do SSSC<\/li>\n<li>29 de abril de 2020 &#8211; Reuni\u00e3o Especial do SSSC<\/li>\n<li>6 de maio de 2020 &#8211; Reuni\u00e3o Especial do SSSC<\/li>\n<li>13 de maio de 2020 &#8211; Reuni\u00e3o Especial do SSSC<\/li>\n<li>20 de maio de 2020 &#8211; Reuni\u00e3o Especial do SSSC<\/li>\n<li>27 e 28 de maio de 2020 &#8211; Reuni\u00e3o Especial do SSSC<\/li>\n<li>3 e 4 de junho de 2020 &#8211; Reuni\u00e3o Especial do SSSC<\/li>\n<li>10 e 11 de junho de 2020 &#8211; Reuni\u00e3o Especial do SSSC<\/li>\n<li>17 e 18 de junho de 2020 &#8211; Reuni\u00e3o Especial do SSSC<\/li>\n<li>24 de junho de 2020 &#8211; Reuni\u00e3o Especial do SSSC<\/li>\n<li>1 e 2 de julho de 2020 &#8211; Reuni\u00e3o Especial do SSSC<\/li>\n<li>8 e 9 de julho de 2020 &#8211; Reuni\u00e3o Especial do SSSC<\/li>\n<li>15 e 16 de julho de 2020 &#8211; Reuni\u00e3o Especial do SSSC<\/li>\n<li>22 e 23 de julho de 2020 &#8211; Reuni\u00e3o Especial do SSSC<\/li>\n<li>28, 29 e 30 de julho de 2020 &#8211; Reuni\u00e3o Especial do SSSC<\/li>\n<li>2 de agosto de 2020 &#8211; Reuni\u00e3o Especial do SSSC<\/li>\n<li>5 e 6 de agosto de 2020 &#8211; Reuni\u00e3o Especial do SSSC<\/li>\n<li>8, 9, 10, 11, 12 e 13 de agosto de 2020 &#8211; Reuni\u00e3o Especial do SSSC<\/li>\n<li>19 de agosto de 2020 &#8211; Reuni\u00e3o Especial do SSSC<\/li>\n<li>26 de agosto de 2020 &#8211; Reuni\u00e3o Especial do SSSC<\/li>\n<li>2 de setembro de 2020 &#8211; Reuni\u00e3o Especial do SSSC<\/li>\n<li>9 de setembro de 2020 &#8211; Reuni\u00e3o Especial do SSSC<\/li>\n<li>16 de setembro de 2020 &#8211; Reuni\u00e3o Especial do SSSC<\/li>\n<li>23 de setembro de 2020 &#8211; Reuni\u00e3o Especial do SSSC<\/li>\n<li>27 e 28 de setembro de 2020 &#8211; Reuni\u00e3o Especial do SSSC<\/li>\n<li>30 de setembro de 2020 &#8211; Reuni\u00e3o Especial do SSSC<\/li>\n<li>14 de outubro de 2020 &#8211; Reuni\u00e3o Especial do SSSC<\/li>\n<li>21 de outubro de 2020 &#8211; Reuni\u00e3o Especial do SSSC<\/li>\n<li>11 e 12 de novembro de 2020 &#8211; Reuni\u00e3o Especial do SSSC<\/li>\n<li>18 de novembro de 2020 &#8211; Reuni\u00e3o Especial do SSSC<\/li>\n<li>2 de dezembro de 2020 &#8211; Reuni\u00e3o Especial do SSSC<\/li>\n<li>9 de dezembro de 2020 &#8211; Reuni\u00e3o Especial do SSSC<\/li>\n<li>16 de dezembro de 2020 &#8211; Reuni\u00e3o Especial do SSSC<\/li>\n<li>23 de dezembro de 2020 &#8211; Reuni\u00e3o Especial do SSSC<\/li>\n<li>30 de dezembro de 2020 &#8211; Reuni\u00e3o Especial do SSSC<\/li>\n<\/ul>\n\n\t\t<\/div>\n\t\t\t\t\t<\/div>\n\n\t\n\n<\/div>\n\n\t\t<\/div>\n\n\t\t\n<style>\n#section_970024892 {\n  padding-top: 30px;\n  padding-bottom: 30px;\n}\n#section_970024892 .ux-shape-divider--top svg {\n  height: 150px;\n  --divider-top-width: 100%;\n}\n#section_970024892 .ux-shape-divider--bottom svg {\n  height: 150px;\n  --divider-width: 100%;\n}\n<\/style>\n\t<\/section>\n\t\n\n","protected":false},"excerpt":{"rendered":"","protected":false},"author":1,"featured_media":0,"parent":0,"menu_order":0,"comment_status":"closed","ping_status":"closed","template":"page-blank.php","meta":{"iawp_total_views":2,"footnotes":""},"class_list":["post-2248","page","type-page","status-publish","hentry"],"_links":{"self":[{"href":"https:\/\/ssscorp.org\/pt-br\/wp-json\/wp\/v2\/pages\/2248","targetHints":{"allow":["GET"]}}],"collection":[{"href":"https:\/\/ssscorp.org\/pt-br\/wp-json\/wp\/v2\/pages"}],"about":[{"href":"https:\/\/ssscorp.org\/pt-br\/wp-json\/wp\/v2\/types\/page"}],"author":[{"embeddable":true,"href":"https:\/\/ssscorp.org\/pt-br\/wp-json\/wp\/v2\/users\/1"}],"replies":[{"embeddable":true,"href":"https:\/\/ssscorp.org\/pt-br\/wp-json\/wp\/v2\/comments?post=2248"}],"version-history":[{"count":3,"href":"https:\/\/ssscorp.org\/pt-br\/wp-json\/wp\/v2\/pages\/2248\/revisions"}],"predecessor-version":[{"id":2294,"href":"https:\/\/ssscorp.org\/pt-br\/wp-json\/wp\/v2\/pages\/2248\/revisions\/2294"}],"wp:attachment":[{"href":"https:\/\/ssscorp.org\/pt-br\/wp-json\/wp\/v2\/media?parent=2248"}],"curies":[{"name":"wp","href":"https:\/\/api.w.org\/{rel}","templated":true}]}}