{"id":2218,"date":"2022-09-02T15:20:11","date_gmt":"2022-09-02T15:20:11","guid":{"rendered":"https:\/\/ssscorp.org\/reunioes-ordinarias-e-especiais-de-2018\/"},"modified":"2022-10-20T15:20:46","modified_gmt":"2022-10-20T15:20:46","slug":"reunioes-ordinarias-e-especiais-de-2018","status":"publish","type":"page","link":"https:\/\/ssscorp.org\/pt-br\/reunioes-ordinarias-e-especiais-de-2018\/","title":{"rendered":"Reuni\u00f5es Ordin\u00e1rias e Especiais de 2018"},"content":{"rendered":"\n\n  <div class=\"banner has-hover has-parallax\" id=\"banner-600235840\">\n          <div class=\"banner-inner fill\">\n        <div class=\"banner-bg fill\" data-parallax=\"-3\" data-parallax-container=\".banner\" data-parallax-background>\n            <div class=\"bg fill bg-fill \"><\/div>\n                        <div class=\"overlay\"><\/div>            \n                    <\/div>\n\t\t\n        <div class=\"banner-layers container\">\n            <div class=\"fill banner-link\"><\/div>            \n\n   <div id=\"text-box-1342830837\" class=\"text-box banner-layer x50 md-x50 lg-x50 y50 md-y50 lg-y50 res-text\">\n                                <div class=\"text-box-content text dark\">\n              \n              <div class=\"text-inner text-center\">\n                  \n\n<h3 class=\"uppercase\"><strong>2018 Reuni\u00f5es regulares e especiais<\/strong><\/h3>\n<p>Clique na data de cada Reuni\u00e3o Ordin\u00e1ria para ver a agenda dessa reuni\u00e3o.&nbsp;<\/p>\n\n\n              <\/div>\n           <\/div>\n                            \n<style>\n#text-box-1342830837 {\n  width: 98%;\n}\n#text-box-1342830837 .text-box-content {\n  font-size: 100%;\n}\n<\/style>\n    <\/div>\n \n\n        <\/div>\n      <\/div>\n\n            \n<style>\n#banner-600235840 {\n  padding-top: 300px;\n}\n#banner-600235840 .bg.bg-loaded {\n  background-image: url(https:\/\/ssscorp.org\/wp-content\/uploads\/2022\/09\/Untitled-design-3-scaled-1.jpeg);\n}\n#banner-600235840 .overlay {\n  background-color: rgba(17, 33, 82, 0.855);\n}\n#banner-600235840 .ux-shape-divider--top svg {\n  height: 150px;\n  --divider-top-width: 100%;\n}\n#banner-600235840 .ux-shape-divider--bottom svg {\n  height: 150px;\n  --divider-width: 100%;\n}\n<\/style>\n  <\/div>\n\n\n\t<section class=\"section\" id=\"section_498559254\">\n\t\t<div class=\"bg section-bg fill bg-fill  bg-loaded\" >\n\n\t\t\t\n\t\t\t\n\t\t\t\n\n\t\t<\/div>\n\n\t\t\n\n\t\t<div class=\"section-content relative\">\n\t\t\t\n\n<div class=\"row\"  id=\"row-1971093179\">\n\n\n\t<div id=\"col-1432397930\" class=\"col medium-6 small-12 large-6\"  >\n\t\t\t\t<div class=\"col-inner\"  >\n\t\t\t\n\t\t\t\n\n<div class=\"container section-title-container\" ><h3 class=\"section-title section-title-normal\"><b><\/b><span class=\"section-title-main\" >Agendas das Reuni\u00f5es Ordin\u00e1rias de 2018<\/span><b><\/b><\/h3><\/div>\n\n<ul>\n<li>3 de janeiro de 2018 Reuni\u00e3o Ordin\u00e1ria<\/li>\n<li>13 de janeiro &#8211; Reuni\u00e3o Ordin\u00e1ria F2F<\/li>\n<li>6 de fevereiro de 2018 &#8211; Reuni\u00e3o Ordin\u00e1ria<\/li>\n<li>6 de mar\u00e7o de 2018 &#8211; Reuni\u00e3o Ordin\u00e1ria<\/li>\n<li>21 de mar\u00e7o de 2018 &#8211; Reuni\u00e3o Ordin\u00e1ria<\/li>\n<li>27 de mar\u00e7o de 2018 &#8211; Reuni\u00e3o Ordin\u00e1ria<\/li>\n<li>4 de abril de 2018 &#8211; Reuni\u00e3o Ordin\u00e1ria<\/li>\n<li>29 de abril de 2018 &#8211; Reuni\u00e3o ordin\u00e1ria<\/li>\n<li>30 de abril de 2018 &#8211; Reuni\u00e3o Ordin\u00e1ria<\/li>\n<li>10 de julho de 2018 &#8211; Reuni\u00e3o Ordin\u00e1ria<\/li>\n<li>29 de agosto de 2018 &#8211; Reuni\u00e3o Ordin\u00e1ria<\/li>\n<li>30 de setembro de 2018 &#8211; Reuni\u00e3o Ordin\u00e1ria<\/li>\n<li>1\u00ba de outubro de 2018 &#8211; Reuni\u00e3o Ordin\u00e1ria<\/li>\n<li>14 de novembro de 2018 &#8211; Agenda da Reuni\u00e3o Ordin\u00e1ria do SSSC<\/li>\n<li>20 de novembro de 2018 &#8211; Agenda da Reuni\u00e3o Ordin\u00e1ria do SSSC<\/li>\n<li>28 de novembro de 2018 &#8211; Agenda da Reuni\u00e3o Ordin\u00e1ria do SSSC<\/li>\n<li>5 de dezembro de 2018 &#8211; Agenda da Reuni\u00e3o Ordin\u00e1ria do SSSC<\/li>\n<\/ul>\n\n\t\t<\/div>\n\t\t\t\t\t<\/div>\n\n\t\n\n\t<div id=\"col-1256309558\" class=\"col medium-6 small-12 large-6\"  >\n\t\t\t\t<div class=\"col-inner\"  >\n\t\t\t\n\t\t\t\n\n<div class=\"container section-title-container\" ><h3 class=\"section-title section-title-normal\"><b><\/b><span class=\"section-title-main\" >2018 Reuni\u00f5es Especiais<\/span><b><\/b><\/h3><\/div>\n\n<ul>\n<li>10 de janeiro de 2018 &#8211; Reuni\u00e3o Especial<\/li>\n<li>13 de janeiro de 2018 &#8211; Reuni\u00e3o Especial F2F<\/li>\n<li>14 de janeiro de 2018 &#8211; Reuni\u00e3o Especial F2F<\/li>\n<li>15 de janeiro de 2018 &#8211; Reuni\u00e3o Especial F2F<\/li>\n<li>21 de fevereiro de 2018 &#8211; Reuni\u00e3o Extraordin\u00e1ria<\/li>\n<li>28 de Fevereiro de 2018 &#8211; Reuni\u00e3o Especial<\/li>\n<li>29 de abril de 2018 &#8211; Reuni\u00e3o Especial<\/li>\n<li>30 de abril de 2018 &#8211; Reuni\u00e3o Especial<\/li>\n<li>23 de maio de 2018 &#8211; Reuni\u00e3o Especial<\/li>\n<li>29 de maio de 2018 &#8211; Reuni\u00e3o Especial<\/li>\n<li>6 de junho de 2018 &#8211; Reuni\u00e3o Especial<\/li>\n<li>25 de julho de 2018 &#8211; Reuni\u00e3o Especial<\/li>\n<li>1\u00ba de agosto de 2018 &#8211; Reuni\u00e3o Especial<\/li>\n<li>2 de agosto de 2018 &#8211; Reuni\u00e3o Especial<\/li>\n<li>29 de agosto de 2018 &#8211; Reuni\u00e3o Especial<\/li>\n<li>19 de setembro de 2018 &#8211; Reuni\u00e3o Especial<\/li>\n<li>10 de outubro de 2018 &#8211; Reuni\u00e3o Especial<\/li>\n<li>24 de outubro de 2018 &#8211; Reuni\u00e3o Especial<\/li>\n<li>7 de novembro de 2018<\/li>\n<li>12 de dezembro de 2018 &#8211; Reuni\u00e3o Especial<\/li>\n<\/ul>\n\n\t\t<\/div>\n\t\t\t\t\t<\/div>\n\n\t\n\n<\/div>\n\n\t\t<\/div>\n\n\t\t\n<style>\n#section_498559254 {\n  padding-top: 30px;\n  padding-bottom: 30px;\n}\n#section_498559254 .ux-shape-divider--top svg {\n  height: 150px;\n  --divider-top-width: 100%;\n}\n#section_498559254 .ux-shape-divider--bottom svg {\n  height: 150px;\n  --divider-width: 100%;\n}\n<\/style>\n\t<\/section>\n\t\n\n","protected":false},"excerpt":{"rendered":"","protected":false},"author":1,"featured_media":0,"parent":0,"menu_order":0,"comment_status":"closed","ping_status":"closed","template":"page-blank.php","meta":{"iawp_total_views":1,"footnotes":""},"class_list":["post-2218","page","type-page","status-publish","hentry"],"_links":{"self":[{"href":"https:\/\/ssscorp.org\/pt-br\/wp-json\/wp\/v2\/pages\/2218","targetHints":{"allow":["GET"]}}],"collection":[{"href":"https:\/\/ssscorp.org\/pt-br\/wp-json\/wp\/v2\/pages"}],"about":[{"href":"https:\/\/ssscorp.org\/pt-br\/wp-json\/wp\/v2\/types\/page"}],"author":[{"embeddable":true,"href":"https:\/\/ssscorp.org\/pt-br\/wp-json\/wp\/v2\/users\/1"}],"replies":[{"embeddable":true,"href":"https:\/\/ssscorp.org\/pt-br\/wp-json\/wp\/v2\/comments?post=2218"}],"version-history":[{"count":1,"href":"https:\/\/ssscorp.org\/pt-br\/wp-json\/wp\/v2\/pages\/2218\/revisions"}],"predecessor-version":[{"id":2231,"href":"https:\/\/ssscorp.org\/pt-br\/wp-json\/wp\/v2\/pages\/2218\/revisions\/2231"}],"wp:attachment":[{"href":"https:\/\/ssscorp.org\/pt-br\/wp-json\/wp\/v2\/media?parent=2218"}],"curies":[{"name":"wp","href":"https:\/\/api.w.org\/{rel}","templated":true}]}}