{"id":2197,"date":"2022-09-02T15:17:07","date_gmt":"2022-09-02T15:17:07","guid":{"rendered":"https:\/\/ssscorp.org\/reunioes-ordinarias-e-especiais-de-2016\/"},"modified":"2022-10-20T15:20:39","modified_gmt":"2022-10-20T15:20:39","slug":"reunioes-ordinarias-e-especiais-de-2016","status":"publish","type":"page","link":"https:\/\/ssscorp.org\/pt-br\/reunioes-ordinarias-e-especiais-de-2016\/","title":{"rendered":"Reuni\u00f5es Ordin\u00e1rias e Especiais de 2016"},"content":{"rendered":"\n\n  <div class=\"banner has-hover has-parallax\" id=\"banner-574856933\">\n          <div class=\"banner-inner fill\">\n        <div class=\"banner-bg fill\" data-parallax=\"-3\" data-parallax-container=\".banner\" data-parallax-background>\n            <div class=\"bg fill bg-fill \"><\/div>\n                        <div class=\"overlay\"><\/div>            \n                    <\/div>\n\t\t\n        <div class=\"banner-layers container\">\n            <div class=\"fill banner-link\"><\/div>            \n\n   <div id=\"text-box-1186302812\" class=\"text-box banner-layer x50 md-x50 lg-x50 y50 md-y50 lg-y50 res-text\">\n                                <div class=\"text-box-content text dark\">\n              \n              <div class=\"text-inner text-center\">\n                  \n\n<h3 class=\"uppercase\"><strong>Reuni\u00f5es Ordin\u00e1rias e Especiais de 2016<\/strong><\/h3>\n\n\n              <\/div>\n           <\/div>\n                            \n<style>\n#text-box-1186302812 {\n  width: 98%;\n}\n#text-box-1186302812 .text-box-content {\n  font-size: 100%;\n}\n<\/style>\n    <\/div>\n \n\n        <\/div>\n      <\/div>\n\n            \n<style>\n#banner-574856933 {\n  padding-top: 300px;\n}\n#banner-574856933 .bg.bg-loaded {\n  background-image: url(https:\/\/ssscorp.org\/wp-content\/uploads\/2022\/09\/Untitled-design-3-scaled-1.jpeg);\n}\n#banner-574856933 .overlay {\n  background-color: rgba(17, 33, 82, 0.855);\n}\n#banner-574856933 .ux-shape-divider--top svg {\n  height: 150px;\n  --divider-top-width: 100%;\n}\n#banner-574856933 .ux-shape-divider--bottom svg {\n  height: 150px;\n  --divider-width: 100%;\n}\n<\/style>\n  <\/div>\n\n\n\t<section class=\"section\" id=\"section_2125066033\">\n\t\t<div class=\"bg section-bg fill bg-fill  bg-loaded\" >\n\n\t\t\t\n\t\t\t\n\t\t\t\n\n\t\t<\/div>\n\n\t\t\n\n\t\t<div class=\"section-content relative\">\n\t\t\t\n\n<div class=\"row\"  id=\"row-1532718485\">\n\n\n\t<div id=\"col-487457025\" class=\"col medium-6 small-12 large-6\"  >\n\t\t\t\t<div class=\"col-inner\"  >\n\t\t\t\n\t\t\t\n\n<div class=\"container section-title-container\" ><h3 class=\"section-title section-title-normal\"><b><\/b><span class=\"section-title-main\" >Agendas das Reuni\u00f5es Ordin\u00e1rias de 2016<\/span><b><\/b><\/h3><\/div>\n\n<ul>\n<li>Agenda da Reuni\u00e3o Ordin\u00e1ria do SSSC de 16 de mar\u00e7o de 2016<\/li>\n<li>Agenda da Reuni\u00e3o Ordin\u00e1ria do SSSC de 23 de mar\u00e7o de 2016<\/li>\n<li>Agenda da Reuni\u00e3o Ordin\u00e1ria do SSSC de 30 de mar\u00e7o de 2016<\/li>\n<li>\u200bAgenda da Reuni\u00e3o Ordin\u00e1ria do SSSC de 6 de abril de 2016<\/li>\n<li>Agenda da Reuni\u00e3o Ordin\u00e1ria do SSSC de 25 de abril de 2016<\/li>\n<li>Agenda da Reuni\u00e3o Ordin\u00e1ria do SSSC de 4 de maio de 2016<\/li>\n<li>Agenda da Reuni\u00e3o Ordin\u00e1ria do SSSC de 11 de maio de 2016<\/li>\n<li>Agenda da Reuni\u00e3o Ordin\u00e1ria do SSSC de 18 de maio de 2016<\/li>\n<li>Agenda da Reuni\u00e3o Ordin\u00e1ria do SSSC de 29 de junho de 2016<\/li>\n<li>Agenda da Reuni\u00e3o Ordin\u00e1ria do SSSC de 17 de agosto de 2016<\/li>\n<li>Agenda da Reuni\u00e3o Ordin\u00e1ria do SSSC de 24 de agosto de 2016<\/li>\n<li>Agenda da Reuni\u00e3o Ordin\u00e1ria do SSSC de 7 de dezembro de 2016<\/li>\n<\/ul>\n\n\t\t<\/div>\n\t\t\t\t\t<\/div>\n\n\t\n\n\t<div id=\"col-1891407605\" class=\"col medium-6 small-12 large-6\"  >\n\t\t\t\t<div class=\"col-inner\"  >\n\t\t\t\n\t\t\t\n\n<div class=\"container section-title-container\" ><h3 class=\"section-title section-title-normal\"><b><\/b><span class=\"section-title-main\" >Reuni\u00f5es Especiais de 2016<\/span><b><\/b><\/h3><\/div>\n\n<ul>\n<li>6 de Janeiro, 2016 Reuni\u00e3o Especial do SSSC<\/li>\n<li>13 de Janeiro, 2016 Reuni\u00e3o Especial do SSSC<\/li>\n<li>16 de Janeiro, 2016 Reuni\u00e3o Especial do SSSC<\/li>\n<li>17 de Janeiro, 2016 Reuni\u00e3o Especial do SSSC<\/li>\n<li>18 de Janeiro, 2016 Reuni\u00e3o Especial do SSSC<\/li>\n<li>27 de Janeiro, 2016 Reuni\u00e3o Especial do SSSC<\/li>\n<li>30 de Janeiro, 2016 Reuni\u00e3o Especial do SSSC<\/li>\n<li>3 de Fevereiro, 2016 Reuni\u00e3o Especial do SSSC<\/li>\n<li>10 de fevereiro de 2016 Reuni\u00e3o Especial do SSSC<\/li>\n<li>17 de fevereiro de 2016 Reuni\u00e3o Especial do SSSC<\/li>\n<li>24 de fevereiro de 2016 Reuni\u00e3o Especial do SSSC<\/li>\n<li>2 de mar\u00e7o de 2016 Reuni\u00e3o Especial do SSSC<\/li>\n<li>3 de mar\u00e7o de 2016 Reuni\u00e3o Especial do SSSC<\/li>\n<li>8 de mar\u00e7o de 2016 Reuni\u00e3o Especial do SSSC<\/li>\n<li>9 de mar\u00e7o de 2016 Reuni\u00e3o Especial do SSSC<\/li>\n<li>16 de mar\u00e7o de 2016 Reuni\u00e3o Especial do SSSC<\/li>\n<li>6 de abril de 2016 Reuni\u00e3o Especial do SSSC<\/li>\n<li>13 de abril de 2016 Reuni\u00e3o Especial do SSSC<\/li>\n<li>24 de abril de 2016 Reuni\u00e3o Especial do SSSC<\/li>\n<li>Reuni\u00e3o Especial do SSSC de 11 de maio de 2016<\/li>\n<li>25 de maio de 2016 Reuni\u00e3o Especial do SSSC<\/li>\n<li>27 de maio de 2016 Reuni\u00e3o Especial do SSSC<\/li>\n<li>1\u00ba de junho de 2016 Reuni\u00e3o Especial do SSSC<\/li>\n<li>8 de junho de 2016 Reuni\u00e3o Especial do SSSC<\/li>\n<li>15 de junho de 2016 Reuni\u00e3o Especial do SSSC<\/li>\n<li>6 de julho de 2016 Reuni\u00e3o Especial do SSSC<\/li>\n<li>13 de julho de 2016 Reuni\u00e3o Especial do SSSC<\/li>\n<li>20 de julho de 2016 Reuni\u00e3o Especial do SSSC<\/li>\n<li>21 de julho de 2016 Reuni\u00e3o Especial do SSSC<\/li>\n<li>26 de julho de 2016 Reuni\u00e3o Especial do SSSC<\/li>\n<li>27 de julho de 2016 Reuni\u00e3o Especial do SSSC<\/li>\n<li>3 de agosto de 2016 Reuni\u00e3o Especial do SSSC<\/li>\n<li>4 de agosto de 2016 Reuni\u00e3o Especial do SSSC<\/li>\n<li>10 de agosto de 2016 Reuni\u00e3o Especial do SSSC<\/li>\n<li>31 de agosto de 2016 Reuni\u00e3o Especial do SSSC<\/li>\n<li>7 de setembro de 2016 Reuni\u00e3o Especial do SSSC<\/li>\n<li>14 de setembro de 2016 Reuni\u00e3o Especial do SSSC<\/li>\n<li>16 de setembro de 2016 Reuni\u00e3o Especial do SSSC<\/li>\n<li>25 de setembro de 2016 Reuni\u00e3o Especial do SSSC<\/li>\n<li>26 de setembro de 2016 Reuni\u00e3o Especial do SSSC<\/li>\n<li>29 de setembro de 2016 Reuni\u00e3o Especial do SSSC<\/li>\n<li>5 de outubro de 2016 Reuni\u00e3o Especial do SSSC<\/li>\n<li>12 de outubro de 2016 Reuni\u00e3o Especial do SSSC<\/li>\n<li>19 de outubro de 2016 Reuni\u00e3o Especial do SSSC<\/li>\n<li>26 de outubro de 2016 Reuni\u00e3o Especial do SSSC<\/li>\n<li>2 de novembro de 2016 Reuni\u00e3o Especial do SSSC<\/li>\n<li>9 de novembro de 2016 Reuni\u00e3o Especial do SSSC<\/li>\n<li>16 de novembro de 2016 Reuni\u00e3o Especial do SSSC<\/li>\n<li>22 de novembro de 2016 Reuni\u00e3o Especial do SSSC<\/li>\n<li>30 de novembro de 2016 Reuni\u00e3o Especial do SSSC<\/li>\n<li>14 de dezembro de 2016 Reuni\u00e3o Especial do SSSC<\/li>\n<\/ul>\n\n\t\t<\/div>\n\t\t\t\t\t<\/div>\n\n\t\n\n<\/div>\n\n\t\t<\/div>\n\n\t\t\n<style>\n#section_2125066033 {\n  padding-top: 30px;\n  padding-bottom: 30px;\n}\n#section_2125066033 .ux-shape-divider--top svg {\n  height: 150px;\n  --divider-top-width: 100%;\n}\n#section_2125066033 .ux-shape-divider--bottom svg {\n  height: 150px;\n  --divider-width: 100%;\n}\n<\/style>\n\t<\/section>\n\t\n\n","protected":false},"excerpt":{"rendered":"","protected":false},"author":1,"featured_media":0,"parent":0,"menu_order":0,"comment_status":"closed","ping_status":"closed","template":"page-blank.php","meta":{"iawp_total_views":2,"footnotes":""},"class_list":["post-2197","page","type-page","status-publish","hentry"],"_links":{"self":[{"href":"https:\/\/ssscorp.org\/pt-br\/wp-json\/wp\/v2\/pages\/2197","targetHints":{"allow":["GET"]}}],"collection":[{"href":"https:\/\/ssscorp.org\/pt-br\/wp-json\/wp\/v2\/pages"}],"about":[{"href":"https:\/\/ssscorp.org\/pt-br\/wp-json\/wp\/v2\/types\/page"}],"author":[{"embeddable":true,"href":"https:\/\/ssscorp.org\/pt-br\/wp-json\/wp\/v2\/users\/1"}],"replies":[{"embeddable":true,"href":"https:\/\/ssscorp.org\/pt-br\/wp-json\/wp\/v2\/comments?post=2197"}],"version-history":[{"count":1,"href":"https:\/\/ssscorp.org\/pt-br\/wp-json\/wp\/v2\/pages\/2197\/revisions"}],"predecessor-version":[{"id":2200,"href":"https:\/\/ssscorp.org\/pt-br\/wp-json\/wp\/v2\/pages\/2197\/revisions\/2200"}],"wp:attachment":[{"href":"https:\/\/ssscorp.org\/pt-br\/wp-json\/wp\/v2\/media?parent=2197"}],"curies":[{"name":"wp","href":"https:\/\/api.w.org\/{rel}","templated":true}]}}