{"id":2180,"date":"2022-09-02T15:17:04","date_gmt":"2022-09-02T15:17:04","guid":{"rendered":"https:\/\/ssscorp.org\/dia-de-oracao-pela-paz\/"},"modified":"2022-10-22T21:02:18","modified_gmt":"2022-10-22T21:02:18","slug":"dia-de-oracao-pela-paz","status":"publish","type":"page","link":"https:\/\/ssscorp.org\/pt-br\/dia-de-oracao-pela-paz\/","title":{"rendered":"Dia de ora\u00e7\u00e3o pela paz"},"content":{"rendered":"\n\n  <div class=\"banner has-hover\" id=\"banner-1205110872\">\n          <div class=\"banner-inner fill\">\n        <div class=\"banner-bg fill\" >\n            <div class=\"bg fill bg-fill \"><\/div>\n                                    \n                    <\/div>\n\t\t\n        <div class=\"banner-layers container\">\n            <div class=\"fill banner-link\"><\/div>            \n\n\n        <\/div>\n      <\/div>\n\n            \n<style>\n#banner-1205110872 {\n  padding-top: 625px;\n}\n#banner-1205110872 .bg.bg-loaded {\n  background-image: url(https:\/\/ssscorp.org\/wp-content\/uploads\/2022\/10\/52450587.png);\n}\n#banner-1205110872 .ux-shape-divider--top svg {\n  height: 150px;\n  --divider-top-width: 100%;\n}\n#banner-1205110872 .ux-shape-divider--bottom svg {\n  height: 150px;\n  --divider-width: 100%;\n}\n<\/style>\n  <\/div>\n\n\n\t<section class=\"section\" id=\"section_1170348754\">\n\t\t<div class=\"bg section-bg fill bg-fill  bg-loaded\" >\n\n\t\t\t\n\t\t\t\n\t\t\t\n\n\t\t<\/div>\n\n\t\t\n\n\t\t<div class=\"section-content relative\">\n\t\t\t\n\n<div class=\"row\"  id=\"row-1495301989\">\n\n\n\t<div id=\"col-1052070383\" class=\"col small-12 large-12\"  >\n\t\t\t\t<div class=\"col-inner\"  >\n\t\t\t\n\t\t\t\n\n<h1 style=\"text-align: center;\">Solst\u00edcio de ver\u00e3o e dia de ora\u00e7\u00e3o pela paz<\/h1>\n<p>Um Dia de M\u00fasica, Dan\u00e7a e Ora\u00e7\u00e3o &#8211; O Dia Internacional de Ora\u00e7\u00e3o pela Paz \u00e9 um encontro na terra sagrada de Guru Ram Das Puri, onde podemos expressar nossa gratid\u00e3o e esperan\u00e7a para o futuro por meio de ioga, medita\u00e7\u00e3o, c\u00e2nticos e a Caminhada de Cura Sagrada. Este \u00e9 um momento poderoso para oferecer suas ora\u00e7\u00f5es pela paz, cura e unidade de toda a humanidade, para aben\u00e7oar e honrar esta terra sagrada e &#8211; para aqueles que participam da Sadhana do Solst\u00edcio de Ver\u00e3o, para nos prepararmos para a jornada transformadora do Solst\u00edcio . Todos s\u00e3o bem-vindos a participar deste evento gratuito.<\/p>\n<h1 style=\"text-align: center;\">Pr\u00eamio Siri Singh Sahib Corporation para Justi\u00e7a Social<\/h1>\n<p>Em homenagem ao nosso professor espiritual Yogi Bhajan, a Siri Singh Sahib Corporation, em coordena\u00e7\u00e3o com a 3HO Foundation International, Sikh Dharma International e a East West Tea Company, iniciaram uma tradi\u00e7\u00e3o de homenagear indiv\u00edduos cuja vida e trabalho foram dedicados ao desenvolvimento de paz, igualdade e justi\u00e7a. Iniciamos esta homenagem com a entrega do Siri Singh Sahib Corporation Award for Social Justice.<br>O Siri Singh Sahib Corporation Award for Social Justice \u00e9 concedido \u00e0queles que agiram desinteressadamente na busca da paz e da realiza\u00e7\u00e3o da igualdade. O esp\u00edrito deste pr\u00eamio \u00e9 capturado pelo prop\u00f3sito do Dia de Ora\u00e7\u00e3o pela Paz, um dia em que nos reunimos para celebrar a paz. Onde todas as pessoas de todas as esferas da vida s\u00e3o bem-vindas. \u00c9 um dia em que nos regozijamos no esp\u00edrito profundo que vive em cada um de n\u00f3s e \u00e9 um momento em que externamente compartilhamos uma consci\u00eancia de compreens\u00e3o, compaix\u00e3o, alegria e eleva\u00e7\u00e3o. <\/p>\n<h1 style=\"text-align: center;\"><span style=\"color: #000000;\">Summer Solstice 2020 e 2021 foram suspensos devido ao Covid<\/span><\/h1>\n\n\t\t<\/div>\n\t\t\t\t\t<\/div>\n\n\t\n\n\t<div id=\"col-148148893\" class=\"col small-12 large-12\"  >\n\t\t\t\t<div class=\"col-inner\"  >\n\t\t\t\n\t\t\t\n\n<h1 style=\"text-align: center;\">Palestrantes anteriores<\/h1>\n<div class=\"is-divider divider clearfix\" style=\"max-width:100%;height:2px;\"><\/div>\n\n<div class=\"row align-middle\"  id=\"row-894477372\">\n\n\n\t<div id=\"col-281862433\" class=\"col medium-5 small-12 large-5\"  >\n\t\t\t\t<div class=\"col-inner\"  >\n\t\t\t\n\t\t\t\n\n\t<div class=\"img has-hover x md-x lg-x y md-y lg-y\" id=\"image_1759204604\">\n\t\t\t\t\t\t\t\t<div class=\"img-inner dark\" >\n\t\t\t<img fetchpriority=\"high\" decoding=\"async\" width=\"417\" height=\"334\" src=\"https:\/\/ssscorp.org\/wp-content\/uploads\/2022\/10\/54aef3972fba1-image.jpg\" class=\"attachment-large size-large\" alt=\"\" srcset=\"https:\/\/ssscorp.org\/wp-content\/uploads\/2022\/10\/54aef3972fba1-image.jpg 417w, https:\/\/ssscorp.org\/wp-content\/uploads\/2022\/10\/54aef3972fba1-image-300x240.jpg 300w\" sizes=\"(max-width: 417px) 100vw, 417px\" \/>\t\t\t\t\t\t\n\t\t\t\t\t<\/div>\n\t\t\t\t\t\t\t\t\n<style>\n#image_1759204604 {\n  width: 100%;\n}\n<\/style>\n\t<\/div>\n\t\n\n\n\t\t<\/div>\n\t\t\t\t\t<\/div>\n\n\t\n\n\t<div id=\"col-1175207001\" class=\"col medium-7 small-12 large-7\"  >\n\t\t\t\t<div class=\"col-inner\"  >\n\t\t\t\n\t\t\t\n\n<div class=\"container section-title-container\" ><h3 class=\"section-title section-title-normal\"><b><\/b><span class=\"section-title-main\" >Fania Davis<\/span><b><\/b><a href=\"#\" target=\"\">2019<i class=\"icon-angle-right\" ><\/i><\/a><\/h3><\/div>\n\n<p>Fania Davis \u00e9 uma voz nacional l\u00edder em justi\u00e7a restaurativa, um campo em r\u00e1pido crescimento que convida a uma mudan\u00e7a fundamental na maneira como pensamos e fazemos justi\u00e7a. A Justi\u00e7a Restaurativa \u00e9 baseada em um conjunto desejado de princ\u00edpios e pr\u00e1ticas para mediar conflitos, fortalecer a comunidade e reparar danos. Ela \u00e9 uma ativista de justi\u00e7a social de longa data, advogada de direitos civis, praticante de justi\u00e7a restaurativa, escritora e acad\u00eamica com doutorado em conhecimento ind\u00edgena.<br>Amadurecendo em Birmingham, Alabama, durante a efervesc\u00eancia social da era dos direitos civis, o assassinato de dois amigos \u00edntimos de inf\u00e2ncia no atentado de 1963 na Escola Dominical cristalizou dentro de Fania um compromisso apaixonado com a transforma\u00e7\u00e3o social. Nas d\u00e9cadas seguintes, ela foi ativa nos movimentos de direitos civis, liberta\u00e7\u00e3o negra, mulheres, prisioneiros, paz, viol\u00eancia anti-racial e anti-apartheid. Depois de se formar em direito pela Universidade da Calif\u00f3rnia, Berkeley, em 1979, Fania exerceu por cerca de 27 anos como advogada de direitos civis.<\/p>\n\n\t\t<\/div>\n\t\t\t\t\t<\/div>\n\n\t\n\n\t<div id=\"col-1906201245\" class=\"col small-12 large-12\"  >\n\t\t\t\t<div class=\"col-inner\"  >\n\t\t\t\n\t\t\t\n\n<p>Em meados da d\u00e9cada de 1990, ela ingressou no Ph.D. programa em estudos ind\u00edgenas no Instituto de Estudos Integrais da Calif\u00f3rnia e aprendiz com curandeiros tradicionais em todo o mundo, particularmente na \u00c1frica. Desde que recebeu seu Ph.D. em 2003, Fania se engajou na busca de alternativas de cura para a justi\u00e7a contradit\u00f3ria. Ela ensinou Justi\u00e7a Restaurativa na New College Law School de San Francisco e Indigenous Peacemaking no Centro de Justi\u00e7a e Constru\u00e7\u00e3o da Paz da Eastern Mennonite University. Ela escreve e fala sobre esses assuntos.<br>Em<br>A busca por uma justi\u00e7a de cura tamb\u00e9m levou Fania a trazer a justi\u00e7a restaurativa para Oakland. Fundadora e atualmente Diretora de Justi\u00e7a Restaurativa da Oakland Youth (RJOY), Fania atuou como conselheira do Conselho Internacional das Treze Av\u00f3s Ind\u00edgenas. In\u00fameras honras incluem o pr\u00eamio Ubuntu por servi\u00e7o \u00e0 humanidade, o Pr\u00eamio Dennis Maloney por excel\u00eancia em Justi\u00e7a Restaurativa Juvenil e o pr\u00eamio Justi\u00e7a Curativa do World Trust. Recentemente, o Los Angeles Times a nomeou Nova L\u00edder dos Direitos Civis do S\u00e9culo XXI. Os interesses de pesquisa de Fania incluem ra\u00e7a e justi\u00e7a restaurativa, justi\u00e7a social e justi\u00e7a restaurativa, e explorar as ra\u00edzes ind\u00edgenas, particularmente as ra\u00edzes ind\u00edgenas africanas, da justi\u00e7a restaurativa.<\/p>\n<a rel=\"noopener noreferrer\" href=\"http:\/\/rjoyoakland.org\" target=\"_blank\" class=\"button primary reveal-icon\"  >\n    <span>PARA MAIS INFORMA\u00c7\u00d5ES<\/span>\n  <i class=\"icon-angle-right\" ><\/i><\/a>\n\n\n\n\t\t<\/div>\n\t\t\t\t\t<\/div>\n\n\t\n\n<\/div>\n<div class=\"row align-middle\"  id=\"row-1160309030\">\n\n\n\t<div id=\"col-1756943765\" class=\"col medium-5 small-12 large-5\"  >\n\t\t\t\t<div class=\"col-inner\"  >\n\t\t\t\n\t\t\t\n\n\t<div class=\"img has-hover x md-x lg-x y md-y lg-y\" id=\"image_148048490\">\n\t\t\t\t\t\t\t\t<div class=\"img-inner dark\" >\n\t\t\t<img decoding=\"async\" width=\"585\" height=\"390\" src=\"https:\/\/ssscorp.org\/wp-content\/uploads\/2022\/10\/20170116-img-8057.jpg\" class=\"attachment-large size-large\" alt=\"\" srcset=\"https:\/\/ssscorp.org\/wp-content\/uploads\/2022\/10\/20170116-img-8057.jpg 585w, https:\/\/ssscorp.org\/wp-content\/uploads\/2022\/10\/20170116-img-8057-300x200.jpg 300w\" sizes=\"(max-width: 585px) 100vw, 585px\" \/>\t\t\t\t\t\t\n\t\t\t\t\t<\/div>\n\t\t\t\t\t\t\t\t\n<style>\n#image_148048490 {\n  width: 100%;\n}\n<\/style>\n\t<\/div>\n\t\n\n\n\t\t<\/div>\n\t\t\t\t\t<\/div>\n\n\t\n\n\t<div id=\"col-1797181629\" class=\"col medium-7 small-12 large-7\"  >\n\t\t\t\t<div class=\"col-inner\"  >\n\t\t\t\n\t\t\t\n\n<div class=\"container section-title-container\" ><h3 class=\"section-title section-title-normal\"><b><\/b><span class=\"section-title-main\" >Christian Picciolini<\/span><b><\/b><a href=\"#\" target=\"\">2018<i class=\"icon-angle-right\" ><\/i><\/a><\/h3><\/div>\n\n<p><span style=\"color: #3f3f3f;\">Depois de deixar o movimento skinhead branco-supremacista, ajudou a b<\/span><span style=\"color: #3f3f3f;\">uild na Am\u00e9rica durante a d\u00e9cada de 1980 <\/span><span style=\"color: #3f3f3f;\">e nos anos 90, Christian Picciolini obteve uma licenciatura em re<\/span><span style=\"color: #3f3f3f;\">lations da Universidade DePaul. Ele  <\/span><span style=\"color: #3f3f3f;\">lan\u00e7ou o Grupo Goldmill, um meio digital global e balc\u00e3o&#8230;<\/span><span style=\"color: #3f3f3f;\">empresa de consultoria em extremismo. Em 2016, ele  <\/span><span style=\"color: #3f3f3f;\">ganhou um Emmy Award pelo seu papel na produ\u00e7\u00e3o de uma campanha publicit\u00e1ria anti-\u00f3dio c<\/span><span style=\"color: #3f3f3f;\">ampaign destinado a ajudar <\/span> <span style=\"color: #3f3f3f;\">as pessoas desengajam-se dos grupos extremistas. A sua vida desde que saiu de t<\/span><span style=\"color: #3f3f3f;\">movimento branco-supremacista sobre <\/span><span style=\"color: #3f3f3f;\">duas d\u00e9cadas atr\u00e1s tem sido dedicado a ajudar outros a combater o racismo a<\/span><span style=\"color: #3f3f3f;\">e extremismo violento por co-<\/span><span style=\"color: #3f3f3f;\">fundando a organiza\u00e7\u00e3o Life After Hate. Christian lidera agora o F<\/span><span style=\"color: #3f3f3f;\">ree Radicals Project, o projecto mundial de  <\/span><span style=\"color: #3f3f3f;\">primeira plataforma global de desengajamento do extremismo. Christian tem  <\/span><span style=\"color: #3f3f3f;\">falado no palco do TEDx e para <\/span><span style=\"color: #3f3f3f;\">audi\u00eancias em todo o mundo, partilhando o seu conhecimento \u00fanico e extenso<\/span><span style=\"color: #3f3f3f;\">ledge, ensinando a todos os que est\u00e3o dispostos <\/span><span style=\"color: #3f3f3f;\">para aprender a construir uma maior paz e aceita\u00e7\u00e3o atrav\u00e9s da empatia e<\/span><span style=\"color: #3f3f3f;\">d compaix\u00e3o. Ele tem  <\/span><span style=\"color: #3f3f3f;\">ajudou mais de 100 pessoas a libertarem-se de grupos de \u00f3dio. Crist\u00e3o  <\/span><span style=\"color: #3f3f3f;\">envolvimento no in\u00edcio da Am\u00e9rica <\/span><span style=\"color: #3f3f3f;\">o movimento skinhead \u00e9 relatado no seu livro de mem\u00f3rias <\/span><span style=\"color: #3f3f3f;\">JUVENTUDE AMERICANA BRANCA: A Minha Descend\u00eancia para <\/span><span style=\"color: #3f3f3f;\">Am\u00e9rica<\/span><span style=\"color: #3f3f3f;\">\u2019<\/span><span style=\"color: #3f3f3f;\">Movimento do \u00d3dio Mais Violento<\/span><span style=\"color: #3f3f3f;\">&#8212;<\/span><span style=\"color: #3f3f3f;\">e Como Sa\u00ed <\/span> <span style=\"color: #3f3f3f;\">(Hachette, 2018). Christian \u00e9 co-<\/span><span style=\"color: #3f3f3f;\">desenvolvendo uma s\u00e9rie de document\u00e1rios televisivos baseados no seu trabalho ajudando as pessoas a libertarem-se de ideologias violentas.<\/span><\/p>\n<a rel=\"noopener noreferrer\" href=\"http:\/\/www.christianpicciolini.com\" target=\"_blank\" class=\"button primary reveal-icon\"  >\n    <span>PARA MAIS INFORMA\u00c7\u00d5ES<\/span>\n  <i class=\"icon-angle-right\" ><\/i><\/a>\n\n\n\n\t\t<\/div>\n\t\t\t\t\t<\/div>\n\n\t\n\n<\/div>\n<div class=\"row\"  id=\"row-1783704584\">\n\n\n\t<div id=\"col-1745212697\" class=\"col medium-5 small-12 large-5\"  >\n\t\t\t\t<div class=\"col-inner\"  >\n\t\t\t\n\t\t\t\n\n\t<div class=\"img has-hover x md-x lg-x y md-y lg-y\" id=\"image_1168528335\">\n\t\t\t\t\t\t\t\t<div class=\"img-inner dark\" >\n\t\t\t<img decoding=\"async\" width=\"307\" height=\"307\" src=\"https:\/\/ssscorp.org\/wp-content\/uploads\/2022\/10\/interfaith-amigos.jpg\" class=\"attachment-large size-large\" alt=\"\" srcset=\"https:\/\/ssscorp.org\/wp-content\/uploads\/2022\/10\/interfaith-amigos.jpg 307w, https:\/\/ssscorp.org\/wp-content\/uploads\/2022\/10\/interfaith-amigos-300x300.jpg 300w, https:\/\/ssscorp.org\/wp-content\/uploads\/2022\/10\/interfaith-amigos-150x150.jpg 150w\" sizes=\"(max-width: 307px) 100vw, 307px\" \/>\t\t\t\t\t\t\n\t\t\t\t\t<\/div>\n\t\t\t\t\t\t\t\t\n<style>\n#image_1168528335 {\n  width: 100%;\n}\n<\/style>\n\t<\/div>\n\t\n\n\n\t\t<\/div>\n\t\t\t\t\t<\/div>\n\n\t\n\n\t<div id=\"col-1115658296\" class=\"col medium-7 small-12 large-7\"  >\n\t\t\t\t<div class=\"col-inner\"  >\n\t\t\t\n\t\t\t\n\n<div class=\"container section-title-container\" ><h3 class=\"section-title section-title-normal\"><b><\/b><span class=\"section-title-main\" >Amigos inter-religiosos<\/span><b><\/b><a href=\"#\" target=\"\">2017<i class=\"icon-angle-right\" ><\/i><\/a><\/h3><\/div>\n\n<p>Em<br>O Imam Jamal Rahman, o Pastor Don Mackenzie e o Rabino Ted Falcon \u2013 os Amigos Inter-religiosos \u2013 come\u00e7aram a trabalhar juntos ap\u00f3s o 11 de setembro. Desde ent\u00e3o, eles trouxeram sua mistura \u00fanica de sabedoria espiritual e humor para o p\u00fablico em todos os EUA, bem como no Canad\u00e1, Israel-Palestina e Jap\u00e3o.<br><br>\u200bOs Amigos Inter-religiosos apresentam uma mensagem crucial em seu estilo humor\u00edstico \u00fanico, ajudando os participantes a apreciar a promessa e os problemas da experi\u00eancia inter-religiosa.<\/p>\n<a rel=\"noopener noreferrer\" href=\"http:\/\/www.interfaithamigos.com\/Home.html\" target=\"_blank\" class=\"button primary reveal-icon\"  >\n    <span>PARA MAIS INFORMA\u00c7\u00d5ES<\/span>\n  <i class=\"icon-angle-right\" ><\/i><\/a>\n\n\n\n\t\t<\/div>\n\t\t\t\t\t<\/div>\n\n\t\n\n<\/div>\n<div class=\"row\"  id=\"row-1326442796\">\n\n\n\t<div id=\"col-1617883814\" class=\"col medium-5 small-12 large-5\"  >\n\t\t\t\t<div class=\"col-inner\"  >\n\t\t\t\n\t\t\t\n\n\t<div class=\"img has-hover x md-x lg-x y md-y lg-y\" id=\"image_1630929417\">\n\t\t\t\t\t\t\t\t<div class=\"img-inner dark\" >\n\t\t\t<img loading=\"lazy\" decoding=\"async\" width=\"507\" height=\"338\" src=\"https:\/\/ssscorp.org\/wp-content\/uploads\/2022\/10\/valerie-kaur_orig.png\" class=\"attachment-large size-large\" alt=\"\" srcset=\"https:\/\/ssscorp.org\/wp-content\/uploads\/2022\/10\/valerie-kaur_orig.png 507w, https:\/\/ssscorp.org\/wp-content\/uploads\/2022\/10\/valerie-kaur_orig-300x200.png 300w\" sizes=\"(max-width: 507px) 100vw, 507px\" \/>\t\t\t\t\t\t\n\t\t\t\t\t<\/div>\n\t\t\t\t\t\t\t\t\n<style>\n#image_1630929417 {\n  width: 100%;\n}\n<\/style>\n\t<\/div>\n\t\n\n\n\t\t<\/div>\n\t\t\t\t\t<\/div>\n\n\t\n\n\t<div id=\"col-1188694728\" class=\"col medium-7 small-12 large-7\"  >\n\t\t\t\t<div class=\"col-inner\"  >\n\t\t\t\n\t\t\t\n\n<div class=\"container section-title-container\" ><h3 class=\"section-title section-title-normal\"><b><\/b><span class=\"section-title-main\" >Valarie Kaur<\/span><b><\/b><a href=\"#\" target=\"\">2016<i class=\"icon-angle-right\" ><\/i><\/a><\/h3><\/div>\n\n<p>Em<br>O Imam Jamal Rahman, o Pastor Don Mackenzie e o Rabino Ted Falcon \u2013 os Amigos Inter-religiosos \u2013 come\u00e7aram a trabalhar juntos ap\u00f3s o 11 de setembro. Desde ent\u00e3o, eles trouxeram sua mistura \u00fanica de sabedoria espiritual e humor para o p\u00fablico em todos os EUA, bem como no Canad\u00e1, Israel-Palestina e Jap\u00e3o.<br><br>\u200bOs Amigos Inter-religiosos apresentam uma mensagem crucial em seu estilo humor\u00edstico \u00fanico, ajudando os participantes a apreciar a promessa e os problemas da experi\u00eancia inter-religiosa.<\/p>\n<a rel=\"noopener noreferrer\" href=\"http:\/\/valariekaur.com\/\" target=\"_blank\" class=\"button primary reveal-icon\"  >\n    <span>PARA MAIS INFORMA\u00c7\u00d5ES<\/span>\n  <i class=\"icon-angle-right\" ><\/i><\/a>\n\n\n\n\t\t<\/div>\n\t\t\t\t\t<\/div>\n\n\t\n\n<\/div>\n<div class=\"row\"  id=\"row-651079595\">\n\n\n\t<div id=\"col-456706264\" class=\"col medium-5 small-12 large-5\"  >\n\t\t\t\t<div class=\"col-inner\"  >\n\t\t\t\n\t\t\t\n\n\t<div class=\"img has-hover x md-x lg-x y md-y lg-y\" id=\"image_1275109065\">\n\t\t\t\t\t\t\t\t<div class=\"img-inner dark\" >\n\t\t\t<img loading=\"lazy\" decoding=\"async\" width=\"251\" height=\"298\" src=\"https:\/\/ssscorp.org\/wp-content\/uploads\/2022\/10\/dr-vivian.png\" class=\"attachment-large size-large\" alt=\"\" \/>\t\t\t\t\t\t\n\t\t\t\t\t<\/div>\n\t\t\t\t\t\t\t\t\n<style>\n#image_1275109065 {\n  width: 100%;\n}\n<\/style>\n\t<\/div>\n\t\n\n\n\t\t<\/div>\n\t\t\t\t\t<\/div>\n\n\t\n\n\t<div id=\"col-1848042291\" class=\"col medium-7 small-12 large-7\"  >\n\t\t\t\t<div class=\"col-inner\"  >\n\t\t\t\n\t\t\t\n\n<div class=\"container section-title-container\" ><h3 class=\"section-title section-title-normal\"><b><\/b><span class=\"section-title-main\" >Reverendo Dr. CT Vivian<\/span><b><\/b><a href=\"#\" target=\"\">2015<i class=\"icon-angle-right\" ><\/i><\/a><\/h3><\/div>\n\n<p>Dr. Vivian \u00e9 conhecido por seu trabalho com o Dr. Martin Luther King Jr. durante o movimento dos direitos civis na d\u00e9cada de 1960. Ele era um Freedom Rider e organizou sit-ins e outros protestos n\u00e3o violentos contra a segrega\u00e7\u00e3o racial no sul. Como membro da equipe executiva do SCLC (Conselho de Lideran\u00e7a Crist\u00e3 do Sul), ele marchou com o Dr. King em Selma, Montgomery, Chicago, Birmingham e Washington, DC. Trabalhou como organizador da campanha de registro de eleitores em Selma, um movimento que foi o catalisador para a Lei dos Direitos de Voto de 1965. Mais recentemente, o presidente Obama presenteou o reverendo Dr. CT Vivian com a Medalha Presidencial da Liberdade, a mais alta honraria civil da Am\u00e9rica.<\/p>\n<a rel=\"noopener noreferrer\" href=\"http:\/\/www.ctvli.org\/ctvivian.php\" target=\"_blank\" class=\"button primary reveal-icon\"  >\n    <span>PARA MAIS INFORMA\u00c7\u00d5ES<\/span>\n  <i class=\"icon-angle-right\" ><\/i><\/a>\n\n\n\n\t\t<\/div>\n\t\t\t\t\t<\/div>\n\n\t\n\n<\/div>\n\n\t\t<\/div>\n\t\t\t\t\t<\/div>\n\n\t\n\n<\/div>\n\n\t\t<\/div>\n\n\t\t\n<style>\n#section_1170348754 {\n  padding-top: 30px;\n  padding-bottom: 30px;\n}\n#section_1170348754 .ux-shape-divider--top svg {\n  height: 150px;\n  --divider-top-width: 100%;\n}\n#section_1170348754 .ux-shape-divider--bottom svg {\n  height: 150px;\n  --divider-width: 100%;\n}\n<\/style>\n\t<\/section>\n\t\n\n","protected":false},"excerpt":{"rendered":"","protected":false},"author":1,"featured_media":0,"parent":0,"menu_order":0,"comment_status":"closed","ping_status":"closed","template":"page-blank.php","meta":{"iawp_total_views":3,"footnotes":""},"class_list":["post-2180","page","type-page","status-publish","hentry"],"_links":{"self":[{"href":"https:\/\/ssscorp.org\/pt-br\/wp-json\/wp\/v2\/pages\/2180","targetHints":{"allow":["GET"]}}],"collection":[{"href":"https:\/\/ssscorp.org\/pt-br\/wp-json\/wp\/v2\/pages"}],"about":[{"href":"https:\/\/ssscorp.org\/pt-br\/wp-json\/wp\/v2\/types\/page"}],"author":[{"embeddable":true,"href":"https:\/\/ssscorp.org\/pt-br\/wp-json\/wp\/v2\/users\/1"}],"replies":[{"embeddable":true,"href":"https:\/\/ssscorp.org\/pt-br\/wp-json\/wp\/v2\/comments?post=2180"}],"version-history":[{"count":4,"href":"https:\/\/ssscorp.org\/pt-br\/wp-json\/wp\/v2\/pages\/2180\/revisions"}],"predecessor-version":[{"id":3036,"href":"https:\/\/ssscorp.org\/pt-br\/wp-json\/wp\/v2\/pages\/2180\/revisions\/3036"}],"wp:attachment":[{"href":"https:\/\/ssscorp.org\/pt-br\/wp-json\/wp\/v2\/media?parent=2180"}],"curies":[{"name":"wp","href":"https:\/\/api.w.org\/{rel}","templated":true}]}}