{"id":2119,"date":"2022-09-02T15:16:56","date_gmt":"2022-09-02T15:16:56","guid":{"rendered":"https:\/\/ssscorp.org\/historico-e-status-sem-fins-lucrativos\/"},"modified":"2022-10-20T15:20:24","modified_gmt":"2022-10-20T15:20:24","slug":"historico-e-status-sem-fins-lucrativos","status":"publish","type":"page","link":"https:\/\/ssscorp.org\/pt-br\/historico-e-status-sem-fins-lucrativos\/","title":{"rendered":"Hist\u00f3rico e status sem fins lucrativos"},"content":{"rendered":"\n\n  <div class=\"banner has-hover has-parallax\" id=\"banner-2006132635\">\n          <div class=\"banner-inner fill\">\n        <div class=\"banner-bg fill\" data-parallax=\"-3\" data-parallax-container=\".banner\" data-parallax-background>\n            <div class=\"bg fill bg-fill \"><\/div>\n                        <div class=\"overlay\"><\/div>            \n                    <\/div>\n\t\t\n        <div class=\"banner-layers container\">\n            <div class=\"fill banner-link\"><\/div>            \n\n   <div id=\"text-box-1179191408\" class=\"text-box banner-layer x50 md-x50 lg-x50 y50 md-y50 lg-y50 res-text\">\n                                <div class=\"text-box-content text dark\">\n              \n              <div class=\"text-inner text-center\">\n                  \n\n<h3 class=\"uppercase\"><strong>Siri Singh Sahib Corporation Hist\u00f3ria jur\u00eddica e institucional<\/strong><\/h3>\n<p>Preparado por Hari Nam Singh, ex-chanceler assistente do gabinete do chanceler<\/p>\n\n              <\/div>\n           <\/div>\n                            \n<style>\n#text-box-1179191408 {\n  width: 68%;\n}\n#text-box-1179191408 .text-box-content {\n  font-size: 100%;\n}\n<\/style>\n    <\/div>\n \n\n        <\/div>\n      <\/div>\n\n            \n<style>\n#banner-2006132635 {\n  padding-top: 300px;\n}\n#banner-2006132635 .bg.bg-loaded {\n  background-image: url(https:\/\/ssscorp.org\/wp-content\/uploads\/2022\/09\/Untitled-design-3-scaled-1.jpeg);\n}\n#banner-2006132635 .overlay {\n  background-color: rgba(17, 33, 82, 0.855);\n}\n#banner-2006132635 .ux-shape-divider--top svg {\n  height: 150px;\n  --divider-top-width: 100%;\n}\n#banner-2006132635 .ux-shape-divider--bottom svg {\n  height: 150px;\n  --divider-width: 100%;\n}\n<\/style>\n  <\/div>\n\n\n\t<section class=\"section\" id=\"section_1053639302\">\n\t\t<div class=\"bg section-bg fill bg-fill  bg-loaded\" >\n\n\t\t\t\n\t\t\t\n\t\t\t\n\n\t\t<\/div>\n\n\t\t\n\n\t\t<div class=\"section-content relative\">\n\t\t\t\n\n<div class=\"row\"  id=\"row-1616842742\">\n\n\n\t<div id=\"col-1037935855\" class=\"col small-12 large-12\"  >\n\t\t\t\t<div class=\"col-inner\"  >\n\t\t\t\n\t\t\t\n\n<p>A 27 de Setembro de 1997, a Siri Sikdar Sahib Corporation (agora conhecida como Siri Singh Sahib Corporation) apresentou os seus Artigos de Constitui\u00e7\u00e3o como uma Sociedade Sem Fins Lucrativos do Oregon. De import\u00e2ncia s\u00e3o as seguintes disposi\u00e7\u00f5es nesse Contrato Social inicial:<\/p>\n\n\t\t<\/div>\n\t\t\t\t\t<\/div>\n\n\t\n\n<\/div>\n<div class=\"row align-center\"  id=\"row-1133448128\">\n\n\n\t<div id=\"col-568957614\" class=\"col medium-10 small-12 large-10\"  >\n\t\t\t\t<div class=\"col-inner\"  >\n\t\t\t\n\t<div class=\"is-border\"\n\t\tstyle=\"border-width:0px 0px 0px 3px;\">\n\t<\/div>\n\t\t\t\n\n<p><em>\u201cA corpora\u00e7\u00e3o deve operar exclusivamente para fins de caridade, religiosos, educacionais e cient\u00edficos, na acep\u00e7\u00e3o da Se\u00e7\u00e3o 501(c)(3) do Internal Revenue Code ou a(s) se\u00e7\u00e3o(\u00f5es) correspondente(s) de qualquer c\u00f3digo tribut\u00e1rio futuro.\u201d<\/em><br><br><em>\u201cA corpora\u00e7\u00e3o est\u00e1 organizada para atuar como \u00fanico membro do Sikh Dharma ap\u00f3s a morte ou incapacidade de Siri Singh Sahib Khalsa Yogiji, e em tal capacidade para conduzir e\/ou facilitar atividades religiosas, beneficentes e educacionais.\u201d<\/em><br><br><em>\u201cAp\u00f3s a morte ou incapacidade de Siri Singh Sahib Harbhajan Singh Khalsa Yogiji, os diretores ser\u00e3o as pessoas designadas por escrito por Siri Singh Sahib Harbhajan Singh Khalsa Yogiji. A designa\u00e7\u00e3o por escrito, e qualquer altera\u00e7\u00e3o ou suplemento a ela, deve ser datada no momento da execu\u00e7\u00e3o e deve ser entregue e mantida em sigilo pelo advogado da corpora\u00e7\u00e3o e Sikh Dharma designado nos Estatutos da corpora\u00e7\u00e3o.\u201d<\/em><\/p>\n\n\t\t<\/div>\n\t\t\t\t\n<style>\n#col-568957614 > .col-inner {\n  padding: 0px 0px 0px 10px;\n}\n<\/style>\n\t<\/div>\n\n\t\n\n<\/div>\n<div class=\"row\"  id=\"row-2067161037\">\n\n\n\t<div id=\"col-550840709\" class=\"col small-12 large-12\"  >\n\t\t\t\t<div class=\"col-inner\"  >\n\t\t\t\n\t\t\t\n\n<p>Em <span style=\"color: #a88d2e;\">3 de Dezembro de 2001<\/span>, foi apresentado ao Estado do Oregon um artigo de emenda aos artigos originais da Constitui\u00e7\u00e3o, altura em que a Siri Sikdar Sahib Corporation foi renomeada para Siri Singh Sahib Corporation.<br>Em<br>No <span style=\"color: #a88d2e;\">dia 1 de Outubro de 2004<\/span>, foi adoptado pelo Conselho de Administra\u00e7\u00e3o da ent\u00e3o sede da Siri Singh Sahib Corporation um Artigo de Restatement, o qual foi subsequentemente arquivado no Estado do Oregon a 15 de Novembro de 2004. A segunda e a terceira disposi\u00e7\u00f5es citadas acima no Contrato Social original foram um pouco modificadas na linguagem da seguinte forma:<\/p>\n\n\n\t\t<\/div>\n\t\t\t\t\t<\/div>\n\n\t\n\n<\/div>\n<div class=\"row align-center\"  id=\"row-1625014750\">\n\n\n\t<div id=\"col-1602003588\" class=\"col medium-10 small-12 large-10\"  >\n\t\t\t\t<div class=\"col-inner\"  >\n\t\t\t\n\t<div class=\"is-border\"\n\t\tstyle=\"border-width:0px 0px 0px 3px;\">\n\t<\/div>\n\t\t\t\n\n<p><em>\u201cA corpora\u00e7\u00e3o est\u00e1 organizada para atuar como a organiza\u00e7\u00e3o jur\u00eddica sucessora da Siri Singh Sahib de Sikh Dharma, uma corpora\u00e7\u00e3o da Calif\u00f3rnia, ap\u00f3s a morte ou incapacidade de Siri Singh Sahib Harbhajan Singh Khalsa Yogiji, e em tal capacidade para conduzir e\/ou facilitar atividades religiosas, caritativas e educativas\u201d.<\/em><br><br><em>\u201cAp\u00f3s a morte ou incapacidade de Siri Singh Sahib Harbhajan Singh Khalsa Yogiji, os diretores ser\u00e3o as pessoas designadas por escrito por Siri Singh Sahib Harbhajan Singh Khalsa Yogiji. A designa\u00e7\u00e3o por escrito, e qualquer altera\u00e7\u00e3o ou suplemento a ela, deve ser datada ap\u00f3s a execu\u00e7\u00e3o e deve ser entregue e mantida em sigilo pelo advogado da corpora\u00e7\u00e3o e pelo Siri Singh Sahib do Sikh Dharma designado nos Estatutos da corpora\u00e7\u00e3o.\u201d<\/em><\/p>\n\n\t\t<\/div>\n\t\t\t\t\n<style>\n#col-1602003588 > .col-inner {\n  padding: 0px 0px 0px 10px;\n}\n<\/style>\n\t<\/div>\n\n\t\n\n<\/div>\n<div class=\"row\"  id=\"row-425445960\">\n\n\n\t<div id=\"col-2102393791\" class=\"col small-12 large-12\"  >\n\t\t\t\t<div class=\"col-inner\"  >\n\t\t\t\n\t\t\t\n\n<p>\u00c9 universalmente reconhecido que o Siri Singh Sahib preparou uma lista contendo os nomes de 13 pessoas qualificadas, incluindo o Siri Sikdar Sahib\/a e o Bhai Sahib\/a como membros ex-officio, para fazer parte do Conselho inicial da Siri Singh Sahib Corporation ap\u00f3s sua morte, e que ele entregou essa lista em confian\u00e7a a Roy Lambert, o ent\u00e3o advogado da Siri Singh Sahib Corporation e da Unto Infinity.<\/p>\n<p>No dia <span style=\"color: #a88d2e;\">3 de Outubro de 2004<\/span>, foi adoptado pelo conselho de administra\u00e7\u00e3o da ent\u00e3o sede da Siri Singh Sahib Corporation um Artigo de Restatement, o qual foi subsequentemente arquivado no Estado do Oregon a <span style=\"color: #a88d2e;\">11 de Janeiro de 2005<\/span>. Nesse documento, os membros do conselho da Unto Infinity, o ent\u00e3o conselho executivo existente da organiza\u00e7\u00e3o, receberam poderes de longo alcance na organiza\u00e7\u00e3o, essencialmente dando a eles controle completo n\u00e3o apenas da Unto Infinity, mas da pr\u00f3pria Siri Singh Sahib Corporation.<\/p>\n<p>Como sabemos, o Siri Singh Sahib deixou seu corpo em <span style=\"color: #a88d2e;\">6 de outubro de 2004<\/span> . Em suma, os membros do Conselho da Unto Infinity foram capazes de efetivar seu plano de assumir o controle total da organiza\u00e7\u00e3o fazendo com que seu advogado, Roy Lambert, retivesse a lista dos nomes das 15 pessoas que Siri Singh Sahib havia indicado para servir. no Conselho de Administra\u00e7\u00e3o inicial da Siri Singh Sahib Corporation ap\u00f3s sua morte e ao qual ele havia confiado o Sr. Lambert. Essencialmente, os membros do conselho da Unto Infinity preencheram esse vazio de autoridade que eles mesmos criaram.<\/p>\n<p>Essas t\u00e1ticas altamente question\u00e1veis logo vieram \u00e0 tona para a grande comunidade Dharmica, incluindo o Conselho Khalsa, resultando em uma a\u00e7\u00e3o judicial longa e contenciosa, na qual os demandantes, representando o minist\u00e9rio, buscavam recuperar o controle da organiza\u00e7\u00e3o daqueles que estavam percebidos como usando suas posi\u00e7\u00f5es de confian\u00e7a para promover seus pr\u00f3prios interesses pessoais. Os demandantes finalmente prevaleceram sobre o m\u00e9rito do caso em dezembro de 2011, for\u00e7ando os r\u00e9us a um acordo finalizado em maio de 2012, resultando na ren\u00fancia de seus cargos de autoridade na organiza\u00e7\u00e3o e permitindo que o minist\u00e9rio recuperasse o controle dos ativos e dire\u00e7\u00e3o da organiza\u00e7\u00e3o.<\/p>\n<p>A primeira ordem do dia foi preencher os lugares ainda vagos no Conselho de Administra\u00e7\u00e3o e foi decidido por aqueles principalmente alinhados com a a\u00e7\u00e3o judicial que o Conselho de Administra\u00e7\u00e3o do SSSC inicial seria nomeado e eleito por ministros ordenados em boa posi\u00e7\u00e3o, bem como por aqueles que contribu\u00edram para o sucesso do processo. Tamb\u00e9m foi determinado que o Conselho do SSSC seria composto por 15 membros eleitos e 2 ex officio.<br>O Conselho de Administra\u00e7\u00e3o inicial era composto pelos seguintes indiv\u00edduos:<\/p>\n<h4>Por elei\u00e7\u00e3o:<\/h4>\n<ul>\n<li>SS Avtar Hari Singh Khalsa<\/li>\n<li>SS Dharm Singh Khalsa<\/li>\n<li>Guru da SS Amrit Singh Khalsa<\/li>\n<li>SS Gurujot Kaur Khalsa<\/li>\n<li>MSS Gururaj Kaur Khalsa<\/li>\n<li>MSS Guru Singh Khalsa<\/li>\n<li>SS Gurujodha Singh Khalsa<\/li>\n<li>SS Hari Nam Singh Khalsa<\/li>\n<li>SS Harjot Kaur Khalsa<\/li>\n<li>SS Jai Singh Khalsa<\/li>\n<li>MSS Krishna Kaur Khalsa<\/li>\n<li>SS Shanti Kaur Khalsa<\/li>\n<li>SS Siri Pritam Kaur Khalsa<\/li>\n<li>SS Siri Vishnu Singh Khalsa<\/li>\n<li>SS Viriam Singh Khalsa.<\/li>\n<\/ul>\n<h4><br>Nomea\u00e7\u00e3o ex officio:<\/h4>\n<ul>\n<li>SSSa Guru Amrit Kaur Khalsa<\/li>\n<li>Bhai Sahiba Bibiji Inderjit Kaur.<\/li>\n<\/ul>\n<p>De acordo com o acordo judicial, os seguintes foram adicionados ao Conselho Inicial: Amrit Singh Khalsa, SS Deva Singh Khalsa, MSS Sada Sat Singh Khalsa.<br>A primeira reuni\u00e3o do Conselho de Administra\u00e7\u00e3o inicial teve lugar a 18 de Junho de 2012, em Espa\u00f1ola, Novo M\u00e9xico. Al\u00e9m de cuidar dos assuntos para \u201cfazer a bola rolar\u201d, o SS Gurujodha Singh Khalsa foi eleito presidente. Na primeira reuni\u00e3o de continua\u00e7\u00e3o do Conselho, realizada a 26 de Janeiro de 2013, em Los Angeles, Calif\u00f3rnia, o Conselho votou que o seguinte fosse a declara\u00e7\u00e3o de miss\u00e3o do Conselho de Administra\u00e7\u00e3o da SSSC:<\/p>\n\n\t\t<\/div>\n\t\t\t\t\t<\/div>\n\n\t\n\n<\/div>\n<div class=\"row align-center\"  id=\"row-26806601\">\n\n\n\t<div id=\"col-1310665105\" class=\"col medium-10 small-12 large-10\"  >\n\t\t\t\t<div class=\"col-inner\"  >\n\t\t\t\n\t<div class=\"is-border\"\n\t\tstyle=\"border-width:0px 0px 0px 3px;\">\n\t<\/div>\n\t\t\t\n\n<p><em>  &#8220;Com a orienta\u00e7\u00e3o de Deus e a gra\u00e7a do Guru \u00e9 miss\u00e3o da SSSC proteger, preservar e cultivar a prosperidade da comunidade constituinte e dos seus bens; ouvir, servir e elevar a comunidade constituinte; apoiar as entidades sem fins lucrativos e com fins lucrativos e a fam\u00edlia das comunidades constituintes; e viver e manter os valores dos ensinamentos do Siri Guru Granth Sahib e do Siri Singh Sahib Bhai Sahib Harbhajan Singh Khalsa Yogiji: servi\u00e7o desinteressado, compaix\u00e3o, bondade, honestidade, integridade, confian\u00e7a e consci\u00eancia inspirada pelo guru.\u201d<\/em><\/p>\n\n\t\t<\/div>\n\t\t\t\t\n<style>\n#col-1310665105 > .col-inner {\n  padding: 0px 0px 0px 10px;\n}\n<\/style>\n\t<\/div>\n\n\t\n\n<\/div>\n<div class=\"row\"  id=\"row-1939272754\">\n\n\n\t<div id=\"col-12569063\" class=\"col small-12 large-12\"  >\n\t\t\t\t<div class=\"col-inner\"  >\n\t\t\t\n\t\t\t\n\n<p>\u200bO Conselho inicial decidiu que o mandato dos membros do Conselho seria de cinco anos, com metade do Conselho tendo que se candidatar \u00e0 reelei\u00e7\u00e3o (ou optar por n\u00e3o concorrer novamente) a cada dois anos e meio. O Conselho tamb\u00e9m estabeleceu padr\u00f5es de elegibilidade tanto para os candidatos quanto para o eleitorado. Os Artigos de Incorpora\u00e7\u00e3o Reformulados mais recentes da Siri Singh Sahib Corporation foram arquivados em <span style=\"color: #a88d2e;\">7 de mar\u00e7o de 2013<\/span> . Permanece uma Corpora\u00e7\u00e3o Religiosa Sem Fins Lucrativos de Oregon, em virtude de ser considerada uma \u201cigreja\u201d. Seus \u201cProp\u00f3sitos\u201d, conforme declarados naquele documento, s\u00e3o os seguintes:<\/p>\n<div class=\"row align-center\"  id=\"row-1040087615\">\n\n\n\t<div id=\"col-1461693401\" class=\"col medium-10 small-12 large-10\"  >\n\t\t\t\t<div class=\"col-inner\"  >\n\t\t\t\n\t<div class=\"is-border\"\n\t\tstyle=\"border-width:0px 0px 0px 3px;\">\n\t<\/div>\n\t\t\t\n\n<p><em>\u201cOperar exclusivamente para fins religiosos, beneficentes e educacionais, dentro do significado da Se\u00e7\u00e3o 501(c)(3) do Internal Revenue Code de 1986, conforme alterado, ou qualquer disposi\u00e7\u00e3o sucessora, incluindo, mas n\u00e3o se limitando a apoiar e promover a pr\u00e1tica da religi\u00e3o Sikh como foi ensinado pelo Siri Singh Sahib Bhai Sahib Harbhajan Khalsa Yogiji (\u201cYogi Bhajan\u201d) e reunindo seus adeptos, e atuando como a organiza\u00e7\u00e3o legal sucessora do Siri Singh Sahib de Sikh Dharma, uma corpora\u00e7\u00e3o da Calif\u00f3rnia \u00fanica e servindo como guardi\u00e3o e administrador desses bens dedicados por Yogi Bhajan para apoiar o Sikh Dharma\/3HO co<\/em><\/p>\n\n\t\t<\/div>\n\t\t\t\t\n<style>\n#col-1461693401 > .col-inner {\n  padding: 0px 0px 0px 10px;\n}\n<\/style>\n\t<\/div>\n\n\t\n\n<\/div>\n\n\t\t<\/div>\n\t\t\t\t\t<\/div>\n\n\t\n\n<\/div>\n\n\t\t<\/div>\n\n\t\t\n<style>\n#section_1053639302 {\n  padding-top: 30px;\n  padding-bottom: 30px;\n}\n#section_1053639302 .ux-shape-divider--top svg {\n  height: 150px;\n  --divider-top-width: 100%;\n}\n#section_1053639302 .ux-shape-divider--bottom svg {\n  height: 150px;\n  --divider-width: 100%;\n}\n<\/style>\n\t<\/section>\n\t\n\n","protected":false},"excerpt":{"rendered":"","protected":false},"author":1,"featured_media":0,"parent":0,"menu_order":0,"comment_status":"closed","ping_status":"closed","template":"page-blank.php","meta":{"iawp_total_views":5,"footnotes":""},"class_list":["post-2119","page","type-page","status-publish","hentry"],"_links":{"self":[{"href":"https:\/\/ssscorp.org\/pt-br\/wp-json\/wp\/v2\/pages\/2119","targetHints":{"allow":["GET"]}}],"collection":[{"href":"https:\/\/ssscorp.org\/pt-br\/wp-json\/wp\/v2\/pages"}],"about":[{"href":"https:\/\/ssscorp.org\/pt-br\/wp-json\/wp\/v2\/types\/page"}],"author":[{"embeddable":true,"href":"https:\/\/ssscorp.org\/pt-br\/wp-json\/wp\/v2\/users\/1"}],"replies":[{"embeddable":true,"href":"https:\/\/ssscorp.org\/pt-br\/wp-json\/wp\/v2\/comments?post=2119"}],"version-history":[{"count":1,"href":"https:\/\/ssscorp.org\/pt-br\/wp-json\/wp\/v2\/pages\/2119\/revisions"}],"predecessor-version":[{"id":2129,"href":"https:\/\/ssscorp.org\/pt-br\/wp-json\/wp\/v2\/pages\/2119\/revisions\/2129"}],"wp:attachment":[{"href":"https:\/\/ssscorp.org\/pt-br\/wp-json\/wp\/v2\/media?parent=2119"}],"curies":[{"name":"wp","href":"https:\/\/api.w.org\/{rel}","templated":true}]}}