{"id":18712,"date":"2026-05-14T15:18:40","date_gmt":"2026-05-14T15:18:40","guid":{"rendered":"https:\/\/ssscorp.org\/alimentando-o-mundo-um-langar-de-cada-vez-2\/"},"modified":"2026-05-14T16:32:28","modified_gmt":"2026-05-14T16:32:28","slug":"alimentando-o-mundo-um-langar-de-cada-vez-2","status":"publish","type":"page","link":"https:\/\/ssscorp.org\/pt-br\/alimentando-o-mundo-um-langar-de-cada-vez-2\/","title":{"rendered":"Ajuda em caso de enchentes em Punjab"},"content":{"rendered":"\n\n\n<style>\n\n\n.seva-logo-section .row {\n  margin: 0 !important;\n}\n\n.row-large > .col {\n  padding: 0px;\n}\n\n.seva-map-section {\n  width: 100vw;\n  left: 50%;\n  transform: translateX(-50.00001%);\n}\n\n\n.row {\nmax-width: 840px;\n}\n\n.flood-relief-msg-box {\nwidth: 25em;\nmargin: 0 auto;\nborder-radius: 15px;\npadding: 15px;\nmargin-top: 30px;\n}\n\n@media (max-width: 500px) {\n.flood-relief-msg-box {\nwidth: 100%;\nmargin-top: 50px;\n}\n}\n\n.flood-relief-msg-box .message-box-bg-overlay {\nborder-radius: 15px;\n}\n\n.flood-relief-msg-box .col-inner {\npadding: 8px 8px !important;\n}\n\n.flood-relief-msg-box p {\nmargin: 10px 0;\n}\n\nh4.section-title b {\nopacity: 0;\n}\n\n\n.flood-relief-numbers-row .col-inner {\n  display: flex;\n  justify-content: center;\n  flex-direction: column;\n  align-items: center;\n}\n.flood-relief-numbers-row .col-inner p {\n margin: 10px 0;\n}\n\n.flood-relief-pull-quote {\npadding: 1em 3em;\n}\n\n@media (max-width: 500px) {\n.flood-relief-pull-quote {\npadding: 1em;\n}\n\n}\n\n@media (max-width: 549px) {\n.seva-map-section .col-inner {\n padding-top: 10px !important;\n padding-bottom: 10px !important;\n}\n.seva-map-section-last {\n margin-top: -1em;\n  margin-bottom: 1em;\n}\n}\n<\/style>\n\n\t<section class=\"section\" id=\"section_1528911361\">\n\t\t<div class=\"bg section-bg fill bg-fill  bg-loaded\" >\n\n\t\t\t\n\t\t\t\n\t\t\t\n\n\t\t<\/div>\n\n\t\t\n\n\t\t<div class=\"section-content relative\">\n\t\t\t\n\n<div class=\"row align-middle align-center\"  id=\"row-529780328\">\n\n\n\t<div id=\"col-446348656\" class=\"col small-12 large-12\"  >\n\t\t\t\t<div class=\"col-inner text-center\"  >\n\t\t\t\n\t\t\t\n\n<div class=\"container section-title-container\" ><h4 class=\"section-title section-title-center\"><b><\/b><span class=\"section-title-main\" style=\"font-size:91%;\">Seva em A\u00e7\u00e3o - Ajuda Humanit\u00e1ria<\/span><b><\/b><\/h4><\/div>\n\n<div class=\"container section-title-container\" ><h1 class=\"section-title section-title-center\"><b><\/b><span class=\"section-title-main\" style=\"font-size:105%;\">Ajuda em caso de enchentes em Punjab<\/span><b><\/b><\/h1><\/div>\n\n<p style=\"text-align: left;\">Quando inunda\u00e7\u00f5es devastadoras deixaram centenas de fam\u00edlias desalojadas em Punjab, na \u00cdndia, o sangat respondeu com rapidez, cuidado e compromisso cont\u00ednuo, demonstrando como \u00e9 o seva quando as comunidades agem juntas.<\/p>\n<p>Uma iniciativa conjunta da <strong>SSSC &#8211; Miri Piri Academy &#8211; Raj Khalsa Gurdwara<\/strong><\/p>\n\n\t\t<\/div>\n\t\t\t\t\t<\/div>\n\n\t\n\n<\/div>\n\n\t\t<\/div>\n\n\t\t\n<style>\n#section_1528911361 {\n  padding-top: 0px;\n  padding-bottom: 0px;\n}\n#section_1528911361 .ux-shape-divider--top svg {\n  height: 150px;\n  --divider-top-width: 100%;\n}\n#section_1528911361 .ux-shape-divider--bottom svg {\n  height: 150px;\n  --divider-width: 100%;\n}\n<\/style>\n\t<\/section>\n\t\n\t<section class=\"section seva-map-section\" id=\"section_387370417\">\n\t\t<div class=\"bg section-bg fill bg-fill  bg-loaded\" >\n\n\t\t\t\n\t\t\t\n\t\t\t\n\n\t\t<\/div>\n\n\t\t\n\n\t\t<div class=\"section-content relative\">\n\t\t\t\n\n<div class=\"row row-collapse align-middle align-center\"  id=\"row-1406529038\">\n\n\n\t<div id=\"col-1883973442\" class=\"col medium-4 small-12 large-4\"  >\n\t\t\t\t<div class=\"col-inner text-center\"  >\n\t\t\t\n\t\t\t\n\n\n\n<div style=\"color: white; font-size: 2rem; font-weight: bold; text-align: center\" id=\"sssc-map-first-column\">\n100\n<\/div>\n<div style=\"color: white; font-size: 1; text-align: center\">fam\u00edlias beneficiadas com ajuda imediata<\/div>\n<div style=\"color: white; font-size: 1rem; text-align: center; margin-top: 5px;\">&nbsp;<\/div>\n\n<style>\n@media (max-width: 549px) {\n  #sssc-map-first-column {\n    margin-top: 10px;\n  }\n}\n<\/style>\n\n\n\t\t<\/div>\n\t\t\t\t\n<style>\n#col-1883973442 > .col-inner {\n  padding: 0 0px 0px 0px;\n  margin: 0 0px 0px 0px;\n}\n<\/style>\n\t<\/div>\n\n\t\n\n\t<div id=\"col-907667397\" class=\"col medium-4 small-12 large-4\"  >\n\t\t\t\t<div class=\"col-inner text-center\"  >\n\t\t\t\n\t\t\t\n\n\n\n<div style=\"color: white; font-size: 2rem; font-weight: bold; text-align: center\">808<\/div>\n<div style=\"color: white; font-size: 1; text-align: center\">kits de roupas de cama e cobertores entregues<\/div>\n<div style=\"color: white; font-size: 1rem; text-align: center; margin-top: 5px;\">&nbsp;<\/div>\n\n\n\t\t<\/div>\n\t\t\t\t\n<style>\n#col-907667397 > .col-inner {\n  padding: 0 0px 0px 0px;\n  margin: 0 0px 0px 0px;\n}\n<\/style>\n\t<\/div>\n\n\t\n\n\t<div id=\"col-1986823484\" class=\"col medium-4 small-12 large-4\"  >\n\t\t\t\t<div class=\"col-inner text-center\"  >\n\t\t\t\n\t\t\t\n\n\n\n<div class=\"seva-map-section-last\"><div style=\"color: white; font-size: 2rem; font-weight: bold; text-align: center\">1<\/div>\n<div style=\"color: white; font-size: 1rem; text-align: center\">reconstru\u00e7\u00e3o da casa em andamento<\/div>\n<div style=\"background: white; color: rgb(33, 0, 112); font-size: 1rem; text-align: center; margin: 5px auto; width: 5.5rem\">EM EXECU\u00c7\u00c3O<\/div><\/div>\n\n\n\t\t<\/div>\n\t\t\t\t\n<style>\n#col-1986823484 > .col-inner {\n  padding: 0 0px 0px 0px;\n  margin: 0 0px 0px 0px;\n}\n<\/style>\n\t<\/div>\n\n\t\n\n\n<style>\n#row-1406529038 > .col > .col-inner {\n  padding: 30px 0px 30px 0px;\n}\n<\/style>\n<\/div>\n\n\t\t<\/div>\n\n\t\t\n<style>\n#section_387370417 {\n  padding-top: 8px;\n  padding-bottom: 8px;\n  background-color: rgb(33, 0, 112);\n}\n#section_387370417 .ux-shape-divider--top svg {\n  height: 150px;\n  --divider-top-width: 100%;\n}\n#section_387370417 .ux-shape-divider--bottom svg {\n  height: 150px;\n  --divider-width: 100%;\n}\n<\/style>\n\t<\/section>\n\t\n\t<div id=\"gap-856594684\" class=\"gap-element clearfix\" style=\"display:block; height:auto;\">\n\t\t\n<style>\n#gap-856594684 {\n  padding-top: 50px;\n}\n<\/style>\n\t<\/div>\n\t\n\n\t<section class=\"section\" id=\"section_2056585725\">\n\t\t<div class=\"bg section-bg fill bg-fill  bg-loaded\" >\n\n\t\t\t\n\t\t\t\n\t\t\t\n\n\t\t<\/div>\n\n\t\t\n\n\t\t<div class=\"section-content relative\">\n\t\t\t\n\n<div class=\"row\"  id=\"row-1125880321\">\n\n\n\t<div id=\"col-40524222\" class=\"col small-12 large-12\"  >\n\t\t\t\t<div class=\"col-inner\"  >\n\t\t\t\n\t\t\t\n\n\t<div id=\"text-513308058\" class=\"text seva-text-section\">\n\t\t\n\n<h3 style=\"text-align: center; margin-bottom: 1.5em;\">A resposta<\/h3>\n<p class=\"gmail-font-claude-response-body gmail-break-words gmail-whitespace-normal gmail-leading-&#091;1.7&#093;\" style=\"text-align: left;\">Quando Punjab sofreu uma grave inunda\u00e7\u00e3o, centenas de fam\u00edlias ficaram sem abrigo, roupa de cama ou necessidades b\u00e1sicas. A SSSC, em parceria com a Miri Piri Academy e a Raj Khalsa Gurdwara, mobilizou recursos rapidamente, priorizando as fam\u00edlias nas \u00e1reas mais afetadas e garantindo que a ajuda chegasse \u00e0queles com menos op\u00e7\u00f5es de recupera\u00e7\u00e3o. <\/p>\n<p class=\"gmail-font-claude-response-body gmail-break-words gmail-whitespace-normal gmail-leading-&#091;1.7&#093;\" style=\"text-align: left;\">Os fundos foram arrecadados e aplicados para al\u00edvio imediato, com \u00eanfase na dignidade: kits completos de roupas de cama foram montados e entregues \u00e0s fam\u00edlias como um pacote coeso.<\/p>\n\n\t\t\n<style>\n#text-513308058 {\n  text-align: center;\n}\n<\/style>\n\t<\/div>\n\t\n\n\t\t<\/div>\n\t\t\t\t\t<\/div>\n\n\t\n\n<\/div>\n\n\t\t<\/div>\n\n\t\t\n<style>\n#section_2056585725 {\n  padding-top: 0px;\n  padding-bottom: 0px;\n}\n#section_2056585725 .ux-shape-divider--top svg {\n  height: 150px;\n  --divider-top-width: 100%;\n}\n#section_2056585725 .ux-shape-divider--bottom svg {\n  height: 150px;\n  --divider-width: 100%;\n}\n<\/style>\n\t<\/section>\n\t\n\t<section class=\"section\" id=\"section_2070194251\">\n\t\t<div class=\"bg section-bg fill bg-fill  bg-loaded\" >\n\n\t\t\t\n\t\t\t\n\t\t\t\n\n\t\t<\/div>\n\n\t\t\n\n\t\t<div class=\"section-content relative\">\n\t\t\t\n\n<h3 style=\"text-align: center; margin-bottom: 1.5em;\">Impacto em n\u00fameros<\/h3>\n\n<div class=\"row align-equal flood-relief-numbers-row\"  id=\"row-381980081\">\n\n\n\t<div id=\"col-1853322352\" class=\"col medium-6 small-12 large-6\"  >\n\t\t\t\t<div class=\"col-inner\" style=\"background-color:rgb(239, 239, 239);\" >\n\t\t\t\n\t\t\t\n\n<p style=\"text-align: center;\"><strong>100 fam\u00edlias<\/strong><\/p>\n<p style=\"text-align: center;\">apoiado com al\u00edvio imediato das enchentes<\/p>\n\n\t\t<\/div>\n\t\t\t\t\n<style>\n#col-1853322352 > .col-inner {\n  padding: 15px 15px 15px 15px;\n  border-radius: 20px;\n}\n<\/style>\n\t<\/div>\n\n\t\n\n\t<div id=\"col-701274833\" class=\"col medium-6 small-12 large-6\"  >\n\t\t\t\t<div class=\"col-inner\" style=\"background-color:rgb(239, 239, 239);\" >\n\t\t\t\n\t\t\t\n\n<p style=\"text-align: center;\"><strong>300 kits de roupa de cama<\/strong><\/p>\n<p style=\"text-align: center;\">kits completos entregues \u00e0s fam\u00edlias desabrigadas<\/p>\n\n\t\t<\/div>\n\t\t\t\t\n<style>\n#col-701274833 > .col-inner {\n  padding: 15px 15px 15px 15px;\n  border-radius: 20px;\n}\n<\/style>\n\t<\/div>\n\n\t\n\n<\/div>\n<div class=\"row align-equal align-center flood-relief-numbers-row\"  id=\"row-821803560\">\n\n\n\t<div id=\"col-348947661\" class=\"col medium-6 small-12 large-6\"  >\n\t\t\t\t<div class=\"col-inner\" style=\"background-color:rgb(239, 239, 239);\" >\n\t\t\t\n\t\t\t\n\n<p style=\"text-align: center;\"><strong>508 cobertores<\/strong><\/p>\n<p style=\"text-align: center;\">cobertores adicionais chegam \u00e0s fam\u00edlias nas \u00e1reas mais afetadas<\/p>\n\n\t\t<\/div>\n\t\t\t\t\n<style>\n#col-348947661 > .col-inner {\n  padding: 15px 15px 15px 15px;\n  border-radius: 20px;\n}\n<\/style>\n\t<\/div>\n\n\t\n\n\t<div id=\"col-1908505124\" class=\"col medium-6 small-12 large-6\"  >\n\t\t\t\t<div class=\"col-inner\" style=\"background-color:rgb(239, 239, 239);\" >\n\t\t\t\n\t\t\t\n\n<p style=\"text-align: center;\"><strong>1 reconstru\u00e7\u00e3o de casa Em andamento para uma vi\u00fava que perdeu sua casa<\/strong><\/p>\n<p style=\"text-align: center;\">um compromisso com a recupera\u00e7\u00e3o de longo prazo, n\u00e3o apenas com o al\u00edvio imediato<\/p>\n\n\t\t<\/div>\n\t\t\t\t\n<style>\n#col-1908505124 > .col-inner {\n  padding: 15px 15px 15px 15px;\n  border-radius: 20px;\n}\n<\/style>\n\t<\/div>\n\n\t\n\n<\/div>\n<div class=\"row\"  id=\"row-1600529590\">\n\n\n\t<div id=\"col-1869150452\" class=\"col small-12 large-12\"  >\n\t\t\t\t<div class=\"col-inner\"  >\n\t\t\t\n\t\t\t\n\n<p style=\"text-align: center;\"><em>Todo o aux\u00edlio foi implementado em parceria com a Miri Piri Academy e a Raj Khalsa Gurdwara.<\/em><\/p>\n\n\t\t<\/div>\n\t\t\t\t\t<\/div>\n\n\t\n\n<\/div>\n\n\t\t<\/div>\n\n\t\t\n<style>\n#section_2070194251 {\n  padding-top: 0px;\n  padding-bottom: 0px;\n}\n#section_2070194251 .ux-shape-divider--top svg {\n  height: 150px;\n  --divider-top-width: 100%;\n}\n#section_2070194251 .ux-shape-divider--bottom svg {\n  height: 150px;\n  --divider-width: 100%;\n}\n<\/style>\n\t<\/section>\n\t\n\t<section class=\"section\" id=\"section_917462437\">\n\t\t<div class=\"bg section-bg fill bg-fill  bg-loaded\" >\n\n\t\t\t\n\t\t\t\n\t\t\t\n\n\t\t<\/div>\n\n\t\t\n\n\t\t<div class=\"section-content relative\">\n\t\t\t\n\n<div class=\"row\"  id=\"row-20791579\">\n\n\n\t<div id=\"col-1663749334\" class=\"col small-12 large-12\"  >\n\t\t\t\t<div class=\"col-inner\"  >\n\t\t\t\n\t\t\t\n\n<h3 style=\"text-align: center;\">Uma hist\u00f3ria de Seva<\/h3>\n<p class=\"flood-relief-pull-quote\"><strong><em>Entre as pessoas atendidas estava uma vi\u00fava que perdeu sua casa completamente por causa das enchentes. A reconstru\u00e7\u00e3o agora em andamento \u00e9 um lembrete de que seva n\u00e3o se trata apenas de resposta imediata &#8211; trata-se de permanecer presente para aqueles que mais precisam de n\u00f3s. <\/em><\/strong><\/p>\n<p>Essa iniciativa reflete o que \u00e9 poss\u00edvel fazer quando o sangat age como um s\u00f3. A parceria entre a SSSC, a MPA e a Raj Khalsa Gurdwara demonstrou como os recursos institucionais e os relacionamentos comunit\u00e1rios &#8211; j\u00e1 existentes &#8211; podem ser voltados para o servi\u00e7o com rapidez e cuidado. <\/p>\n\n\n\t\t<\/div>\n\t\t\t\t\t<\/div>\n\n\t\n\n<\/div>\n\n\t\t<\/div>\n\n\t\t\n<style>\n#section_917462437 {\n  padding-top: 0px;\n  padding-bottom: 0px;\n}\n#section_917462437 .ux-shape-divider--top svg {\n  height: 150px;\n  --divider-top-width: 100%;\n}\n#section_917462437 .ux-shape-divider--bottom svg {\n  height: 150px;\n  --divider-width: 100%;\n}\n<\/style>\n\t<\/section>\n\t\n\t<section class=\"section\" id=\"section_1760361727\">\n\t\t<div class=\"bg section-bg fill bg-fill  bg-loaded\" >\n\n\t\t\t\n\t\t\t\n\t\t\t\n\n\t\t<\/div>\n\n\t\t\n\n\t\t<div class=\"section-content relative\">\n\t\t\t\n\n<div class=\"row\"  id=\"row-336764189\">\n\n\n\t<div id=\"col-514077140\" class=\"col small-12 large-12\"  >\n\t\t\t\t<div class=\"col-inner\"  >\n\t\t\t\n\t\t\t\n\n<h3 style=\"text-align: center; margin-bottom: 1.5em;\"><strong>Parte de um compromisso crescente<\/strong><\/h3>\n<p>O Punjab Flood Relief faz parte do trabalho de seva mais amplo da SSSC, que abrange a\u00e7\u00e3o ambiental, servi\u00e7o de alimenta\u00e7\u00e3o e resposta humanit\u00e1ria em toda a sangat global. Nos pr\u00f3ximos quatro anos, a SSSC est\u00e1 trabalhando para criar centros de seva em 30 pa\u00edses &#8211; construindo a infraestrutura para esse tipo de resposta r\u00e1pida e com base local, onde quer que a comunidade viva. <\/p>\n\n<div class=\"message-box relative flood-relief-msg-box dark\" style=\"padding-top:12px;padding-bottom:12px;\"><div class=\"message-box-bg-image bg-fill fill\" ><\/div><div class=\"message-box-bg-overlay bg-fill fill\" style=\"background-color:rgb(33, 0, 112);\"><\/div><div class=\"container relative\"><div class=\"inner last-reset\">\n\n<div class=\"row align-middle align-center\"  id=\"row-1547508051\">\n\n\n\t<div id=\"col-1234468272\" class=\"col small-12 large-12\"  >\n\t\t\t\t<div class=\"col-inner\"  >\n\t\t\t\n\t\t\t\n\n\t<div id=\"text-2920143174\" class=\"text\">\n\t\t\n\n<p style=\"font-weight: bold;\">CENTROS DE SEVA ATUAIS:<\/p>\n<p><strong>\u00cdndia (Miri Piri Academy) &#8211; Estados Unidos  <\/strong><\/p>\n<p style=\"font-size: 0.88em\">com uma meta de 30 hubs em 30 pa\u00edses at\u00e9 2029<\/p>\n\n\t\t\n<style>\n#text-2920143174 {\n  text-align: center;\n}\n<\/style>\n\t<\/div>\n\t\n\n\t\t<\/div>\n\t\t\t\t\n<style>\n#col-1234468272 > .col-inner {\n  padding: 0 0px 0px 0px;\n  margin: 0 0px 0px 0px;\n}\n<\/style>\n\t<\/div>\n\n\t\n\n\n<style>\n#row-1547508051 > .col > .col-inner {\n  padding: 30px 30px 30px 30px;\n}\n<\/style>\n<\/div>\n\n<\/div><\/div><\/div>\n\n\t\t<\/div>\n\t\t\t\t\t<\/div>\n\n\t\n\n<\/div>\n\n\t\t<\/div>\n\n\t\t\n<style>\n#section_1760361727 {\n  padding-top: 0px;\n  padding-bottom: 0px;\n}\n#section_1760361727 .ux-shape-divider--top svg {\n  height: 150px;\n  --divider-top-width: 100%;\n}\n#section_1760361727 .ux-shape-divider--bottom svg {\n  height: 150px;\n  --divider-width: 100%;\n}\n<\/style>\n\t<\/section>\n\t\n\n","protected":false},"excerpt":{"rendered":"","protected":false},"author":1,"featured_media":0,"parent":0,"menu_order":0,"comment_status":"closed","ping_status":"closed","template":"","meta":{"iawp_total_views":1,"footnotes":""},"class_list":["post-18712","page","type-page","status-publish","hentry"],"_links":{"self":[{"href":"https:\/\/ssscorp.org\/pt-br\/wp-json\/wp\/v2\/pages\/18712","targetHints":{"allow":["GET"]}}],"collection":[{"href":"https:\/\/ssscorp.org\/pt-br\/wp-json\/wp\/v2\/pages"}],"about":[{"href":"https:\/\/ssscorp.org\/pt-br\/wp-json\/wp\/v2\/types\/page"}],"author":[{"embeddable":true,"href":"https:\/\/ssscorp.org\/pt-br\/wp-json\/wp\/v2\/users\/1"}],"replies":[{"embeddable":true,"href":"https:\/\/ssscorp.org\/pt-br\/wp-json\/wp\/v2\/comments?post=18712"}],"version-history":[{"count":48,"href":"https:\/\/ssscorp.org\/pt-br\/wp-json\/wp\/v2\/pages\/18712\/revisions"}],"predecessor-version":[{"id":19080,"href":"https:\/\/ssscorp.org\/pt-br\/wp-json\/wp\/v2\/pages\/18712\/revisions\/19080"}],"wp:attachment":[{"href":"https:\/\/ssscorp.org\/pt-br\/wp-json\/wp\/v2\/media?parent=18712"}],"curies":[{"name":"wp","href":"https:\/\/api.w.org\/{rel}","templated":true}]}}