{"id":17255,"date":"2026-02-08T11:53:25","date_gmt":"2026-02-08T11:53:25","guid":{"rendered":"https:\/\/ssscorp.org\/reunioes-ordinarias-e-extraordinarias-de-2026\/"},"modified":"2026-04-29T19:41:42","modified_gmt":"2026-04-29T19:41:42","slug":"reunioes-ordinarias-e-extraordinarias-de-2026","status":"publish","type":"page","link":"https:\/\/ssscorp.org\/pt-br\/reunioes-ordinarias-e-extraordinarias-de-2026\/","title":{"rendered":"Reuni\u00f5es ordin\u00e1rias e extraordin\u00e1rias de 2026"},"content":{"rendered":"\n\n  <div class=\"banner has-hover has-parallax\" id=\"banner-1091192834\">\n          <div class=\"banner-inner fill\">\n        <div class=\"banner-bg fill\" data-parallax=\"-3\" data-parallax-container=\".banner\" data-parallax-background>\n            <div class=\"bg fill bg-fill \"><\/div>\n                        <div class=\"overlay\"><\/div>            \n                    <\/div>\n\t\t\n        <div class=\"banner-layers container\">\n            <div class=\"fill banner-link\"><\/div>            \n\n   <div id=\"text-box-1947741691\" class=\"text-box banner-layer x50 md-x50 lg-x50 y50 md-y50 lg-y50 res-text\">\n                                <div class=\"text-box-content text dark\">\n              \n              <div class=\"text-inner text-center\">\n                  \n\n<h3 class=\"uppercase\"><strong>Reuni\u00f5es ordin\u00e1rias e extraordin\u00e1rias de 2026<\/strong><\/h3>\n<p>Clique na data de cada Reuni\u00e3o Ordin\u00e1ria para ver a agenda dessa reuni\u00e3o.&nbsp;<\/p>\n\n              <\/div>\n           <\/div>\n                            \n<style>\n#text-box-1947741691 {\n  width: 98%;\n}\n#text-box-1947741691 .text-box-content {\n  font-size: 100%;\n}\n<\/style>\n    <\/div>\n \n\n        <\/div>\n      <\/div>\n\n            \n<style>\n#banner-1091192834 {\n  padding-top: 300px;\n}\n#banner-1091192834 .bg.bg-loaded {\n  background-image: url(https:\/\/ssscorp.org\/wp-content\/uploads\/2022\/09\/Untitled-design-3-scaled-1.jpeg);\n}\n#banner-1091192834 .overlay {\n  background-color: rgba(17, 33, 82, 0.855);\n}\n#banner-1091192834 .ux-shape-divider--top svg {\n  height: 150px;\n  --divider-top-width: 100%;\n}\n#banner-1091192834 .ux-shape-divider--bottom svg {\n  height: 150px;\n  --divider-width: 100%;\n}\n<\/style>\n  <\/div>\n\n\n\t<section class=\"section\" id=\"section_1268144185\">\n\t\t<div class=\"bg section-bg fill bg-fill  bg-loaded\" >\n\n\t\t\t\n\t\t\t\n\t\t\t\n\n\t\t<\/div>\n\n\t\t\n\n\t\t<div class=\"section-content relative\">\n\t\t\t\n\n<div class=\"row\"  id=\"row-670799831\">\n\n\n\t<div id=\"col-1186260409\" class=\"col medium-6 small-12 large-6\"  >\n\t\t\t\t<div class=\"col-inner\"  >\n\t\t\t\n\t\t\t\n\n<div class=\"container section-title-container\" ><h3 class=\"section-title section-title-normal\"><b><\/b><span class=\"section-title-main\" >Agendas das reuni\u00f5es ordin\u00e1rias de 2026<\/span><b><\/b><\/h3><\/div>\n\n<p><a href=\"https:\/\/ssscorp.org\/wp-content\/uploads\/2026\/02\/Screen-Shot-2026-02-07-at-12.05.53-PM.png\">8 de janeiro de 2026<\/a><\/p>\n<p><a href=\"https:\/\/ssscorp.org\/wp-content\/uploads\/2026\/02\/Screen-Shot-2026-02-07-at-12.06.18-PM.png\">14 de janeiro de 2026<\/a><\/p>\n<p><a href=\"https:\/\/ssscorp.org\/wp-content\/uploads\/2026\/02\/Screen-Shot-2026-02-07-at-12.06.51-PM.png\">28 de janeiro de 2026<\/a><\/p>\n<p><a href=\"https:\/\/ssscorp.org\/wp-content\/uploads\/2026\/03\/AGENDA-Wednesday-February-25-2026-Regular.docx.pdf\">25 de fevereiro de 2026<\/a><\/p>\n<p><a href=\"https:\/\/ssscorp.org\/wp-content\/uploads\/2026\/03\/AGENDA-Thursday-February-26-2026-Regular.docx.pdf\">26 de fevereiro de 2026<\/a><\/p>\n<p><a href=\"https:\/\/ssscorp.org\/wp-content\/uploads\/2026\/04\/AGENDA-Wednesday-March-4-2026-Regular.docx-1.pdf\">4 de mar\u00e7o de 2026<\/a><\/p>\n<p><a href=\"https:\/\/ssscorp.org\/wp-content\/uploads\/2026\/04\/AGENDA-Wednesday-March-11-2026-Regular.docx.pdf\">11 de mar\u00e7o de 2026<\/a><\/p>\n<p><a href=\"https:\/\/ssscorp.org\/wp-content\/uploads\/2026\/04\/AGENDA-Thursday-April-2-2026-Regular.docx.pdf\">2 de abril de 2026<\/a><\/p>\n<p><a href=\"https:\/\/ssscorp.org\/wp-content\/uploads\/2026\/04\/AGENDA-Wednesday-April-15-2026-Morning-Meeting-Regular.docx.pdf\">15 de abril de 2026<\/a><\/p>\n<p><a href=\"https:\/\/ssscorp.org\/wp-content\/uploads\/2026\/04\/AGENDA-Wednesday-April-22-2026-Regular.docx.pdf\">22 de abril de 2026<\/a><\/p>\n<p> <\/p>\n<p> <\/p>\n\n\t\t<\/div>\n\t\t\t\t\t<\/div>\n\n\t\n\n\t<div id=\"col-1702433652\" class=\"col medium-6 small-12 large-6\"  >\n\t\t\t\t<div class=\"col-inner\"  >\n\t\t\t\n\t\t\t\n\n<div class=\"container section-title-container\" ><h3 class=\"section-title section-title-normal\"><b><\/b><span class=\"section-title-main\" >Reuni\u00f5es especiais de 2026<\/span><b><\/b><\/h3><\/div>\n\n<p>14 de janeiro de 2026<\/p>\n<p>5 de fevereiro de 2026<\/p>\n<p>11 de fevereiro de 2026<\/p>\n<p>25 de fevereiro de 2026<\/p>\n<p>4 de mar\u00e7o de 2026<\/p>\n<p>11 de mar\u00e7o de 2026<\/p>\n<p>12 de mar\u00e7o de 2026<\/p>\n<p>18 de mar\u00e7o de 2026<\/p>\n<p>25 de mar\u00e7o de 2026<\/p>\n<p>1\u00ba de abril de 2026<\/p>\n<p>15 de abril de 2026<\/p>\n\n\t\t<\/div>\n\t\t\t\t\t<\/div>\n\n\t\n\n<\/div>\n<div class=\"row\"  id=\"row-532278796\">\n\n\n\t<div id=\"col-27373396\" class=\"col small-12 large-12\"  >\n\t\t\t\t<div class=\"col-inner\"  >\n\t\t\t\n\t\t\t\n\n<div class=\"row\"  id=\"row-1907586979\">\n\n\n\t<div id=\"col-253737221\" class=\"col small-12 large-12\"  >\n\t\t\t\t<div class=\"col-inner\"  >\n\t\t\t\n\t\t\t\n\n<h3\/>\n<p>&nbsp;<\/p>\n\n\t\t<\/div>\n\t\t\t\t\t<\/div>\n\n\t\n\n\t<div id=\"col-546752257\" class=\"col small-12 large-12\"  >\n\t\t\t\t<div class=\"col-inner\"  >\n\t\t\t\n\t\t\t\n\n<h3>MO\u00c7\u00d5ES<\/h3>\n<p>4 de mar\u00e7o de 2026 &#8211; Reuni\u00e3o ordin\u00e1ria<\/p>\n<p><b>MO\u00c7\u00c3O 1<\/b><\/p>\n<p>O SSSC nomeia Amarjap Kaur para atuar como membro do Conselho da 3HO Europe por um per\u00edodo de dois anos, com vig\u00eancia imediata. Al\u00e9m disso, ap\u00f3ia Deva Fateh, Varan Devpreet e Avtar Kaur Thielefeldt como consultores da diretoria. <\/p>\n<p><b>PASSES  <\/b><\/p>\n<p><a href=\"https:\/\/ssscorp.org\/wp-content\/uploads\/2026\/04\/Screen-Shot-2026-04-29-at-3.22.51-PM.png\">REGISTO VOTANTE<\/a><\/p>\n<p> <\/p>\n<p>2 de abril de 2026 &#8211; Reuni\u00e3o ordin\u00e1ria<\/p>\n<p><b>MO\u00c7\u00c3O 1  <\/b><\/p>\n<p><span style=\"font-weight: 400;\">   <\/span><i><span style=\"font-weight: 400;\">  Considerando que o Comit\u00ea de Governan\u00e7a analisou minuciosamente os candidatos \u00e0 renomea\u00e7\u00e3o para a Diretoria do KRI e analisou a avalia\u00e7\u00e3o dos membros da Diretoria (Peer Review), a Matriz de Habilidades do KRI e a contribui\u00e7\u00e3o do representante da Diretoria do KRI, Gurumeet Kaur Khalsa,<\/span><\/i><\/p>\n<p><i><span style=\"font-weight: 400;\">  Considerando que o Comit\u00ea de Governan\u00e7a da SSSC recomenda a aprova\u00e7\u00e3o da renomea\u00e7\u00e3o de Aman Jiwan Kaur \/Ellen Lenny-Pessagno para a Diretoria do KRI para um mandato de dois anos a partir de 1\u00ba de mar\u00e7o de 2026:<\/span><\/i><\/p>\n<p><i><span style=\"font-weight: 400;\">  Portanto, \u00e9<\/span><\/i><\/p>\n<p><i><span style=\"font-weight: 400;\">Resolve-se que o SSSC aprova a recondu\u00e7\u00e3o de Aman Jiwan Kaur \/Ellen Lenny-Pessagno para um mandato de dois anos, com in\u00edcio em 1\u00ba de mar\u00e7o de 2026 e t\u00e9rmino em 1\u00ba de mar\u00e7o de 2028<\/span><\/i><\/p>\n<p><strong><i>PASSES  <\/i><\/strong><\/p>\n<p><a href=\"https:\/\/ssscorp.org\/wp-content\/uploads\/2026\/04\/Screen-Shot-2026-04-29-at-3.29.13-PM.png\">REGISTO VOTANTE<\/a><\/p>\n<p> <\/p>\n<p><b>MO\u00c7\u00c3O 2<\/b><\/p>\n<p><i><span style=\"font-weight: 400;\">Considerando que o Comit\u00ea de Governan\u00e7a analisou minuciosamente os candidatos \u00e0 renomea\u00e7\u00e3o para a Diretoria do KRI e analisou a avalia\u00e7\u00e3o dos membros da Diretoria (Peer Review), a Matriz de Habilidades do KRI e a contribui\u00e7\u00e3o do representante da Diretoria do KRI, Gurumeet Kaur Khalsa,<\/span><\/i><\/p>\n<p><i><span style=\"font-weight: 400;\">  Considerando que o Comit\u00ea de Governan\u00e7a da SSSC recomenda a aprova\u00e7\u00e3o da renomea\u00e7\u00e3o de Dharam Dev Kaur Khalsa para a Diretoria do KRI para um mandato de dois anos a partir de 1\u00ba de mar\u00e7o de 2026:<\/span><\/i><\/p>\n<p><i><span style=\"font-weight: 400;\">  Portanto, \u00e9<\/span><\/i><\/p>\n<p><i><span style=\"font-weight: 400;\">Resolveu-se que o SSSC aprova a recondu\u00e7\u00e3o de Dharam Dev Kaur Khalsa para um mandato de dois anos, com in\u00edcio em 1\u00ba de mar\u00e7o de 2026 e t\u00e9rmino em 1\u00ba de mar\u00e7o de 2028<\/span><\/i><\/p>\n<p><b><i>PASSES  <\/i><\/b><\/p>\n<p><a href=\"https:\/\/ssscorp.org\/wp-content\/uploads\/2026\/04\/Screen-Shot-2026-04-29-at-3.30.41-PM.png\">REGISTO VOTANTE<\/a><br style=\"font-weight: 400;\"><br style=\"font-weight: 400;\"><\/p>\n<p><b>MO\u00c7\u00c3O 3<\/b><\/p>\n<p><b><i> <\/i><\/b><i><span style=\"font-weight: 400;\">  Considerando que o Comit\u00ea de Governan\u00e7a analisou minuciosamente os candidatos \u00e0 renomea\u00e7\u00e3o para a Diretoria do KRI e analisou a avalia\u00e7\u00e3o dos membros da Diretoria (Peer Review), a Matriz de Habilidades do KRI e a contribui\u00e7\u00e3o do representante da Diretoria do KRI, Gurumeet Kaur Khalsa,<\/span><\/i><\/p>\n<p><i><span style=\"font-weight: 400;\">  Considerando que o Comit\u00ea de Governan\u00e7a da SSSC recomenda a aprova\u00e7\u00e3o da recondu\u00e7\u00e3o de Harimandir Kaur Khalsa \u00e0 Diretoria do KRI para um mandato de dois anos a partir de 1\u00ba de mar\u00e7o de 2026:<\/span><\/i><\/p>\n<p><i><span style=\"font-weight: 400;\">  Portanto, \u00e9<\/span><\/i><\/p>\n<p><i><span style=\"font-weight: 400;\">Resolveu-se que o SSSC aprova a recondu\u00e7\u00e3o de Harimandir Kaur Khalsa para um mandato de dois anos, com in\u00edcio em 1\u00ba de mar\u00e7o de 2026 e t\u00e9rmino em 1\u00ba de mar\u00e7o de 2028<\/span><\/i><\/p>\n<p><b>PASSES  <\/b><\/p>\n<p><a href=\"https:\/\/ssscorp.org\/wp-content\/uploads\/2026\/04\/Screen-Shot-2026-04-29-at-3.32.20-PM.png\">REGISTO VOTANTE<\/a><br style=\"font-weight: 400;\"><br style=\"font-weight: 400;\"><\/p>\n<p><b>MO\u00c7\u00c3O 4<\/b><\/p>\n<p><i><span style=\"font-weight: 400;\">Considerando que o Comit\u00ea de Governan\u00e7a analisou minuciosamente os candidatos \u00e0 renomea\u00e7\u00e3o para a Diretoria do KRI e analisou a avalia\u00e7\u00e3o dos membros da Diretoria (Peer Review), a Matriz de Habilidades do KRI e a contribui\u00e7\u00e3o do representante da Diretoria do KRI, Gurumeet Kaur Khalsa,<\/span><\/i><\/p>\n<p><i><span style=\"font-weight: 400;\">  Considerando que o Comit\u00ea de Governan\u00e7a da SSSC recomenda a aprova\u00e7\u00e3o da recondu\u00e7\u00e3o de Harimandir Kaur Khalsa \u00e0 Diretoria do KRI para um mandato de dois anos a partir de 1\u00ba de mar\u00e7o de 2026:<\/span><\/i><\/p>\n<p><i><span style=\"font-weight: 400;\">  Portanto, \u00e9<\/span><\/i><\/p>\n<p><i><span style=\"font-weight: 400;\">Resolveu-se que o SSSC aprova a recondu\u00e7\u00e3o de Harimandir Kaur Khalsa para um mandato de dois anos, com in\u00edcio em 1\u00ba de mar\u00e7o de 2026 e t\u00e9rmino em 1\u00ba de mar\u00e7o de 2028<\/span><\/i><\/p>\n<p><b><i>PASSAGEIROS<\/i><\/b><\/p>\n<p><a href=\"https:\/\/ssscorp.org\/wp-content\/uploads\/2026\/04\/Screen-Shot-2026-04-29-at-3.34.55-PM.png\">REGISTO VOTANTE<\/a><br style=\"font-weight: 400;\"><br style=\"font-weight: 400;\"><br style=\"font-weight: 400;\"><\/p>\n<p> <\/p>\n<p> <\/p>\n<p><br style=\"font-weight: 400;\"><br style=\"font-weight: 400;\"><\/p>\n\n\t\t<\/div>\n\t\t\t\t\t<\/div>\n\n\t\n\n<\/div>\n\n\t\t<\/div>\n\t\t\t\t\t<\/div>\n\n\t\n\n<\/div>\n\n\t\t<\/div>\n\n\t\t\n<style>\n#section_1268144185 {\n  padding-top: 30px;\n  padding-bottom: 30px;\n}\n#section_1268144185 .ux-shape-divider--top svg {\n  height: 150px;\n  --divider-top-width: 100%;\n}\n#section_1268144185 .ux-shape-divider--bottom svg {\n  height: 150px;\n  --divider-width: 100%;\n}\n<\/style>\n\t<\/section>\n\t\n\n","protected":false},"excerpt":{"rendered":"","protected":false},"author":1,"featured_media":0,"parent":0,"menu_order":0,"comment_status":"closed","ping_status":"closed","template":"page-blank.php","meta":{"iawp_total_views":0,"footnotes":""},"class_list":["post-17255","page","type-page","status-publish","hentry"],"_links":{"self":[{"href":"https:\/\/ssscorp.org\/pt-br\/wp-json\/wp\/v2\/pages\/17255","targetHints":{"allow":["GET"]}}],"collection":[{"href":"https:\/\/ssscorp.org\/pt-br\/wp-json\/wp\/v2\/pages"}],"about":[{"href":"https:\/\/ssscorp.org\/pt-br\/wp-json\/wp\/v2\/types\/page"}],"author":[{"embeddable":true,"href":"https:\/\/ssscorp.org\/pt-br\/wp-json\/wp\/v2\/users\/1"}],"replies":[{"embeddable":true,"href":"https:\/\/ssscorp.org\/pt-br\/wp-json\/wp\/v2\/comments?post=17255"}],"version-history":[{"count":70,"href":"https:\/\/ssscorp.org\/pt-br\/wp-json\/wp\/v2\/pages\/17255\/revisions"}],"predecessor-version":[{"id":18453,"href":"https:\/\/ssscorp.org\/pt-br\/wp-json\/wp\/v2\/pages\/17255\/revisions\/18453"}],"wp:attachment":[{"href":"https:\/\/ssscorp.org\/pt-br\/wp-json\/wp\/v2\/media?parent=17255"}],"curies":[{"name":"wp","href":"https:\/\/api.w.org\/{rel}","templated":true}]}}