{"id":17006,"date":"2026-01-22T13:06:10","date_gmt":"2026-01-22T13:06:10","guid":{"rendered":"https:\/\/ssscorp.org\/dia-global-de-seva\/"},"modified":"2026-02-02T18:11:06","modified_gmt":"2026-02-02T18:11:06","slug":"dia-global-de-seva","status":"publish","type":"page","link":"https:\/\/ssscorp.org\/pt-br\/dia-global-de-seva\/","title":{"rendered":"Dia Global de Seva"},"content":{"rendered":"\n\n\n<style>\n\n\n.img-inner {\n  \/*border: 0px solid #b7ccb2;\n  border-bottom-width: 3px;*\/\n  padding: 10px\n}\n\n.seva-logo-section, .seva-logo-section .img-inner, .seva-logo-section .col {\n  padding: 0 !important;\n}\n\n.seva-logo-section .row {\n  margin: 0 !important;\n}\n\n.row-large &gt; .col {\n  padding: 0px;\n}\n\n.seva-logo-section {\n  margin-top: -10% !important;\n  margin-bottom: -10% !important;\n  z-index: 20;\n}\n\n.seva-logo-section .col {\n  padding-bottom: 0;\n}\n\n@media screen and (max-width: 549px) {\n\n .seva-top-logo-wrap {\n   text-align: center !important;\n  }\n  \n  .seva-top-logo {\n    margin-left: auto !important;\n    margin-right: auto !important;\n  }\n\n}\n\n.seva-top-logo {\n \/*opacity: 0.7;*\/\n}\n\n.seva-top-logo .img-inner {\n  border: none !important;\n  box-shadow: none !important;\n}\n\n<\/style>\n\n\t<section class=\"section\" id=\"section_223030895\">\n\t\t<div class=\"bg section-bg fill bg-fill  bg-loaded\" >\n\n\t\t\t\n\t\t\t\n\t\t\t\n\n\t\t<\/div>\n\n\t\t\n\n\t\t<div class=\"section-content relative\">\n\t\t\t\n\n<div class=\"row row-collapse align-middle align-center\"  id=\"row-1600738322\">\n\n\n\t<div id=\"col-1057140473\" class=\"col seva-top-logo-wrap medium-6 small-12 large-6\"  >\n\t\t\t\t<div class=\"col-inner text-right\"  >\n\t\t\t\n\t\t\t\n\n\t<div class=\"img has-hover seva-top-logo x md-x lg-x y md-y lg-y\" id=\"image_276347206\">\n\t\t\t\t\t\t\t\t<div class=\"img-inner box-shadow-2 dark\" style=\"margin:0px 0 0px 0px;\">\n\t\t\t<img fetchpriority=\"high\" decoding=\"async\" width=\"720\" height=\"516\" src=\"https:\/\/ssscorp.org\/wp-content\/uploads\/2026\/01\/LOGO-seva-cr.png\" class=\"attachment-large size-large\" alt=\"\" srcset=\"https:\/\/ssscorp.org\/wp-content\/uploads\/2026\/01\/LOGO-seva-cr.png 720w, https:\/\/ssscorp.org\/wp-content\/uploads\/2026\/01\/LOGO-seva-cr-300x215.png 300w\" sizes=\"(max-width: 720px) 100vw, 720px\" \/>\t\t\t\t\t\t\n\t\t\t\t\t<\/div>\n\t\t\t\t\t\t\t\t\n<style>\n#image_276347206 {\n  width: 73%;\n}\n<\/style>\n\t<\/div>\n\t\n\n\n\t\t<\/div>\n\t\t\t\t\n<style>\n#col-1057140473 > .col-inner {\n  padding: 0 0px 0px 0px;\n  margin: 0 0px 0px 0px;\n}\n<\/style>\n\t<\/div>\n\n\t\n\n\t<div id=\"col-1211837654\" class=\"col seva-top-logo-wrap medium-6 small-12 large-6\"  >\n\t\t\t\t<div class=\"col-inner text-left\"  >\n\t\t\t\n\t\t\t\n\n\t<div class=\"img has-hover seva-top-logo x md-x lg-x y md-y lg-y\" id=\"image_1602922492\">\n\t\t\t\t\t\t\t\t<div class=\"img-inner box-shadow-2 dark\" >\n\t\t\t<img decoding=\"async\" width=\"800\" height=\"516\" src=\"https:\/\/ssscorp.org\/wp-content\/uploads\/2026\/01\/feeding-the-world-logo-e1769086802138.png\" class=\"attachment-large size-large\" alt=\"\" \/>\t\t\t\t\t\t\n\t\t\t\t\t<\/div>\n\t\t\t\t\t\t\t\t\n<style>\n#image_1602922492 {\n  width: 82%;\n}\n<\/style>\n\t<\/div>\n\t\n\n\n\t\t<\/div>\n\t\t\t\t\n<style>\n#col-1211837654 > .col-inner {\n  padding: 0 0px 0px 0px;\n  margin: 0 0px 0px 0px;\n}\n<\/style>\n\t<\/div>\n\n\t\n\n\n<style>\n#row-1600738322 > .col > .col-inner {\n  padding: 0 0px 0px 0px;\n}\n<\/style>\n<\/div>\n\n\t\t<\/div>\n\n\t\t\n<style>\n#section_223030895 {\n  padding-top: 0px;\n  padding-bottom: 0px;\n}\n#section_223030895 .ux-shape-divider--top svg {\n  height: 150px;\n  --divider-top-width: 100%;\n}\n#section_223030895 .ux-shape-divider--bottom svg {\n  height: 150px;\n  --divider-width: 100%;\n}\n<\/style>\n\t<\/section>\n\t\n\t<div id=\"gap-803418540\" class=\"gap-element clearfix\" style=\"display:block; height:auto;\">\n\t\t\n<style>\n#gap-803418540 {\n  padding-top: 30px;\n}\n<\/style>\n\t<\/div>\n\t\n\n  <div id=\"page-header-2114866194\" class=\"page-header-wrapper\">\n  <div class=\"page-title seva-header light simple-title\">\n\n    \n    <div class=\"page-title-inner container align-center text-center flex-row-col medium-flex-wrap\" >\n              <div class=\"title-wrapper is-large flex-col\">\n          <h1 class=\"entry-title mb-0\">\n            Dia Global de Seva          <\/h1>\n        <\/div>\n                    <div class=\"title-content flex-col\">\n        <div class=\"title-breadcrumbs pb-half pt-half\"><\/div>      <\/div>\n    <\/div>\n\n       <\/div>\n    <\/div>\n  \n\n\t<div id=\"text-212678407\" class=\"text seva-text-section\">\n\t\t\n\n<p dir=\"ltr\" style=\"text-align: center;\"><strong>Um dia global de compaix\u00e3o, servi\u00e7o e eleva\u00e7\u00e3o<\/strong><br><br><\/p>\n<h2 dir=\"ltr\" style=\"text-align: left;\"><strong>O que \u00e9 o Dia Global de Seva?<\/strong><\/h2>\n<p dir=\"ltr\" style=\"text-align: left;\">O <strong>Dia Global de Seva<\/strong> \u00e9 um convite mundial para colocar nossos valores espirituais em a\u00e7\u00e3o por meio do <strong>servi\u00e7o altru\u00edsta (seva)<\/strong>. Nesse dia, indiv\u00edduos, fam\u00edlias, gurdwaras e comunidades de todo o mundo se unem para servir, elevar os necessitados e fortalecer conex\u00f5es locais compassivas e equitativas. <\/p>\n<p dir=\"ltr\" style=\"text-align: left;\">Nosso prop\u00f3sito \u00e9 simples e poderoso: <strong>reunir-se com uma inten\u00e7\u00e3o comum &#8211; servir &#8211; e<\/strong>escolher projetos de seva que possam causar um impacto significativo e mensur\u00e1vel em comunidades de todo o mundo.<\/p>\n<p dir=\"ltr\" style=\"text-align: left;\">Este dia \u00e9 sobre muitas m\u00e3os, um cora\u00e7\u00e3o.<\/p>\n<p style=\"text-align: left;\"> <\/p>\n<h2 dir=\"ltr\" style=\"text-align: left;\"><strong>Nossos temas globais<\/strong><\/h2>\n<p dir=\"ltr\" style=\"text-align: left;\">A cada ano, o Dia Global de Seva destaca um tema unificador que reflete nossos valores compartilhados e as necessidades do mundo.<\/p>\n<h3 dir=\"ltr\" style=\"text-align: left;\">Tema de 2025: Seva o Planeta<\/h3>\n<p dir=\"ltr\" style=\"text-align: left;\"><a href=\"https:\/\/ssscorp.org\/pt-br\/o-projeto-seva-global\/\" target=\"_blank\" rel=\"noopener\">&gt;  LEIA MAIS AQUI<\/a><\/p>\n<p dir=\"ltr\" style=\"text-align: left;\">Em 2025, comunidades de todo o mundo se concentraram em cuidar da Terra por meio de atos de servi\u00e7o que honraram a sustentabilidade, a administra\u00e7\u00e3o ambiental e nossa responsabilidade com as gera\u00e7\u00f5es futuras.<\/p>\n<h3 dir=\"ltr\" style=\"text-align: left;\">Tema de 2026: Alimentando o mundo, um langar de cada vez<\/h3>\n<p dir=\"ltr\" style=\"text-align: left;\"><a href=\"https:\/\/ssscorp.org\/pt-br\/alimentando-o-mundo-um-langar-de-cada-vez\/\" target=\"_blank\" rel=\"noopener\">&gt;  LEIA MAIS AQUI<\/a><\/p>\n<p dir=\"ltr\" style=\"text-align: left;\">Em 2026, o Dia Global de Seva se concentra no <strong>langar &#8211; a<\/strong>tradi\u00e7\u00e3o sagrada de compartilhar alimentos como uma express\u00e3o de igualdade, compaix\u00e3o e comunidade.<\/p>\n<p dir=\"ltr\" style=\"text-align: left;\">Juntos, temos o compromisso de <strong>alimentar o mundo, um langar de cada vez<\/strong>.<\/p>\n<p style=\"text-align: left;\"> <\/p>\n<h2 dir=\"ltr\" style=\"text-align: left;\"><strong>Nosso prop\u00f3sito compartilhado<\/strong><\/h2>\n<p dir=\"ltr\" style=\"text-align: left;\">O Dia Global de Seva foi moldado por meio da colabora\u00e7\u00e3o da comunidade e de uma vis\u00e3o coletiva. Seu objetivo \u00e9: <\/p>\n<ul style=\"text-align: left;\">\n<li dir=\"ltr\">\n<p dir=\"ltr\">Re\u00fana as comunidades em torno de uma inten\u00e7\u00e3o compartilhada<\/p>\n<\/li>\n<li dir=\"ltr\">\n<p dir=\"ltr\">Oferecer maneiras acess\u00edveis para que as pessoas retribuam por meio do servi\u00e7o<\/p>\n<\/li>\n<li dir=\"ltr\">\n<p dir=\"ltr\">Fortalecer a conex\u00e3o por meio de a\u00e7\u00f5es coletivas<\/p>\n<\/li>\n<li dir=\"ltr\">\n<p dir=\"ltr\">Explorar maneiras significativas de entender e medir o impacto social em nossas comunidades<\/p>\n<\/li>\n<\/ul>\n<p dir=\"ltr\" style=\"text-align: left;\">Juntos, transformamos valores em a\u00e7\u00e3o &#8211; e o servi\u00e7o em uma express\u00e3o global de unidade.<\/p>\n\t\t\n<style>\n#text-212678407 {\n  text-align: center;\n}\n<\/style>\n\t<\/div>\n\t\n<p> <\/p>\n<p> <\/p>\n\n","protected":false},"excerpt":{"rendered":"","protected":false},"author":1,"featured_media":0,"parent":0,"menu_order":0,"comment_status":"closed","ping_status":"closed","template":"","meta":{"iawp_total_views":0,"footnotes":""},"class_list":["post-17006","page","type-page","status-publish","hentry"],"_links":{"self":[{"href":"https:\/\/ssscorp.org\/pt-br\/wp-json\/wp\/v2\/pages\/17006","targetHints":{"allow":["GET"]}}],"collection":[{"href":"https:\/\/ssscorp.org\/pt-br\/wp-json\/wp\/v2\/pages"}],"about":[{"href":"https:\/\/ssscorp.org\/pt-br\/wp-json\/wp\/v2\/types\/page"}],"author":[{"embeddable":true,"href":"https:\/\/ssscorp.org\/pt-br\/wp-json\/wp\/v2\/users\/1"}],"replies":[{"embeddable":true,"href":"https:\/\/ssscorp.org\/pt-br\/wp-json\/wp\/v2\/comments?post=17006"}],"version-history":[{"count":27,"href":"https:\/\/ssscorp.org\/pt-br\/wp-json\/wp\/v2\/pages\/17006\/revisions"}],"predecessor-version":[{"id":17201,"href":"https:\/\/ssscorp.org\/pt-br\/wp-json\/wp\/v2\/pages\/17006\/revisions\/17201"}],"wp:attachment":[{"href":"https:\/\/ssscorp.org\/pt-br\/wp-json\/wp\/v2\/media?parent=17006"}],"curies":[{"name":"wp","href":"https:\/\/api.w.org\/{rel}","templated":true}]}}