{"id":14373,"date":"2025-08-20T20:11:39","date_gmt":"2025-08-20T20:11:39","guid":{"rendered":"https:\/\/ssscorp.org\/experiencia-de-servico-da-diretoria-da-the-legacy-nonprofit\/"},"modified":"2025-08-20T20:41:49","modified_gmt":"2025-08-20T20:41:49","slug":"experiencia-de-servico-da-diretoria-da-the-legacy-nonprofit","status":"publish","type":"page","link":"https:\/\/ssscorp.org\/pt-br\/experiencia-de-servico-da-diretoria-da-the-legacy-nonprofit\/","title":{"rendered":"Experi\u00eancia de servi\u00e7o da diretoria da The Legacy Nonprofit"},"content":{"rendered":"\n<h2 class=\"wp-block-heading\">Experi\u00eancia de servi\u00e7o da diretoria da The Legacy Nonprofit<\/h2>\n\n<p>Participar de um de nossos Conselhos sem fins lucrativos \u00e9 uma maneira significativa de contribuir com suas habilidades, vis\u00e3o e devo\u00e7\u00e3o no servi\u00e7o ao nosso Dharma e \u00e0 comunidade global. Os membros do conselho s\u00e3o encarregados de orientar a miss\u00e3o, garantir a boa governan\u00e7a e apoiar a vitalidade das organiza\u00e7\u00f5es \u00e0s quais servem. <\/p>\n\n<h3 class=\"wp-block-heading\"><strong>Objetivo do servi\u00e7o da diretoria<\/strong><\/h3>\n\n<p><strong>Nossas diretorias sem fins lucrativos:<\/strong><\/p>\n\n<ul class=\"wp-block-list\">\n<li>Fornecer dire\u00e7\u00e3o estrat\u00e9gica e supervis\u00e3o para sua organiza\u00e7\u00e3o.<br\/><\/li>\n\n\n\n<li>Defender a miss\u00e3o, os valores e o legado do Siri Singh Sahib.<br\/><\/li>\n\n\n\n<li>Proteger os recursos e garantir a presta\u00e7\u00e3o de contas \u00e0 nossa sangat e \u00e0s partes interessadas.<br\/><\/li>\n\n\n\n<li>Crie unidade e promova uma cultura de servi\u00e7o, transpar\u00eancia e confian\u00e7a.<br\/><\/li>\n<\/ul>\n\n<h3 class=\"wp-block-heading\"><strong>O que significa servir<\/strong><\/h3>\n\n<p>O servi\u00e7o na diretoria \u00e9 uma oportunidade de servir com dedica\u00e7\u00e3o e prop\u00f3sito. Os membros podem esperar que: <\/p>\n\n<ul class=\"wp-block-list\">\n<li><strong>Liderar com inten\u00e7\u00e3o<\/strong> &#8211; Tomar decis\u00f5es que promovam a miss\u00e3o e atendam \u00e0s necessidades da sangat.<br\/><\/li>\n\n\n\n<li><strong>Colaborar com integridade<\/strong> &#8211; Trabalhe ao lado de outros membros dedicados que trazem perspectivas e conhecimentos diversos.<br\/><\/li>\n\n\n\n<li><strong>Crescer no servi\u00e7o<\/strong> &#8211; Amplie suas habilidades em governan\u00e7a, lideran\u00e7a e administra\u00e7\u00e3o organizacional.<br\/><\/li>\n\n\n\n<li><strong>Fortale\u00e7a nosso legado<\/strong> &#8211; Apoie programas e iniciativas que elevem e inspirem comunidades em todo o mundo.<br\/><\/li>\n<\/ul>\n\n<h3 class=\"wp-block-heading\"><strong>Compromisso e expectativas<\/strong><\/h3>\n\n<ul class=\"wp-block-list\">\n<li><strong>Prazo de servi\u00e7o:<\/strong> A maioria dos mandatos da diretoria de organiza\u00e7\u00f5es sem fins lucrativos \u00e9 de dois anos, com possibilidade de renova\u00e7\u00e3o.<br\/><\/li>\n\n\n\n<li><strong>Compromisso de tempo:<\/strong> O compromisso de tempo por m\u00eas para reuni\u00f5es, trabalho em comit\u00eas e prepara\u00e7\u00e3o varia. Voc\u00ea encontrar\u00e1 o compromisso de tempo aproximado na descri\u00e7\u00e3o do cargo de membro da diretoria, que \u00e9 publicada \u00e0 medida que as vagas s\u00e3o abertas. <br\/><\/li>\n\n\n\n<li><strong>\u00c9tica e responsabilidade:<\/strong> Ader\u00eancia aos c\u00f3digos de \u00e9tica organizacionais, pol\u00edticas de conflito de interesses e padr\u00f5es de governan\u00e7a.<br\/><\/li>\n\n\n\n<li><strong>Engajamento ativo:<\/strong> Participa\u00e7\u00e3o preparada e presente em reuni\u00f5es, trabalhos em comit\u00eas e eventos organizacionais.<br\/><\/li>\n<\/ul>\n\n<h3 class=\"wp-block-heading\"><strong>Suporte para membros da diretoria<\/strong><\/h3>\n\n<p>Apoiamos nossos membros do Conselho no cumprimento de suas fun\u00e7\u00f5es por meio de:<\/p>\n\n<ul class=\"wp-block-list\">\n<li><strong>Orienta\u00e7\u00e3o e treinamento<\/strong> &#8211; Uma introdu\u00e7\u00e3o \u00e0 miss\u00e3o, \u00e0 estrutura de governan\u00e7a e \u00e0s prioridades atuais da organiza\u00e7\u00e3o, al\u00e9m do treinamento BoardSource: Certificado de Educa\u00e7\u00e3o para Conselhos Sem Fins Lucrativos.<br\/><\/li>\n\n\n\n<li><strong>Desenvolvimento cont\u00ednuo<\/strong> &#8211; A Siri Singh Sahib Corporation oferece treinamentos peri\u00f3dicos de desenvolvimento profissional abertos aos membros da diretoria.<br\/><\/li>\n\n\n\n<li><strong>Comunidade e conex\u00e3o<\/strong> &#8211; Oportunidades de construir relacionamentos com outros membros da diretoria e l\u00edderes organizacionais.<br\/><\/li>\n<\/ul>\n\n<h3 class=\"wp-block-heading\"><strong>O caminho do Seva<\/strong><\/h3>\n\n<p>Este \u00e9 um cargo volunt\u00e1rio. Participar de um Conselho sem fins lucrativos dentro da nossa fam\u00edlia Dharmic \u00e9 uma oportunidade \u00fanica de retribuir, compartilhar seus talentos e ajudar a garantir a for\u00e7a e a sustentabilidade de nossas organiza\u00e7\u00f5es para as pr\u00f3ximas gera\u00e7\u00f5es.  <\/p>\n\n<p>Clique<a href=\"https:\/\/ssscorp.org\/pt-br\/organizacoes-sem-fins-lucrativos\/\"> aqui<\/a> para ver nossa fam\u00edlia de organiza\u00e7\u00f5es sem fins lucrativos<\/p>\n\n<p>Clique <a href=\"https:\/\/ssscorp.org\/pt-br\/a-quem-servimos\/servir-em-um-conselho-subsidiario\/\">aqui<\/a> para ver as vagas de emprego para membros da diretoria<\/p>\n","protected":false},"excerpt":{"rendered":"<p>Experi\u00eancia de servi\u00e7o da diretoria da The Legacy Nonprofit Participar de um de nossos Conselhos sem fins lucrativos \u00e9 uma maneira significativa de contribuir com suas habilidades, vis\u00e3o e devo\u00e7\u00e3o no servi\u00e7o ao nosso Dharma e \u00e0 comunidade global. Os membros do conselho s\u00e3o encarregados de orientar a miss\u00e3o, garantir a boa governan\u00e7a e apoiar [&#8230;]\n","protected":false},"author":2,"featured_media":0,"parent":0,"menu_order":0,"comment_status":"closed","ping_status":"closed","template":"","meta":{"iawp_total_views":0,"footnotes":""},"class_list":["post-14373","page","type-page","status-publish","hentry"],"_links":{"self":[{"href":"https:\/\/ssscorp.org\/pt-br\/wp-json\/wp\/v2\/pages\/14373","targetHints":{"allow":["GET"]}}],"collection":[{"href":"https:\/\/ssscorp.org\/pt-br\/wp-json\/wp\/v2\/pages"}],"about":[{"href":"https:\/\/ssscorp.org\/pt-br\/wp-json\/wp\/v2\/types\/page"}],"author":[{"embeddable":true,"href":"https:\/\/ssscorp.org\/pt-br\/wp-json\/wp\/v2\/users\/2"}],"replies":[{"embeddable":true,"href":"https:\/\/ssscorp.org\/pt-br\/wp-json\/wp\/v2\/comments?post=14373"}],"version-history":[{"count":4,"href":"https:\/\/ssscorp.org\/pt-br\/wp-json\/wp\/v2\/pages\/14373\/revisions"}],"predecessor-version":[{"id":14408,"href":"https:\/\/ssscorp.org\/pt-br\/wp-json\/wp\/v2\/pages\/14373\/revisions\/14408"}],"wp:attachment":[{"href":"https:\/\/ssscorp.org\/pt-br\/wp-json\/wp\/v2\/media?parent=14373"}],"curies":[{"name":"wp","href":"https:\/\/api.w.org\/{rel}","templated":true}]}}