{"id":13776,"date":"2025-07-04T09:34:22","date_gmt":"2025-07-04T09:34:22","guid":{"rendered":"https:\/\/ssscorp.org\/do-escritorio-de-etica-e-padroes-profissionais-eps-protocolo-de-protecao-a-crianca-2\/"},"modified":"2025-07-04T09:41:16","modified_gmt":"2025-07-04T09:41:16","slug":"do-escritorio-de-etica-e-padroes-profissionais-eps-protocolo-de-protecao-a-crianca-2","status":"publish","type":"page","link":"https:\/\/ssscorp.org\/pt-br\/do-escritorio-de-etica-e-padroes-profissionais-eps-protocolo-de-protecao-a-crianca-2\/","title":{"rendered":"Do Escrit\u00f3rio de \u00c9tica e Padr\u00f5es Profissionais (EPS): PROTOCOLO DE PROTE\u00c7\u00c3O \u00c0 CRIAN\u00c7A"},"content":{"rendered":"\n\n  <div class=\"banner has-hover has-parallax\" id=\"banner-212242739\">\n          <div class=\"banner-inner fill\">\n        <div class=\"banner-bg fill\" data-parallax=\"-3\" data-parallax-container=\".banner\" data-parallax-background>\n            <div class=\"bg fill bg-fill \"><\/div>\n                        <div class=\"overlay\"><\/div>            \n                    <\/div>\n\t\t\n        <div class=\"banner-layers container\">\n            <div class=\"fill banner-link\"><\/div>            \n\n   <div id=\"text-box-1600138791\" class=\"text-box banner-layer x50 md-x50 lg-x50 y50 md-y50 lg-y50 res-text\">\n                                <div class=\"text-box-content text dark\">\n              \n              <div class=\"text-inner text-center\">\n                  \n\n<h3 class=\"uppercase\"><strong>Do Escrit\u00f3rio de \u00c9tica e Padr\u00f5es Profissionais (EPS): PROTOCOLO DE PROTE\u00c7\u00c3O \u00c0 CRIAN\u00c7A<\/strong><\/h3>\n\n\n              <\/div>\n           <\/div>\n                            \n<style>\n#text-box-1600138791 {\n  width: 60%;\n}\n#text-box-1600138791 .text-box-content {\n  font-size: 100%;\n}\n<\/style>\n    <\/div>\n \n\n        <\/div>\n      <\/div>\n\n            \n<style>\n#banner-212242739 {\n  padding-top: 300px;\n}\n#banner-212242739 .bg.bg-loaded {\n  background-image: url(https:\/\/ssscorp.org\/wp-content\/uploads\/2022\/09\/Untitled-design-3-scaled-1.jpeg);\n}\n#banner-212242739 .overlay {\n  background-color: rgba(17, 33, 82, 0.855);\n}\n#banner-212242739 .ux-shape-divider--top svg {\n  height: 150px;\n  --divider-top-width: 100%;\n}\n#banner-212242739 .ux-shape-divider--bottom svg {\n  height: 150px;\n  --divider-width: 100%;\n}\n<\/style>\n  <\/div>\n\n\n\t<section class=\"section\" id=\"section_1090491358\">\n\t\t<div class=\"bg section-bg fill bg-fill  bg-loaded\" >\n\n\t\t\t\n\t\t\t\n\t\t\t\n\n\t\t<\/div>\n\n\t\t\n\n\t\t<div class=\"section-content relative\">\n\t\t\t\n\n<div class=\"row\"  id=\"row-889747844\">\n\n\n\t<div id=\"col-1143279224\" class=\"col small-12 large-12\"  >\n\t\t\t\t<div class=\"col-inner\"  >\n\t\t\t\n\t\t\t\n\n<p> <\/p>\n<p style=\"text-align: left;\"><b>Meta<\/b><br>Proteger a sa\u00fade, o bem-estar e os direitos dos menores; permitir que eles participem de todas as atividades dh\u00e1rmicas, inclusive educa\u00e7\u00e3o, vida espiritual e engajamento social, livres de danos, abuso e neglig\u00eancia.<br><br><b>Estrat\u00e9gia<\/b><br>Protocolo de prote\u00e7\u00e3o: Procedimentos, diretrizes e instru\u00e7\u00f5es de prote\u00e7\u00e3o \u00e0 crian\u00e7a que apoiam as maneiras pelas quais nossa comunidade dh\u00e1rmica mant\u00e9m crian\u00e7as e jovens seguros.<\/p>\n\t<div id=\"gap-1393310825\" class=\"gap-element clearfix\" style=\"display:block; height:auto;\">\n\t\t\n<style>\n#gap-1393310825 {\n  padding-top: 30px;\n}\n<\/style>\n\t<\/div>\n\t\n\n<div class=\"text-center\"><div class=\"is-divider divider clearfix\" style=\"max-width:361px;\"><\/div><\/div>\n\n<p> <\/p>\n<p style=\"text-align: left;\">A Corpora\u00e7\u00e3o Siri Singh Sahib (SSSC) aprovou uma mo\u00e7\u00e3o em 5 de junho de 2025, adotando uma Declara\u00e7\u00e3o de Pol\u00edtica de Prote\u00e7\u00e3o \u00e0 Crian\u00e7a abrangente em rela\u00e7\u00e3o a todas as crian\u00e7as e jovens que participam das atividades da comunidade dh\u00e1rmica.  <\/p>\n<p>As crian\u00e7as e os jovens t\u00eam o direito de serem protegidos contra danos. Como as organiza\u00e7\u00f5es da SSSC trabalham com essa popula\u00e7\u00e3o, precisamos ter um conjunto claro de diretrizes sobre como manteremos os menores seguros e responderemos \u00e0s preocupa\u00e7\u00f5es com a prote\u00e7\u00e3o de crian\u00e7as.   <\/p>\n<p>O Escrit\u00f3rio de \u00c9tica e Padr\u00f5es Profissionais (EPS) e o Escrit\u00f3rio do Conselho Dharmico (ODC) trabalham em conjunto com as Organiza\u00e7\u00f5es Sem Fins Lucrativos (LNPOs) relevantes, como a Sikh Dharma Education International (SDEI) \/ Miri Piri Academy (MPA), a 3HO International e a 3HO Europe para avaliar:<\/p>\n<ul>\n<li>Os riscos potenciais para uma crian\u00e7a envolvida em nossos programas educacionais na Miri Piri Academy e nos programas para jovens no Solstices e no European Yoga Festival<\/li>\n<li>Como as partes interessadas manifestam suas preocupa\u00e7\u00f5es<\/li>\n<li>O que est\u00e1 sendo feito atualmente para garantir que os jovens possam prosperar, ter experi\u00eancias positivas e permanecer seguros<\/li>\n<\/ul>\n<div> <\/div>\n<p><b>As atividades em andamento do Protocolo de Supervis\u00e3o de Prote\u00e7\u00e3o incluem:<\/b><\/p>\n<ul>\n<li>Treinamento de rotina e atividades de conscientiza\u00e7\u00e3o<\/li>\n<li>Revis\u00e3o de rotina dos relat\u00f3rios de incidentes<\/li>\n<li>Reuni\u00f5es trimestrais com a lideran\u00e7a das LNPOs relevantes para avaliar, monitorar e atualizar os procedimentos e atividades de prote\u00e7\u00e3o<\/li>\n<\/ul>\n<p><b>A EPS e a ODC desenvolvem procedimentos de prote\u00e7\u00e3o, inclusive:<\/b><\/p>\n<ul>\n<li>Responder a preocupa\u00e7\u00f5es sobre o bem-estar de uma crian\u00e7a<\/li>\n<li>Armazenamento de registros de prote\u00e7\u00e3o \u00e0 crian\u00e7a<\/li>\n<li>Preven\u00e7\u00e3o e resposta ao bullying<\/li>\n<li>Recrutamento de funcion\u00e1rios e volunt\u00e1rios adequados para trabalhar com crian\u00e7as<\/li>\n<li>C\u00f3digos de conduta para todos que trabalham com crian\u00e7as<\/li>\n<li>Gerenciar preocupa\u00e7\u00f5es feitas contra funcion\u00e1rios e volunt\u00e1rios<\/li>\n<\/ul>\n<p>Acesse o site da EPS para enviar preocupa\u00e7\u00f5es sobre prote\u00e7\u00e3o de crian\u00e7as: <a href=\"https:\/\/epsweb.org\/child-safeguarding\/\">https:\/\/epsweb.org\/child-safeguarding\/<\/a><\/p>\n\n\n\t\t<\/div>\n\t\t\t\t\t<\/div>\n\n\t\n\n<\/div>\n\n\t\t<\/div>\n\n\t\t\n<style>\n#section_1090491358 {\n  padding-top: 30px;\n  padding-bottom: 30px;\n}\n#section_1090491358 .ux-shape-divider--top svg {\n  height: 150px;\n  --divider-top-width: 100%;\n}\n#section_1090491358 .ux-shape-divider--bottom svg {\n  height: 150px;\n  --divider-width: 100%;\n}\n<\/style>\n\t<\/section>\n\t\n\n","protected":false},"excerpt":{"rendered":"","protected":false},"author":1,"featured_media":0,"parent":0,"menu_order":0,"comment_status":"closed","ping_status":"closed","template":"page-blank.php","meta":{"iawp_total_views":0,"footnotes":""},"class_list":["post-13776","page","type-page","status-publish","hentry"],"_links":{"self":[{"href":"https:\/\/ssscorp.org\/pt-br\/wp-json\/wp\/v2\/pages\/13776","targetHints":{"allow":["GET"]}}],"collection":[{"href":"https:\/\/ssscorp.org\/pt-br\/wp-json\/wp\/v2\/pages"}],"about":[{"href":"https:\/\/ssscorp.org\/pt-br\/wp-json\/wp\/v2\/types\/page"}],"author":[{"embeddable":true,"href":"https:\/\/ssscorp.org\/pt-br\/wp-json\/wp\/v2\/users\/1"}],"replies":[{"embeddable":true,"href":"https:\/\/ssscorp.org\/pt-br\/wp-json\/wp\/v2\/comments?post=13776"}],"version-history":[{"count":3,"href":"https:\/\/ssscorp.org\/pt-br\/wp-json\/wp\/v2\/pages\/13776\/revisions"}],"predecessor-version":[{"id":13796,"href":"https:\/\/ssscorp.org\/pt-br\/wp-json\/wp\/v2\/pages\/13776\/revisions\/13796"}],"wp:attachment":[{"href":"https:\/\/ssscorp.org\/pt-br\/wp-json\/wp\/v2\/media?parent=13776"}],"curies":[{"name":"wp","href":"https:\/\/api.w.org\/{rel}","templated":true}]}}