{"id":12439,"date":"2025-03-09T19:11:56","date_gmt":"2025-03-09T19:11:56","guid":{"rendered":"https:\/\/ssscorp.org\/crc-eventos\/"},"modified":"2025-03-09T22:26:43","modified_gmt":"2025-03-09T22:26:43","slug":"crc-eventos","status":"publish","type":"page","link":"https:\/\/ssscorp.org\/pt-br\/o-projeto-de-reconciliacao-compassiva\/crc-eventos\/","title":{"rendered":"CRP &#8211; Eventos"},"content":{"rendered":"\t\t<div data-elementor-type=\"wp-page\" data-elementor-id=\"12439\" class=\"elementor elementor-12439 elementor-12426\">\n\t\t\t\t\t\t<section class=\"elementor-section elementor-top-section elementor-element elementor-element-6d8e2564 elementor-section-boxed elementor-section-height-default elementor-section-height-default\" data-id=\"6d8e2564\" data-element_type=\"section\" data-e-type=\"section\" data-settings=\"{&quot;background_background&quot;:&quot;classic&quot;}\">\n\t\t\t\t\t\t<div class=\"elementor-container elementor-column-gap-default\">\n\t\t\t\t\t<div class=\"elementor-column elementor-col-100 elementor-top-column elementor-element elementor-element-4ec99e90\" data-id=\"4ec99e90\" data-element_type=\"column\" data-e-type=\"column\">\n\t\t\t<div class=\"elementor-widget-wrap elementor-element-populated\">\n\t\t\t\t\t\t<div class=\"elementor-element elementor-element-452188ef elementor-widget elementor-widget-text-editor\" data-id=\"452188ef\" data-element_type=\"widget\" data-e-type=\"widget\" data-widget_type=\"text-editor.default\">\n\t\t\t\t<div class=\"elementor-widget-container\">\n\t\t\t\t\t\t\t\t\t<p><strong>Navegar no Di\u00e1logo Comunit\u00e1rio: Conceitos e compet\u00eancias para a facilita\u00e7\u00e3o de grupos <\/strong>foi concebido para dotar os participantes de t\u00e9cnicas e estrat\u00e9gias pr\u00e1ticas para facilitar di\u00e1logos de grupo inclusivos e transformadores.<\/p>\n<p>Ao longo da forma\u00e7\u00e3o, os participantes aprender\u00e3o v\u00e1rios conceitos e pr\u00e1ticas de facilita\u00e7\u00e3o de grupos, incluindo processos de c\u00edrculo, di\u00e1logo baseado em interesses e o poder das perguntas abertas. Explorar\u00e3o a forma como os princ\u00edpios da justi\u00e7a restaurativa podem ser aplicados em contextos de grupo para promover a compreens\u00e3o, a empatia e a comunica\u00e7\u00e3o construtiva. A forma\u00e7\u00e3o incluir\u00e1 uma combina\u00e7\u00e3o de exerc\u00edcios interactivos, discuss\u00f5es em grupo e estudos de casos para melhorar a aprendizagem e a aplica\u00e7\u00e3o pr\u00e1tica.<\/p>\n<p>Objectivos-chave de aprendizagem:<\/p>\n<ol>\n<li>Explorar diferentes conceitos e pr\u00e1ticas relacionais adequados a contextos de grupo, como os processos de c\u00edrculo e o di\u00e1logo baseado em interesses.<\/li>\n<li>Aprender t\u00e9cnicas e compet\u00eancias para criar um espa\u00e7o de di\u00e1logo seguro e inclusivo nos grupos.<\/li>\n<li>Praticar a aplica\u00e7\u00e3o de compet\u00eancias de facilita\u00e7\u00e3o em decis\u00f5es de grupo situacionais atrav\u00e9s de actividades interactivas e dramatiza\u00e7\u00f5es.<\/li>\n<\/ol>\n<p>Nota: Grande parte do material abordado nesta forma\u00e7\u00e3o ser\u00e1 uma r\u00e9plica do que foi abordado nas forma\u00e7\u00f5es de Facilitador da Equipa Consultiva do CRC ou de Processo de C\u00edrculo. Se apenas participou na forma\u00e7\u00e3o de cinco dias para facilitadores de justi\u00e7a restaurativa, este material ser\u00e1 essencialmente novo. Esperamos ver-vos l\u00e1!<\/p>\n<p>Esta forma\u00e7\u00e3o realizar-se-\u00e1 em  <strong>duas sess\u00f5es. \u00c9 necess\u00e1rio inscrever-se em ambas as sess\u00f5es<\/strong>.<\/p>\n<p><strong>Parte 1: 20 de julho de 2023 9:00 am PT &#8211; 12:30 pm PT<\/strong><\/p>\n<p>Inscreva-se antecipadamente para esta reuni\u00e3o:<\/p>\n<p><a href=\"https:\/\/us06web.zoom.us\/meeting\/register\/tZMoce-prj4uEtWPUzUciy2d9UzUG_bRaA29\" target=\"_blank\" rel=\"noopener\">https:\/\/us06web.zoom.us\/meeting\/register\/tZMoce-prj4uEtWPUzUciy2d9UzUG_bRaA29<\/a><\/p>\n<p>Depois de se registar, receber\u00e1 um e-mail de confirma\u00e7\u00e3o com informa\u00e7\u00f5es sobre a participa\u00e7\u00e3o na reuni\u00e3o.<\/p>\n<p><strong>Parte 2: 26 de julho de 2023 9:00 am PT &#8211; 12:30 pm PT<\/strong><\/p>\n<p>Inscreva-se antecipadamente para esta reuni\u00e3o:<\/p>\n<p><a href=\"https:\/\/us06web.zoom.us\/meeting\/register\/tZckdumprzMiE9YG7TaubrifYZPk4aXic1jY\" target=\"_blak\" rel=\"noopener\">https:\/\/us06web.zoom.us\/meeting\/register\/tZckdumprzMiE9YG7TaubrifYZPk4aXic1jY<\/a><\/p>\n<p>Depois de se registar, receber\u00e1 um e-mail de confirma\u00e7\u00e3o com informa\u00e7\u00f5es sobre a participa\u00e7\u00e3o na reuni\u00e3o.<\/p>\t\t\t\t\t\t\t\t<\/div>\n\t\t\t\t<\/div>\n\t\t\t\t\t<\/div>\n\t\t<\/div>\n\t\t\t\t\t<\/div>\n\t\t<\/section>\n\t\t\t\t<\/div>\n\t\t","protected":false},"excerpt":{"rendered":"<p>Navegar no Di\u00e1logo Comunit\u00e1rio: Conceitos e compet\u00eancias para a facilita\u00e7\u00e3o de grupos foi concebido para dotar os participantes de t\u00e9cnicas e estrat\u00e9gias pr\u00e1ticas para facilitar di\u00e1logos de grupo inclusivos e transformadores. Ao longo da forma\u00e7\u00e3o, os participantes aprender\u00e3o v\u00e1rios conceitos e pr\u00e1ticas de facilita\u00e7\u00e3o de grupos, incluindo processos de c\u00edrculo, di\u00e1logo baseado em interesses e [&#8230;]\n","protected":false},"author":1,"featured_media":0,"parent":6965,"menu_order":0,"comment_status":"closed","ping_status":"closed","template":"","meta":{"iawp_total_views":0,"footnotes":""},"class_list":["post-12439","page","type-page","status-publish","hentry"],"_links":{"self":[{"href":"https:\/\/ssscorp.org\/pt-br\/wp-json\/wp\/v2\/pages\/12439","targetHints":{"allow":["GET"]}}],"collection":[{"href":"https:\/\/ssscorp.org\/pt-br\/wp-json\/wp\/v2\/pages"}],"about":[{"href":"https:\/\/ssscorp.org\/pt-br\/wp-json\/wp\/v2\/types\/page"}],"author":[{"embeddable":true,"href":"https:\/\/ssscorp.org\/pt-br\/wp-json\/wp\/v2\/users\/1"}],"replies":[{"embeddable":true,"href":"https:\/\/ssscorp.org\/pt-br\/wp-json\/wp\/v2\/comments?post=12439"}],"version-history":[{"count":2,"href":"https:\/\/ssscorp.org\/pt-br\/wp-json\/wp\/v2\/pages\/12439\/revisions"}],"predecessor-version":[{"id":12682,"href":"https:\/\/ssscorp.org\/pt-br\/wp-json\/wp\/v2\/pages\/12439\/revisions\/12682"}],"up":[{"embeddable":true,"href":"https:\/\/ssscorp.org\/pt-br\/wp-json\/wp\/v2\/pages\/6965"}],"wp:attachment":[{"href":"https:\/\/ssscorp.org\/pt-br\/wp-json\/wp\/v2\/media?parent=12439"}],"curies":[{"name":"wp","href":"https:\/\/api.w.org\/{rel}","templated":true}]}}