{"id":12402,"date":"2025-03-09T19:07:24","date_gmt":"2025-03-09T19:07:24","guid":{"rendered":"https:\/\/ssscorp.org\/crc-mais-sobre-justica-restaurativa\/"},"modified":"2025-03-09T22:27:33","modified_gmt":"2025-03-09T22:27:33","slug":"crc-mais-sobre-justica-restaurativa","status":"publish","type":"page","link":"https:\/\/ssscorp.org\/pt-br\/o-projeto-de-reconciliacao-compassiva\/crc-mais-sobre-justica-restaurativa\/","title":{"rendered":"CRP &#8211; Mais sobre Justi\u00e7a Restaurativa"},"content":{"rendered":"\t\t<div data-elementor-type=\"wp-page\" data-elementor-id=\"12402\" class=\"elementor elementor-12402 elementor-12374\">\n\t\t\t\t\t\t<section class=\"elementor-section elementor-top-section elementor-element elementor-element-1ee6f355 elementor-section-boxed elementor-section-height-default elementor-section-height-default\" data-id=\"1ee6f355\" data-element_type=\"section\" data-e-type=\"section\" data-settings=\"{&quot;background_background&quot;:&quot;classic&quot;}\">\n\t\t\t\t\t\t\t<div class=\"elementor-background-overlay\"><\/div>\n\t\t\t\t\t\t\t<div class=\"elementor-container elementor-column-gap-no\">\n\t\t\t\t\t<div class=\"elementor-column elementor-col-50 elementor-top-column elementor-element elementor-element-7523028e\" data-id=\"7523028e\" data-element_type=\"column\" data-e-type=\"column\">\n\t\t\t<div class=\"elementor-widget-wrap elementor-element-populated\">\n\t\t\t\t\t\t<div class=\"elementor-element elementor-element-260812eb elementor-widget elementor-widget-heading\" data-id=\"260812eb\" data-element_type=\"widget\" data-e-type=\"widget\" data-widget_type=\"heading.default\">\n\t\t\t\t<div class=\"elementor-widget-container\">\n\t\t\t\t\t<h1 class=\"elementor-heading-title elementor-size-default\">Mais recursos sobre Justi\u00e7a Restaurativa<\/h1>\t\t\t\t<\/div>\n\t\t\t\t<\/div>\n\t\t\t\t\t<\/div>\n\t\t<\/div>\n\t\t\t\t<div class=\"elementor-column elementor-col-50 elementor-top-column elementor-element elementor-element-577eb28\" data-id=\"577eb28\" data-element_type=\"column\" data-e-type=\"column\">\n\t\t\t<div class=\"elementor-widget-wrap elementor-element-populated\">\n\t\t\t\t\t\t<div class=\"elementor-element elementor-element-4a721e81 elementor-widget elementor-widget-image\" data-id=\"4a721e81\" data-element_type=\"widget\" data-e-type=\"widget\" data-widget_type=\"image.default\">\n\t\t\t\t<div class=\"elementor-widget-container\">\n\t\t\t\t\t\t\t\t\t\t\t\t\t\t\t<img decoding=\"async\" src=\"https:\/\/ssscorp.org\/wp-content\/uploads\/elementor\/thumbs\/cropped-white-with-green-banner-agriculture-logo-1_orig-r2mamiq5fjuq0d7vw81nmxo3h4aok2a9v226dppibm.png\" title=\"cropped-white-with-green-banner-agriculture-logo-1_orig.png\" alt=\"cropped-white-with-green-banner-agriculture-logo-1_orig.png\" loading=\"lazy\" \/>\t\t\t\t\t\t\t\t\t\t\t\t\t\t\t<\/div>\n\t\t\t\t<\/div>\n\t\t\t\t\t<\/div>\n\t\t<\/div>\n\t\t\t\t\t<\/div>\n\t\t<\/section>\n\t\t\t\t<section class=\"elementor-section elementor-top-section elementor-element elementor-element-141a7fc1 elementor-section-boxed elementor-section-height-default elementor-section-height-default\" data-id=\"141a7fc1\" data-element_type=\"section\" data-e-type=\"section\" data-settings=\"{&quot;background_background&quot;:&quot;classic&quot;}\">\n\t\t\t\t\t\t\t<div class=\"elementor-background-overlay\"><\/div>\n\t\t\t\t\t\t\t<div class=\"elementor-container elementor-column-gap-no\">\n\t\t\t\t\t<div class=\"elementor-column elementor-col-100 elementor-top-column elementor-element elementor-element-6e5063f5\" data-id=\"6e5063f5\" data-element_type=\"column\" data-e-type=\"column\">\n\t\t\t<div class=\"elementor-widget-wrap elementor-element-populated\">\n\t\t\t\t\t\t<div class=\"elementor-element elementor-element-3a0730c3 elementor-widget elementor-widget-heading\" data-id=\"3a0730c3\" data-element_type=\"widget\" data-e-type=\"widget\" data-widget_type=\"heading.default\">\n\t\t\t\t<div class=\"elementor-widget-container\">\n\t\t\t\t\t<h2 class=\"elementor-heading-title elementor-size-default\">Livros:<\/h2>\t\t\t\t<\/div>\n\t\t\t\t<\/div>\n\t\t\t\t<div class=\"elementor-element elementor-element-1f3058c5 elementor-widget elementor-widget-text-editor\" data-id=\"1f3058c5\" data-element_type=\"widget\" data-e-type=\"widget\" data-widget_type=\"text-editor.default\">\n\t\t\t\t<div class=\"elementor-widget-container\">\n\t\t\t\t\t\t\t\t\t<p>Ball, J., Caldwell, W., &amp; Pranis, K. (2010). Doing Democracy with Circles: Engaging Communities in Public Planning (Envolvendo as Comunidades no Planejamento P\u00fablico). Living Justice Press.  <\/p>\n<p>Bohm, D., Nichol, L., &amp; Senge, P. (2004). On Dialogue (Sobre o di\u00e1logo). Routledge.  <\/p>\n<p>Brubaker, D., &amp; Zimmerman, H. R. (2009). Little Book of Healthy Organizations (Pequeno livro das organiza\u00e7\u00f5es saud\u00e1veis): Tools for Understanding and Transforming Your Organization (Ferramentas para entender e transformar sua organiza\u00e7\u00e3o). Good Books.  <\/p>\n<p>Hadley, M. L. (2001). The Spiritual Roots of Restorative Justice [As ra\u00edzes espirituais da justi\u00e7a restaurativa]. State University of New York Press.  <\/p>\n<p>Hooker, D. A. (2016). O Pequeno Livro da Confer\u00eancia Comunit\u00e1ria Transformativa: A Hopeful, Practical Approach to Dialogue (Uma abordagem pr\u00e1tica e esperan\u00e7osa para o di\u00e1logo). Good Books.  <\/p>\n<p>Kaba, M., &amp; Hassan, S. (2019). Fumbling Towards Repair (Trope\u00e7ando em dire\u00e7\u00e3o ao reparo): A Workbook for Community Accountability Facilitators [Manual de trabalho para facilitadores de responsabilidade comunit\u00e1ria]. PROJETO NIA.  <\/p>\n<p>Kahane, A. (2012). Transformative Scenario Planning (Planejamento de cen\u00e1rios transformadores): Working Together to Change the Future [Trabalhando juntos para mudar o futuro]. Berrett-Koehler Publishers.  <\/p>\n<p>Kolk, V. B. (2015). The Body Keeps the Score: Brain, Mind, and Body in the Healing of Trauma [O Corpo Mant\u00e9m o Placar: C\u00e9rebro, Mente e Corpo na Cura do Trauma]. Penguin Books.  <\/p>\n<p>Kotter, J. P. (2012). Leading Change, (1R ed.). Harvard Business Review Press.  <\/p>\n<p>Lederach, J. (2021). Little Book of Conflict Transformation [Pequeno livro de transforma\u00e7\u00e3o de conflitos]: Clear Articulation Of The Guiding Principles By A Pioneer In The Field [Pequeno Livro da Transforma\u00e7\u00e3o de Conflitos: Articula\u00e7\u00e3o Clara dos Princ\u00edpios Orientadores por um Pioneiro no Campo]. Good Books.  <\/p>\n<p>Levine, Pl, &amp; Kolk, B. V. A. (2015). Trauma e mem\u00f3ria: Brain and Body in a Search for the Living Past (C\u00e9rebro e corpo em busca do passado vivo): A Practical Guide for Understanding and Working with Traumatic Memory [Guia pr\u00e1tico para entender e trabalhar com a mem\u00f3ria traum\u00e1tica]. North Atlantic Books.  <\/p>\n<p>Pranis, K. (2005). The Little Book of Circle Processes (O Pequeno Livro dos Processos Circulares). Good Books.  <\/p>\n<p>Stone, D., Patton, B., Heen, S., &amp; Fisher, R. (2010). Difficult Conversations (Conversas dif\u00edceis): How to Discuss What Matters Most (Como discutir o que \u00e9 mais importante) (Illustrated ed.). Penguin Books.  <\/p>\n<p>Valandra, E. C., &amp; Yazzie, J. R. (2020). Colorizando a Justi\u00e7a Restaurativa: Voicing Our Realities [Colorindo a Justi\u00e7a Restaurativa: Expressando nossas realidades]. Living Justice Press.  <\/p>\n<p>Yoder, C. (2005). The Little Book of Trauma Healing [O Pequeno Livro da Cura do Trauma]. Good Books.  <\/p>\n<p>Zehr, H. (2015a). Mudando as lentes: Restorative Justice for Our Times [Justi\u00e7a restaurativa para nossos tempos]. Herald Press.  <\/p>\n<p>Zehr, H. (2015c). O Pequeno Livro da Justi\u00e7a Restaurativa: Revisado e atualizado. Good Books.  <\/p>\n\t\t\t\t\t\t\t\t<\/div>\n\t\t\t\t<\/div>\n\t\t\t\t<div class=\"elementor-element elementor-element-4529d61d elementor-widget elementor-widget-heading\" data-id=\"4529d61d\" data-element_type=\"widget\" data-e-type=\"widget\" data-widget_type=\"heading.default\">\n\t\t\t\t<div class=\"elementor-widget-container\">\n\t\t\t\t\t<h2 class=\"elementor-heading-title elementor-size-default\">Artigos, relat\u00f3rios e blogs:<\/h2>\t\t\t\t<\/div>\n\t\t\t\t<\/div>\n\t\t\t\t<div class=\"elementor-element elementor-element-1e620b2f elementor-widget elementor-widget-text-editor\" data-id=\"1e620b2f\" data-element_type=\"widget\" data-e-type=\"widget\" data-widget_type=\"text-editor.default\">\n\t\t\t\t<div class=\"elementor-widget-container\">\n\t\t\t\t\t\t\t\t\t<p>Bargen, C. Lyons, A. &amp; Hartman, M (2019). Crime Victims&#8217; Experience of Restorative Justice; A Listening Project (Experi\u00eancia de justi\u00e7a restaurativa das v\u00edtimas de crimes; um projeto de escuta). Departamento de Justi\u00e7a do Canad\u00e1. cverj-vvpcj.pdf <a href=\"https:\/\/justice.gc.ca\/\" target=\"_blank\" rel=\"noopener\">(justice.gc.ca)<\/a>   <\/p>\n<p>Herman, J.L. (2005). &#8220;Justice from the Victim&#8217;s Perspective&#8221;, Violence Against Women, Vol. 11, No. 5, Pp. 571-602.  <\/p>\n<p>Journey to Light &#8211; Um caminho diferente a seguir: Relat\u00f3rio final da investiga\u00e7\u00e3o restaurativa &#8211; Nova Scotia Home for Colored Children <a href=\"https:\/\/www.restorativeinquiry.ca\/report\/Restorative-Justice-Inquiry-Final-%20Report.pdf\" target=\"_blank\" rel=\"noopener\" data-wplink-url-error=\"true\">https:\/\/www.restorativeinquiry.ca\/report\/Restorative-Justice-Inquiry-Final- Report.pdf<\/a><\/p>\n<p>Lyons, A. Justi\u00e7a restaurativa vs. resolu\u00e7\u00e3o de conflitos: Assessing for Intervention (Avalia\u00e7\u00e3o para interven\u00e7\u00e3o) (2016). Blog Just Outcomes.   <a href=\"https:\/\/www.justoutcomesconsulting.com\/restorative-justice-vs-conflict-resolution-assessing-%20for-intervention\" target=\"_blank\" rel=\"noopener\" data-wplink-url-error=\"true\">https:\/\/www.justoutcomesconsulting.com\/restorative-justice-vs-conflict-resolution-assessing- para-interven\u00e7\u00e3o<\/a><\/p>\n<p>Walker, M.U. (2006). Restorative Justice and Reparations [Justi\u00e7a restaurativa e repara\u00e7\u00f5es]. Journal of Social Philosophy, Vol. 37, No. 3, (outono de 2006): 377-395   <\/p>\n<p>Zehr, H. (2002). &#8220;Journey to Belonging&#8221;, em Weitekamp e Kerner (eds.), Restorative Justice: Theoretical Foundations. Willan Publishing, Portland, OR.  <\/p>\n<p>Zehr, Howard. Instituto Zehr de Justi\u00e7a Restaurativa (Blog).   <a href=\"https:\/\/emu.edu\/now\/restorative-justice\/\" target=\"_blank\" rel=\"noopener\">https:\/\/emu.edu\/now\/restorative-justice\/<\/a><\/p>\n\t\t\t\t\t\t\t\t<\/div>\n\t\t\t\t<\/div>\n\t\t\t\t<div class=\"elementor-element elementor-element-3c04e3f2 elementor-widget elementor-widget-heading\" data-id=\"3c04e3f2\" data-element_type=\"widget\" data-e-type=\"widget\" data-widget_type=\"heading.default\">\n\t\t\t\t<div class=\"elementor-widget-container\">\n\t\t\t\t\t<h2 class=\"elementor-heading-title elementor-size-default\">Webinars:<\/h2>\t\t\t\t<\/div>\n\t\t\t\t<\/div>\n\t\t\t\t<div class=\"elementor-element elementor-element-25ce8eb9 elementor-widget elementor-widget-text-editor\" data-id=\"25ce8eb9\" data-element_type=\"widget\" data-e-type=\"widget\" data-widget_type=\"text-editor.default\">\n\t\t\t\t<div class=\"elementor-widget-container\">\n\t\t\t\t\t\t\t\t\t<p>Baliga, S. (2020) Restorative Justice and Sexual Violence (Justi\u00e7a restaurativa e viol\u00eancia sexual) [Webinar]. Coaliz\u00e3o do Estado de Nova York contra a agress\u00e3o sexual <a href=\"https:\/\/www.youtube.com\/watch?v=Xz0HkHICwU8\" target=\"_blank\" rel=\"noopener\">https:\/\/www.youtube.com\/watch?v=Xz0HkHICwU8<\/a> <\/p>\n<p>Nuri, N, Portez, J, &amp; Howard, R. (2018, 4 de abril) Como podemos usar a justi\u00e7a restaurativa para transformar uma cultura de danos sexuais [Webinar]. Instituto Zehr.   <a href=\"https:\/\/zehr-%20institute.org\/webinars\/rj-and-sexual-harm\/\" target=\"_blank\" rel=\"noopener\">https:\/\/zehr- institute.org\/webinars\/rj-and-sexual-harm\/<\/a><\/p>\n\t\t\t\t\t\t\t\t<\/div>\n\t\t\t\t<\/div>\n\t\t\t\t\t<\/div>\n\t\t<\/div>\n\t\t\t\t\t<\/div>\n\t\t<\/section>\n\t\t\t\t<\/div>\n\t\t","protected":false},"excerpt":{"rendered":"<p>Mais recursos sobre Justi\u00e7a Restaurativa Livros: Ball, J., Caldwell, W., &amp; Pranis, K. (2010). Doing Democracy with Circles: Engaging Communities in Public Planning (Envolvendo as Comunidades no Planejamento P\u00fablico). Living Justice Press. Bohm, D., Nichol, L., &amp; Senge, P. (2004). On Dialogue (Sobre o di\u00e1logo). Routledge. Brubaker, D., &amp; Zimmerman, H. R. (2009). Little Book [&#8230;]\n","protected":false},"author":1,"featured_media":0,"parent":6965,"menu_order":0,"comment_status":"closed","ping_status":"closed","template":"","meta":{"iawp_total_views":0,"footnotes":""},"class_list":["post-12402","page","type-page","status-publish","hentry"],"_links":{"self":[{"href":"https:\/\/ssscorp.org\/pt-br\/wp-json\/wp\/v2\/pages\/12402","targetHints":{"allow":["GET"]}}],"collection":[{"href":"https:\/\/ssscorp.org\/pt-br\/wp-json\/wp\/v2\/pages"}],"about":[{"href":"https:\/\/ssscorp.org\/pt-br\/wp-json\/wp\/v2\/types\/page"}],"author":[{"embeddable":true,"href":"https:\/\/ssscorp.org\/pt-br\/wp-json\/wp\/v2\/users\/1"}],"replies":[{"embeddable":true,"href":"https:\/\/ssscorp.org\/pt-br\/wp-json\/wp\/v2\/comments?post=12402"}],"version-history":[{"count":2,"href":"https:\/\/ssscorp.org\/pt-br\/wp-json\/wp\/v2\/pages\/12402\/revisions"}],"predecessor-version":[{"id":12691,"href":"https:\/\/ssscorp.org\/pt-br\/wp-json\/wp\/v2\/pages\/12402\/revisions\/12691"}],"up":[{"embeddable":true,"href":"https:\/\/ssscorp.org\/pt-br\/wp-json\/wp\/v2\/pages\/6965"}],"wp:attachment":[{"href":"https:\/\/ssscorp.org\/pt-br\/wp-json\/wp\/v2\/media?parent=12402"}],"curies":[{"name":"wp","href":"https:\/\/api.w.org\/{rel}","templated":true}]}}