{"id":12382,"date":"2025-03-09T19:04:34","date_gmt":"2025-03-09T19:04:34","guid":{"rendered":"https:\/\/ssscorp.org\/crc-eps\/"},"modified":"2025-03-09T21:07:03","modified_gmt":"2025-03-09T21:07:03","slug":"crc-eps","status":"publish","type":"page","link":"https:\/\/ssscorp.org\/pt-br\/o-projeto-de-reconciliacao-compassiva\/crc-eps\/","title":{"rendered":"CRC &#8211; EPS"},"content":{"rendered":"\t\t<div data-elementor-type=\"wp-page\" data-elementor-id=\"12382\" class=\"elementor elementor-12382 elementor-12352\">\n\t\t\t\t\t\t<section class=\"elementor-section elementor-top-section elementor-element elementor-element-32e1c9bd elementor-section-boxed elementor-section-height-default elementor-section-height-default\" data-id=\"32e1c9bd\" data-element_type=\"section\" data-e-type=\"section\" data-settings=\"{&quot;background_background&quot;:&quot;gradient&quot;}\">\n\t\t\t\t\t\t\t<div class=\"elementor-background-overlay\"><\/div>\n\t\t\t\t\t\t\t<div class=\"elementor-container elementor-column-gap-no\">\n\t\t\t\t\t<div class=\"elementor-column elementor-col-100 elementor-top-column elementor-element elementor-element-6dedc390\" data-id=\"6dedc390\" data-element_type=\"column\" data-e-type=\"column\">\n\t\t\t<div class=\"elementor-widget-wrap elementor-element-populated\">\n\t\t\t\t\t\t<div class=\"elementor-element elementor-element-163e0dc0 elementor-widget elementor-widget-image\" data-id=\"163e0dc0\" data-element_type=\"widget\" data-e-type=\"widget\" data-widget_type=\"image.default\">\n\t\t\t\t<div class=\"elementor-widget-container\">\n\t\t\t\t\t\t\t\t\t\t\t\t\t\t\t<img decoding=\"async\" src=\"https:\/\/ssscorp.org\/wp-content\/uploads\/elementor\/thumbs\/eps-logo_orig-r2mamnf9ggz2v12dxytvvv9cvntowgu1nrhzvu128e.png\" title=\"eps-logo_orig.png\" alt=\"eps-logo_orig.png\" loading=\"lazy\" \/>\t\t\t\t\t\t\t\t\t\t\t\t\t\t\t<\/div>\n\t\t\t\t<\/div>\n\t\t\t\t<div class=\"elementor-element elementor-element-219b4652 elementor-widget elementor-widget-heading\" data-id=\"219b4652\" data-element_type=\"widget\" data-e-type=\"widget\" data-widget_type=\"heading.default\">\n\t\t\t\t<div class=\"elementor-widget-container\">\n\t\t\t\t\t<h1 class=\"elementor-heading-title elementor-size-default\">\u00c9tica e padr\u00f5es profissionais (EPS)<\/h1>\t\t\t\t<\/div>\n\t\t\t\t<\/div>\n\t\t\t\t<div class=\"elementor-element elementor-element-7d0f87eb elementor-widget elementor-widget-text-editor\" data-id=\"7d0f87eb\" data-element_type=\"widget\" data-e-type=\"widget\" data-widget_type=\"text-editor.default\">\n\t\t\t\t<div class=\"elementor-widget-container\">\n\t\t\t\t\t\t\t\t\t<p>A EPS serve \u00e0 unidade, \u00e0 \u00e9tica e \u00e0 integridade de nossas comunidades e Sangats locais e globais, trabalhando com entidades e indiv\u00edduos apropriados para resolver reclama\u00e7\u00f5es e viola\u00e7\u00f5es de nossos c\u00f3digos de \u00e9tica. Criamos e mantemos processos que permitem que situa\u00e7\u00f5es desafiadoras sejam resolvidas de forma sistem\u00e1tica, justa e respeitosa. Educamos nossas comunidades e Sangats, ministros, professores e instrutores de professores sobre como trabalhar juntos de forma \u00e9tica e consciente. A EPS ensina nossos valores e padr\u00f5es em todos os lugares em que atuamos. A EPS trabalha para resolver preocupa\u00e7\u00f5es\/reclama\u00e7\u00f5es relacionadas aos professores e instrutores de Kundalini Yoga do KRI, aos ministros da SDI e \u00e0s organiza\u00e7\u00f5es inspiradas em Yogi Bhajan. Este escrit\u00f3rio trabalha independentemente do KRI, IKYTA, 3HO e SDI, mas em estreita colabora\u00e7\u00e3o com eles. Estamos lidando com reclama\u00e7\u00f5es desde 2001. <\/p>\n\t\t\t\t\t\t\t\t<\/div>\n\t\t\t\t<\/div>\n\t\t\t\t<div class=\"elementor-element elementor-element-329406b2 elementor-align-center elementor-widget elementor-widget-button\" data-id=\"329406b2\" data-element_type=\"widget\" data-e-type=\"widget\" data-widget_type=\"button.default\">\n\t\t\t\t<div class=\"elementor-widget-container\">\n\t\t\t\t\t\t\t\t\t<div class=\"elementor-button-wrapper\">\n\t\t\t\t\t<a class=\"elementor-button elementor-button-link elementor-size-sm\" href=\"https:\/\/epsweb.org\/\" target=\"_blank\">\n\t\t\t\t\t\t<span class=\"elementor-button-content-wrapper\">\n\t\t\t\t\t\t\t\t\t<span class=\"elementor-button-text\">Visite a p\u00e1gina da EPS aqui<\/span>\n\t\t\t\t\t<\/span>\n\t\t\t\t\t<\/a>\n\t\t\t\t<\/div>\n\t\t\t\t\t\t\t\t<\/div>\n\t\t\t\t<\/div>\n\t\t\t\t<section class=\"elementor-section elementor-inner-section elementor-element elementor-element-6698d693 elementor-section-boxed elementor-section-height-default elementor-section-height-default\" data-id=\"6698d693\" data-element_type=\"section\" data-e-type=\"section\">\n\t\t\t\t\t\t<div class=\"elementor-container elementor-column-gap-default\">\n\t\t\t\t\t<div class=\"elementor-column elementor-col-50 elementor-inner-column elementor-element elementor-element-76dd03aa\" data-id=\"76dd03aa\" data-element_type=\"column\" data-e-type=\"column\">\n\t\t\t<div class=\"elementor-widget-wrap elementor-element-populated\">\n\t\t\t\t\t\t<div class=\"elementor-element elementor-element-4a5c3342 elementor-widget elementor-widget-text-editor\" data-id=\"4a5c3342\" data-element_type=\"widget\" data-e-type=\"widget\" data-widget_type=\"text-editor.default\">\n\t\t\t\t<div class=\"elementor-widget-container\">\n\t\t\t\t\t\t\t\t\t<p>Miss\u00e3o da EPS<\/p>\n\t\t\t\t\t\t\t\t<\/div>\n\t\t\t\t<\/div>\n\t\t\t\t<div class=\"elementor-element elementor-element-551b8bbf elementor-widget elementor-widget-text-editor\" data-id=\"551b8bbf\" data-element_type=\"widget\" data-e-type=\"widget\" data-widget_type=\"text-editor.default\">\n\t\t\t\t<div class=\"elementor-widget-container\">\n\t\t\t\t\t\t\t\t\t<p>O Escrit\u00f3rio de \u00c9tica, Padr\u00f5es Profissionais e Resolu\u00e7\u00e3o Consciente de Conflitos mant\u00e9m ativamente a \u00e9tica e a integridade das comunidades 3HO\/KRI\/Sikh Dharma, dos professores de Kundalini Yoga, dos instrutores de professores do KRI e das organiza\u00e7\u00f5es sem fins lucrativos:<\/p>\n<p>1. Apoiar ambientes seguros para nossos associados, comunidades e organiza\u00e7\u00f5es<\/p>\n<p>2. Educar todos os segmentos de nossa comunidade quanto ao comportamento \u00e9tico e respeitoso<\/p>\n<p>3. Capacitar os alunos para que tenham vozes fortes e claras em nossas comunidades globais 3HO\/KRI\/Sikh Dharma<\/p>\n<p>4. Defender uma cultura \u00e9tica, inclusiva, diversificada e transparente em que todos os participantes possam falar livremente e ser ouvidos com respeito<\/p>\n<p>5. Aumentar a integridade e o profissionalismo dos professores de Kundalini Yoga e dos instrutores de professores do KRI<br \/>Oferecer caminhos guiados para a resolu\u00e7\u00e3o consciente de conflitos <\/p>\n\t\t\t\t\t\t\t\t<\/div>\n\t\t\t\t<\/div>\n\t\t\t\t\t<\/div>\n\t\t<\/div>\n\t\t\t\t<div class=\"elementor-column elementor-col-50 elementor-inner-column elementor-element elementor-element-3f9ae515\" data-id=\"3f9ae515\" data-element_type=\"column\" data-e-type=\"column\">\n\t\t\t<div class=\"elementor-widget-wrap elementor-element-populated\">\n\t\t\t\t\t\t<div class=\"elementor-element elementor-element-6aded67e elementor-widget elementor-widget-text-editor\" data-id=\"6aded67e\" data-element_type=\"widget\" data-e-type=\"widget\" data-widget_type=\"text-editor.default\">\n\t\t\t\t<div class=\"elementor-widget-container\">\n\t\t\t\t\t\t\t\t\t<p>Vis\u00e3o da EPS<\/p>\n\t\t\t\t\t\t\t\t<\/div>\n\t\t\t\t<\/div>\n\t\t\t\t<div class=\"elementor-element elementor-element-2f309cab elementor-widget elementor-widget-text-editor\" data-id=\"2f309cab\" data-element_type=\"widget\" data-e-type=\"widget\" data-widget_type=\"text-editor.default\">\n\t\t\t\t<div class=\"elementor-widget-container\">\n\t\t\t\t\t\t\t\t\t<p>A EPS serve \u00e0 unidade, \u00e0 \u00e9tica e \u00e0 integridade de nossas comunidades locais e globais 3HO\/KRI\/Sikh Dharma, trabalhando com as entidades e indiv\u00edduos relevantes para resolver reclama\u00e7\u00f5es e viola\u00e7\u00f5es de nossos c\u00f3digos de \u00e9tica. Criamos e mantemos processos que permitem que situa\u00e7\u00f5es desafiadoras sejam resolvidas de forma sistem\u00e1tica, justa e respeitosa. Educamos nossas comunidades, ministros, professores e instrutores de professores sobre como trabalhar de forma \u00e9tica e consciente.  <\/p>\n<p>A EPS lida com reclama\u00e7\u00f5es desde 2014 usando um Procedimento de Reclama\u00e7\u00e3o formal, Media\u00e7\u00e3o e Justi\u00e7a Restaurativa. A EPS trabalha independentemente do KRI, IKYTA, 3HO e SDI, mas em estreita colabora\u00e7\u00e3o com eles. <\/p>\n<p>A EPS est\u00e1 aberta a todos e deseja atender a todos. Se voc\u00ea tiver alguma preocupa\u00e7\u00e3o, entre em contato com a EPS para que, juntos, possamos criar solu\u00e7\u00f5es. <\/p>\n\t\t\t\t\t\t\t\t<\/div>\n\t\t\t\t<\/div>\n\t\t\t\t\t<\/div>\n\t\t<\/div>\n\t\t\t\t\t<\/div>\n\t\t<\/section>\n\t\t\t\t\t<\/div>\n\t\t<\/div>\n\t\t\t\t\t<\/div>\n\t\t<\/section>\n\t\t\t\t<\/div>\n\t\t","protected":false},"excerpt":{"rendered":"<p>\u00c9tica e padr\u00f5es profissionais (EPS) A EPS serve \u00e0 unidade, \u00e0 \u00e9tica e \u00e0 integridade de nossas comunidades e Sangats locais e globais, trabalhando com entidades e indiv\u00edduos apropriados para resolver reclama\u00e7\u00f5es e viola\u00e7\u00f5es de nossos c\u00f3digos de \u00e9tica. Criamos e mantemos processos que permitem que situa\u00e7\u00f5es desafiadoras sejam resolvidas de forma sistem\u00e1tica, justa e [&#8230;]\n","protected":false},"author":1,"featured_media":0,"parent":6965,"menu_order":0,"comment_status":"closed","ping_status":"closed","template":"elementor_header_footer","meta":{"iawp_total_views":0,"footnotes":""},"class_list":["post-12382","page","type-page","status-publish","hentry"],"_links":{"self":[{"href":"https:\/\/ssscorp.org\/pt-br\/wp-json\/wp\/v2\/pages\/12382","targetHints":{"allow":["GET"]}}],"collection":[{"href":"https:\/\/ssscorp.org\/pt-br\/wp-json\/wp\/v2\/pages"}],"about":[{"href":"https:\/\/ssscorp.org\/pt-br\/wp-json\/wp\/v2\/types\/page"}],"author":[{"embeddable":true,"href":"https:\/\/ssscorp.org\/pt-br\/wp-json\/wp\/v2\/users\/1"}],"replies":[{"embeddable":true,"href":"https:\/\/ssscorp.org\/pt-br\/wp-json\/wp\/v2\/comments?post=12382"}],"version-history":[{"count":2,"href":"https:\/\/ssscorp.org\/pt-br\/wp-json\/wp\/v2\/pages\/12382\/revisions"}],"predecessor-version":[{"id":12658,"href":"https:\/\/ssscorp.org\/pt-br\/wp-json\/wp\/v2\/pages\/12382\/revisions\/12658"}],"up":[{"embeddable":true,"href":"https:\/\/ssscorp.org\/pt-br\/wp-json\/wp\/v2\/pages\/6965"}],"wp:attachment":[{"href":"https:\/\/ssscorp.org\/pt-br\/wp-json\/wp\/v2\/media?parent=12382"}],"curies":[{"name":"wp","href":"https:\/\/api.w.org\/{rel}","templated":true}]}}