{"id":12337,"date":"2025-03-09T19:01:13","date_gmt":"2025-03-09T19:01:13","guid":{"rendered":"https:\/\/ssscorp.org\/crc-perguntas-frequentes\/"},"modified":"2025-03-09T22:27:09","modified_gmt":"2025-03-09T22:27:09","slug":"crc-perguntas-frequentes","status":"publish","type":"page","link":"https:\/\/ssscorp.org\/pt-br\/o-projeto-de-reconciliacao-compassiva\/crc-perguntas-frequentes\/","title":{"rendered":"CRP &#8211; PERGUNTAS FREQUENTES"},"content":{"rendered":"\t\t<div data-elementor-type=\"wp-page\" data-elementor-id=\"12337\" class=\"elementor elementor-12337\">\n\t\t\t\t\t\t<section class=\"elementor-section elementor-top-section elementor-element elementor-element-69b0a3ee elementor-section-boxed elementor-section-height-default elementor-section-height-default\" data-id=\"69b0a3ee\" data-element_type=\"section\" data-e-type=\"section\" data-settings=\"{&quot;background_background&quot;:&quot;gradient&quot;}\">\n\t\t\t\t\t\t\t<div class=\"elementor-background-overlay\"><\/div>\n\t\t\t\t\t\t\t<div class=\"elementor-container elementor-column-gap-no\">\n\t\t\t\t\t<div class=\"elementor-column elementor-col-100 elementor-top-column elementor-element elementor-element-596d13b3\" data-id=\"596d13b3\" data-element_type=\"column\" data-e-type=\"column\">\n\t\t\t<div class=\"elementor-widget-wrap elementor-element-populated\">\n\t\t\t\t\t\t<div class=\"elementor-element elementor-element-77c2a8ef elementor-widget elementor-widget-image\" data-id=\"77c2a8ef\" data-element_type=\"widget\" data-e-type=\"widget\" data-widget_type=\"image.default\">\n\t\t\t\t<div class=\"elementor-widget-container\">\n\t\t\t\t\t\t\t\t\t\t\t\t\t\t\t<img decoding=\"async\" src=\"https:\/\/ssscorp.org\/wp-content\/uploads\/elementor\/thumbs\/cropped-white-with-green-banner-agriculture-logo-1_orig-r2mamiq2iasn8z97pesr1eg1wqgutzbdz48khg823m.png\" title=\"cropped-white-with-green-banner-agriculture-logo-1_orig.png\" alt=\"cropped-white-with-green-banner-agriculture-logo-1_orig.png\" loading=\"lazy\" \/>\t\t\t\t\t\t\t\t\t\t\t\t\t\t\t<\/div>\n\t\t\t\t<\/div>\n\t\t\t\t<div class=\"elementor-element elementor-element-21800fae elementor-widget elementor-widget-heading\" data-id=\"21800fae\" data-element_type=\"widget\" data-e-type=\"widget\" data-widget_type=\"heading.default\">\n\t\t\t\t<div class=\"elementor-widget-container\">\n\t\t\t\t\t<h1 class=\"elementor-heading-title elementor-size-default\">PERGUNTAS FREQUENTES<\/h1>\t\t\t\t<\/div>\n\t\t\t\t<\/div>\n\t\t\t\t\t<\/div>\n\t\t<\/div>\n\t\t\t\t\t<\/div>\n\t\t<\/section>\n\t\t\t\t<section class=\"elementor-section elementor-top-section elementor-element elementor-element-aea33aa elementor-section-content-middle elementor-section-boxed elementor-section-height-default elementor-section-height-default\" data-id=\"aea33aa\" data-element_type=\"section\" data-e-type=\"section\" data-settings=\"{&quot;background_background&quot;:&quot;classic&quot;}\">\n\t\t\t\t\t\t\t<div class=\"elementor-background-overlay\"><\/div>\n\t\t\t\t\t\t\t<div class=\"elementor-container elementor-column-gap-no\">\n\t\t\t\t\t<div class=\"elementor-column elementor-col-50 elementor-top-column elementor-element elementor-element-30c6743b\" data-id=\"30c6743b\" data-element_type=\"column\" data-e-type=\"column\">\n\t\t\t<div class=\"elementor-widget-wrap elementor-element-populated\">\n\t\t\t\t\t\t<div class=\"elementor-element elementor-element-6fc2729e elementor-widget elementor-widget-text-editor\" data-id=\"6fc2729e\" data-element_type=\"widget\" data-e-type=\"widget\" data-widget_type=\"text-editor.default\">\n\t\t\t\t<div class=\"elementor-widget-container\">\n\t\t\t\t\t\t\t\t\t<p>Quem s\u00e3o os resultados justos?<\/p>\n\t\t\t\t\t\t\t\t<\/div>\n\t\t\t\t<\/div>\n\t\t\t\t<div class=\"elementor-element elementor-element-7a920376 elementor-widget elementor-widget-text-editor\" data-id=\"7a920376\" data-element_type=\"widget\" data-e-type=\"widget\" data-widget_type=\"text-editor.default\">\n\t\t\t\t<div class=\"elementor-widget-container\">\n\t\t\t\t\t\t\t\t\t<p>A Just Outcomes \u00e9 uma equipe de especialistas em justi\u00e7a restaurativa, transforma\u00e7\u00e3o de conflitos, constru\u00e7\u00e3o de comunidades e mudan\u00e7as organizacionais. Nosso trabalho se baseia na compreens\u00e3o da import\u00e2ncia dos relacionamentos para gerar crescimento e mudan\u00e7a. A equipe principal \u00e9 formada por Aaron Lyons, Catherine Bargen e Matthew Hartman, que t\u00eam uma experi\u00eancia combinada de mais de 50 anos de trabalho nesse campo. A Just Outcomes tamb\u00e9m conta com uma equipe maior, especializada em \u00e1reas relacionadas, como cuidados informados sobre traumas, cura comunit\u00e1ria, diversidade\/equidade\/inclus\u00e3o, justi\u00e7a transicional, negocia\u00e7\u00e3o com v\u00e1rias partes interessadas, constru\u00e7\u00e3o estrat\u00e9gica da paz e direito. Voc\u00ea pode saber mais sobre n\u00f3s em <a href=\"http:\/\/www.justoutcomesconsulting.com\/\" data-cke-saved-href=\"http:\/\/www.justoutcomesconsulting.com\">www.justoutcomesconsulting.com<\/a>    <\/p>\n\t\t\t\t\t\t\t\t<\/div>\n\t\t\t\t<\/div>\n\t\t\t\t\t<\/div>\n\t\t<\/div>\n\t\t\t\t<div class=\"elementor-column elementor-col-50 elementor-top-column elementor-element elementor-element-bc816ad\" data-id=\"bc816ad\" data-element_type=\"column\" data-e-type=\"column\">\n\t\t\t<div class=\"elementor-widget-wrap elementor-element-populated\">\n\t\t\t\t\t\t<div class=\"elementor-element elementor-element-57726468 elementor-widget elementor-widget-image\" data-id=\"57726468\" data-element_type=\"widget\" data-e-type=\"widget\" data-widget_type=\"image.default\">\n\t\t\t\t<div class=\"elementor-widget-container\">\n\t\t\t\t\t\t\t\t\t\t\t\t\t\t\t<img decoding=\"async\" src=\"https:\/\/ssscorp.org\/wp-content\/uploads\/elementor\/thumbs\/white-with-green-banner-agriculture-logo_orig-r2mamnfbaox8hylngnj4ztekgqiwnj03f7j2pkzx3c.png\" title=\"white-with-green-banner-agriculture-logo_orig.png\" alt=\"white-with-green-banner-agriculture-logo_orig.png\" loading=\"lazy\" \/>\t\t\t\t\t\t\t\t\t\t\t\t\t\t\t<\/div>\n\t\t\t\t<\/div>\n\t\t\t\t\t<\/div>\n\t\t<\/div>\n\t\t\t\t\t<\/div>\n\t\t<\/section>\n\t\t\t\t<section class=\"elementor-section elementor-top-section elementor-element elementor-element-767a7606 elementor-section-content-middle elementor-section-boxed elementor-section-height-default elementor-section-height-default\" data-id=\"767a7606\" data-element_type=\"section\" data-e-type=\"section\" data-settings=\"{&quot;background_background&quot;:&quot;classic&quot;}\">\n\t\t\t\t\t\t\t<div class=\"elementor-background-overlay\"><\/div>\n\t\t\t\t\t\t\t<div class=\"elementor-container elementor-column-gap-no\">\n\t\t\t\t\t<div class=\"elementor-column elementor-col-50 elementor-top-column elementor-element elementor-element-4cfc5539\" data-id=\"4cfc5539\" data-element_type=\"column\" data-e-type=\"column\">\n\t\t\t<div class=\"elementor-widget-wrap elementor-element-populated\">\n\t\t\t\t\t\t<div class=\"elementor-element elementor-element-206a30f3 elementor-widget elementor-widget-image\" data-id=\"206a30f3\" data-element_type=\"widget\" data-e-type=\"widget\" data-widget_type=\"image.default\">\n\t\t\t\t<div class=\"elementor-widget-container\">\n\t\t\t\t\t\t\t\t\t\t\t\t\t\t\t<img decoding=\"async\" src=\"https:\/\/ssscorp.org\/wp-content\/uploads\/elementor\/thumbs\/white-with-green-banner-agriculture-logo_orig-r2mamnfbaox8hylngnj4ztekgqiwnj03f7j2pkzx3c.png\" title=\"white-with-green-banner-agriculture-logo_orig.png\" alt=\"white-with-green-banner-agriculture-logo_orig.png\" loading=\"lazy\" \/>\t\t\t\t\t\t\t\t\t\t\t\t\t\t\t<\/div>\n\t\t\t\t<\/div>\n\t\t\t\t\t<\/div>\n\t\t<\/div>\n\t\t\t\t<div class=\"elementor-column elementor-col-50 elementor-top-column elementor-element elementor-element-1a9db3eb\" data-id=\"1a9db3eb\" data-element_type=\"column\" data-e-type=\"column\">\n\t\t\t<div class=\"elementor-widget-wrap elementor-element-populated\">\n\t\t\t\t\t\t<div class=\"elementor-element elementor-element-4911dccb elementor-widget elementor-widget-text-editor\" data-id=\"4911dccb\" data-element_type=\"widget\" data-e-type=\"widget\" data-widget_type=\"text-editor.default\">\n\t\t\t\t<div class=\"elementor-widget-container\">\n\t\t\t\t\t\t\t\t\t<p>O que \u00e9 justi\u00e7a restaurativa?<\/p>\n\t\t\t\t\t\t\t\t<\/div>\n\t\t\t\t<\/div>\n\t\t\t\t<div class=\"elementor-element elementor-element-16e9f3c5 elementor-widget elementor-widget-text-editor\" data-id=\"16e9f3c5\" data-element_type=\"widget\" data-e-type=\"widget\" data-widget_type=\"text-editor.default\">\n\t\t\t\t<div class=\"elementor-widget-container\">\n\t\t\t\t\t\t\t\t\t<p>A justi\u00e7a restaurativa \u00e9 uma abordagem para lidar com danos dentro da comunidade que reconhece nossa interconex\u00e3o em uma rede de relacionamentos. Essa abordagem est\u00e1 enraizada em princ\u00edpios fundamentais que incluem: <\/p>\n<ul>\n<li><em>Inclus\u00e3o:<\/em> a justi\u00e7a \u00e9 participativa e colaborativa, em vez de advers\u00e1ria e hier\u00e1rquica.<\/li>\n<li><em>Repara\u00e7\u00e3o:<\/em> a justi\u00e7a tem a ver com construir\/reconstruir relacionamentos corretos; restaurar a dignidade e a voz das pessoas prejudicadas; curar traumas; promover a responsabilidade e a presta\u00e7\u00e3o de contas individual e coletiva; fazer repara\u00e7\u00f5es; restaurar a identidade e o significado.<\/li>\n<li><em>Transforma\u00e7\u00e3o:<\/em> abordar as causas b\u00e1sicas; criar resili\u00eancia individual, coletiva e organizacional.<\/li>\n<\/ul>\n<p>Em resumo, a justi\u00e7a restaurativa busca reparar os danos e, ao mesmo tempo, construir uma comunidade de confian\u00e7a. Para atingir esses objetivos, \u00e9 poss\u00edvel empregar uma ampla gama de abordagens que s\u00e3o desenvolvidas e refinadas de forma colaborativa, com base em d\u00e9cadas de experi\u00eancia e pesquisa. <\/p>\n\t\t\t\t\t\t\t\t<\/div>\n\t\t\t\t<\/div>\n\t\t\t\t\t<\/div>\n\t\t<\/div>\n\t\t\t\t\t<\/div>\n\t\t<\/section>\n\t\t\t\t<section class=\"elementor-section elementor-top-section elementor-element elementor-element-5aabf96b elementor-section-content-middle elementor-section-boxed elementor-section-height-default elementor-section-height-default\" data-id=\"5aabf96b\" data-element_type=\"section\" data-e-type=\"section\" data-settings=\"{&quot;background_background&quot;:&quot;classic&quot;}\">\n\t\t\t\t\t\t\t<div class=\"elementor-background-overlay\"><\/div>\n\t\t\t\t\t\t\t<div class=\"elementor-container elementor-column-gap-no\">\n\t\t\t\t\t<div class=\"elementor-column elementor-col-50 elementor-top-column elementor-element elementor-element-4a7188d4\" data-id=\"4a7188d4\" data-element_type=\"column\" data-e-type=\"column\">\n\t\t\t<div class=\"elementor-widget-wrap elementor-element-populated\">\n\t\t\t\t\t\t<div class=\"elementor-element elementor-element-94e50fa elementor-widget elementor-widget-text-editor\" data-id=\"94e50fa\" data-element_type=\"widget\" data-e-type=\"widget\" data-widget_type=\"text-editor.default\">\n\t\t\t\t<div class=\"elementor-widget-container\">\n\t\t\t\t\t\t\t\t\t<p>Por que a Just Outcomes est\u00e1 envolvida?<\/p>\n\t\t\t\t\t\t\t\t<\/div>\n\t\t\t\t<\/div>\n\t\t\t\t<div class=\"elementor-element elementor-element-10896ad8 elementor-widget elementor-widget-text-editor\" data-id=\"10896ad8\" data-element_type=\"widget\" data-e-type=\"widget\" data-widget_type=\"text-editor.default\">\n\t\t\t\t<div class=\"elementor-widget-container\">\n\t\t\t\t\t\t\t\t\t<p>Em tempos de crise, ter uma parte externa que facilite processos colaborativos, relacionais e intencionais que se movam para atender \u00e0s necessidades emergentes de indiv\u00edduos e grupos dentro da comunidade pode ser \u00fatil. Trazemos uma variedade de experi\u00eancias que esperamos e acreditamos serem valiosas para a sua comunidade. Temos o compromisso de atender \u00e0s suas necessidades e circunst\u00e2ncias espec\u00edficas. Alguns pontos sobre como vemos nosso papel:   <\/p>\n<ul>\n<li>A fun\u00e7\u00e3o principal da Just Outcomes \u00e9 facilitar um processo pelo qual essa comunidade possa responder \u00e0 crise atual de acordo com seus valores e ensinamentos expressos.<\/li>\n<li>A concep\u00e7\u00e3o do projeto \u00e9 altamente colaborativa, com a Just Outcomes desempenhando uma fun\u00e7\u00e3o de facilita\u00e7\u00e3o, apoio e consultoria aos membros da comunidade que est\u00e3o liderando o trabalho.<\/li>\n<li>A lideran\u00e7a do processo de Reconcilia\u00e7\u00e3o Compassiva vir\u00e1 do CRC, que ser\u00e1 projetado na medida do poss\u00edvel para representar todas as facetas da comunidade (veja a explica\u00e7\u00e3o acima).<\/li>\n<\/ul>\n\t\t\t\t\t\t\t\t<\/div>\n\t\t\t\t<\/div>\n\t\t\t\t\t<\/div>\n\t\t<\/div>\n\t\t\t\t<div class=\"elementor-column elementor-col-50 elementor-top-column elementor-element elementor-element-7d47e397\" data-id=\"7d47e397\" data-element_type=\"column\" data-e-type=\"column\">\n\t\t\t<div class=\"elementor-widget-wrap elementor-element-populated\">\n\t\t\t\t\t\t<div class=\"elementor-element elementor-element-113d42fa elementor-widget elementor-widget-image\" data-id=\"113d42fa\" data-element_type=\"widget\" data-e-type=\"widget\" data-widget_type=\"image.default\">\n\t\t\t\t<div class=\"elementor-widget-container\">\n\t\t\t\t\t\t\t\t\t\t\t\t\t\t\t<img decoding=\"async\" src=\"https:\/\/ssscorp.org\/wp-content\/uploads\/elementor\/thumbs\/white-with-green-banner-agriculture-logo_orig-r2mamnfbaox8hylngnj4ztekgqiwnj03f7j2pkzx3c.png\" title=\"white-with-green-banner-agriculture-logo_orig.png\" alt=\"white-with-green-banner-agriculture-logo_orig.png\" loading=\"lazy\" \/>\t\t\t\t\t\t\t\t\t\t\t\t\t\t\t<\/div>\n\t\t\t\t<\/div>\n\t\t\t\t\t<\/div>\n\t\t<\/div>\n\t\t\t\t\t<\/div>\n\t\t<\/section>\n\t\t\t\t<section class=\"elementor-section elementor-top-section elementor-element elementor-element-655f92a5 elementor-section-content-middle elementor-section-boxed elementor-section-height-default elementor-section-height-default\" data-id=\"655f92a5\" data-element_type=\"section\" data-e-type=\"section\" data-settings=\"{&quot;background_background&quot;:&quot;classic&quot;}\">\n\t\t\t\t\t\t\t<div class=\"elementor-background-overlay\"><\/div>\n\t\t\t\t\t\t\t<div class=\"elementor-container elementor-column-gap-no\">\n\t\t\t\t\t<div class=\"elementor-column elementor-col-50 elementor-top-column elementor-element elementor-element-6a2bda39\" data-id=\"6a2bda39\" data-element_type=\"column\" data-e-type=\"column\">\n\t\t\t<div class=\"elementor-widget-wrap elementor-element-populated\">\n\t\t\t\t\t\t<div class=\"elementor-element elementor-element-63222676 elementor-widget elementor-widget-image\" data-id=\"63222676\" data-element_type=\"widget\" data-e-type=\"widget\" data-widget_type=\"image.default\">\n\t\t\t\t<div class=\"elementor-widget-container\">\n\t\t\t\t\t\t\t\t\t\t\t\t\t\t\t<img decoding=\"async\" src=\"https:\/\/ssscorp.org\/wp-content\/uploads\/elementor\/thumbs\/white-with-green-banner-agriculture-logo_orig-r2mamnfbaox8hylngnj4ztekgqiwnj03f7j2pkzx3c.png\" title=\"white-with-green-banner-agriculture-logo_orig.png\" alt=\"white-with-green-banner-agriculture-logo_orig.png\" loading=\"lazy\" \/>\t\t\t\t\t\t\t\t\t\t\t\t\t\t\t<\/div>\n\t\t\t\t<\/div>\n\t\t\t\t\t<\/div>\n\t\t<\/div>\n\t\t\t\t<div class=\"elementor-column elementor-col-50 elementor-top-column elementor-element elementor-element-2facb8c0\" data-id=\"2facb8c0\" data-element_type=\"column\" data-e-type=\"column\">\n\t\t\t<div class=\"elementor-widget-wrap elementor-element-populated\">\n\t\t\t\t\t\t<div class=\"elementor-element elementor-element-43f74952 elementor-widget elementor-widget-text-editor\" data-id=\"43f74952\" data-element_type=\"widget\" data-e-type=\"widget\" data-widget_type=\"text-editor.default\">\n\t\t\t\t<div class=\"elementor-widget-container\">\n\t\t\t\t\t\t\t\t\t<p>Como ser\u00e1 o Processo de Reconcilia\u00e7\u00e3o Compassiva?<\/p>\n\t\t\t\t\t\t\t\t<\/div>\n\t\t\t\t<\/div>\n\t\t\t\t<div class=\"elementor-element elementor-element-20777a05 elementor-widget elementor-widget-text-editor\" data-id=\"20777a05\" data-element_type=\"widget\" data-e-type=\"widget\" data-widget_type=\"text-editor.default\">\n\t\t\t\t<div class=\"elementor-widget-container\">\n\t\t\t\t\t\t\t\t\t<p>Diferentemente de outros processos de larga escala, a justi\u00e7a restaurativa e a transforma\u00e7\u00e3o de conflitos n\u00e3o seguem uma abordagem prescrita ou predeterminada. Cada indiv\u00edduo e cada comunidade t\u00eam necessidades diferentes com rela\u00e7\u00e3o \u00e0 sua cura e ao seu crescimento. Para n\u00f3s, estar a servi\u00e7o da cura e do crescimento significa dedicar o tempo necess\u00e1rio para criar estrat\u00e9gias e abordagens baseadas diretamente nas necessidades que estamos ouvindo na comunidade. Um compromisso com a capacidade de resposta significa que, quando intervimos em uma crise, nosso trabalho \u00e9 feito em profunda consulta e colabora\u00e7\u00e3o com as pessoas envolvidas e afetadas. Com o apoio e a orienta\u00e7\u00e3o da nossa equipe, a forma desse processo ser\u00e1 determinada pelo CRC e suas Equipes Consultivas nos pr\u00f3ximos meses.    <\/p>\n\t\t\t\t\t\t\t\t<\/div>\n\t\t\t\t<\/div>\n\t\t\t\t\t<\/div>\n\t\t<\/div>\n\t\t\t\t\t<\/div>\n\t\t<\/section>\n\t\t\t\t<\/div>\n\t\t","protected":false},"excerpt":{"rendered":"<p>PERGUNTAS FREQUENTES Quem s\u00e3o os resultados justos? A Just Outcomes \u00e9 uma equipe de especialistas em justi\u00e7a restaurativa, transforma\u00e7\u00e3o de conflitos, constru\u00e7\u00e3o de comunidades e mudan\u00e7as organizacionais. Nosso trabalho se baseia na compreens\u00e3o da import\u00e2ncia dos relacionamentos para gerar crescimento e mudan\u00e7a. A equipe principal \u00e9 formada por Aaron Lyons, Catherine Bargen e Matthew Hartman, [&#8230;]\n","protected":false},"author":1,"featured_media":0,"parent":6965,"menu_order":0,"comment_status":"closed","ping_status":"closed","template":"elementor_header_footer","meta":{"iawp_total_views":2,"footnotes":""},"class_list":["post-12337","page","type-page","status-publish","hentry"],"_links":{"self":[{"href":"https:\/\/ssscorp.org\/pt-br\/wp-json\/wp\/v2\/pages\/12337","targetHints":{"allow":["GET"]}}],"collection":[{"href":"https:\/\/ssscorp.org\/pt-br\/wp-json\/wp\/v2\/pages"}],"about":[{"href":"https:\/\/ssscorp.org\/pt-br\/wp-json\/wp\/v2\/types\/page"}],"author":[{"embeddable":true,"href":"https:\/\/ssscorp.org\/pt-br\/wp-json\/wp\/v2\/users\/1"}],"replies":[{"embeddable":true,"href":"https:\/\/ssscorp.org\/pt-br\/wp-json\/wp\/v2\/comments?post=12337"}],"version-history":[{"count":12,"href":"https:\/\/ssscorp.org\/pt-br\/wp-json\/wp\/v2\/pages\/12337\/revisions"}],"predecessor-version":[{"id":12571,"href":"https:\/\/ssscorp.org\/pt-br\/wp-json\/wp\/v2\/pages\/12337\/revisions\/12571"}],"up":[{"embeddable":true,"href":"https:\/\/ssscorp.org\/pt-br\/wp-json\/wp\/v2\/pages\/6965"}],"wp:attachment":[{"href":"https:\/\/ssscorp.org\/pt-br\/wp-json\/wp\/v2\/media?parent=12337"}],"curies":[{"name":"wp","href":"https:\/\/api.w.org\/{rel}","templated":true}]}}