{"id":12324,"date":"2025-03-09T18:58:00","date_gmt":"2025-03-09T18:58:00","guid":{"rendered":"https:\/\/ssscorp.org\/resultados-justos\/"},"modified":"2025-03-09T22:27:21","modified_gmt":"2025-03-09T22:27:21","slug":"resultados-justos","status":"publish","type":"page","link":"https:\/\/ssscorp.org\/pt-br\/o-projeto-de-reconciliacao-compassiva\/resultados-justos\/","title":{"rendered":"CRP &#8211; Just Outcomes"},"content":{"rendered":"\t\t<div data-elementor-type=\"wp-page\" data-elementor-id=\"12324\" class=\"elementor elementor-12324 elementor-12309\">\n\t\t\t\t\t\t<section class=\"elementor-section elementor-top-section elementor-element elementor-element-8a2b87 elementor-section-boxed elementor-section-height-default elementor-section-height-default\" data-id=\"8a2b87\" data-element_type=\"section\" data-e-type=\"section\" data-settings=\"{&quot;background_background&quot;:&quot;classic&quot;}\">\n\t\t\t\t\t\t\t<div class=\"elementor-background-overlay\"><\/div>\n\t\t\t\t\t\t\t<div class=\"elementor-container elementor-column-gap-no\">\n\t\t\t\t\t<div class=\"elementor-column elementor-col-100 elementor-top-column elementor-element elementor-element-1137ac83\" data-id=\"1137ac83\" data-element_type=\"column\" data-e-type=\"column\">\n\t\t\t<div class=\"elementor-widget-wrap elementor-element-populated\">\n\t\t\t\t\t\t<div class=\"elementor-element elementor-element-1bd680b5 elementor-widget elementor-widget-heading\" data-id=\"1bd680b5\" data-element_type=\"widget\" data-e-type=\"widget\" data-widget_type=\"heading.default\">\n\t\t\t\t<div class=\"elementor-widget-container\">\n\t\t\t\t\t<h1 class=\"elementor-heading-title elementor-size-default\">Resultados justos<\/h1>\t\t\t\t<\/div>\n\t\t\t\t<\/div>\n\t\t\t\t<div class=\"elementor-element elementor-element-4a8a2768 elementor-widget elementor-widget-text-editor\" data-id=\"4a8a2768\" data-element_type=\"widget\" data-e-type=\"widget\" data-widget_type=\"text-editor.default\">\n\t\t\t\t<div class=\"elementor-widget-container\">\n\t\t\t\t\t\t\t\t\t<p>A Just Outcomes \u00e9 uma equipe de consultores de justi\u00e7a restaurativa que trabalha com l\u00edderes de comunidades e organiza\u00e7\u00f5es para criar e melhorar os sistemas de seguran\u00e7a, justi\u00e7a e responsabilidade da comunidade. A Just Outcomes \u00e9 especializada na obten\u00e7\u00e3o de resultados que apoiam a lideran\u00e7a coletiva e incorporam as percep\u00e7\u00f5es, aspira\u00e7\u00f5es e necessidades de comunidades e grupos. <\/p>\n\t\t\t\t\t\t\t\t<\/div>\n\t\t\t\t<\/div>\n\t\t\t\t<section class=\"elementor-section elementor-inner-section elementor-element elementor-element-4d150972 elementor-section-boxed elementor-section-height-default elementor-section-height-default\" data-id=\"4d150972\" data-element_type=\"section\" data-e-type=\"section\">\n\t\t\t\t\t\t<div class=\"elementor-container elementor-column-gap-default\">\n\t\t\t\t\t<div class=\"elementor-column elementor-col-50 elementor-inner-column elementor-element elementor-element-4ee73837\" data-id=\"4ee73837\" data-element_type=\"column\" data-e-type=\"column\">\n\t\t\t<div class=\"elementor-widget-wrap elementor-element-populated\">\n\t\t\t\t\t\t<div class=\"elementor-element elementor-element-219d6a9a elementor-widget elementor-widget-heading\" data-id=\"219d6a9a\" data-element_type=\"widget\" data-e-type=\"widget\" data-widget_type=\"heading.default\">\n\t\t\t\t<div class=\"elementor-widget-container\">\n\t\t\t\t\t<h2 class=\"elementor-heading-title elementor-size-default\">Mis\u00e3o<\/h2>\t\t\t\t<\/div>\n\t\t\t\t<\/div>\n\t\t\t\t<div class=\"elementor-element elementor-element-7bcfaa41 elementor-widget elementor-widget-text-editor\" data-id=\"7bcfaa41\" data-element_type=\"widget\" data-e-type=\"widget\" data-widget_type=\"text-editor.default\">\n\t\t\t\t<div class=\"elementor-widget-container\">\n\t\t\t\t\t\t\t\t\t<p>Nossa miss\u00e3o \u00e9 apoiar comunidades e organiza\u00e7\u00f5es no desenvolvimento de respostas justas a a\u00e7\u00f5es ou situa\u00e7\u00f5es prejudiciais.<\/p>\n\t\t\t\t\t\t\t\t<\/div>\n\t\t\t\t<\/div>\n\t\t\t\t\t<\/div>\n\t\t<\/div>\n\t\t\t\t<div class=\"elementor-column elementor-col-50 elementor-inner-column elementor-element elementor-element-416d2893\" data-id=\"416d2893\" data-element_type=\"column\" data-e-type=\"column\">\n\t\t\t<div class=\"elementor-widget-wrap elementor-element-populated\">\n\t\t\t\t\t\t<div class=\"elementor-element elementor-element-51dcaf19 elementor-widget elementor-widget-heading\" data-id=\"51dcaf19\" data-element_type=\"widget\" data-e-type=\"widget\" data-widget_type=\"heading.default\">\n\t\t\t\t<div class=\"elementor-widget-container\">\n\t\t\t\t\t<h2 class=\"elementor-heading-title elementor-size-default\">Vis\u00e3o de resultados justos\n<\/h2>\t\t\t\t<\/div>\n\t\t\t\t<\/div>\n\t\t\t\t<div class=\"elementor-element elementor-element-8e65ebe elementor-widget elementor-widget-text-editor\" data-id=\"8e65ebe\" data-element_type=\"widget\" data-e-type=\"widget\" data-widget_type=\"text-editor.default\">\n\t\t\t\t<div class=\"elementor-widget-container\">\n\t\t\t\t\t\t\t\t\t<p>Imaginamos comunidades vibrantes e resilientes constru\u00eddas com base na for\u00e7a de rela\u00e7\u00f5es justas.<\/p>\n\t\t\t\t\t\t\t\t<\/div>\n\t\t\t\t<\/div>\n\t\t\t\t\t<\/div>\n\t\t<\/div>\n\t\t\t\t\t<\/div>\n\t\t<\/section>\n\t\t\t\t\t<\/div>\n\t\t<\/div>\n\t\t\t\t\t<\/div>\n\t\t<\/section>\n\t\t\t\t<section class=\"elementor-section elementor-top-section elementor-element elementor-element-3a388bb8 elementor-section-boxed elementor-section-height-default elementor-section-height-default\" data-id=\"3a388bb8\" data-element_type=\"section\" data-e-type=\"section\" data-settings=\"{&quot;background_background&quot;:&quot;classic&quot;}\">\n\t\t\t\t\t\t\t<div class=\"elementor-background-overlay\"><\/div>\n\t\t\t\t\t\t\t<div class=\"elementor-container elementor-column-gap-no\">\n\t\t\t\t\t<div class=\"elementor-column elementor-col-100 elementor-top-column elementor-element elementor-element-25327dd0\" data-id=\"25327dd0\" data-element_type=\"column\" data-e-type=\"column\">\n\t\t\t<div class=\"elementor-widget-wrap elementor-element-populated\">\n\t\t\t\t\t\t<div class=\"elementor-element elementor-element-1d18feaa elementor-widget elementor-widget-image\" data-id=\"1d18feaa\" data-element_type=\"widget\" data-e-type=\"widget\" data-widget_type=\"image.default\">\n\t\t\t\t<div class=\"elementor-widget-container\">\n\t\t\t\t\t\t\t\t\t\t\t\t\t\t\t<img decoding=\"async\" width=\"198\" height=\"101\" src=\"https:\/\/ssscorp.org\/wp-content\/uploads\/2025\/03\/just-outcomes-logo.png\" class=\"attachment-large size-large wp-image-12149\" alt=\"\" \/>\t\t\t\t\t\t\t\t\t\t\t\t\t\t\t<\/div>\n\t\t\t\t<\/div>\n\t\t\t\t<div class=\"elementor-element elementor-element-1ce3ea4a elementor-widget elementor-widget-text-editor\" data-id=\"1ce3ea4a\" data-element_type=\"widget\" data-e-type=\"widget\" data-widget_type=\"text-editor.default\">\n\t\t\t\t<div class=\"elementor-widget-container\">\n\t\t\t\t\t\t\t\t\t<p>Equipe Just Outcomes<\/p>\n\t\t\t\t\t\t\t\t<\/div>\n\t\t\t\t<\/div>\n\t\t\t\t<section class=\"elementor-section elementor-inner-section elementor-element elementor-element-1546985e elementor-section-boxed elementor-section-height-default elementor-section-height-default\" data-id=\"1546985e\" data-element_type=\"section\" data-e-type=\"section\">\n\t\t\t\t\t\t<div class=\"elementor-container elementor-column-gap-default\">\n\t\t\t\t\t<div class=\"elementor-column elementor-col-33 elementor-inner-column elementor-element elementor-element-62b7cf24\" data-id=\"62b7cf24\" data-element_type=\"column\" data-e-type=\"column\">\n\t\t\t<div class=\"elementor-widget-wrap elementor-element-populated\">\n\t\t\t\t\t\t<div class=\"elementor-element elementor-element-58501ea5 elementor-widget elementor-widget-image\" data-id=\"58501ea5\" data-element_type=\"widget\" data-e-type=\"widget\" data-widget_type=\"image.default\">\n\t\t\t\t<div class=\"elementor-widget-container\">\n\t\t\t\t\t\t\t\t\t\t\t\t\t\t\t<img fetchpriority=\"high\" decoding=\"async\" width=\"520\" height=\"676\" src=\"https:\/\/ssscorp.org\/wp-content\/uploads\/2025\/03\/screen-shot-2021-01-26-at-10-40-46-am_orig.png\" class=\"attachment-large size-large wp-image-12157\" alt=\"\" srcset=\"https:\/\/ssscorp.org\/wp-content\/uploads\/2025\/03\/screen-shot-2021-01-26-at-10-40-46-am_orig.png 520w, https:\/\/ssscorp.org\/wp-content\/uploads\/2025\/03\/screen-shot-2021-01-26-at-10-40-46-am_orig-231x300.png 231w\" sizes=\"(max-width: 520px) 100vw, 520px\" \/>\t\t\t\t\t\t\t\t\t\t\t\t\t\t\t<\/div>\n\t\t\t\t<\/div>\n\t\t\t\t<div class=\"elementor-element elementor-element-6d1188f9 elementor-widget elementor-widget-heading\" data-id=\"6d1188f9\" data-element_type=\"widget\" data-e-type=\"widget\" data-widget_type=\"heading.default\">\n\t\t\t\t<div class=\"elementor-widget-container\">\n\t\t\t\t\t<h2 class=\"elementor-heading-title elementor-size-default\">Catherine Bargen<\/h2>\t\t\t\t<\/div>\n\t\t\t\t<\/div>\n\t\t\t\t<div class=\"elementor-element elementor-element-52729dfd elementor-widget elementor-widget-text-editor\" data-id=\"52729dfd\" data-element_type=\"widget\" data-e-type=\"widget\" data-widget_type=\"text-editor.default\">\n\t\t\t\t<div class=\"elementor-widget-container\">\n\t\t\t\t\t\t\t\t\t<p>Catherine Bargen trabalha com comunidades para desenvolver programas de justi\u00e7a restaurativa h\u00e1 mais de 20 anos. Trabalhando em todo o Canad\u00e1 e internacionalmente, ela presta consultoria, treina e facilita processos de justi\u00e7a restaurativa e de transforma\u00e7\u00e3o de conflitos para escolas, comunidades religiosas, comunidades ind\u00edgenas, organiza\u00e7\u00f5es governamentais e n\u00e3o governamentais. Antes de ser cofundadora da Just Outcomes, Catherine atuou por 9 anos como Coordenadora de Justi\u00e7a Restaurativa na Divis\u00e3o de Servi\u00e7os \u00e0s V\u00edtimas e Preven\u00e7\u00e3o de Crimes do Governo da Col\u00fambia Brit\u00e2nica, Canad\u00e1. Ela escreveu e foi coautora de v\u00e1rios recursos amplamente lidos sobre justi\u00e7a restaurativa e, em 2019, foi homenageada com o Pr\u00eamio de Seguran\u00e7a Comunit\u00e1ria e Preven\u00e7\u00e3o de Crimes da Col\u00fambia Brit\u00e2nica. Catherine tem mestrado em Transforma\u00e7\u00e3o de Conflitos pelo Center for Justice and Peacebuilding na Virg\u00ednia, EUA. Ela traz um estilo otimista para seu trabalho, ao mesmo tempo em que oferece seu cuidado genu\u00edno e compaix\u00e3o por todos aqueles com quem trabalha.     <\/p>\n\t\t\t\t\t\t\t\t<\/div>\n\t\t\t\t<\/div>\n\t\t\t\t\t<\/div>\n\t\t<\/div>\n\t\t\t\t<div class=\"elementor-column elementor-col-33 elementor-inner-column elementor-element elementor-element-15b352eb\" data-id=\"15b352eb\" data-element_type=\"column\" data-e-type=\"column\">\n\t\t\t<div class=\"elementor-widget-wrap elementor-element-populated\">\n\t\t\t\t\t\t<div class=\"elementor-element elementor-element-18bd54c1 elementor-widget elementor-widget-image\" data-id=\"18bd54c1\" data-element_type=\"widget\" data-e-type=\"widget\" data-widget_type=\"image.default\">\n\t\t\t\t<div class=\"elementor-widget-container\">\n\t\t\t\t\t\t\t\t\t\t\t\t\t\t\t<img decoding=\"async\" width=\"518\" height=\"676\" src=\"https:\/\/ssscorp.org\/wp-content\/uploads\/2025\/03\/screen-shot-2021-01-26-at-10-41-06-am_orig.png\" class=\"attachment-large size-large wp-image-12165\" alt=\"\" srcset=\"https:\/\/ssscorp.org\/wp-content\/uploads\/2025\/03\/screen-shot-2021-01-26-at-10-41-06-am_orig.png 518w, https:\/\/ssscorp.org\/wp-content\/uploads\/2025\/03\/screen-shot-2021-01-26-at-10-41-06-am_orig-230x300.png 230w\" sizes=\"(max-width: 518px) 100vw, 518px\" \/>\t\t\t\t\t\t\t\t\t\t\t\t\t\t\t<\/div>\n\t\t\t\t<\/div>\n\t\t\t\t<div class=\"elementor-element elementor-element-2032a85b elementor-widget elementor-widget-heading\" data-id=\"2032a85b\" data-element_type=\"widget\" data-e-type=\"widget\" data-widget_type=\"heading.default\">\n\t\t\t\t<div class=\"elementor-widget-container\">\n\t\t\t\t\t<h2 class=\"elementor-heading-title elementor-size-default\">Matthew Hartman<\/h2>\t\t\t\t<\/div>\n\t\t\t\t<\/div>\n\t\t\t\t<div class=\"elementor-element elementor-element-7144d1a6 elementor-widget elementor-widget-text-editor\" data-id=\"7144d1a6\" data-element_type=\"widget\" data-e-type=\"widget\" data-widget_type=\"text-editor.default\">\n\t\t\t\t<div class=\"elementor-widget-container\">\n\t\t\t\t\t\t\t\t\t<p>Matthew Hartman tem mais de 20 anos de experi\u00eancia multissetorial como facilitador, instrutor, administrador de programas e consultor no movimento de justi\u00e7a restaurativa nos EUA e no Canad\u00e1. Sua experi\u00eancia inclui a facilita\u00e7\u00e3o de processos de justi\u00e7a restaurativa em contextos variados; trabalho em setores governamentais e sem fins lucrativos para desenvolver e administrar programas de justi\u00e7a restaurativa; e parcerias com comunidades e ag\u00eancias para alinhar suas respostas a danos com valores humanos universais e restaurativos. Um profissional com princ\u00edpios elevados, Matthew tem uma paix\u00e3o de longa data pelo desenvolvimento humano e organizacional. Combinando sua curiosidade e empatia com habilidades organizacionais e t\u00e9cnicas excepcionais, Matthew oferece uma abordagem capacitadora e colaborativa para trabalhar com pessoas e grupos. Ele tem mestrado em Transforma\u00e7\u00e3o de Conflitos.    <\/p>\n\t\t\t\t\t\t\t\t<\/div>\n\t\t\t\t<\/div>\n\t\t\t\t\t<\/div>\n\t\t<\/div>\n\t\t\t\t<div class=\"elementor-column elementor-col-33 elementor-inner-column elementor-element elementor-element-15ba2b6b\" data-id=\"15ba2b6b\" data-element_type=\"column\" data-e-type=\"column\">\n\t\t\t<div class=\"elementor-widget-wrap elementor-element-populated\">\n\t\t\t\t\t\t<div class=\"elementor-element elementor-element-365fa853 elementor-widget elementor-widget-image\" data-id=\"365fa853\" data-element_type=\"widget\" data-e-type=\"widget\" data-widget_type=\"image.default\">\n\t\t\t\t<div class=\"elementor-widget-container\">\n\t\t\t\t\t\t\t\t\t\t\t\t\t\t\t<img loading=\"lazy\" decoding=\"async\" width=\"528\" height=\"680\" src=\"https:\/\/ssscorp.org\/wp-content\/uploads\/2025\/03\/screen-shot-2021-01-26-at-10-41-21-am_orig.png\" class=\"attachment-large size-large wp-image-12173\" alt=\"\" srcset=\"https:\/\/ssscorp.org\/wp-content\/uploads\/2025\/03\/screen-shot-2021-01-26-at-10-41-21-am_orig.png 528w, https:\/\/ssscorp.org\/wp-content\/uploads\/2025\/03\/screen-shot-2021-01-26-at-10-41-21-am_orig-233x300.png 233w\" sizes=\"(max-width: 528px) 100vw, 528px\" \/>\t\t\t\t\t\t\t\t\t\t\t\t\t\t\t<\/div>\n\t\t\t\t<\/div>\n\t\t\t\t<div class=\"elementor-element elementor-element-49b1f460 elementor-widget elementor-widget-heading\" data-id=\"49b1f460\" data-element_type=\"widget\" data-e-type=\"widget\" data-widget_type=\"heading.default\">\n\t\t\t\t<div class=\"elementor-widget-container\">\n\t\t\t\t\t<h2 class=\"elementor-heading-title elementor-size-default\">Aaron Lyons<\/h2>\t\t\t\t<\/div>\n\t\t\t\t<\/div>\n\t\t\t\t<div class=\"elementor-element elementor-element-266bab01 elementor-widget elementor-widget-text-editor\" data-id=\"266bab01\" data-element_type=\"widget\" data-e-type=\"widget\" data-widget_type=\"text-editor.default\">\n\t\t\t\t<div class=\"elementor-widget-container\">\n\t\t\t\t\t\t\t\t\t<p>Aaron Lyons \u00e9 um construtor da paz experiente e apaixonado e especialista em justi\u00e7a restaurativa com 17 anos de servi\u00e7o internacional em facilita\u00e7\u00e3o, consultoria, orienta\u00e7\u00e3o e treinamento. Com mestrado em Transforma\u00e7\u00e3o de Conflitos pelo Center for Justice and Peacebuilding, na Virg\u00ednia, ele traz anos de pr\u00e1tica de facilita\u00e7\u00e3o no di\u00e1logo restaurativo ap\u00f3s crimes e traumas. Aaron d\u00e1 suporte a um espectro de ag\u00eancias governamentais e n\u00e3o governamentais para projetar e implementar abordagens orientadas por valores, informadas sobre traumas e culturalmente sens\u00edveis para lidar com conflitos, danos e injusti\u00e7as. Ele acredita firmemente na capacidade das pessoas de crescer e descobrir seus pr\u00f3prios caminhos criativos, mesmo nas experi\u00eancias de vida mais dif\u00edceis. Facilitador, escritor e instrutor nato, Aaron traz uma presen\u00e7a perspicaz, envolvente e constante para todo o seu trabalho.    <\/p>\n\t\t\t\t\t\t\t\t<\/div>\n\t\t\t\t<\/div>\n\t\t\t\t\t<\/div>\n\t\t<\/div>\n\t\t\t\t\t<\/div>\n\t\t<\/section>\n\t\t\t\t\t<\/div>\n\t\t<\/div>\n\t\t\t\t\t<\/div>\n\t\t<\/section>\n\t\t\t\t<\/div>\n\t\t","protected":false},"excerpt":{"rendered":"<p>Resultados justos A Just Outcomes \u00e9 uma equipe de consultores de justi\u00e7a restaurativa que trabalha com l\u00edderes de comunidades e organiza\u00e7\u00f5es para criar e melhorar os sistemas de seguran\u00e7a, justi\u00e7a e responsabilidade da comunidade. A Just Outcomes \u00e9 especializada na obten\u00e7\u00e3o de resultados que apoiam a lideran\u00e7a coletiva e incorporam as percep\u00e7\u00f5es, aspira\u00e7\u00f5es e necessidades [&#8230;]\n","protected":false},"author":1,"featured_media":0,"parent":6965,"menu_order":0,"comment_status":"closed","ping_status":"closed","template":"elementor_header_footer","meta":{"iawp_total_views":0,"footnotes":""},"class_list":["post-12324","page","type-page","status-publish","hentry"],"_links":{"self":[{"href":"https:\/\/ssscorp.org\/pt-br\/wp-json\/wp\/v2\/pages\/12324","targetHints":{"allow":["GET"]}}],"collection":[{"href":"https:\/\/ssscorp.org\/pt-br\/wp-json\/wp\/v2\/pages"}],"about":[{"href":"https:\/\/ssscorp.org\/pt-br\/wp-json\/wp\/v2\/types\/page"}],"author":[{"embeddable":true,"href":"https:\/\/ssscorp.org\/pt-br\/wp-json\/wp\/v2\/users\/1"}],"replies":[{"embeddable":true,"href":"https:\/\/ssscorp.org\/pt-br\/wp-json\/wp\/v2\/comments?post=12324"}],"version-history":[{"count":3,"href":"https:\/\/ssscorp.org\/pt-br\/wp-json\/wp\/v2\/pages\/12324\/revisions"}],"predecessor-version":[{"id":12629,"href":"https:\/\/ssscorp.org\/pt-br\/wp-json\/wp\/v2\/pages\/12324\/revisions\/12629"}],"up":[{"embeddable":true,"href":"https:\/\/ssscorp.org\/pt-br\/wp-json\/wp\/v2\/pages\/6965"}],"wp:attachment":[{"href":"https:\/\/ssscorp.org\/pt-br\/wp-json\/wp\/v2\/media?parent=12324"}],"curies":[{"name":"wp","href":"https:\/\/api.w.org\/{rel}","templated":true}]}}