{"id":6963,"date":"2023-08-28T16:51:50","date_gmt":"2023-08-28T16:51:50","guid":{"rendered":"https:\/\/ssscorp.org\/il-progetto-di-riconciliazione-compassionevole\/"},"modified":"2025-03-09T22:36:11","modified_gmt":"2025-03-09T22:36:11","slug":"il-progetto-di-riconciliazione-compassionevole","status":"publish","type":"page","link":"https:\/\/ssscorp.org\/it\/il-progetto-di-riconciliazione-compassionevole\/","title":{"rendered":"Il Progetto di Riconciliazione Compassionevole"},"content":{"rendered":"\n\n  <div class=\"banner has-hover has-parallax\" id=\"banner-1980992001\">\n          <div class=\"banner-inner fill\">\n        <div class=\"banner-bg fill\" data-parallax=\"-3\" data-parallax-container=\".banner\" data-parallax-background>\n            <div class=\"bg fill bg-fill \"><\/div>\n                        <div class=\"overlay\"><\/div>            \n                    <\/div>\n\t\t\n        <div class=\"banner-layers container\">\n            <div class=\"fill banner-link\"><\/div>            \n\n   <div id=\"text-box-1697358063\" class=\"text-box banner-layer x50 md-x50 lg-x50 y50 md-y50 lg-y50 res-text\">\n                                <div class=\"text-box-content text dark\">\n              \n              <div class=\"text-inner text-center\">\n                  \n\n<h3 class=\"uppercase\"><strong>Il Progetto di Riconciliazione Compassionevole<\/strong><\/h3>\n\n              <\/div>\n           <\/div>\n                            \n<style>\n#text-box-1697358063 {\n  width: 60%;\n}\n#text-box-1697358063 .text-box-content {\n  font-size: 100%;\n}\n<\/style>\n    <\/div>\n \n\n        <\/div>\n      <\/div>\n\n            \n<style>\n#banner-1980992001 {\n  padding-top: 300px;\n}\n#banner-1980992001 .bg.bg-loaded {\n  background-image: url(https:\/\/ssscorp.org\/wp-content\/uploads\/2022\/09\/Untitled-design-3-scaled-1.jpeg);\n}\n#banner-1980992001 .overlay {\n  background-color: rgba(17, 33, 82, 0.855);\n}\n#banner-1980992001 .ux-shape-divider--top svg {\n  height: 150px;\n  --divider-top-width: 100%;\n}\n#banner-1980992001 .ux-shape-divider--bottom svg {\n  height: 150px;\n  --divider-width: 100%;\n}\n<\/style>\n  <\/div>\n\n\n\t<section class=\"section\" id=\"section_14879855\">\n\t\t<div class=\"bg section-bg fill bg-fill  bg-loaded\" >\n\n\t\t\t\n\t\t\t\n\t\t\t\n\n\t\t<\/div>\n\n\t\t\n\n\t\t<div class=\"section-content relative\">\n\t\t\t\n\n<div class=\"row align-center\"  id=\"row-1369378997\">\n\n\n\t<div id=\"col-234345149\" class=\"col small-12 large-12\"  >\n\t\t\t\t<div class=\"col-inner\"  >\n\t\t\t\n\t\t\t\n\n<h2>Il Progetto di Riconciliazione Compassionevole<\/h2>\n<p><span style=\"font-weight: 400;\">All&#8217;inizio del 2020 le comunit\u00e0 globali di 3HO, KRI e Sikh Dharma International hanno ascoltato la dolorosa condivisione di esperienze di danni all&#8217;interno delle nostre comunit\u00e0, e in particolare dei nostri programmi giovanili e delle nostre scuole.<\/span><\/p>\n<p><span style=\"font-weight: 400;\">La SSSC ha intrapreso un percorso di riconciliazione compassionevole, che utilizza i principi fondamentali della giustizia riparativa per guidare i processi di guarigione di tutte le persone colpite. Il Progetto di riconciliazione compassionevole cerca di riconoscere e riparare il danno, ricostruendo una comunit\u00e0 di fiducia.<\/span><\/p>\n<p><span style=\"font-weight: 400;\">Nell&#8217;autunno del 2020, la SSSC ha assunto Just Outcomes, una societ\u00e0 di consulenza in materia di giustizia riparativa, che ha concentrato gli sforzi sull&#8217;incontro con individui e gruppi all&#8217;interno della nostra comunit\u00e0 per comprendere meglio le diverse esigenze ed esperienze presenti. Questo processo di apprendimento e valutazione ha aiutato Just Outcomes a comprendere cosa potrebbe essere necessario per rispondere in modo significativo alle esigenze di riconoscimento e guarigione. Grazie a questo lavoro di rete e di costruzione di relazioni, Just Outcomes ha lavorato a stretto contatto con le nostre attuali<\/span><\/p>\n<p><span style=\"font-weight: 400;\">organizzazioni e leadership comunitarie per costruire capacit\u00e0 e progettare percorsi di giustizia, sostegno e guarigione.<\/span><\/p>\n<p><span style=\"font-weight: 400;\">Un&#8217;importante iniziativa del Progetto di riconciliazione compassionevole \u00e8 stata la creazione della Commissione di riconciliazione compassionevole (CRC). Il CRC \u00e8 un gruppo eterogeneo che coinvolge le molte voci, esigenze e prospettive esistenti nella nostra comunit\u00e0. L&#8217;attuale struttura del CRC consiste in una serie di gruppi consultivi che lavorano accanto al CRC centrale, composto da rappresentanti di ciascun gruppo consultivo.<\/span><\/p>\n<p><span style=\"font-weight: 400;\">Clicca qui per visualizzare ulteriori informazioni sul progetto: <\/span><a href=\"https:\/\/ssscorp.org\/it\/il-progetto-di-riconciliazione-compassionevole\/crc-test\/\"><span style=\"font-weight: 400;\">https:\/\/ssscorp.org\/the-compassionate-reconciliation-project\/crp-about\/<\/span><\/a><\/p>\n\n\n\t\t<\/div>\n\t\t\t\t\t<\/div>\n\n\t\n\n<\/div>\n\n\t\t<\/div>\n\n\t\t\n<style>\n#section_14879855 {\n  padding-top: 30px;\n  padding-bottom: 30px;\n}\n#section_14879855 .ux-shape-divider--top svg {\n  height: 150px;\n  --divider-top-width: 100%;\n}\n#section_14879855 .ux-shape-divider--bottom svg {\n  height: 150px;\n  --divider-width: 100%;\n}\n<\/style>\n\t<\/section>\n\t\n\n","protected":false},"excerpt":{"rendered":"","protected":false},"author":2,"featured_media":0,"parent":0,"menu_order":0,"comment_status":"closed","ping_status":"closed","template":"page-blank.php","meta":{"iawp_total_views":2,"footnotes":""},"class_list":["post-6963","page","type-page","status-publish","hentry"],"_links":{"self":[{"href":"https:\/\/ssscorp.org\/it\/wp-json\/wp\/v2\/pages\/6963","targetHints":{"allow":["GET"]}}],"collection":[{"href":"https:\/\/ssscorp.org\/it\/wp-json\/wp\/v2\/pages"}],"about":[{"href":"https:\/\/ssscorp.org\/it\/wp-json\/wp\/v2\/types\/page"}],"author":[{"embeddable":true,"href":"https:\/\/ssscorp.org\/it\/wp-json\/wp\/v2\/users\/2"}],"replies":[{"embeddable":true,"href":"https:\/\/ssscorp.org\/it\/wp-json\/wp\/v2\/comments?post=6963"}],"version-history":[{"count":4,"href":"https:\/\/ssscorp.org\/it\/wp-json\/wp\/v2\/pages\/6963\/revisions"}],"predecessor-version":[{"id":12840,"href":"https:\/\/ssscorp.org\/it\/wp-json\/wp\/v2\/pages\/6963\/revisions\/12840"}],"wp:attachment":[{"href":"https:\/\/ssscorp.org\/it\/wp-json\/wp\/v2\/media?parent=6963"}],"curies":[{"name":"wp","href":"https:\/\/api.w.org\/{rel}","templated":true}]}}