{"id":2524,"date":"2022-09-02T15:26:40","date_gmt":"2022-09-02T15:26:40","guid":{"rendered":"https:\/\/ssscorp.org\/elezioni-sssc\/elettori\/nuovi-elettori\/"},"modified":"2022-10-20T15:24:31","modified_gmt":"2022-10-20T15:24:31","slug":"nuovi-elettori","status":"publish","type":"page","link":"https:\/\/ssscorp.org\/it\/elezioni-sssc\/elettori\/nuovi-elettori\/","title":{"rendered":"Nuovi elettori"},"content":{"rendered":"\n\t<section class=\"section\" id=\"section_2075417652\">\n\t\t<div class=\"bg section-bg fill bg-fill  bg-loaded\" >\n\n\t\t\t\n\t\t\t\n\t\t\t\n\n\t\t<\/div>\n\n\t\t\n\n\t\t<div class=\"section-content relative\">\n\t\t\t\n\n<div class=\"row align-center\"  id=\"row-1452378126\">\n\n\n\t<div id=\"col-532840548\" class=\"col small-12 large-12\"  >\n\t\t\t\t<div class=\"col-inner text-left\"  >\n\t\t\t\n\t\t\t\n\n<h2 id=\"503784193199685412\" class=\"element wsite-content-title editable-text cke_editable cke_editable_inline cke_contents_ltr cke_show_borders cke_focus\" style=\"text-align: center;\" tabindex=\"0\" role=\"textbox\" contenteditable=\"true\" spellcheck=\"true\" aria-label=\"false\"><span style=\"color: #8d7824; font-size: 150%;\">2022 Nuovo processo di domanda di elettore<\/span><br><span style=\"font-size: xx-large; color: #333333;\">per i NUOVI elettori<\/span><\/h2>\n\t<div id=\"text-2780890328\" class=\"text\">\n\t\t\n\n<h2><strong><span style=\"color: #8d7824;\">Per i membri della comunit\u00e0 che desiderano candidarsi per diventare un elettore, attenersi alla seguente procedura:<\/span><\/strong><\/h2>\n<p><span style=\"color: #020202; font-size: large;\"><strong>Requisiti per candidarsi: per poter votare \u00e8 necessario soddisfare tutti e 4 i requisiti elencati di seguito.<\/strong><\/span><\/p>\n<ol>\n<li>Ha preso voti Sikh, o \u00e8 nato o cresciuto come Sikh da genitori che erano membri della comunit\u00e0 Sikh Dharma\/3HO, o ha praticato Kundalini Yoga per almeno 7 anni consecutivi, e<\/li>\n<li>Attualmente vive e pratica lo stile di vita Sikh Dharma\/3HO da almeno 7 anni consecutivi e<\/li>\n<li>Attualmente \u00e8 ed \u00e8 stato un membro attivo della comunit\u00e0 Sikh Dharma\/3HO per almeno 7 anni consecutivi e<\/li>\n<li>Non \u00e8 attualmente, n\u00e9 \u00e8 mai stato coinvolto in attivit\u00e0, organizzazioni o comunicazioni che danneggiano, minacciano o travisano le organizzazioni legacy (ad esempio, hanno un reclamo EPS attivo, hanno minacciato o intrapreso azioni legali contro qualsiasi organizzazione legacy o i suoi dipendenti, hanno presentato reclami all&#8217;SGPC o ad altri organi di governo sikh su qualsiasi organizzazione Sikh Dharma\/3HO).<\/li>\n<\/ol>\n<p><span style=\"font-size: 120%; color: #333333;\"><strong>Processo di candidatura<\/strong><\/span><\/p>\n<ol>\n<li>Completa la domanda online. Questa applicazione sar\u00e0 disponibile su questa pagina a partire dal 25 marzo 2022. Il periodo di candidatura termina il 13 settembre 2022 entro le 20:00 EST\/18:00 MST\/5:00 PST.<\/li>\n<li>Ricevi 3 lettere di raccomandazione dai Ministri in regola, dai membri del Consiglio Khalsa Attivo e\/o da Istruttori di Leader Attivi e Profesional nell&#8217;Accademia ATA. Avrai bisogno delle informazioni (nome, e-mail e numero di telefono) per i tuoi tre consiglieri prima di avviare l&#8217;applicazione online. <strong>Nota:<\/strong> le lettere di raccomandazione non possono essere scritte dai parenti. Inviare loro<span style=\"font-size: 100%;\"> <a href=\"https:\/\/www.ssscorp.org\/recommendation-process.html\" target=\"_blank\" rel=\"noopener\"><strong>https:\/\/www.ssscorp.org\/recommendation-process.html<\/strong><\/a> <\/span>affinch\u00e9 compilino la raccomandazione online. NON saranno accettate LETTERE O RACCOMANDAZIONI PDF. Devono compilare la raccomandazione online.<\/li>\n<li><span style=\"color: #2a2a2a;\">I candidati per la SSSC non possono scrivere lettere di raccomandazione per le persone che chiedono di essere nell&#8217;elettorato. Se un candidato diventa candidato dopo aver scritto una lettera di raccomandazione, alla persona che chiede di essere nell&#8217;elettorato verr\u00e0 chiesto di fornire una lettera aggiuntiva.<\/span><\/li>\n<li>Le raccomandazioni online devono essere inviate dai consiglieri entro il 13 settembre 2022 alle 20:00 EST\/18:00 MST\/5:00 PST.<\/li>\n<li>La vostra candidatura sar\u00e0 esaminata e approvata da Armanino, la societ\u00e0 terza che supervisiona le elezioni.<\/li>\n<li>Se approvato, riceverai un ID elettore il giorno in cui vota. <\/li>\n<\/ol>\n<p><strong>Nota:<\/strong> se Armanino richiede ulteriori informazioni per la vostra candidatura, vi contatter\u00e0 via e-mail. Si prega di rispondere il pi\u00f9 rapidamente possibile. Le risposte devono pervenire entro il termine di presentazione della domanda per essere accettate. La mancata risposta nei tempi indicati pu\u00f2 comportare il rifiuto della domanda. <\/p>\n<p><span style=\"font-size: 120%; color: #333333;\"><strong>Applicare<\/strong><\/span><\/p>\n<p><span style=\"color: #2a2a2a;\">La procedura di candidatura per i nuovi membri dell&#8217;elettorato si apre il 25 marzo 2022 e si chiude il 13 settembre 2022 entro le 20:00 EST\/18:00 MST\/5:00 PST.  <br><br>COME RICORDO: Dopo aver compilato la lettera di candidatura si prega di inviare questo link  <\/span><a href=\"https:\/\/www.ssscorp.org\/recommendation-process.html\" target=\"_blank\" rel=\"noopener\"><span style=\"font-size: 100%;\"><strong>https:\/\/www.ssscorp.org\/recommendation-process.html<\/strong><\/span><\/a><span style=\"color: #2a2a2a;\"><a href=\"_wp_link_placeholder\"><span style=\"font-size: 100%;\"> <\/span><\/a>alle persone che scriveranno la vostra lettera di raccomandazione:  <\/span><\/p>\n\t\t\n<style>\n#text-2780890328 {\n  text-align: left;\n}\n<\/style>\n\t<\/div>\n\t\n<div class=\"row\"  id=\"row-1432776382\">\n\n\n\t<div id=\"col-491764884\" class=\"col small-12 large-12\"  >\n\t\t\t\t<div class=\"col-inner\"  >\n\t\t\t\n\t\t\t\n\n\n\n<script>(function(t,e,s,n){var o,a,c;t.SMCX=t.SMCX||[],e.getElementById(n)||(o=e.getElementsByTagName(s),a=o[o.length-1],c=e.createElement(s),c.type=\"text\/javascript\",c.async=!0,c.id=n,c.src=\"https:\/\/widget.surveymonkey.com\/collect\/website\/js\/tRaiETqnLgj758hTBazgdxmwFJWsJD7oWfYGoQhbjFA_2FlnpCq2WIWempCoZLW5co.js\",a.parentNode.insertBefore(c,a))})(window,document,\"script\",\"smcx-sdk\");<\/script>\n\n\n\t\t<\/div>\n\t\t\t\t\t<\/div>\n\n\t\n\n<\/div>\n\n\t\t<\/div>\n\t\t\t\t\t<\/div>\n\n\t\n\n<\/div>\n\n\t\t<\/div>\n\n\t\t\n<style>\n#section_2075417652 {\n  padding-top: 30px;\n  padding-bottom: 30px;\n}\n#section_2075417652 .ux-shape-divider--top svg {\n  height: 150px;\n  --divider-top-width: 100%;\n}\n#section_2075417652 .ux-shape-divider--bottom svg {\n  height: 150px;\n  --divider-width: 100%;\n}\n<\/style>\n\t<\/section>\n\t\n\n","protected":false},"excerpt":{"rendered":"","protected":false},"author":1,"featured_media":0,"parent":2481,"menu_order":0,"comment_status":"closed","ping_status":"closed","template":"page-blank.php","meta":{"iawp_total_views":2,"footnotes":""},"class_list":["post-2524","page","type-page","status-publish","hentry"],"_links":{"self":[{"href":"https:\/\/ssscorp.org\/it\/wp-json\/wp\/v2\/pages\/2524","targetHints":{"allow":["GET"]}}],"collection":[{"href":"https:\/\/ssscorp.org\/it\/wp-json\/wp\/v2\/pages"}],"about":[{"href":"https:\/\/ssscorp.org\/it\/wp-json\/wp\/v2\/types\/page"}],"author":[{"embeddable":true,"href":"https:\/\/ssscorp.org\/it\/wp-json\/wp\/v2\/users\/1"}],"replies":[{"embeddable":true,"href":"https:\/\/ssscorp.org\/it\/wp-json\/wp\/v2\/comments?post=2524"}],"version-history":[{"count":1,"href":"https:\/\/ssscorp.org\/it\/wp-json\/wp\/v2\/pages\/2524\/revisions"}],"predecessor-version":[{"id":2529,"href":"https:\/\/ssscorp.org\/it\/wp-json\/wp\/v2\/pages\/2524\/revisions\/2529"}],"up":[{"embeddable":true,"href":"https:\/\/ssscorp.org\/it\/wp-json\/wp\/v2\/pages\/2481"}],"wp:attachment":[{"href":"https:\/\/ssscorp.org\/it\/wp-json\/wp\/v2\/media?parent=2524"}],"curies":[{"name":"wp","href":"https:\/\/api.w.org\/{rel}","templated":true}]}}