{"id":2439,"date":"2022-09-02T15:24:03","date_gmt":"2022-09-02T15:24:03","guid":{"rendered":"https:\/\/ssscorp.org\/elezioni-della-siri-singh-sahib-corporation-del-2020\/"},"modified":"2022-10-23T00:58:18","modified_gmt":"2022-10-23T00:58:18","slug":"elezioni-della-siri-singh-sahib-corporation-del-2020","status":"publish","type":"page","link":"https:\/\/ssscorp.org\/it\/elezioni-della-siri-singh-sahib-corporation-del-2020\/","title":{"rendered":"Elezioni della Siri Singh Sahib Corporation del 2020"},"content":{"rendered":"\n\n  <div class=\"banner has-hover has-parallax\" id=\"banner-84485004\">\n          <div class=\"banner-inner fill\">\n        <div class=\"banner-bg fill\" data-parallax=\"-3\" data-parallax-container=\".banner\" data-parallax-background>\n            <div class=\"bg fill bg-fill \"><\/div>\n                        <div class=\"overlay\"><\/div>            \n                    <\/div>\n\t\t\n        <div class=\"banner-layers container\">\n            <div class=\"fill banner-link\"><\/div>            \n\n   <div id=\"text-box-601860642\" class=\"text-box banner-layer x50 md-x50 lg-x50 y50 md-y50 lg-y50 res-text\">\n                                <div class=\"text-box-content text dark\">\n              \n              <div class=\"text-inner text-center\">\n                  \n\n<h3 class=\"uppercase\"><strong>Elezioni della Siri Singh Sahib Corporation del 2020<\/strong><\/h3>\n<p>Il seva, il servizio di dare senza pensare al risultato, \u00e8 una cosa molto semplice. Vi rende un leader, che lo siate o meno, che lo meritiate o meno. E vi porta opportunit\u00e0, prosperit\u00e0 e tutti i beni, e Dio, e le chicche dell&#8217;Universo.<br>Yogi Bhajan 4\/20\/89<\/p>\n\n              <\/div>\n           <\/div>\n                            \n<style>\n#text-box-601860642 {\n  width: 99%;\n}\n#text-box-601860642 .text-box-content {\n  font-size: 100%;\n}\n<\/style>\n    <\/div>\n \n\n        <\/div>\n      <\/div>\n\n            \n<style>\n#banner-84485004 {\n  padding-top: 300px;\n}\n#banner-84485004 .bg.bg-loaded {\n  background-image: url(https:\/\/ssscorp.org\/wp-content\/uploads\/2022\/09\/Untitled-design-3-scaled-1.jpeg);\n}\n#banner-84485004 .overlay {\n  background-color: rgba(17, 33, 82, 0.855);\n}\n#banner-84485004 .ux-shape-divider--top svg {\n  height: 150px;\n  --divider-top-width: 100%;\n}\n#banner-84485004 .ux-shape-divider--bottom svg {\n  height: 150px;\n  --divider-width: 100%;\n}\n<\/style>\n  <\/div>\n\n\n\t<section class=\"section\" id=\"section_1806090749\">\n\t\t<div class=\"bg section-bg fill bg-fill  bg-loaded\" >\n\n\t\t\t\n\t\t\t\n\t\t\t\n\n\t\t<\/div>\n\n\t\t\n\n\t\t<div class=\"section-content relative\">\n\t\t\t\n\n<div class=\"row\"  id=\"row-882223150\">\n\n\n\t<div id=\"col-670663106\" class=\"col small-12 large-12\"  >\n\t\t\t\t<div class=\"col-inner\"  >\n\t\t\t\n\t\t\t\n\n\t<div class=\"img has-hover x md-x lg-x y md-y lg-y\" id=\"image_430134124\">\n\t\t\t\t\t\t\t\t<div class=\"img-inner dark\" >\n\t\t\t<img fetchpriority=\"high\" decoding=\"async\" width=\"1020\" height=\"410\" src=\"https:\/\/ssscorp.org\/wp-content\/uploads\/2022\/10\/2020-sssc-election-infograph-most-current_orig-1024x412.jpg\" class=\"attachment-large size-large\" alt=\"\" srcset=\"https:\/\/ssscorp.org\/wp-content\/uploads\/2022\/10\/2020-sssc-election-infograph-most-current_orig-1024x412.jpg 1024w, https:\/\/ssscorp.org\/wp-content\/uploads\/2022\/10\/2020-sssc-election-infograph-most-current_orig-300x121.jpg 300w, https:\/\/ssscorp.org\/wp-content\/uploads\/2022\/10\/2020-sssc-election-infograph-most-current_orig-768x309.jpg 768w, https:\/\/ssscorp.org\/wp-content\/uploads\/2022\/10\/2020-sssc-election-infograph-most-current_orig.jpg 1456w\" sizes=\"(max-width: 1020px) 100vw, 1020px\" \/>\t\t\t\t\t\t\n\t\t\t\t\t<\/div>\n\t\t\t\t\t\t\t\t\n<style>\n#image_430134124 {\n  width: 100%;\n}\n<\/style>\n\t<\/div>\n\t\n\n<h2 id=\"869772807653871632\" class=\"element wsite-content-title editable-text cke_editable cke_editable_inline cke_contents_ltr cke_show_borders cke_focus\" tabindex=\"0\" role=\"textbox\" contenteditable=\"true\" spellcheck=\"true\" aria-label=\"false\"><span style=\"color: #8d7824; font-size: xx-large;\">Risultati delle elezioni del 2020<\/span><\/h2>\n<p>Scaricate i risultati ufficiali cliccando <a href=\"https:\/\/ssscorp.org\/wp-content\/uploads\/2022\/10\/siri_singh_sahib_corporation_trustees_election_certification_letter_2020-03-30-1245.pdf\" target=\"_blank\" rel=\"noopener\" data-cke-saved-href=\"http:\/\/weebly-file\/1\/0\/7\/2\/107246343\/siri_singh_sahib_corporation_trustees_election_certification_letter_2020-03-30-1245.pdf\">qui<\/a>.<\/p>\n\t<div class=\"img has-hover x md-x lg-x y md-y lg-y\" id=\"image_105495948\">\n\t\t\t\t\t\t\t\t<div class=\"img-inner dark\" >\n\t\t\t<img decoding=\"async\" width=\"1020\" height=\"633\" src=\"https:\/\/ssscorp.org\/wp-content\/uploads\/2022\/10\/table-2020-elections-1024x635.jpg\" class=\"attachment-large size-large\" alt=\"\" srcset=\"https:\/\/ssscorp.org\/wp-content\/uploads\/2022\/10\/table-2020-elections-1024x635.jpg 1024w, https:\/\/ssscorp.org\/wp-content\/uploads\/2022\/10\/table-2020-elections-300x186.jpg 300w, https:\/\/ssscorp.org\/wp-content\/uploads\/2022\/10\/table-2020-elections-768x476.jpg 768w, https:\/\/ssscorp.org\/wp-content\/uploads\/2022\/10\/table-2020-elections.jpg 1121w\" sizes=\"(max-width: 1020px) 100vw, 1020px\" \/>\t\t\t\t\t\t\n\t\t\t\t\t<\/div>\n\t\t\t\t\t\t\t\t\n<style>\n#image_105495948 {\n  width: 100%;\n}\n<\/style>\n\t<\/div>\n\t\n\n<h2 id=\"684112980737863157\" class=\"element wsite-content-title editable-text cke_editable cke_editable_inline cke_contents_ltr cke_show_borders cke_focus\" style=\"text-align: center;\" tabindex=\"0\" role=\"textbox\" contenteditable=\"true\" spellcheck=\"true\" aria-label=\"false\">Dettagli sulle elezioni<\/h2>\n<p><strong><span style=\"color: #8d7824;\">Otto (8) dei membri sono stati eletti nelle ultime elezioni. Serviranno fino al Consiglio di Khalsa nell&#8217;autunno del 2022:<\/span><\/strong><\/p>\n<ul>\n<li>SS Guru Amrit Singh Khalsa- Herndon, VA (Tesoriere)<\/li>\n<li>SS Gurusangat Singh Khalsa &#8211; Herndon, Virginia<\/li>\n<li>SS Gurudarbar Singh Khalsa &#8211; Espa\u00f1ola, NM<\/li>\n<li>SS Kulwant Kaur Khalsa &#8211; Espa\u00f1ola\/Los Angeles<\/li>\n<li>SS Dr. Harjot Kaur Singh- Calgary, Canada<\/li>\n<li>MSS Krishna Kaur Khalsa- Los Angeles, CA<\/li>\n<li>SS Gurutej Singh Khalsa &#8211; Singapore<\/li>\n<li>SS Sahaj Singh Kahlas &#8211; Santa Fe, Nuovo Messico<\/li>\n<\/ul>\n<p><strong><span style=\"color: #a88d2e;\">I sette (7) membri del Consiglio SSSC i cui termini scadono nella primavera del 2020 sono:<\/span><\/strong><\/p>\n<ul>\n<li>MJ Amrit Singh Khalsa- Espanola, NM<\/li>\n<li>SS Dharm Singh Khalsa- Espanola, NM<\/li>\n<li>SS Gurujodha Singh Khalsa- Bakersfield, CA<\/li>\n<li>SS Gurujot Kaur Khalsa- Herndon, Virginia<\/li>\n<li>SS Sat Bachan Kaur Khalsa- Espanola, NM<\/li>\n<li>SS Sat Hari Singh Khalsa &#8211; Amburgo, Germania<\/li>\n<li>SS Viriam Singh Khalsa- Eugenio, OR<\/li>\n<\/ul>\n<h3><span style=\"color: #a88d2e;\">Dettaglio calendario elettorale 2022<\/span><\/h3>\n<p><strong>1. Nomina: 15 settembre &#8211; 15 ottobre 2019<\/strong><\/p>\n<ul>\n<li>I membri del Sangat nomineranno i Candidati attraverso un sondaggio elettronico. Tutti i membri Sangat possono partecipare. <\/li>\n<\/ul>\n<p><br><strong>2. Controllo: 16 ottobre &#8211; 31 dicembre 2019<\/strong><\/p>\n<ul>\n<li> L&#8217;Ufficio del Cancelliere esamina i candidati secondo la sezione 2.6 dello statuto per determinare l&#8217;ammissibilit\u00e0. <\/li>\n<li> L&#8217;Ufficio del Segretario della Religione fornir\u00e0 un elenco dei ministri che si sono qualificati per essere idonei a votare alle prossime elezioni. <\/li>\n<\/ul>\n<p><strong> <\/strong><br><strong>3. Annuncio dei candidati: 1 gennaio 2020<\/strong><\/p>\n<ul>\n<li> Un&#8217;e-mail sar\u00e0 inviata all&#8217;Elettorato con l&#8217;annuncio dei nomi dei Candidati ammissibili.<\/li>\n<\/ul>\n<p><strong> <\/strong><br><strong>4. Presentazione delle dichiarazioni dei candidati: 2 gennaio 2020 &#8211; 30 gennaio 2020<\/strong><\/p>\n<ul>\n<li>I candidati ammissibili devono ricevere un questionario in cui si richiedono informazioni biografiche pertinenti. Il questionario deve includere il termine per la presentazione ei criteri per la squalifica come specificato nella Fase 5 di questo programma. <\/li>\n<li>Ciascun candidato idoneo dovr\u00e0 presentare una risposta al questionario.<\/li>\n<li>I candidati che non invieranno risposta entro il termine saranno squalificati.<\/li>\n<\/ul>\n<p><strong> <\/strong><br><strong>5. Revisione delle dichiarazioni dei candidati: 31 gennaio &#8211; 13 febbraio 2020<\/strong><\/p>\n<ul>\n<li>Questa fase pu\u00f2 essere eseguita in concomitanza con le fasi 4 e 6.<\/li>\n<li>L&#8217;Ufficio del Cancelliere e il Comitato Elettorale esamineranno tutte le Dichiarazioni dei candidati.<\/li>\n<\/ul>\n<ul>\n<li>I candidati le cui dichiarazioni contengono contenuti inappropriati possono presentare una Dichiarazione modificata entro e non oltre tre (3) giorni prima dell&#8217;inizio della votazione. I candidati che non abbiano presentato un&#8217;adeguata Dichiarazione rivista entro tale termine saranno squalificati. <\/li>\n<\/ul>\n<p><br><strong>6. Invio delle dichiarazioni dei candidati: 14 febbraio 2020<\/strong><\/p>\n<ul>\n<li>Questa fase pu\u00f2 essere eseguita in concomitanza con le fasi 4 e 5.<\/li>\n<li>Una volta pubblicate tutte le Dichiarazioni appropriate, il sito web viene attivato e viene inviata una notifica all&#8217;Elettorato. <\/li>\n<\/ul>\n<p><br><strong>7. Municipio: 1-8 marzo <strong>2020<\/strong><\/strong><\/p>\n<ul>\n<li> I municipi online saranno condotti per l&#8217;elettorato per incontrare i candidati e porre loro domande. <\/li>\n<\/ul>\n<p><br><strong>8. Votazioni: 9-22 marzo 2020<\/strong><\/p>\n<ul>\n<li>Le votazioni si svolgeranno online tramite un servizio di votazione sicuro.<\/li>\n<li>Ciascun elettore deve essere dotato di credenziali univoche in modo da poter compilare esattamente una scheda.<\/li>\n<li>Ciascun elettore pu\u00f2 esprimere un numero di voti pari o inferiore al numero dei seggi in elezione. <\/li>\n<li> A ciascun elettore \u00e8 vietato votare per qualsiasi Candidato pi\u00f9 di una volta. <strong> <\/strong><\/li>\n<\/ul>\n<p><br><strong>9. Conteggio e notifica: 23 marzo 2020<\/strong><\/p>\n<ul>\n<li>I voti sono conteggiati elettronicamente al termine delle votazioni.<\/li>\n<li>Saranno seduti i sette Candidati che avranno ottenuto il maggior numero di voti. <\/li>\n<li>In caso di parit\u00e0 per gli ultimi seggi liberi, se ci sono pi\u00f9 Candidati in parit\u00e0 di quanti sono i seggi liberi, i restanti seggi liberi saranno contestati in un ballottaggio tra i Candidati in parit\u00e0. <\/li>\n<li>La notifica dei risultati elettorali deve includere vincitori e conteggi per ogni Candidato.<\/li>\n<\/ul>\n<p> <br><strong>10. Elezione al ballottaggio (se necessario): 23-31 marzo 2020<\/strong><\/p>\n<ul>\n<li>L&#8217;elettorato deve essere informato del ballottaggio il giorno successivo alla fine delle elezioni ordinarie.<\/li>\n<li>Le votazioni e il conteggio dei voti si svolgono secondo le Fasi 7 e 8.<\/li>\n<\/ul>\n<p><br><strong>11. Notifica a Sangat dei risultati delle elezioni del ballottaggio: 1 aprile 2020 (se \u00e8 richiesta l&#8217;elezione del ballottaggio)<\/strong><\/p>\n<ul>\n<li>Il Sangat sar\u00e0 informato dei risultati del ballottaggio.<\/li>\n<\/ul>\n<p><br><strong>12. Assunzione della carica: (Primo giorno del Consiglio Khalsa) 22 aprile 2020<\/strong><\/p>\n<ul>\n<li>I vincitori delle elezioni entreranno in carica alla scadenza del mandato degli Amministratori uscenti. <\/li>\n<\/ul>\n<div class=\"is-divider divider clearfix\" style=\"max-width:100%;\"><\/div>\n\n<div class=\"row\"  id=\"row-939738416\">\n\n\n\t<div id=\"col-1612478084\" class=\"col medium-6 small-12 large-6\"  >\n\t\t\t\t<div class=\"col-inner\"  >\n\t\t\t\n\t\t\t\n\n<h3>Elettorato<\/h3>\n<p>Per saperne di pi\u00f9 su chi ha i requisiti per far parte dell&#8217;elettorato o per candidarsi, cliccare sul seguente pulsante:<\/p>\n\n<a class=\"button primary is-outline reveal-icon\"  >\n    <span>ELETTORATO 2020<\/span>\n  <i class=\"icon-angle-right\" ><\/i><\/a>\n\n\n\n\t\t<\/div>\n\t\t\t\t\t<\/div>\n\n\t\n\n\t<div id=\"col-691848204\" class=\"col medium-6 small-12 large-6\"  >\n\t\t\t\t<div class=\"col-inner\"  >\n\t\t\t\n\t\t\t\n\n<h3>Nomination<\/h3>\n<p>Per nominare un amministratore, cliccare sul pulsante seguente:<\/p>\n\n<a class=\"button primary is-outline reveal-icon\"  >\n    <span>MODULO DI NOMINA DEL FIDUCIARIO<\/span>\n  <i class=\"icon-angle-right\" ><\/i><\/a>\n\n\n\n\t\t<\/div>\n\t\t\t\t\t<\/div>\n\n\t\n\n<\/div>\n\n\t\t<\/div>\n\t\t\t\t\t<\/div>\n\n\t\n\n<\/div>\n\n\t\t<\/div>\n\n\t\t\n<style>\n#section_1806090749 {\n  padding-top: 30px;\n  padding-bottom: 30px;\n}\n#section_1806090749 .ux-shape-divider--top svg {\n  height: 150px;\n  --divider-top-width: 100%;\n}\n#section_1806090749 .ux-shape-divider--bottom svg {\n  height: 150px;\n  --divider-width: 100%;\n}\n<\/style>\n\t<\/section>\n\t\n\n  <div class=\"banner has-hover\" id=\"banner-1912748866\">\n          <div class=\"banner-inner fill\">\n        <div class=\"banner-bg fill\" >\n            <div class=\"bg fill bg-fill \"><\/div>\n                                    \n                    <\/div>\n\t\t\n        <div class=\"banner-layers container\">\n            <div class=\"fill banner-link\"><\/div>            \n\n   <div id=\"text-box-1290094051\" class=\"text-box banner-layer x50 md-x50 lg-x50 y50 md-y50 lg-y50 res-text\">\n                                <div class=\"text-box-content text dark\">\n              \n              <div class=\"text-inner text-center\">\n                  \n\n<p><span style=\"font-size: large;\">Scegliete chi volete, ma dovete votare. Penso che chiunque non si sia registrato come elettore abbia compiuto una tragedia nazionale. Cos&#8217;\u00e8 quella democrazia in cui nessuno vuole votare? Votate a destra e a manca, ma dovete votare; questa \u00e8 la democrazia. E una democrazia in cui vota solo la met\u00e0 delle persone, che democrazia \u00e8?<\/span><br><span style=\"font-size: small;\">Yogi Bhajan 13\/10\/88<\/span><\/p>\n<a class=\"button white is-outline reveal-icon\"  >\n    <span>CANDIDATI 2020<\/span>\n  <i class=\"icon-angle-right\" ><\/i><\/a>\n\n\n\n              <\/div>\n           <\/div>\n                            \n<style>\n#text-box-1290094051 {\n  width: 97%;\n}\n#text-box-1290094051 .text-box-content {\n  font-size: 100%;\n}\n<\/style>\n    <\/div>\n \n\n        <\/div>\n      <\/div>\n\n            \n<style>\n#banner-1912748866 {\n  padding-top: 250px;\n  background-color: rgb(51, 61, 80);\n}\n#banner-1912748866 .ux-shape-divider--top svg {\n  height: 150px;\n  --divider-top-width: 100%;\n}\n#banner-1912748866 .ux-shape-divider--bottom svg {\n  height: 150px;\n  --divider-width: 100%;\n}\n<\/style>\n  <\/div>\n\n\n\n","protected":false},"excerpt":{"rendered":"","protected":false},"author":1,"featured_media":0,"parent":0,"menu_order":0,"comment_status":"closed","ping_status":"closed","template":"page-blank.php","meta":{"iawp_total_views":4,"footnotes":""},"class_list":["post-2439","page","type-page","status-publish","hentry"],"_links":{"self":[{"href":"https:\/\/ssscorp.org\/it\/wp-json\/wp\/v2\/pages\/2439","targetHints":{"allow":["GET"]}}],"collection":[{"href":"https:\/\/ssscorp.org\/it\/wp-json\/wp\/v2\/pages"}],"about":[{"href":"https:\/\/ssscorp.org\/it\/wp-json\/wp\/v2\/types\/page"}],"author":[{"embeddable":true,"href":"https:\/\/ssscorp.org\/it\/wp-json\/wp\/v2\/users\/1"}],"replies":[{"embeddable":true,"href":"https:\/\/ssscorp.org\/it\/wp-json\/wp\/v2\/comments?post=2439"}],"version-history":[{"count":5,"href":"https:\/\/ssscorp.org\/it\/wp-json\/wp\/v2\/pages\/2439\/revisions"}],"predecessor-version":[{"id":3202,"href":"https:\/\/ssscorp.org\/it\/wp-json\/wp\/v2\/pages\/2439\/revisions\/3202"}],"wp:attachment":[{"href":"https:\/\/ssscorp.org\/it\/wp-json\/wp\/v2\/media?parent=2439"}],"curies":[{"name":"wp","href":"https:\/\/api.w.org\/{rel}","templated":true}]}}