{"id":2410,"date":"2022-09-02T15:24:06","date_gmt":"2022-09-02T15:24:06","guid":{"rendered":"https:\/\/ssscorp.org\/elezioni-speciali-della-siri-singh-sahib-corporation-del-2020\/"},"modified":"2025-03-09T22:13:10","modified_gmt":"2025-03-09T22:13:10","slug":"elezioni-speciali-della-siri-singh-sahib-corporation-del-2020","status":"publish","type":"page","link":"https:\/\/ssscorp.org\/it\/elezioni-speciali-della-siri-singh-sahib-corporation-del-2020\/","title":{"rendered":"Elezioni speciali della Siri Singh Sahib Corporation del 2020"},"content":{"rendered":"\n\n  <div class=\"banner has-hover has-parallax\" id=\"banner-1673957675\">\n          <div class=\"banner-inner fill\">\n        <div class=\"banner-bg fill\" data-parallax=\"-3\" data-parallax-container=\".banner\" data-parallax-background>\n            <div class=\"bg fill bg-fill \"><\/div>\n                        <div class=\"overlay\"><\/div>            \n                    <\/div>\n\t\t\n        <div class=\"banner-layers container\">\n            <div class=\"fill banner-link\"><\/div>            \n\n   <div id=\"text-box-2088868506\" class=\"text-box banner-layer x50 md-x50 lg-x50 y50 md-y50 lg-y50 res-text\">\n                                <div class=\"text-box-content text dark\">\n              \n              <div class=\"text-inner text-center\">\n                  \n\n<h3 class=\"uppercase\"><strong>Elezioni speciali della Siri Singh Sahib Corporation del 2020<\/strong><\/h3>\n<p>Il seva, il servizio di dare senza pensare al risultato, \u00e8 una cosa molto semplice. Vi rende un leader, che lo siate o meno, che lo meritiate o meno. E ti porta opportunit\u00e0, prosperit\u00e0 e tutti i beni, e Dio, e le chicche dell&#8217;Universo.<br>Yogi Bhajan 4\/20\/89<\/p>\n\n              <\/div>\n           <\/div>\n                            \n<style>\n#text-box-2088868506 {\n  width: 97%;\n}\n#text-box-2088868506 .text-box-content {\n  font-size: 100%;\n}\n<\/style>\n    <\/div>\n \n\n        <\/div>\n      <\/div>\n\n            \n<style>\n#banner-1673957675 {\n  padding-top: 300px;\n}\n#banner-1673957675 .bg.bg-loaded {\n  background-image: url(https:\/\/ssscorp.org\/wp-content\/uploads\/2022\/09\/Untitled-design-3-scaled-1.jpeg);\n}\n#banner-1673957675 .overlay {\n  background-color: rgba(17, 33, 82, 0.855);\n}\n#banner-1673957675 .ux-shape-divider--top svg {\n  height: 150px;\n  --divider-top-width: 100%;\n}\n#banner-1673957675 .ux-shape-divider--bottom svg {\n  height: 150px;\n  --divider-width: 100%;\n}\n<\/style>\n  <\/div>\n\n\n\t<section class=\"section\" id=\"section_681644302\">\n\t\t<div class=\"bg section-bg fill bg-fill  bg-loaded\" >\n\n\t\t\t\n\t\t\t\n\t\t\t\n\n\t\t<\/div>\n\n\t\t\n\n\t\t<div class=\"section-content relative\">\n\t\t\t\n\n<div class=\"row\"  id=\"row-1253965702\">\n\n\n\t<div id=\"col-890875744\" class=\"col small-12 large-12\"  >\n\t\t\t\t<div class=\"col-inner\"  >\n\t\t\t\n\t\t\t\n\n\t<div class=\"img has-hover x md-x lg-x y md-y lg-y\" id=\"image_1299098075\">\n\t\t\t\t\t\t\t\t<div class=\"img-inner dark\" >\n\t\t\t<img fetchpriority=\"high\" decoding=\"async\" width=\"1020\" height=\"376\" src=\"https:\/\/ssscorp.org\/wp-content\/uploads\/2022\/10\/sssc-election-timlines-3_orig-1024x377.jpg\" class=\"attachment-large size-large\" alt=\"\" srcset=\"https:\/\/ssscorp.org\/wp-content\/uploads\/2022\/10\/sssc-election-timlines-3_orig-1024x377.jpg 1024w, https:\/\/ssscorp.org\/wp-content\/uploads\/2022\/10\/sssc-election-timlines-3_orig-300x110.jpg 300w, https:\/\/ssscorp.org\/wp-content\/uploads\/2022\/10\/sssc-election-timlines-3_orig-768x283.jpg 768w, https:\/\/ssscorp.org\/wp-content\/uploads\/2022\/10\/sssc-election-timlines-3_orig-1536x566.jpg 1536w, https:\/\/ssscorp.org\/wp-content\/uploads\/2022\/10\/sssc-election-timlines-3_orig.jpg 1920w\" sizes=\"(max-width: 1020px) 100vw, 1020px\" \/>\t\t\t\t\t\t\n\t\t\t\t\t<\/div>\n\t\t\t\t\t\t\t\t\n<style>\n#image_1299098075 {\n  width: 100%;\n}\n<\/style>\n\t<\/div>\n\t\n\n<h3>Risultati delle elezioni speciali 2020<\/h3>\n<p>Scaricate i risultati ufficiali cliccando <a href=\"https:\/\/ssscorp.org\/wp-content\/uploads\/2022\/10\/2020_sssc_special_trustees_election_final_certified_election_results.pdf\" target=\"_blank\" rel=\"noopener\" data-cke-saved-href=\"http:\/\/weebly-file\/1\/0\/7\/2\/107246343\/2020_sssc_special_trustees_election_final_certified_election_results.pdf\">qui.<\/a><\/p>\n\t<div class=\"img has-hover x md-x lg-x y md-y lg-y\" id=\"image_896706228\">\n\t\t\t\t\t\t\t\t<div class=\"img-inner dark\" >\n\t\t\t<img decoding=\"async\" width=\"1020\" height=\"354\" src=\"https:\/\/ssscorp.org\/wp-content\/uploads\/2022\/10\/sssc-special-1024x355.jpg\" class=\"attachment-large size-large\" alt=\"\" srcset=\"https:\/\/ssscorp.org\/wp-content\/uploads\/2022\/10\/sssc-special-1024x355.jpg 1024w, https:\/\/ssscorp.org\/wp-content\/uploads\/2022\/10\/sssc-special-300x104.jpg 300w, https:\/\/ssscorp.org\/wp-content\/uploads\/2022\/10\/sssc-special-768x266.jpg 768w, https:\/\/ssscorp.org\/wp-content\/uploads\/2022\/10\/sssc-special.jpg 1120w\" sizes=\"(max-width: 1020px) 100vw, 1020px\" \/>\t\t\t\t\t\t\n\t\t\t\t\t<\/div>\n\t\t\t\t\t\t\t\t\n<style>\n#image_896706228 {\n  width: 100%;\n}\n<\/style>\n\t<\/div>\n\t\n\n<h3>Dettagli sulle elezioni<\/h3>\n<p>Lo statuto della SSSC prevede che il consiglio sia composto da 15 amministratori eletti. Recentemente, ci sono state quattro dimissioni dal Consiglio: MJ Amrit Singh Khalsa, SS Guru Amrit Singh Khalsa, MSS Krishna Kaur Khalsa e SS Guru Darbar Singh Khalsa. Due delle posizioni aperte sono state occupate da candidati che si erano presentati alle elezioni precedenti, SS Gurumeet Kaur Khalsa e SS Sirivishnu Singh Khalsa. Tuttavia, non c&#8217;erano sufficienti candidati rimasti da quelle elezioni per occupare l&#8217;ultimo seggio. Poich\u00e9 ci sono due posti vacanti nel consiglio che non possono essere occupati dal nostro normale processo, la SSSC sta tenendo un&#8217;elezione speciale per riempire i due seggi vacanti.\u200b<br><br>I due membri del Consiglio che si sono dimessi e hanno creato questi posti vacanti si erano insediati a settembre del 2017 e quindi i due seggi attualmente in fase di assegnazione scadranno a settembre del 2022.<\/p>\n<h3>Dettaglio calendario elezioni speciali 2020<\/h3>\n<p><strong>1. Nomina: 1 ottobre &#8211; 15 ottobre 2020<\/strong><\/p>\n<ul>\n<li>I membri del Sangat nomineranno i Candidati attraverso un sondaggio elettronico. Tutti i membri Sangat possono partecipare. <\/li>\n<\/ul>\n<p><br><strong>2. Controllo: 21 &#8211; 31 ottobre 2020<\/strong><\/p>\n<ul>\n<li> L&#8217;Office of Dharmic Counsel esaminer\u00e0 i candidati secondo la sezione 2.6 dello statuto per determinare l&#8217;ammissibilit\u00e0. <\/li>\n<li> L&#8217;Ufficio del Segretario della Religione fornir\u00e0 un elenco dei ministri che si sono qualificati per essere idonei a votare alle prossime elezioni. <\/li>\n<\/ul>\n<p><strong> <\/strong><br><strong>3. Annuncio dei candidati: 2 novembre 2020<\/strong><\/p>\n<ul>\n<li> Un&#8217;e-mail sar\u00e0 inviata all&#8217;Elettorato con l&#8217;annuncio dei nomi dei Candidati ammissibili.<\/li>\n<\/ul>\n<p><strong> <\/strong><br><strong>4. Presentazione delle dichiarazioni dei candidati: 2-7 novembre 2020<\/strong><\/p>\n<ul>\n<li>I candidati ammissibili devono ricevere un questionario in cui si richiedono informazioni biografiche pertinenti. Il questionario deve includere il termine per la presentazione ei criteri per la squalifica come specificato nella Fase 5 di questo programma. <\/li>\n<li>Ciascun candidato idoneo dovr\u00e0 presentare una risposta al questionario.<\/li>\n<li>I candidati che non invieranno risposta entro il termine saranno squalificati.<\/li>\n<\/ul>\n<p><strong> <\/strong><br><strong>5. Revisione delle dichiarazioni dei candidati: 8-15 novembre 2020<\/strong><\/p>\n<ul>\n<li>Questa fase pu\u00f2 essere eseguita in concomitanza con le fasi 4 e 6.<\/li>\n<li>L&#8217;Ufficio del Consiglio Dharmico e il Comitato Elettorale esamineranno tutte le Dichiarazioni dei candidati.<\/li>\n<\/ul>\n<ul>\n<li>I candidati le cui dichiarazioni contengono contenuti inappropriati possono presentare una Dichiarazione modificata entro e non oltre tre (3) giorni prima dell&#8217;inizio della votazione. I candidati che non abbiano presentato un&#8217;adeguata Dichiarazione rivista entro tale termine saranno squalificati. <\/li>\n<\/ul>\n<p><br><strong>6. Invio delle dichiarazioni dei candidati: 16 novembre 2020<\/strong><\/p>\n<ul>\n<li>Questa fase pu\u00f2 essere eseguita in concomitanza con le fasi 4 e 5.<\/li>\n<li>Una volta pubblicate tutte le Dichiarazioni appropriate, il sito web viene attivato e viene inviata una notifica all&#8217;Elettorato. <\/li>\n<\/ul>\n<p><br><strong>7. Votazioni: 4-13 dicembre 2020<\/strong><\/p>\n<ul>\n<li>Le votazioni si svolgeranno online tramite un servizio di votazione sicuro.<\/li>\n<li>Ciascun elettore deve essere dotato di credenziali univoche in modo da poter compilare esattamente una scheda.<\/li>\n<li>Ciascun elettore pu\u00f2 esprimere un numero di voti pari o inferiore al numero dei seggi in elezione. <\/li>\n<li> A ciascun elettore \u00e8 vietato votare per qualsiasi Candidato pi\u00f9 di una volta. <strong> <\/strong><\/li>\n<\/ul>\n<p><br><strong>8. Conteggio e notifica: 14 dicembre 2020<\/strong><\/p>\n<ul>\n<li>I voti sono conteggiati elettronicamente al termine delle votazioni.<\/li>\n<li>Si sieder\u00e0 il Candidato che ricever\u00e0 il maggior numero di voti. <\/li>\n<li>In caso di parit\u00e0 per il seggio, se ci sono pi\u00f9 Candidati in parit\u00e0 di quanti sono i seggi liberi, i restanti seggi liberi saranno contestati in un ballottaggio tra i Candidati in parit\u00e0. <\/li>\n<li>La notifica dei risultati delle elezioni deve includere il vincitore e i conteggi per ogni Candidato.<\/li>\n<\/ul>\n<p><br><strong> 9<strong>. Formazione per i nuovi membri del Consiglio<\/strong><\/strong><\/p>\n<ul>\n<li>I nuovi membri del consiglio seguono un corso di formazione di 2 settimane prima di entrare ufficialmente a far parte del consiglio.<\/li>\n<\/ul>\n<p><br><strong>10. Assunzione della carica: 16 gennaio 2021<\/strong><\/p>\n<ul>\n<li>Il vincitore delle elezioni entrer\u00e0 in carica prima degli incontri faccia a faccia di gennaio. <\/li>\n<\/ul>\n<div class=\"is-divider divider clearfix\" style=\"max-width:100%;\"><\/div>\n\n<div class=\"row\"  id=\"row-1278746412\">\n\n\n\t<div id=\"col-1758073474\" class=\"col medium-6 small-12 large-6\"  >\n\t\t\t\t<div class=\"col-inner\"  >\n\t\t\t\n\t\t\t\n\n<h3>Elettorato<\/h3>\n<p>Il processo di elezione del 2020 \u00e8 terminato.  <\/p>\n\n\t\t<\/div>\n\t\t\t\t\t<\/div>\n\n\t\n\n\t<div id=\"col-1121964450\" class=\"col medium-6 small-12 large-6\"  >\n\t\t\t\t<div class=\"col-inner\"  >\n\t\t\t\n\t\t\t\n\n<h3>Nomination<\/h3>\n<p>Il processo di nomina per il 2020 \u00e8 terminato.<\/p>\n\n\n\t\t<\/div>\n\t\t\t\t\t<\/div>\n\n\t\n\n<\/div>\n\n\t\t<\/div>\n\t\t\t\t\t<\/div>\n\n\t\n\n<\/div>\n\n\t\t<\/div>\n\n\t\t\n<style>\n#section_681644302 {\n  padding-top: 30px;\n  padding-bottom: 30px;\n}\n#section_681644302 .ux-shape-divider--top svg {\n  height: 150px;\n  --divider-top-width: 100%;\n}\n#section_681644302 .ux-shape-divider--bottom svg {\n  height: 150px;\n  --divider-width: 100%;\n}\n<\/style>\n\t<\/section>\n\t\n\n  <div class=\"banner has-hover\" id=\"banner-298999843\">\n          <div class=\"banner-inner fill\">\n        <div class=\"banner-bg fill\" >\n            <div class=\"bg fill bg-fill \"><\/div>\n                                    \n                    <\/div>\n\t\t\n        <div class=\"banner-layers container\">\n            <div class=\"fill banner-link\"><\/div>            \n\n   <div id=\"text-box-261922668\" class=\"text-box banner-layer x50 md-x50 lg-x50 y50 md-y50 lg-y50 res-text\">\n                                <div class=\"text-box-content text dark\">\n              \n              <div class=\"text-inner text-center\">\n                  \n\n<p><span style=\"font-size: large;\">Scegliete chi volete, ma dovete votare. Penso che chiunque non si sia registrato come elettore abbia compiuto una tragedia nazionale. Cos&#8217;\u00e8 quella democrazia in cui nessuno vuole votare? Votate a destra e a manca, ma dovete votare; questa \u00e8 la democrazia. E una democrazia in cui vota solo la met\u00e0 delle persone, che democrazia \u00e8?<\/span><br><span style=\"font-size: small;\">Yogi Bhajan 13\/10\/88<\/span><\/p>\n\n              <\/div>\n           <\/div>\n                            \n<style>\n#text-box-261922668 {\n  width: 100%;\n}\n#text-box-261922668 .text-box-content {\n  font-size: 100%;\n}\n<\/style>\n    <\/div>\n \n\n        <\/div>\n      <\/div>\n\n            \n<style>\n#banner-298999843 {\n  padding-top: 220px;\n  background-color: rgb(52, 61, 81);\n}\n#banner-298999843 .ux-shape-divider--top svg {\n  height: 150px;\n  --divider-top-width: 100%;\n}\n#banner-298999843 .ux-shape-divider--bottom svg {\n  height: 150px;\n  --divider-width: 100%;\n}\n<\/style>\n  <\/div>\n\n\n\n","protected":false},"excerpt":{"rendered":"","protected":false},"author":1,"featured_media":0,"parent":0,"menu_order":0,"comment_status":"closed","ping_status":"closed","template":"page-blank.php","meta":{"iawp_total_views":2,"footnotes":""},"class_list":["post-2410","page","type-page","status-publish","hentry"],"_links":{"self":[{"href":"https:\/\/ssscorp.org\/it\/wp-json\/wp\/v2\/pages\/2410","targetHints":{"allow":["GET"]}}],"collection":[{"href":"https:\/\/ssscorp.org\/it\/wp-json\/wp\/v2\/pages"}],"about":[{"href":"https:\/\/ssscorp.org\/it\/wp-json\/wp\/v2\/types\/page"}],"author":[{"embeddable":true,"href":"https:\/\/ssscorp.org\/it\/wp-json\/wp\/v2\/users\/1"}],"replies":[{"embeddable":true,"href":"https:\/\/ssscorp.org\/it\/wp-json\/wp\/v2\/comments?post=2410"}],"version-history":[{"count":5,"href":"https:\/\/ssscorp.org\/it\/wp-json\/wp\/v2\/pages\/2410\/revisions"}],"predecessor-version":[{"id":12817,"href":"https:\/\/ssscorp.org\/it\/wp-json\/wp\/v2\/pages\/2410\/revisions\/12817"}],"wp:attachment":[{"href":"https:\/\/ssscorp.org\/it\/wp-json\/wp\/v2\/media?parent=2410"}],"curies":[{"name":"wp","href":"https:\/\/api.w.org\/{rel}","templated":true}]}}