{"id":2403,"date":"2022-09-02T15:23:56","date_gmt":"2022-09-02T15:23:56","guid":{"rendered":"https:\/\/ssscorp.org\/elezioni-della-siri-singh-sahib-corporation-del-2015\/"},"modified":"2022-10-23T00:43:55","modified_gmt":"2022-10-23T00:43:55","slug":"elezioni-della-siri-singh-sahib-corporation-del-2015","status":"publish","type":"page","link":"https:\/\/ssscorp.org\/it\/elezioni-della-siri-singh-sahib-corporation-del-2015\/","title":{"rendered":"Elezioni della Siri Singh Sahib Corporation del 2015"},"content":{"rendered":"\n\n  <div class=\"banner has-hover has-parallax\" id=\"banner-1045877434\">\n          <div class=\"banner-inner fill\">\n        <div class=\"banner-bg fill\" data-parallax=\"-3\" data-parallax-container=\".banner\" data-parallax-background>\n            <div class=\"bg fill bg-fill \"><\/div>\n                        <div class=\"overlay\"><\/div>            \n                    <\/div>\n\t\t\n        <div class=\"banner-layers container\">\n            <div class=\"fill banner-link\"><\/div>            \n\n   <div id=\"text-box-648302450\" class=\"text-box banner-layer x50 md-x50 lg-x50 y50 md-y50 lg-y50 res-text\">\n                                <div class=\"text-box-content text dark\">\n              \n              <div class=\"text-inner text-center\">\n                  \n\n<h3 class=\"uppercase\"><strong>Elezioni della Siri Singh Sahib Corporation del 2015<\/strong><\/h3>\n\n\n              <\/div>\n           <\/div>\n                            \n<style>\n#text-box-648302450 {\n  width: 80%;\n}\n#text-box-648302450 .text-box-content {\n  font-size: 100%;\n}\n<\/style>\n    <\/div>\n \n\n        <\/div>\n      <\/div>\n\n            \n<style>\n#banner-1045877434 {\n  padding-top: 300px;\n}\n#banner-1045877434 .bg.bg-loaded {\n  background-image: url(https:\/\/ssscorp.org\/wp-content\/uploads\/2022\/09\/Untitled-design-3-scaled-1.jpeg);\n}\n#banner-1045877434 .overlay {\n  background-color: rgba(17, 33, 82, 0.855);\n}\n#banner-1045877434 .ux-shape-divider--top svg {\n  height: 150px;\n  --divider-top-width: 100%;\n}\n#banner-1045877434 .ux-shape-divider--bottom svg {\n  height: 150px;\n  --divider-width: 100%;\n}\n<\/style>\n  <\/div>\n\n\n\t<section class=\"section\" id=\"section_311898751\">\n\t\t<div class=\"bg section-bg fill bg-fill  bg-loaded\" >\n\n\t\t\t\n\t\t\t\n\t\t\t\n\n\t\t<\/div>\n\n\t\t\n\n\t\t<div class=\"section-content relative\">\n\t\t\t\n\n<div class=\"row\"  id=\"row-1025793515\">\n\n\n\t<div id=\"col-755941422\" class=\"col small-12 large-12\"  >\n\t\t\t\t<div class=\"col-inner\"  >\n\t\t\t\n\t\t\t\n\n<p>La Siri Singh Sahib Corporation (SSSC) \u00e8 diretta da un consiglio di fondazione di diciassette membri. Due di questi membri, il Bhai Sahiba e il Siri Sikdar Sahiba, sono inclusi in virt\u00f9 dei loro uffici e quindi non eletti. I restanti quindici membri sono eletti secondo lo Statuto della SSSC.<br>\u200b<br>Gli attuali membri del Consiglio, essendo stati eletti come Consiglio Iniziale dal Sangat nel maggio 2012, sono entrati in carica il 26 novembre 2012, come previsto dal General Settlement Agreement con l&#8217;ex Consiglio di Unto Infinity (UI). <br><br><strong><span style=\"color: #8d7824;\">Otto (8) dei membri sono stati eletti nelle ultime elezioni. Serviranno fino al Consiglio di Khalsa nell&#8217;autunno del 2022:<\/span><\/strong><\/p>\n<ul>\n<li>SS Guru Amrit Singh Khalsa- Herndon, Virginia <\/li>\n<li>SS Avtar Hari Singh Khalsa &#8211; NM<\/li>\n<li>MSS Guru Singh Khalsa &#8211; Los Angeles, CA<\/li>\n<li>SS Dr. Harjot Kaur Singh- Calgary, Canada<\/li>\n<li>SS Jai Singh Khalsa &#8211; Boston, MA<\/li>\n<li>MSS Krishna Kaur Khalsa- Los Angeles, CA<\/li>\n<li>SS Siri Pritam Kaur Khalsa &#8211; Yuba City, CA<\/li>\n<li>SS Siri Vishnu Singh Khalsa &#8211; Espa\u00f1ola, NM<\/li>\n<\/ul>\n<p><strong><span style=\"color: #a88d2e;\">I sette (7) membri del Consiglio SSSC i cui termini scadono nella primavera del 2020 sono:<\/span><\/strong><\/p>\n<ul>\n<li>SS Gurujodha Singh Khalsa &#8211; Bakersfield, CA <\/li>\n<li>SS Viriam Singh Khalsa &#8211; Eugenio, OR<\/li>\n<li>SS Amrit Singh Khalsa &#8211; Espa\u00f1ola, NM<\/li>\n<li>SS Dharm Singh Khalsa &#8211; Espa\u00f1ola, NM<\/li>\n<li>SS Gurujot Kaur Khalsa &#8211; Eugenio, OR<\/li>\n<li>Guru delle SS Raj Kaur Khalsa &#8211; Vancouver, Canada<\/li>\n<li>SS Harinam Singh Khalsa &#8211; New York City, NY<\/li>\n<\/ul>\n<p><em>*Sulla base della sua posizione come il successivo pi\u00f9 alto (16\u00b0 posto) che ha ottenuto il voto nelle elezioni iniziali, MJ Amrit Singh Khalsa \u00e8 stata nominata per servire il resto del mandato della SS Shanti Kaur Khalsa dopo le sue dimissioni dal Consiglio. <\/em><\/p>\n<h3><span style=\"color: #a88d2e;\">Idoneit\u00e0 del candidato<\/span><\/h3>\n<p>Come specificato nella Politica elettorale, i candidati al Consiglio sono nominati dai membri del Sangat (cio\u00e8 il pubblico in generale). Il processo per la nomina \u00e8 descritto nella sezione Calendario elettorale.<br><br>Tutti i candidati devono possedere i seguenti requisiti statutari:<br><br><em><strong>Sezione 2.6 Qualifiche per l&#8217;appartenenza al consiglio<\/strong><\/em><br><em>Per essere idoneo a ricoprire la carica di amministratore fiduciario eletto, un individuo deve:<br><br>(a) essere un ministro del Sikh Dharma International attualmente in regola ed essere stato per almeno due (2) anni interi immediatamente prima della sua nomina<br><br>(b) essere un donatore regolare di una o pi\u00f9 delle Societ\u00e0 Costituenti senza scopo di lucro (come definito nella Sezione 1.4) ed \u00e8 stato per almeno due (2) anni solari immediatamente precedenti la sua nomina<br><br>(c) essere di buon carattere; non sono mai stati condannati o ammessi per un reato o un delitto che comporti turpitudine morale; non rappresentano alcuna minaccia per la sicurezza degli Stati Uniti o hanno interessi o status esteri che sono in conflitto con gli interessi degli Stati Uniti o con qualsiasi elemento della comunit\u00e0 e delle imprese Sikh Dharma\/3HO; accettare di fornire informazioni per un controllo dei precedenti confidenziali; e<br><br>(d) non essere contemporaneamente membro con diritto di voto del Consiglio di Amministrazione di una Societ\u00e0 Costituente senza scopo di lucro identificata nell&#8217;Allegato A al presente Statuto. Per rispettare questo<\/em><\/p>\n<ul>\n<li><em>(i) Un Fiduciario deve dimettersi o continuare a essere un membro senza diritto di voto del Consiglio di Amministrazione di una Societ\u00e0 Costituente senza scopo di lucro immediatamente dopo aver assunto l&#8217;incarico di Fiduciario,<\/em><\/li>\n<li><em>(ii) Un Fiduciario pu\u00f2 servire a titolo senza diritto di voto in un massimo di due (2) consigli di societ\u00e0 costituenti senza scopo di lucro.<\/em><\/li>\n<li><em>(iii) Se applicabile, un Fiduciario che serve una Societ\u00e0 Costituente senza scopo di lucro in qualit\u00e0 di senza diritto di voto pu\u00f2 essere ricusato dai voti SSSC su questioni che coinvolgono quel soggetto costituente<\/em><\/li>\n<\/ul>\n<p><em>(e) non essere imparentati per consanguineit\u00e0 o matrimonio (compresi i rapporti patrimoniali) con, o in un&#8217;unione domestica con, un altro Fiduciario.<\/em><\/p>\n<h3><span style=\"color: #8d7824;\">Elettorato 2015<\/span><\/h3>\n<p>L&#8217;Elettorato per il Consiglio SSSC \u00e8 prescritto con mozione del Consiglio, come segue:<br><em>Per le elezioni del 2015, l&#8217;elettorato idoneo \u00e8:<\/em><\/p>\n<ul>\n<li><em>Ministri del Sikh Dharma in regola quattordici (14) giorni prima dell&#8217;inizio delle votazioni, e<\/em><\/li>\n<li><em>Gli elettori che hanno votato alle elezioni del consiglio iniziale.<\/em><\/li>\n<\/ul>\n<p><em>Per tutte le elezioni successive, l&#8217;elettorato ammissibile \u00e8 costituito solo dai ministri del Sikh Dharma che sono in regola<br>in piedi novanta (90) giorni prima dell&#8217;inizio delle votazioni.<\/em><\/p>\n<h3><span style=\"color: #8d7824; font-size: 100%;\">Risultati delle elezioni del 2015<\/span><\/h3>\n<p>Per scaricare e vedere i risultati ufficiali clicca <a href=\"https:\/\/ssscorp.org\/wp-content\/uploads\/2022\/10\/2015_sssc_final_election_results_certification_board_member_election_20152.pdf\" target=\"_blank\" rel=\"noopener\" data-cke-saved-href=\"http:\/\/weebly-file\/1\/0\/7\/2\/107246343\/2015_sssc_final_election_results_certification_board_member_election_2015&#091;2&#093;.pdf\">qui<\/a> . <\/p>\n\t<div class=\"img has-hover x md-x lg-x y md-y lg-y\" id=\"image_320503171\">\n\t\t\t\t\t\t\t\t<div class=\"img-inner dark\" >\n\t\t\t<img fetchpriority=\"high\" decoding=\"async\" width=\"702\" height=\"800\" src=\"https:\/\/ssscorp.org\/wp-content\/uploads\/2022\/10\/screen-shot-2019-04-27-at-11-36-36-am_orig.png\" class=\"attachment-large size-large\" alt=\"\" srcset=\"https:\/\/ssscorp.org\/wp-content\/uploads\/2022\/10\/screen-shot-2019-04-27-at-11-36-36-am_orig.png 702w, https:\/\/ssscorp.org\/wp-content\/uploads\/2022\/10\/screen-shot-2019-04-27-at-11-36-36-am_orig-263x300.png 263w\" sizes=\"(max-width: 702px) 100vw, 702px\" \/>\t\t\t\t\t\t\n\t\t\t\t\t<\/div>\n\t\t\t\t\t\t\t\t\n<style>\n#image_320503171 {\n  width: 100%;\n}\n<\/style>\n\t<\/div>\n\t\n\n\n\t\t<\/div>\n\t\t\t\t\t<\/div>\n\n\t\n\n<\/div>\n\n\t\t<\/div>\n\n\t\t\n<style>\n#section_311898751 {\n  padding-top: 30px;\n  padding-bottom: 30px;\n}\n#section_311898751 .ux-shape-divider--top svg {\n  height: 150px;\n  --divider-top-width: 100%;\n}\n#section_311898751 .ux-shape-divider--bottom svg {\n  height: 150px;\n  --divider-width: 100%;\n}\n<\/style>\n\t<\/section>\n\t\n\n","protected":false},"excerpt":{"rendered":"","protected":false},"author":1,"featured_media":0,"parent":0,"menu_order":0,"comment_status":"closed","ping_status":"closed","template":"page-blank.php","meta":{"iawp_total_views":3,"footnotes":""},"class_list":["post-2403","page","type-page","status-publish","hentry"],"_links":{"self":[{"href":"https:\/\/ssscorp.org\/it\/wp-json\/wp\/v2\/pages\/2403","targetHints":{"allow":["GET"]}}],"collection":[{"href":"https:\/\/ssscorp.org\/it\/wp-json\/wp\/v2\/pages"}],"about":[{"href":"https:\/\/ssscorp.org\/it\/wp-json\/wp\/v2\/types\/page"}],"author":[{"embeddable":true,"href":"https:\/\/ssscorp.org\/it\/wp-json\/wp\/v2\/users\/1"}],"replies":[{"embeddable":true,"href":"https:\/\/ssscorp.org\/it\/wp-json\/wp\/v2\/comments?post=2403"}],"version-history":[{"count":3,"href":"https:\/\/ssscorp.org\/it\/wp-json\/wp\/v2\/pages\/2403\/revisions"}],"predecessor-version":[{"id":3122,"href":"https:\/\/ssscorp.org\/it\/wp-json\/wp\/v2\/pages\/2403\/revisions\/3122"}],"wp:attachment":[{"href":"https:\/\/ssscorp.org\/it\/wp-json\/wp\/v2\/media?parent=2403"}],"curies":[{"name":"wp","href":"https:\/\/api.w.org\/{rel}","templated":true}]}}