{"id":2353,"date":"2022-09-02T15:22:31","date_gmt":"2022-09-02T15:22:31","guid":{"rendered":"https:\/\/ssscorp.org\/servire-in-un-consiglio-sussidiario\/consiglio-sikh-dharma-international-sdi\/"},"modified":"2025-12-16T17:35:55","modified_gmt":"2025-12-16T17:35:55","slug":"consiglio-sikh-dharma-international-sdi","status":"publish","type":"page","link":"https:\/\/ssscorp.org\/it\/chi-serviamo\/servire-in-un-consiglio-sussidiario\/consiglio-sikh-dharma-international-sdi\/","title":{"rendered":"Consiglio Sikh Dharma International (SDI)."},"content":{"rendered":"\n\n  <div class=\"banner has-hover has-parallax\" id=\"banner-1800184181\">\n          <div class=\"banner-inner fill\">\n        <div class=\"banner-bg fill\" data-parallax=\"-3\" data-parallax-container=\".banner\" data-parallax-background>\n            <div class=\"bg fill bg-fill \"><\/div>\n                        <div class=\"overlay\"><\/div>            \n                    <\/div>\n\t\t\n        <div class=\"banner-layers container\">\n            <div class=\"fill banner-link\"><\/div>            \n\n   <div id=\"text-box-1362860363\" class=\"text-box banner-layer x50 md-x50 lg-x50 y50 md-y50 lg-y50 res-text\">\n                                <div class=\"text-box-content text dark\">\n              \n              <div class=\"text-inner text-center\">\n                  \n\n<h3 class=\"uppercase\"><strong>Consiglio Sikh Dharma International (SDI).<\/strong><\/h3>\n<p>SDI \u00e8 alla ricerca di nuovi membri del consiglio per aiutare a svolgere la sua missione. La missione di Sikh Dharma International \u00e8 sostenere lo standard e la grazia del Siri Guru Granth Sahib e servire ad elevare l&#8217;umanit\u00e0 attraverso la tecnologia sacra di Shabad Guru. La nostra visione \u00e8 di elevare lo spirito dell&#8217;umanit\u00e0. I nostri obiettivi sono servire le nostre comunit\u00e0 globali attraverso l&#8217;istruzione, il supporto della comunit\u00e0, la leadership, la comunicazione e l&#8217;ispirazione. Crediamo nell&#8217;universalit\u00e0 di Dio in tutti. Noi di SDI sosteniamo l&#8217;uguaglianza, la dignit\u00e0, la divinit\u00e0 e la grazia di tutti gli esseri umani. \u00c8 con la massima gratitudine a Dio e al Guru che il personale, i funzionari e il consiglio di amministrazione hanno il privilegio di servire la missione del Sikh Dharma al servizio delle generazioni future.<\/p>\n\n              <\/div>\n           <\/div>\n                            \n<style>\n#text-box-1362860363 {\n  width: 100%;\n}\n#text-box-1362860363 .text-box-content {\n  font-size: 100%;\n}\n<\/style>\n    <\/div>\n \n\n        <\/div>\n      <\/div>\n\n            \n<style>\n#banner-1800184181 {\n  padding-top: 400px;\n}\n#banner-1800184181 .bg.bg-loaded {\n  background-image: url(https:\/\/ssscorp.org\/wp-content\/uploads\/2022\/09\/Untitled-design-3-scaled-1.jpeg);\n}\n#banner-1800184181 .overlay {\n  background-color: rgba(17, 33, 82, 0.855);\n}\n#banner-1800184181 .ux-shape-divider--top svg {\n  height: 150px;\n  --divider-top-width: 100%;\n}\n#banner-1800184181 .ux-shape-divider--bottom svg {\n  height: 150px;\n  --divider-width: 100%;\n}\n<\/style>\n  <\/div>\n\n\n\t<section class=\"section\" id=\"section_570173768\">\n\t\t<div class=\"bg section-bg fill bg-fill  bg-loaded\" >\n\n\t\t\t\n\t\t\t\n\t\t\t\n\n\t\t<\/div>\n\n\t\t\n\n\t\t<div class=\"section-content relative\">\n\t\t\t\n\n<div class=\"row\"  id=\"row-231257758\">\n\n\n\t<div id=\"col-1176662852\" class=\"col small-12 large-12\"  >\n\t\t\t\t<div class=\"col-inner\"  >\n\t\t\t\n\t\t\t\n\n<div class=\"row\"  id=\"row-31516852\">\n\n\n\t<div id=\"col-1284869123\" class=\"col small-12 large-12\"  >\n\t\t\t\t<div class=\"col-inner text-center\"  >\n\t\t\t\n\t\t\t\n\n\t<div class=\"img has-hover x md-x lg-x y md-y lg-y\" id=\"image_1774364111\">\n\t\t\t\t\t\t\t\t<div class=\"img-inner dark\" >\n\t\t\t<img fetchpriority=\"high\" decoding=\"async\" width=\"1020\" height=\"510\" src=\"https:\/\/ssscorp.org\/wp-content\/uploads\/2022\/10\/sikh-dharma-1024x512.jpg\" class=\"attachment-large size-large\" alt=\"\" srcset=\"https:\/\/ssscorp.org\/wp-content\/uploads\/2022\/10\/sikh-dharma-1024x512.jpg 1024w, https:\/\/ssscorp.org\/wp-content\/uploads\/2022\/10\/sikh-dharma-300x150.jpg 300w, https:\/\/ssscorp.org\/wp-content\/uploads\/2022\/10\/sikh-dharma-768x384.jpg 768w, https:\/\/ssscorp.org\/wp-content\/uploads\/2022\/10\/sikh-dharma.jpg 1100w\" sizes=\"(max-width: 1020px) 100vw, 1020px\" \/>\t\t\t\t\t\t\n\t\t\t\t\t<\/div>\n\t\t\t\t\t\t\t\t\n<style>\n#image_1774364111 {\n  width: 48%;\n}\n<\/style>\n\t<\/div>\n\t\n\n\n\t\t<\/div>\n\t\t\t\t\t<\/div>\n\n\t\n\n\t<div id=\"col-1550790115\" class=\"col small-12 large-12\"  >\n\t\t\t\t<div class=\"col-inner\"  >\n\t\t\t\n\t\t\t\n\n<p><strong>Per essere membro del Consiglio di amministrazione, \u00e8 necessario soddisfare i seguenti requisiti di idoneit\u00e0<\/strong><\/p>\n<ul>\n<li>Sostieni i valori e la missione della Corporation<\/li>\n<li>Essere un donatore regolare di Dasvandh o diventare un donatore di Dasvandh, o avere avuto una relazione dimostrabile (ad esempio un sevadar regolare) con una qualsiasi delle organizzazioni o comunit\u00e0 affiliate di Sikh Dharma\/3HO per almeno due anni prima della tua nomina<\/li>\n<li>Diventa un ministro del Sikh Dharma International o diventerai un ministro del Sikh Dharma International quando diventerai membro del consiglio<\/li>\n<li>Sii di buon carattere con elevati standard etici<\/li>\n<li>Non essere imparentato per consanguineit\u00e0 o matrimonio (compresi i rapporti di parentela) con, o in un&#8217;unione domestica con, un altro Amministratore; e<\/li>\n<li>Non essere un dipendente della Corporation\u200b\u200b\u200b<\/li>\n<\/ul>\n\n\t\t<\/div>\n\t\t\t\t\t<\/div>\n\n\t\n\n\t<div id=\"col-1513512973\" class=\"col small-12 large-12\"  >\n\t\t\t\t<div class=\"col-inner\"  >\n\t\t\t\n\t\t\t\n\n<h2 id=\"657329065555764734\" class=\"element wsite-content-title editable-text cke_editable cke_editable_inline cke_contents_ltr cke_focus cke_show_borders\" tabindex=\"0\" role=\"textbox\" contenteditable=\"true\" spellcheck=\"true\" aria-label=\"false\">Timeline per il processo di nomina:<\/h2>\n<p><strong>1. <b>1 dicembre &#8211; 21 dicembre 2025 <\/b> <\/strong><strong>Finestra di candidatura<\/strong><br>I candidati possono inviare la propria candidatura online per essere presi in considerazione come membri del consiglio.<\/p>\n<p><strong>2. <b>22 dicembre 2025 &#8211; 15 gennaio 2026<\/b> Processo di intervista<\/strong><br>Le interviste saranno condotte da un team.  <\/p>\n<p>3. <b>16 gennaio &#8211; 31 gennaio 2025 Processo di revisione e raccomandazione <\/b>La Commissione per i colloqui e la Commissione per la governance esaminano e valutano i candidati e formulano raccomandazioni al Consiglio della SSSC.<\/p>\n<p><strong>3. <b>1 febbraio &#8211; 15 febbraio 2026: Approvazione finale del Consiglio della SSSC<\/b><\/strong><br>I candidati raccomandati saranno inviati alla SSSC per la valutazione e l&#8217;approvazione finale.<\/p>\n<p><strong>4. <b>15 febbraio 2026: inizia il processo di notifica e di inserimento<\/b><\/strong><br>I consigli e i candidati saranno informati dei nuovi membri del consiglio.  <\/p>\n<p> <\/p>\n<p><em>*Le date possono cambiare a causa di circostanze impreviste.<\/em><\/p>\n\n\t\t<\/div>\n\t\t\t\t\t<\/div>\n\n\t\n\n<\/div>\n<div class=\"row align-middle align-center\"  id=\"row-1395723303\">\n\n\n\t<div id=\"col-2113302465\" class=\"col medium-6 small-12 large-6\"  >\n\t\t\t\t<div class=\"col-inner text-center\"  >\n\t\t\t\n\t\t\t\n\n\t<div class=\"img has-hover x md-x lg-x y md-y lg-y\" id=\"image_2108237969\">\n\t\t\t\t\t\t\t\t<div class=\"img-inner dark\" >\n\t\t\t<img decoding=\"async\" width=\"1020\" height=\"1020\" src=\"https:\/\/ssscorp.org\/wp-content\/uploads\/2022\/10\/4_orig-1024x1024.png\" class=\"attachment-large size-large\" alt=\"\" srcset=\"https:\/\/ssscorp.org\/wp-content\/uploads\/2022\/10\/4_orig-1024x1024.png 1024w, https:\/\/ssscorp.org\/wp-content\/uploads\/2022\/10\/4_orig-300x300.png 300w, https:\/\/ssscorp.org\/wp-content\/uploads\/2022\/10\/4_orig-150x150.png 150w, https:\/\/ssscorp.org\/wp-content\/uploads\/2022\/10\/4_orig-768x768.png 768w, https:\/\/ssscorp.org\/wp-content\/uploads\/2022\/10\/4_orig.png 1080w\" sizes=\"(max-width: 1020px) 100vw, 1020px\" \/>\t\t\t\t\t\t\n\t\t\t\t\t<\/div>\n\t\t\t\t\t\t\t\t\n<style>\n#image_2108237969 {\n  width: 30%;\n}\n<\/style>\n\t<\/div>\n\t\n\n<a href=\"https:\/\/ssscorp.org\/wp-content\/uploads\/2025\/12\/SDI-Board-Member-Job-Description-rev.-12.16.25.pdf\" target=\"_self\" class=\"button primary is-outline reveal-icon\"  >\n    <span>LEGGI QUI LA DESCRIZIONE COMPLETA DEL LAVORO<\/span>\n  <i class=\"icon-angle-right\" ><\/i><\/a>\n\n\n\n\t\t<\/div>\n\t\t\t\t\t<\/div>\n\n\t\n\n\t<div id=\"col-1678329059\" class=\"col medium-6 small-12 large-6\"  >\n\t\t\t\t<div class=\"col-inner text-center\"  >\n\t\t\t\n\t\t\t\n\n\t<div class=\"img has-hover x md-x lg-x y md-y lg-y\" id=\"image_173306256\">\n\t\t\t\t\t\t\t\t<div class=\"img-inner dark\" >\n\t\t\t<img decoding=\"async\" width=\"1020\" height=\"1020\" src=\"https:\/\/ssscorp.org\/wp-content\/uploads\/2022\/10\/5_orig-1024x1024.png\" class=\"attachment-large size-large\" alt=\"\" srcset=\"https:\/\/ssscorp.org\/wp-content\/uploads\/2022\/10\/5_orig-1024x1024.png 1024w, https:\/\/ssscorp.org\/wp-content\/uploads\/2022\/10\/5_orig-300x300.png 300w, https:\/\/ssscorp.org\/wp-content\/uploads\/2022\/10\/5_orig-150x150.png 150w, https:\/\/ssscorp.org\/wp-content\/uploads\/2022\/10\/5_orig-768x768.png 768w, https:\/\/ssscorp.org\/wp-content\/uploads\/2022\/10\/5_orig.png 1080w\" sizes=\"(max-width: 1020px) 100vw, 1020px\" \/>\t\t\t\t\t\t\n\t\t\t\t\t<\/div>\n\t\t\t\t\t\t\t\t\n<style>\n#image_173306256 {\n  width: 30%;\n}\n<\/style>\n\t<\/div>\n\t\n\n<a rel=\"noopener noreferrer\" href=\"https:\/\/www.surveymonkey.com\/r\/72MT8RC\" target=\"_blank\" class=\"button primary is-outline reveal-icon\"  >\n    <span>CANDIDATEVI QUI<\/span>\n  <i class=\"icon-angle-right\" ><\/i><\/a>\n\n\n\n\t\t<\/div>\n\t\t\t\t\t<\/div>\n\n\t\n\n<\/div>\n<p style=\"text-align: center;\"><strong><em>Si prega di leggere la descrizione del lavoro del membro del consiglio di SDI nella sua interezza prima di compilare la domanda.<\/em><\/strong><\/p>\n\n\t\t<\/div>\n\t\t\t\t\t<\/div>\n\n\t\n\n<\/div>\n\n\t\t<\/div>\n\n\t\t\n<style>\n#section_570173768 {\n  padding-top: 30px;\n  padding-bottom: 30px;\n}\n#section_570173768 .ux-shape-divider--top svg {\n  height: 150px;\n  --divider-top-width: 100%;\n}\n#section_570173768 .ux-shape-divider--bottom svg {\n  height: 150px;\n  --divider-width: 100%;\n}\n<\/style>\n\t<\/section>\n\t\n\n","protected":false},"excerpt":{"rendered":"","protected":false},"author":1,"featured_media":0,"parent":2332,"menu_order":0,"comment_status":"closed","ping_status":"closed","template":"page-blank.php","meta":{"iawp_total_views":1,"footnotes":""},"class_list":["post-2353","page","type-page","status-publish","hentry"],"_links":{"self":[{"href":"https:\/\/ssscorp.org\/it\/wp-json\/wp\/v2\/pages\/2353","targetHints":{"allow":["GET"]}}],"collection":[{"href":"https:\/\/ssscorp.org\/it\/wp-json\/wp\/v2\/pages"}],"about":[{"href":"https:\/\/ssscorp.org\/it\/wp-json\/wp\/v2\/types\/page"}],"author":[{"embeddable":true,"href":"https:\/\/ssscorp.org\/it\/wp-json\/wp\/v2\/users\/1"}],"replies":[{"embeddable":true,"href":"https:\/\/ssscorp.org\/it\/wp-json\/wp\/v2\/comments?post=2353"}],"version-history":[{"count":9,"href":"https:\/\/ssscorp.org\/it\/wp-json\/wp\/v2\/pages\/2353\/revisions"}],"predecessor-version":[{"id":16616,"href":"https:\/\/ssscorp.org\/it\/wp-json\/wp\/v2\/pages\/2353\/revisions\/16616"}],"up":[{"embeddable":true,"href":"https:\/\/ssscorp.org\/it\/wp-json\/wp\/v2\/pages\/2332"}],"wp:attachment":[{"href":"https:\/\/ssscorp.org\/it\/wp-json\/wp\/v2\/media?parent=2353"}],"curies":[{"name":"wp","href":"https:\/\/api.w.org\/{rel}","templated":true}]}}