{"id":2182,"date":"2022-09-02T15:17:04","date_gmt":"2022-09-02T15:17:04","guid":{"rendered":"https:\/\/ssscorp.org\/giornata-di-preghiera-per-la-pace\/"},"modified":"2022-10-22T21:02:16","modified_gmt":"2022-10-22T21:02:16","slug":"giornata-di-preghiera-per-la-pace","status":"publish","type":"page","link":"https:\/\/ssscorp.org\/it\/giornata-di-preghiera-per-la-pace\/","title":{"rendered":"Giornata di preghiera per la pace"},"content":{"rendered":"\n\n  <div class=\"banner has-hover\" id=\"banner-1763378450\">\n          <div class=\"banner-inner fill\">\n        <div class=\"banner-bg fill\" >\n            <div class=\"bg fill bg-fill \"><\/div>\n                                    \n                    <\/div>\n\t\t\n        <div class=\"banner-layers container\">\n            <div class=\"fill banner-link\"><\/div>            \n\n\n        <\/div>\n      <\/div>\n\n            \n<style>\n#banner-1763378450 {\n  padding-top: 625px;\n}\n#banner-1763378450 .bg.bg-loaded {\n  background-image: url(https:\/\/ssscorp.org\/wp-content\/uploads\/2022\/10\/52450587.png);\n}\n#banner-1763378450 .ux-shape-divider--top svg {\n  height: 150px;\n  --divider-top-width: 100%;\n}\n#banner-1763378450 .ux-shape-divider--bottom svg {\n  height: 150px;\n  --divider-width: 100%;\n}\n<\/style>\n  <\/div>\n\n\n\t<section class=\"section\" id=\"section_573209949\">\n\t\t<div class=\"bg section-bg fill bg-fill  bg-loaded\" >\n\n\t\t\t\n\t\t\t\n\t\t\t\n\n\t\t<\/div>\n\n\t\t\n\n\t\t<div class=\"section-content relative\">\n\t\t\t\n\n<div class=\"row\"  id=\"row-1123812035\">\n\n\n\t<div id=\"col-1357617728\" class=\"col small-12 large-12\"  >\n\t\t\t\t<div class=\"col-inner\"  >\n\t\t\t\n\t\t\t\n\n<h1 style=\"text-align: center;\">Solstizio d&#8217;estate e Giornata di preghiera per la pace<\/h1>\n<p>Una giornata di musica, danza e preghiera: la Giornata internazionale di preghiera per la pace \u00e8 un incontro nella terra sacra di Guru Ram Das Puri dove possiamo esprimere la nostra gratitudine e speranza per il futuro attraverso lo yoga, la meditazione, il canto e la sacra passeggiata di guarigione. Questo \u00e8 un momento potente per offrire le vostre preghiere per la pace, la guarigione e l&#8217;unit\u00e0 di tutta l&#8217;umanit\u00e0, per benedire e onorare questa terra sacra e, per coloro che partecipano alla Sadhana del Solstizio d&#8217;estate, per affrontare il viaggio trasformativo del Solstizio . Tutti sono invitati a partecipare a questo evento gratuito.<\/p>\n<h1 style=\"text-align: center;\">Premio Siri Singh Sahib Corporation per la giustizia sociale<\/h1>\n<p>In onore del nostro maestro spirituale Yogi Bhajan, la Siri Singh Sahib Corporation, in coordinamento con 3HO Foundation International, Sikh Dharma International e East West Tea Company, hanno iniziato una tradizione di onorare le persone la cui vita e il cui lavoro sono stati dedicati allo sviluppo di pace, uguaglianza e giustizia. Iniziamo questo onore con la consegna del Premio Siri Singh Sahib Corporation per la giustizia sociale.<br>Il Premio Siri Singh Sahib Corporation per la giustizia sociale viene assegnato a coloro che hanno agito disinteressatamente nel perseguimento della pace e della realizzazione dell&#8217;uguaglianza. Lo spirito di questo premio \u00e8 catturato dallo scopo della Giornata di preghiera per la pace, un giorno in cui ci riuniamo per celebrare la pace. Dove sono accolte tutte le persone di ogni ceto sociale. \u00c8 un giorno in cui ci rallegriamo dello spirito profondo che vive in ognuno di noi ed \u00e8 un momento in cui condividiamo esteriormente una coscienza di comprensione, compassione, gioia ed elevazione. <\/p>\n<h1 style=\"text-align: center;\"><span style=\"color: #000000;\">Il solstizio d&#8217;estate 2020 e 2021 \u00e8 stato sospeso a causa del Covid<\/span><\/h1>\n\n\t\t<\/div>\n\t\t\t\t\t<\/div>\n\n\t\n\n\t<div id=\"col-302981827\" class=\"col small-12 large-12\"  >\n\t\t\t\t<div class=\"col-inner\"  >\n\t\t\t\n\t\t\t\n\n<h1 style=\"text-align: center;\">Relatori del passato<\/h1>\n<div class=\"is-divider divider clearfix\" style=\"max-width:100%;height:2px;\"><\/div>\n\n<div class=\"row align-middle\"  id=\"row-1169068668\">\n\n\n\t<div id=\"col-906357192\" class=\"col medium-5 small-12 large-5\"  >\n\t\t\t\t<div class=\"col-inner\"  >\n\t\t\t\n\t\t\t\n\n\t<div class=\"img has-hover x md-x lg-x y md-y lg-y\" id=\"image_1965431825\">\n\t\t\t\t\t\t\t\t<div class=\"img-inner dark\" >\n\t\t\t<img fetchpriority=\"high\" decoding=\"async\" width=\"417\" height=\"334\" src=\"https:\/\/ssscorp.org\/wp-content\/uploads\/2022\/10\/54aef3972fba1-image.jpg\" class=\"attachment-large size-large\" alt=\"\" srcset=\"https:\/\/ssscorp.org\/wp-content\/uploads\/2022\/10\/54aef3972fba1-image.jpg 417w, https:\/\/ssscorp.org\/wp-content\/uploads\/2022\/10\/54aef3972fba1-image-300x240.jpg 300w\" sizes=\"(max-width: 417px) 100vw, 417px\" \/>\t\t\t\t\t\t\n\t\t\t\t\t<\/div>\n\t\t\t\t\t\t\t\t\n<style>\n#image_1965431825 {\n  width: 100%;\n}\n<\/style>\n\t<\/div>\n\t\n\n\n\t\t<\/div>\n\t\t\t\t\t<\/div>\n\n\t\n\n\t<div id=\"col-57323898\" class=\"col medium-7 small-12 large-7\"  >\n\t\t\t\t<div class=\"col-inner\"  >\n\t\t\t\n\t\t\t\n\n<div class=\"container section-title-container\" ><h3 class=\"section-title section-title-normal\"><b><\/b><span class=\"section-title-main\" >Fania Davis<\/span><b><\/b><a href=\"#\" target=\"\">2019<i class=\"icon-angle-right\" ><\/i><\/a><\/h3><\/div>\n\n<p>Fania Davis \u00e8 una voce nazionale di primo piano sulla giustizia riparativa, un campo emergente che invita a un cambiamento fondamentale nel modo in cui pensiamo e facciamo giustizia. La giustizia riparativa si basa su un insieme desiderato di principi e pratiche per mediare i conflitti, rafforzare la comunit\u00e0 e riparare i danni. \u00c8 un&#8217;attivista di lunga data per la giustizia sociale, avvocato del processo per i diritti civili, praticante di giustizia riparativa, scrittrice e studiosa con un dottorato di ricerca in Conoscenze indigene.<br>Diventando maggiorenne a Birmingham, in Alabama, durante il fermento sociale dell&#8217;era dei diritti civili, l&#8217;omicidio di due intimi amici d&#8217;infanzia nell&#8217;attentato alla Scuola domenicale del 1963 ha cristallizzato in Fania un appassionato impegno per la trasformazione sociale. Per i decenni successivi \u00e8 stata attiva nei movimenti per i diritti civili, la liberazione dei neri, le donne, i prigionieri, la pace, la violenza antirazziale e l&#8217;apartheid. Dopo aver conseguito la laurea in giurisprudenza presso l&#8217;Universit\u00e0 della California, Berkeley nel 1979, Fania ha esercitato per circa 27 anni come avvocato difensore dei diritti civili.<\/p>\n\n\t\t<\/div>\n\t\t\t\t\t<\/div>\n\n\t\n\n\t<div id=\"col-235222229\" class=\"col small-12 large-12\"  >\n\t\t\t\t<div class=\"col-inner\"  >\n\t\t\t\n\t\t\t\n\n<p>Durante la met\u00e0 degli anni &#8217;90, ha conseguito un dottorato di ricerca. programma in studi indigeni presso il California Institute of Integral Studies e apprendista con guaritori tradizionali in tutto il mondo, in particolare in Africa. Da quando ha ricevuto il suo dottorato di ricerca. nel 2003 Fania si \u00e8 impegnata nella ricerca di alternative curative alla giustizia contraddittoria. Ha insegnato Restorative Justice presso la New College Law School di San Francisco e Indigenous Peacemaking presso il Center for Justice and Peacebuilding della Eastern Mennonite University. Scrive e parla su questi argomenti.<br>\u200b<br>La ricerca di una giustizia curativa ha anche portato Fania a portare giustizia riparativa a Oakland. Fondatrice e attualmente direttrice della Restorative Justice of Oakland Youth (RJOY), Fania \u00e8 stata consulente del Consiglio internazionale delle tredici nonne indigene. Numerosi riconoscimenti includono il premio Ubuntu per il servizio all&#8217;umanit\u00e0, il premio Dennis Maloney per l&#8217;eccellenza nella giustizia riparativa giovanile e il premio per la giustizia riparativa del World Trust. Il Los Angeles Times l&#8217;ha recentemente nominata New Civil Rights Leader del 21\u00b0 secolo. Gli interessi di ricerca di Fania includono razza e giustizia riparativa, giustizia sociale e giustizia riparativa, ed esplorare le radici indigene, in particolare le radici indigene africane, della giustizia riparativa.<\/p>\n<a rel=\"noopener noreferrer\" href=\"http:\/\/rjoyoakland.org\" target=\"_blank\" class=\"button primary reveal-icon\"  >\n    <span>PER MAGGIORI INFORMAZIONI<\/span>\n  <i class=\"icon-angle-right\" ><\/i><\/a>\n\n\n\n\t\t<\/div>\n\t\t\t\t\t<\/div>\n\n\t\n\n<\/div>\n<div class=\"row align-middle\"  id=\"row-1071259596\">\n\n\n\t<div id=\"col-515614210\" class=\"col medium-5 small-12 large-5\"  >\n\t\t\t\t<div class=\"col-inner\"  >\n\t\t\t\n\t\t\t\n\n\t<div class=\"img has-hover x md-x lg-x y md-y lg-y\" id=\"image_1776730540\">\n\t\t\t\t\t\t\t\t<div class=\"img-inner dark\" >\n\t\t\t<img decoding=\"async\" width=\"585\" height=\"390\" src=\"https:\/\/ssscorp.org\/wp-content\/uploads\/2022\/10\/20170116-img-8057.jpg\" class=\"attachment-large size-large\" alt=\"\" srcset=\"https:\/\/ssscorp.org\/wp-content\/uploads\/2022\/10\/20170116-img-8057.jpg 585w, https:\/\/ssscorp.org\/wp-content\/uploads\/2022\/10\/20170116-img-8057-300x200.jpg 300w\" sizes=\"(max-width: 585px) 100vw, 585px\" \/>\t\t\t\t\t\t\n\t\t\t\t\t<\/div>\n\t\t\t\t\t\t\t\t\n<style>\n#image_1776730540 {\n  width: 100%;\n}\n<\/style>\n\t<\/div>\n\t\n\n\n\t\t<\/div>\n\t\t\t\t\t<\/div>\n\n\t\n\n\t<div id=\"col-2139090600\" class=\"col medium-7 small-12 large-7\"  >\n\t\t\t\t<div class=\"col-inner\"  >\n\t\t\t\n\t\t\t\n\n<div class=\"container section-title-container\" ><h3 class=\"section-title section-title-normal\"><b><\/b><span class=\"section-title-main\" >Christian Picciolini<\/span><b><\/b><a href=\"#\" target=\"\">2018<i class=\"icon-angle-right\" ><\/i><\/a><\/h3><\/div>\n\n<p><span style=\"color: #3f3f3f;\">Dopo aver abbandonato il movimento skinhead suprematista bianco che ha contribuito a costruire in America negli anni &#8217;80.<\/span><span style=\"color: #3f3f3f;\">in America negli anni &#8217;80 e &#8217;90, Christian Picciolini <\/span><span style=\"color: #3f3f3f;\">anni &#8217;80 e &#8217;90, Christian Picciolini ha conseguito una laurea in economia internazionale.<\/span><span style=\"color: #3f3f3f;\">dell&#8217;Universit\u00e0 di DePaul. Lui  <\/span><span style=\"color: #3f3f3f;\">ha lanciato Goldmill Group, un&#8217;azienda globale di media digitali e di contro-<\/span><span style=\"color: #3f3f3f;\">societ\u00e0 di consulenza sull&#8217;estremismo. Nel 2016, ha  <\/span><span style=\"color: #3f3f3f;\">ha vinto un Emmy Award per il suo ruolo nella produzione di una campagna pubblicitaria contro l&#8217;odio<\/span><span style=\"color: #3f3f3f;\">campagna pubblicitaria contro l&#8217;odio per aiutare <\/span> <span style=\"color: #3f3f3f;\">le persone si disimpegnano dai gruppi estremisti. La sua vita da quando ha lasciato il t<\/span><span style=\"color: #3f3f3f;\">l movimento dei suprematisti bianchi, oltre <\/span><span style=\"color: #3f3f3f;\">due decenni fa si \u00e8 dedicato ad aiutare gli altri a contrastare il razzismo e l&#8217;estremismo violento<\/span><span style=\"color: #3f3f3f;\">e l&#8217;estremismo violento co<\/span><span style=\"color: #3f3f3f;\">fondando l&#8217;organizzazione Life After Hate. Christian \u00e8 ora alla guida della F<\/span><span style=\"color: #3f3f3f;\">progetto Radicali, il progetto mondiale di  <\/span><span style=\"color: #3f3f3f;\">prima piattaforma globale di disimpegno dall&#8217;estremismo. Christian ha  <\/span><span style=\"color: #3f3f3f;\">ha parlato sul palco di TEDx e a <\/span><span style=\"color: #3f3f3f;\">in tutto il mondo, condividendo le sue conoscenze uniche e approfondite, insegnando a tutti coloro che lo desiderano<\/span><span style=\"color: #3f3f3f;\">conoscenze, insegnando a tutti coloro che sono disposti a <\/span><span style=\"color: #3f3f3f;\">di imparare a costruire una pace e un&#8217;accettazione maggiori attraverso l&#8217;empatia e l&#8217;amore.<\/span><span style=\"color: #3f3f3f;\">d compassione. Ha  <\/span><span style=\"color: #3f3f3f;\">ha aiutato oltre 100 persone ad abbandonare i gruppi d&#8217;odio. Cristiano  <\/span><span style=\"color: #3f3f3f;\">Il suo coinvolgimento nel primo movimento <\/span><span style=\"color: #3f3f3f;\">movimento skinhead americano \u00e8 raccontato nel suo libro di memorie <\/span><span style=\"color: #3f3f3f;\">GIOVANNI BIANCHI AMERICANI: La mia discesa in <\/span><span style=\"color: #3f3f3f;\">America<\/span><span style=\"color: #3f3f3f;\">&#8216;<\/span><span style=\"color: #3f3f3f;\">s Most Violent Hate Movement<\/span><span style=\"color: #3f3f3f;\">&#8212;<\/span><span style=\"color: #3f3f3f;\">e come ne sono uscito <\/span> <span style=\"color: #3f3f3f;\">(Hachette, 2018). Christian \u00e8 co-<\/span><span style=\"color: #3f3f3f;\">sviluppando una serie di documentari televisivi basati sul suo lavoro per aiutare le persone a disimpegnarsi dalle ideologie violente.<\/span><\/p>\n<a rel=\"noopener noreferrer\" href=\"http:\/\/www.christianpicciolini.com\" target=\"_blank\" class=\"button primary reveal-icon\"  >\n    <span>PER MAGGIORI INFORMAZIONI<\/span>\n  <i class=\"icon-angle-right\" ><\/i><\/a>\n\n\n\n\t\t<\/div>\n\t\t\t\t\t<\/div>\n\n\t\n\n<\/div>\n<div class=\"row\"  id=\"row-1895679885\">\n\n\n\t<div id=\"col-154889062\" class=\"col medium-5 small-12 large-5\"  >\n\t\t\t\t<div class=\"col-inner\"  >\n\t\t\t\n\t\t\t\n\n\t<div class=\"img has-hover x md-x lg-x y md-y lg-y\" id=\"image_179173819\">\n\t\t\t\t\t\t\t\t<div class=\"img-inner dark\" >\n\t\t\t<img decoding=\"async\" width=\"307\" height=\"307\" src=\"https:\/\/ssscorp.org\/wp-content\/uploads\/2022\/10\/interfaith-amigos.jpg\" class=\"attachment-large size-large\" alt=\"\" srcset=\"https:\/\/ssscorp.org\/wp-content\/uploads\/2022\/10\/interfaith-amigos.jpg 307w, https:\/\/ssscorp.org\/wp-content\/uploads\/2022\/10\/interfaith-amigos-300x300.jpg 300w, https:\/\/ssscorp.org\/wp-content\/uploads\/2022\/10\/interfaith-amigos-150x150.jpg 150w\" sizes=\"(max-width: 307px) 100vw, 307px\" \/>\t\t\t\t\t\t\n\t\t\t\t\t<\/div>\n\t\t\t\t\t\t\t\t\n<style>\n#image_179173819 {\n  width: 100%;\n}\n<\/style>\n\t<\/div>\n\t\n\n\n\t\t<\/div>\n\t\t\t\t\t<\/div>\n\n\t\n\n\t<div id=\"col-936840545\" class=\"col medium-7 small-12 large-7\"  >\n\t\t\t\t<div class=\"col-inner\"  >\n\t\t\t\n\t\t\t\n\n<div class=\"container section-title-container\" ><h3 class=\"section-title section-title-normal\"><b><\/b><span class=\"section-title-main\" >Amigos interreligiosi<\/span><b><\/b><a href=\"#\" target=\"\">2017<i class=\"icon-angle-right\" ><\/i><\/a><\/h3><\/div>\n\n<p>\u200b<br>L&#8217;imam Jamal Rahman, il pastore Don Mackenzie e il rabbino Ted Falcon &#8211; gli Amigos interreligiosi &#8211; hanno iniziato a lavorare insieme dopo l&#8217;11 settembre. Da allora, hanno portato la loro miscela unica di saggezza spirituale e umorismo al pubblico di tutti gli Stati Uniti, oltre a Canada, Israele-Palestina e Giappone.<br><br>\u200bGli Amigos interreligiosi presentano un messaggio cruciale nel loro stile umoristico unico, aiutando i partecipanti ad apprezzare la promessa e i problemi dell&#8217;esperienza interreligiosa.<\/p>\n<a rel=\"noopener noreferrer\" href=\"http:\/\/www.interfaithamigos.com\/Home.html\" target=\"_blank\" class=\"button primary reveal-icon\"  >\n    <span>PER MAGGIORI INFORMAZIONI<\/span>\n  <i class=\"icon-angle-right\" ><\/i><\/a>\n\n\n\n\t\t<\/div>\n\t\t\t\t\t<\/div>\n\n\t\n\n<\/div>\n<div class=\"row\"  id=\"row-2070651923\">\n\n\n\t<div id=\"col-1159489816\" class=\"col medium-5 small-12 large-5\"  >\n\t\t\t\t<div class=\"col-inner\"  >\n\t\t\t\n\t\t\t\n\n\t<div class=\"img has-hover x md-x lg-x y md-y lg-y\" id=\"image_1196499796\">\n\t\t\t\t\t\t\t\t<div class=\"img-inner dark\" >\n\t\t\t<img loading=\"lazy\" decoding=\"async\" width=\"507\" height=\"338\" src=\"https:\/\/ssscorp.org\/wp-content\/uploads\/2022\/10\/valerie-kaur_orig.png\" class=\"attachment-large size-large\" alt=\"\" srcset=\"https:\/\/ssscorp.org\/wp-content\/uploads\/2022\/10\/valerie-kaur_orig.png 507w, https:\/\/ssscorp.org\/wp-content\/uploads\/2022\/10\/valerie-kaur_orig-300x200.png 300w\" sizes=\"(max-width: 507px) 100vw, 507px\" \/>\t\t\t\t\t\t\n\t\t\t\t\t<\/div>\n\t\t\t\t\t\t\t\t\n<style>\n#image_1196499796 {\n  width: 100%;\n}\n<\/style>\n\t<\/div>\n\t\n\n\n\t\t<\/div>\n\t\t\t\t\t<\/div>\n\n\t\n\n\t<div id=\"col-383647985\" class=\"col medium-7 small-12 large-7\"  >\n\t\t\t\t<div class=\"col-inner\"  >\n\t\t\t\n\t\t\t\n\n<div class=\"container section-title-container\" ><h3 class=\"section-title section-title-normal\"><b><\/b><span class=\"section-title-main\" >Valarie Kaur<\/span><b><\/b><a href=\"#\" target=\"\">2016<i class=\"icon-angle-right\" ><\/i><\/a><\/h3><\/div>\n\n<p>\u200b<br>L&#8217;imam Jamal Rahman, il pastore Don Mackenzie e il rabbino Ted Falcon &#8211; gli Amigos interreligiosi &#8211; hanno iniziato a lavorare insieme dopo l&#8217;11 settembre. Da allora, hanno portato la loro miscela unica di saggezza spirituale e umorismo al pubblico di tutti gli Stati Uniti, oltre a Canada, Israele-Palestina e Giappone.<br><br>\u200bGli Amigos interreligiosi presentano un messaggio cruciale nel loro stile umoristico unico, aiutando i partecipanti ad apprezzare la promessa e i problemi dell&#8217;esperienza interreligiosa.<\/p>\n<a rel=\"noopener noreferrer\" href=\"http:\/\/valariekaur.com\/\" target=\"_blank\" class=\"button primary reveal-icon\"  >\n    <span>PER MAGGIORI INFORMAZIONI<\/span>\n  <i class=\"icon-angle-right\" ><\/i><\/a>\n\n\n\n\t\t<\/div>\n\t\t\t\t\t<\/div>\n\n\t\n\n<\/div>\n<div class=\"row\"  id=\"row-2078073660\">\n\n\n\t<div id=\"col-612844960\" class=\"col medium-5 small-12 large-5\"  >\n\t\t\t\t<div class=\"col-inner\"  >\n\t\t\t\n\t\t\t\n\n\t<div class=\"img has-hover x md-x lg-x y md-y lg-y\" id=\"image_1182715587\">\n\t\t\t\t\t\t\t\t<div class=\"img-inner dark\" >\n\t\t\t<img loading=\"lazy\" decoding=\"async\" width=\"251\" height=\"298\" src=\"https:\/\/ssscorp.org\/wp-content\/uploads\/2022\/10\/dr-vivian.png\" class=\"attachment-large size-large\" alt=\"\" \/>\t\t\t\t\t\t\n\t\t\t\t\t<\/div>\n\t\t\t\t\t\t\t\t\n<style>\n#image_1182715587 {\n  width: 100%;\n}\n<\/style>\n\t<\/div>\n\t\n\n\n\t\t<\/div>\n\t\t\t\t\t<\/div>\n\n\t\n\n\t<div id=\"col-1369645647\" class=\"col medium-7 small-12 large-7\"  >\n\t\t\t\t<div class=\"col-inner\"  >\n\t\t\t\n\t\t\t\n\n<div class=\"container section-title-container\" ><h3 class=\"section-title section-title-normal\"><b><\/b><span class=\"section-title-main\" >Reverendo Dr. CT Vivian<\/span><b><\/b><a href=\"#\" target=\"\">2015<i class=\"icon-angle-right\" ><\/i><\/a><\/h3><\/div>\n\n<p>Il Dr. Vivian \u00e8 noto per il suo lavoro con il Dr. Martin Luther King Jr. durante il movimento per i diritti civili negli anni &#8217;60. Era un Freedom Rider e ha organizzato sit-in e altre proteste non violente contro la segregazione razziale nel sud. Come membro dello staff esecutivo dell&#8217;SCLC (Southern Christian Leadership Council) ha marciato con il Dr. King a Selma, Montgomery, Chicago, Birmingham e Washington, DC Ha lavorato come organizzatore per la campagna di registrazione degli elettori a Selma, un movimento questo \u00e8 stato il catalizzatore del Voting Rights Act del 1965. Pi\u00f9 recentemente il presidente Obama ha conferito al reverendo CT Vivian la Presidential Medal of Freedom, la pi\u00f9 alta onorificenza civile americana.<\/p>\n<a rel=\"noopener noreferrer\" href=\"http:\/\/www.ctvli.org\/ctvivian.php\" target=\"_blank\" class=\"button primary reveal-icon\"  >\n    <span>PER MAGGIORI INFORMAZIONI<\/span>\n  <i class=\"icon-angle-right\" ><\/i><\/a>\n\n\n\n\t\t<\/div>\n\t\t\t\t\t<\/div>\n\n\t\n\n<\/div>\n\n\t\t<\/div>\n\t\t\t\t\t<\/div>\n\n\t\n\n<\/div>\n\n\t\t<\/div>\n\n\t\t\n<style>\n#section_573209949 {\n  padding-top: 30px;\n  padding-bottom: 30px;\n}\n#section_573209949 .ux-shape-divider--top svg {\n  height: 150px;\n  --divider-top-width: 100%;\n}\n#section_573209949 .ux-shape-divider--bottom svg {\n  height: 150px;\n  --divider-width: 100%;\n}\n<\/style>\n\t<\/section>\n\t\n\n","protected":false},"excerpt":{"rendered":"","protected":false},"author":1,"featured_media":0,"parent":0,"menu_order":0,"comment_status":"closed","ping_status":"closed","template":"page-blank.php","meta":{"iawp_total_views":0,"footnotes":""},"class_list":["post-2182","page","type-page","status-publish","hentry"],"_links":{"self":[{"href":"https:\/\/ssscorp.org\/it\/wp-json\/wp\/v2\/pages\/2182","targetHints":{"allow":["GET"]}}],"collection":[{"href":"https:\/\/ssscorp.org\/it\/wp-json\/wp\/v2\/pages"}],"about":[{"href":"https:\/\/ssscorp.org\/it\/wp-json\/wp\/v2\/types\/page"}],"author":[{"embeddable":true,"href":"https:\/\/ssscorp.org\/it\/wp-json\/wp\/v2\/users\/1"}],"replies":[{"embeddable":true,"href":"https:\/\/ssscorp.org\/it\/wp-json\/wp\/v2\/comments?post=2182"}],"version-history":[{"count":4,"href":"https:\/\/ssscorp.org\/it\/wp-json\/wp\/v2\/pages\/2182\/revisions"}],"predecessor-version":[{"id":3035,"href":"https:\/\/ssscorp.org\/it\/wp-json\/wp\/v2\/pages\/2182\/revisions\/3035"}],"wp:attachment":[{"href":"https:\/\/ssscorp.org\/it\/wp-json\/wp\/v2\/media?parent=2182"}],"curies":[{"name":"wp","href":"https:\/\/api.w.org\/{rel}","templated":true}]}}