{"id":2123,"date":"2022-09-02T15:16:56","date_gmt":"2022-09-02T15:16:56","guid":{"rendered":"https:\/\/ssscorp.org\/storia-e-stato-non-profit\/"},"modified":"2022-10-20T15:20:25","modified_gmt":"2022-10-20T15:20:25","slug":"storia-e-stato-non-profit","status":"publish","type":"page","link":"https:\/\/ssscorp.org\/it\/storia-e-stato-non-profit\/","title":{"rendered":"Storia e stato non profit"},"content":{"rendered":"\n\n  <div class=\"banner has-hover has-parallax\" id=\"banner-1360343442\">\n          <div class=\"banner-inner fill\">\n        <div class=\"banner-bg fill\" data-parallax=\"-3\" data-parallax-container=\".banner\" data-parallax-background>\n            <div class=\"bg fill bg-fill \"><\/div>\n                        <div class=\"overlay\"><\/div>            \n                    <\/div>\n\t\t\n        <div class=\"banner-layers container\">\n            <div class=\"fill banner-link\"><\/div>            \n\n   <div id=\"text-box-954560992\" class=\"text-box banner-layer x50 md-x50 lg-x50 y50 md-y50 lg-y50 res-text\">\n                                <div class=\"text-box-content text dark\">\n              \n              <div class=\"text-inner text-center\">\n                  \n\n<h3 class=\"uppercase\"><strong>Storia legale e istituzionale di Siri Singh Sahib Corporation<\/strong><\/h3>\n<p>Preparato da Hari Nam Singh, ex assistente del Cancelliere.<\/p>\n\n              <\/div>\n           <\/div>\n                            \n<style>\n#text-box-954560992 {\n  width: 68%;\n}\n#text-box-954560992 .text-box-content {\n  font-size: 100%;\n}\n<\/style>\n    <\/div>\n \n\n        <\/div>\n      <\/div>\n\n            \n<style>\n#banner-1360343442 {\n  padding-top: 300px;\n}\n#banner-1360343442 .bg.bg-loaded {\n  background-image: url(https:\/\/ssscorp.org\/wp-content\/uploads\/2022\/09\/Untitled-design-3-scaled-1.jpeg);\n}\n#banner-1360343442 .overlay {\n  background-color: rgba(17, 33, 82, 0.855);\n}\n#banner-1360343442 .ux-shape-divider--top svg {\n  height: 150px;\n  --divider-top-width: 100%;\n}\n#banner-1360343442 .ux-shape-divider--bottom svg {\n  height: 150px;\n  --divider-width: 100%;\n}\n<\/style>\n  <\/div>\n\n\n\t<section class=\"section\" id=\"section_744770260\">\n\t\t<div class=\"bg section-bg fill bg-fill  bg-loaded\" >\n\n\t\t\t\n\t\t\t\n\t\t\t\n\n\t\t<\/div>\n\n\t\t\n\n\t\t<div class=\"section-content relative\">\n\t\t\t\n\n<div class=\"row\"  id=\"row-1847604616\">\n\n\n\t<div id=\"col-1431274239\" class=\"col small-12 large-12\"  >\n\t\t\t\t<div class=\"col-inner\"  >\n\t\t\t\n\t\t\t\n\n<p>Il 27 settembre 1997, la Siri Sikdar Sahib Corporation (ora nota come Siri Singh Sahib Corporation) ha depositato il proprio atto costitutivo come Oregon Nonprofit Corporation. Di rilievo sono le seguenti disposizioni in quell&#8217;atto costitutivo iniziale:<\/p>\n\n\t\t<\/div>\n\t\t\t\t\t<\/div>\n\n\t\n\n<\/div>\n<div class=\"row align-center\"  id=\"row-1627134251\">\n\n\n\t<div id=\"col-651988058\" class=\"col medium-10 small-12 large-10\"  >\n\t\t\t\t<div class=\"col-inner\"  >\n\t\t\t\n\t<div class=\"is-border\"\n\t\tstyle=\"border-width:0px 0px 0px 3px;\">\n\t<\/div>\n\t\t\t\n\n<p><em>&#8220;La societ\u00e0 operer\u00e0 esclusivamente per scopi di beneficenza, religiosi, educativi e scientifici ai sensi della Sezione 501(c)(3) dell&#8217;Internal Revenue Code o della sezione corrispondente(i) di qualsiasi futuro codice fiscale.&#8221;<\/em><br><br><em>&#8220;La societ\u00e0 \u00e8 organizzata per agire come unico membro del Sikh Dharma in seguito alla morte o all&#8217;incapacit\u00e0 di Siri Singh Sahib Khalsa Yogiji, e in tale capacit\u00e0 di condurre e\/o facilitare attivit\u00e0 religiose, caritatevoli ed educative&#8221;.<\/em><br><br><em>\u201cA seguito della morte o dell&#8217;incapacit\u00e0 di Siri Singh Sahib Harbhajan Singh Khalsa Yogiji, i direttori saranno le persone designate per iscritto da Siri Singh Sahib Harbhajan Singh Khalsa Yogiji. La designazione scritta, e qualsiasi modifica o integrazione ad essa, deve essere datata al momento dell&#8217;esecuzione e deve essere consegnata e tenuta confidenziale dall&#8217;avvocato della societ\u00e0 e dal Sikh Dharma designato nello statuto della societ\u00e0.<\/em><\/p>\n\n\t\t<\/div>\n\t\t\t\t\n<style>\n#col-651988058 > .col-inner {\n  padding: 0px 0px 0px 10px;\n}\n<\/style>\n\t<\/div>\n\n\t\n\n<\/div>\n<div class=\"row\"  id=\"row-1782917204\">\n\n\n\t<div id=\"col-409174969\" class=\"col small-12 large-12\"  >\n\t\t\t\t<div class=\"col-inner\"  >\n\t\t\t\n\t\t\t\n\n<p>Il <span style=\"color: #a88d2e;\">3 dicembre 2001<\/span> \u00e8 stato depositato presso lo Stato dell&#8217;Oregon un Atto di modifica dell&#8217;Atto costitutivo originale e la Siri Sikdar Sahib Corporation \u00e8 stata rinominata Siri Singh Sahib Corporation.<br>\u200b<br>Il <span style=\"color: #a88d2e;\">1\u00b0 ottobre 2004<\/span>, il consiglio di amministrazione allora in carica ha adottato uno Statuto della Siri Singh Sahib Corporation, che \u00e8 stato successivamente depositato presso lo Stato dell&#8217;Oregon il 15 novembre 2004. La seconda e la terza disposizione sopra citate nell&#8217;atto costitutivo originale sono state in qualche modo modificate nel linguaggio come segue:<\/p>\n\n\n\t\t<\/div>\n\t\t\t\t\t<\/div>\n\n\t\n\n<\/div>\n<div class=\"row align-center\"  id=\"row-1176306870\">\n\n\n\t<div id=\"col-42558888\" class=\"col medium-10 small-12 large-10\"  >\n\t\t\t\t<div class=\"col-inner\"  >\n\t\t\t\n\t<div class=\"is-border\"\n\t\tstyle=\"border-width:0px 0px 0px 3px;\">\n\t<\/div>\n\t\t\t\n\n<p><em>&#8220;La societ\u00e0 \u00e8 organizzata per agire come organizzazione legale successore della Siri Singh Sahib di Sikh Dharma, una societ\u00e0 unica della California, a seguito della morte o dell&#8217;incapacit\u00e0 di Siri Singh Sahib Harbhajan Singh Khalsa Yogiji, e in tale capacit\u00e0 di condurre e\/o facilitare attivit\u00e0 religiose, caritative ed educative\u201d.<\/em><br><br><em>\u201cA seguito della morte o dell&#8217;incapacit\u00e0 di Siri Singh Sahib Harbhajan Singh Khalsa Yogiji, i direttori saranno le persone designate per iscritto da Siri Singh Sahib Harbhajan Singh Khalsa Yogiji. La designazione scritta, e qualsiasi modifica o integrazione ad essa, deve essere datata al momento dell&#8217;esecuzione e deve essere consegnata e tenuta in confidenza dall&#8217;avvocato della societ\u00e0 e dal Siri Singh Sahib del Sikh Dharma designato nello statuto della societ\u00e0.<\/em><\/p>\n\n\t\t<\/div>\n\t\t\t\t\n<style>\n#col-42558888 > .col-inner {\n  padding: 0px 0px 0px 10px;\n}\n<\/style>\n\t<\/div>\n\n\t\n\n<\/div>\n<div class=\"row\"  id=\"row-1855176063\">\n\n\n\t<div id=\"col-412846023\" class=\"col small-12 large-12\"  >\n\t\t\t\t<div class=\"col-inner\"  >\n\t\t\t\n\t\t\t\n\n<p>\u00c8 universalmente riconosciuto che il Siri Singh Sahib ha preparato un elenco contenente i nomi di 13 persone qualificate, tra cui il Siri Sikdar Sahib\/a e il Bhai Sahib\/a come membri ex officio, per sedere nel consiglio iniziale della Siri Singh Sahib Corporation dopo la sua morte, e che ha consegnato detto elenco in fiducia a Roy Lambert, l&#8217;allora avvocato per la Siri Singh Sahib Corporation e Unto Infinity.<\/p>\n<p>Il <span style=\"color: #a88d2e;\">3 ottobre 2004<\/span>, il consiglio di amministrazione dell&#8217;epoca ha adottato uno Statuto della Siri Singh Sahib Corporation, successivamente depositato presso lo Stato dell&#8217;Oregon l&#8217;<span style=\"color: #a88d2e;\">11 gennaio 2005<\/span>. In quel documento, ai membri del consiglio di Unto Infinity, l&#8217;allora esistente consiglio esecutivo dell&#8217;organizzazione, venivano conferiti poteri di vasta portata nell&#8217;organizzazione, dando loro essenzialmente il controllo completo non solo di Unto Infinity, ma della stessa Siri Singh Sahib Corporation.<\/p>\n<p>Come sappiamo, il Siri Singh Sahib ha lasciato il suo corpo il <span style=\"color: #a88d2e;\">6 ottobre 2004<\/span> . In breve, i membri dell&#8217;Unto Infinity Board sono stati in grado di attuare il loro piano per assumere il controllo completo dell&#8217;organizzazione facendo in modo che il loro avvocato, Roy Lambert, nascondesse l&#8217;elenco dei nomi delle 15 persone che Siri Singh Sahib aveva nominato per servire sull&#8217;iniziale Consiglio di Amministrazione di Siri Singh Sahib Corporation dopo la sua morte e al quale aveva affidato il Sig. Lambert. In sostanza, i membri del consiglio di Unto Infinity hanno riempito quel vuoto di autorit\u00e0 che loro stessi avevano creato.<\/p>\n<p>Queste tattiche altamente discutibili vennero presto alla luce nella pi\u00f9 ampia comunit\u00e0 Dharmica, incluso il Consiglio Khalsa, sfociando infine in una lunga e controversa causa legale, in cui i querelanti, in rappresentanza del ministero, cercavano di riguadagnare il controllo dell&#8217;organizzazione da coloro che erano percepito come utilizzare le proprie posizioni di fiducia al fine di promuovere i propri interessi personali. I ricorrenti alla fine hanno prevalso sul merito della causa nel dicembre 2011, costringendo infine gli imputati a una transazione definitiva nel maggio 2012, con conseguente rinuncia alle loro posizioni di autorit\u00e0 nell&#8217;organizzazione e consentendo al ministero di riprendere il controllo dei beni e direzione dell&#8217;organizzazione.<\/p>\n<p>Il primo ordine del giorno era riempire i seggi ancora vacanti nel Consiglio di amministrazione ed \u00e8 stato deciso da coloro che erano principalmente allineati con la causa che il Consiglio di amministrazione della SSSC iniziale sarebbe stato nominato ed eletto da ministri ordinati in regola, nonch\u00e9 da coloro che avevano contribuito al successo della causa. \u00c8 stato inoltre stabilito che il Consiglio SSSC sarebbe composto da 15 membri eletti e 2 ex officio.<br>Il Consiglio Direttivo iniziale era composto dalle seguenti persone:<\/p>\n<h4>Per elezione:<\/h4>\n<ul>\n<li>SS Avtar Hari Singh Khalsa<\/li>\n<li>SS Dharm Singh Khalsa<\/li>\n<li>SS Guru Amrit Singh Khalsa<\/li>\n<li>SS Gurujot Kaur Khalsa<\/li>\n<li>MSS Gururaj Kaur Khalsa<\/li>\n<li>MSS Guru Singh Khalsa<\/li>\n<li>SS Gurujodha Singh Khalsa<\/li>\n<li>SS Hari Nam Singh Khalsa<\/li>\n<li>SS Harjot Kaur Khalsa<\/li>\n<li>SS Jai Singh Khalsa<\/li>\n<li>MSS Krishna Kaur Khalsa<\/li>\n<li>SS Shanti Kaur Khalsa<\/li>\n<li>SS Siri Pritam Kaur Khalsa<\/li>\n<li>SS Siri Vishnu Singh Khalsa<\/li>\n<li>SS Viriam Singh Khalsa.<\/li>\n<\/ul>\n<h4><br>Appuntamento d&#8217;ufficio:<\/h4>\n<ul>\n<li>SSSa Guru Amrit Kaur Khalsa<\/li>\n<li>Bhai Sahiba Bibiji Inderjit Kaur.<\/li>\n<\/ul>\n<p>Secondo l&#8217;accordo legale, sono stati aggiunti al consiglio iniziale: Amrit Singh Khalsa, SS Deva Singh Khalsa, MSS Sada Sat Singh Khalsa.<br>La prima riunione del Consiglio di amministrazione iniziale si \u00e8 tenuta il 18 giugno 2012 a Espa\u00f1ola, nel Nuovo Messico. Oltre a occuparsi delle questioni per &#8220;far girare le palle&#8221;, SS Gurujodha Singh Khalsa \u00e8 stato eletto presidente. Alla prima riunione di prosecuzione del Consiglio, tenutasi il 26 gennaio 2013 a Los Angeles, in California, il Consiglio ha deciso di adottare la seguente dichiarazione di missione del Consiglio di amministrazione della SSSC:<\/p>\n\n\t\t<\/div>\n\t\t\t\t\t<\/div>\n\n\t\n\n<\/div>\n<div class=\"row align-center\"  id=\"row-1760853685\">\n\n\n\t<div id=\"col-540474323\" class=\"col medium-10 small-12 large-10\"  >\n\t\t\t\t<div class=\"col-inner\"  >\n\t\t\t\n\t<div class=\"is-border\"\n\t\tstyle=\"border-width:0px 0px 0px 3px;\">\n\t<\/div>\n\t\t\t\n\n<p><em>  &#8220;Con la guida di Dio e la grazia del Guru, la missione della SSSC \u00e8 proteggere, preservare e coltivare la prosperit\u00e0 della comunit\u00e0 costituente e dei suoi beni; ascoltare, servire ed elevare la comunit\u00e0 costituente; sostenere le entit\u00e0 senza scopo di lucro e a fini di lucro e la famiglia delle comunit\u00e0 costituenti; vivere e mantenere i valori degli insegnamenti del Siri Guru Granth Sahib e del Siri Singh Sahib Bhai Sahib Harbhajan Singh Khalsa Yogiji: servizio disinteressato, compassione, gentilezza, onest\u00e0, integrit\u00e0, affidabilit\u00e0 e coscienza ispirata dal Guru.&#8221;<\/em><\/p>\n\n\t\t<\/div>\n\t\t\t\t\n<style>\n#col-540474323 > .col-inner {\n  padding: 0px 0px 0px 10px;\n}\n<\/style>\n\t<\/div>\n\n\t\n\n<\/div>\n<div class=\"row\"  id=\"row-1438033433\">\n\n\n\t<div id=\"col-196434208\" class=\"col small-12 large-12\"  >\n\t\t\t\t<div class=\"col-inner\"  >\n\t\t\t\n\t\t\t\n\n<p>Il Consiglio iniziale ha deciso che la durata del servizio per i membri del Consiglio sarebbe stata di cinque anni, con met\u00e0 del Consiglio che doveva candidarsi per la rielezione (o scegliere di non candidarsi di nuovo) ogni due anni e mezzo. Il Consiglio ha anche stabilito gli standard di ammissibilit\u00e0 sia per i candidati che per l&#8217;elettorato. Il <span style=\"color: #a88d2e;\">7 marzo 2013<\/span> sono stati depositati i pi\u00f9 recenti articoli costitutivi della Siri Singh Sahib Corporation. Rimane una societ\u00e0 religiosa senza scopo di lucro dell&#8217;Oregon, in virt\u00f9 del fatto che \u00e8 considerata una &#8220;chiesa&#8221;. I suoi &#8220;scopi&#8221;, come affermato in quel documento, sono i seguenti:<\/p>\n<div class=\"row align-center\"  id=\"row-1063364248\">\n\n\n\t<div id=\"col-1889265238\" class=\"col medium-10 small-12 large-10\"  >\n\t\t\t\t<div class=\"col-inner\"  >\n\t\t\t\n\t<div class=\"is-border\"\n\t\tstyle=\"border-width:0px 0px 0px 3px;\">\n\t<\/div>\n\t\t\t\n\n<p><em>&#8220;Operare esclusivamente per scopi religiosi, di beneficenza ed educativi, ai sensi della Sezione 501(c)(3) dell&#8217;Internal Revenue Code del 1986, come modificato, o di qualsiasi disposizione successiva, incluso ma non limitato a sostenere e promuovere la pratica della religione Sikh come \u00e8 stato insegnato dal Siri Singh Sahib Bhai Sahib Harbhajan Khalsa Yogiji (&#8220;Yogi Bhajan&#8221;) e riunendo i suoi aderenti, e agendo come organizzazione legale successore del Siri Singh Sahib di Sikh Dharma, una societ\u00e0 californiana unica e servendo come custode e amministratore di quei beni dedicati da Yogi Bhajan a sostenere il Sikh Dharma\/3HO co<\/em><\/p>\n\n\t\t<\/div>\n\t\t\t\t\n<style>\n#col-1889265238 > .col-inner {\n  padding: 0px 0px 0px 10px;\n}\n<\/style>\n\t<\/div>\n\n\t\n\n<\/div>\n\n\t\t<\/div>\n\t\t\t\t\t<\/div>\n\n\t\n\n<\/div>\n\n\t\t<\/div>\n\n\t\t\n<style>\n#section_744770260 {\n  padding-top: 30px;\n  padding-bottom: 30px;\n}\n#section_744770260 .ux-shape-divider--top svg {\n  height: 150px;\n  --divider-top-width: 100%;\n}\n#section_744770260 .ux-shape-divider--bottom svg {\n  height: 150px;\n  --divider-width: 100%;\n}\n<\/style>\n\t<\/section>\n\t\n\n","protected":false},"excerpt":{"rendered":"","protected":false},"author":1,"featured_media":0,"parent":0,"menu_order":0,"comment_status":"closed","ping_status":"closed","template":"page-blank.php","meta":{"iawp_total_views":8,"footnotes":""},"class_list":["post-2123","page","type-page","status-publish","hentry"],"_links":{"self":[{"href":"https:\/\/ssscorp.org\/it\/wp-json\/wp\/v2\/pages\/2123","targetHints":{"allow":["GET"]}}],"collection":[{"href":"https:\/\/ssscorp.org\/it\/wp-json\/wp\/v2\/pages"}],"about":[{"href":"https:\/\/ssscorp.org\/it\/wp-json\/wp\/v2\/types\/page"}],"author":[{"embeddable":true,"href":"https:\/\/ssscorp.org\/it\/wp-json\/wp\/v2\/users\/1"}],"replies":[{"embeddable":true,"href":"https:\/\/ssscorp.org\/it\/wp-json\/wp\/v2\/comments?post=2123"}],"version-history":[{"count":1,"href":"https:\/\/ssscorp.org\/it\/wp-json\/wp\/v2\/pages\/2123\/revisions"}],"predecessor-version":[{"id":2131,"href":"https:\/\/ssscorp.org\/it\/wp-json\/wp\/v2\/pages\/2123\/revisions\/2131"}],"wp:attachment":[{"href":"https:\/\/ssscorp.org\/it\/wp-json\/wp\/v2\/media?parent=2123"}],"curies":[{"name":"wp","href":"https:\/\/api.w.org\/{rel}","templated":true}]}}