{"id":2056,"date":"2022-09-02T15:12:23","date_gmt":"2022-09-02T15:12:23","guid":{"rendered":"https:\/\/ssscorp.org\/registri-delle-riunioni-della-sssc\/"},"modified":"2022-10-20T15:20:01","modified_gmt":"2022-10-20T15:20:01","slug":"registri-delle-riunioni-della-sssc","status":"publish","type":"page","link":"https:\/\/ssscorp.org\/it\/registri-delle-riunioni-della-sssc\/","title":{"rendered":"Registri delle riunioni della SSSC"},"content":{"rendered":"\n\n  <div class=\"banner has-hover has-parallax\" id=\"banner-1647258416\">\n          <div class=\"banner-inner fill\">\n        <div class=\"banner-bg fill\" data-parallax=\"-3\" data-parallax-container=\".banner\" data-parallax-background>\n            <div class=\"bg fill bg-fill \"><\/div>\n                        <div class=\"overlay\"><\/div>            \n                    <\/div>\n\t\t\n        <div class=\"banner-layers container\">\n            <div class=\"fill banner-link\"><\/div>            \n\n   <div id=\"text-box-1220516754\" class=\"text-box banner-layer x50 md-x50 lg-x50 y50 md-y50 lg-y50 res-text\">\n                                <div class=\"text-box-content text dark\">\n              \n              <div class=\"text-inner text-center\">\n                  \n\n<h3 class=\"uppercase\"><strong>Tipi di riunioni SSSC<\/strong><\/h3>\n\n\n              <\/div>\n           <\/div>\n                            \n<style>\n#text-box-1220516754 {\n  width: 98%;\n}\n#text-box-1220516754 .text-box-content {\n  font-size: 100%;\n}\n<\/style>\n    <\/div>\n \n\n        <\/div>\n      <\/div>\n\n            \n<style>\n#banner-1647258416 {\n  padding-top: 300px;\n}\n#banner-1647258416 .bg.bg-loaded {\n  background-image: url(https:\/\/ssscorp.org\/wp-content\/uploads\/2022\/09\/Untitled-design-3-scaled-1.jpeg);\n}\n#banner-1647258416 .overlay {\n  background-color: rgba(17, 33, 82, 0.855);\n}\n#banner-1647258416 .ux-shape-divider--top svg {\n  height: 150px;\n  --divider-top-width: 100%;\n}\n#banner-1647258416 .ux-shape-divider--bottom svg {\n  height: 150px;\n  --divider-width: 100%;\n}\n<\/style>\n  <\/div>\n\n\n\t<section class=\"section\" id=\"section_1252581970\">\n\t\t<div class=\"bg section-bg fill bg-fill  bg-loaded\" >\n\n\t\t\t\n\t\t\t\n\t\t\t\n\n\t\t<\/div>\n\n\t\t\n\n\t\t<div class=\"section-content relative\">\n\t\t\t\n\n<div class=\"row\"  id=\"row-852742873\">\n\n\n\t<div id=\"col-393090262\" class=\"col small-12 large-12\"  >\n\t\t\t\t<div class=\"col-inner\"  >\n\t\t\t\n\t\t\t\n\n<p>Il consiglio SSSC svolge i suoi compiti attraverso incontri settimanali online. Abbiamo due tipi di riunioni del Consiglio Regolare e Speciale. Come da statuto:<\/p>\n<ol>\n<li>Le riunioni ordinarie del Consiglio di fondazione si terranno almeno una volta ogni trimestre solare alla data, all&#8217;ora e nel luogo stabiliti dal Consiglio di fondazione con un preavviso di almeno quarantotto (48) ore o con un altro preavviso stabilito con delibera del Consiglio di fondazione.<\/li>\n<li>Riunioni speciali del Consiglio di fondazione possono essere convocate per qualsiasi scopo in qualsiasi momento dal Presidente della Societ\u00e0 o da tre (3) Amministratori con un preavviso di almeno quarantotto (48) ore o con un altro preavviso stabilito dalla risoluzione del Consiglio di fondazione.<\/li>\n<\/ol>\n<p>L&#8217;ordine del giorno della riunione \u00e8 inviato per la revisione da parte del consiglio prima della riunione. Ti consigliamo di leggere l&#8217;ordine del giorno e gli eventuali documenti allegati, in quanto ci\u00f2 ti aiuter\u00e0 ad essere informato per l&#8217;incontro e ti dar\u00e0 l&#8217;opportunit\u00e0 di partecipare pienamente.<\/p>\n\n\t\t<\/div>\n\t\t\t\t\t<\/div>\n\n\t\n\n\t<div id=\"col-232295477\" class=\"col small-12 large-12\"  >\n\t\t\t\t<div class=\"col-inner\"  >\n\t\t\t\n\t\t\t\n\n<h2>Registri delle riunioni<\/h2>\n<p>In ogni anno troverai tutte le riunioni che sono state tenute dal Consiglio di fondazione della SSSC. Tutti gli ordini del giorno delle riunioni regolari sono pubblicati l\u00ec. A partire dal 25 agosto 2021 sono disponibili anche tutte le mozioni e le votazioni delle Assemblee ordinarie.<\/p>\n<p>Fare clic sull&#8217;anno per visualizzare il registro delle riunioni per quel periodo.<\/p>\n\n\t\t<\/div>\n\t\t\t\t\t<\/div>\n\n\t\n\n\t<div id=\"col-1821079763\" class=\"col small-12 large-12\"  >\n\t\t\t\t<div class=\"col-inner\"  >\n\t\t\t\n\t\t\t\n\n<a href=\"https:\/\/ssscorp.org\/2016-regular-and-special-meetings\/\" target=\"_self\" class=\"button primary reveal-icon\"  >\n    <span>Riunioni 2016<\/span>\n  <i class=\"icon-angle-right\" ><\/i><\/a>\n\n\n<a href=\"https:\/\/ssscorp.org\/2017-regular-and-special-meetings\/\" target=\"_self\" class=\"button primary reveal-icon\"  >\n    <span>Riunioni 2017<\/span>\n  <i class=\"icon-angle-right\" ><\/i><\/a>\n\n\n<a href=\"https:\/\/ssscorp.org\/2018-regular-and-special-meetings\/\" target=\"_self\" class=\"button primary reveal-icon\"  >\n    <span>Riunioni 2018<\/span>\n  <i class=\"icon-angle-right\" ><\/i><\/a>\n\n\n<a href=\"https:\/\/ssscorp.org\/2019-regular-and-special-meetings\/\" target=\"_self\" class=\"button primary reveal-icon\"  >\n    <span>Riunioni 2019<\/span>\n  <i class=\"icon-angle-right\" ><\/i><\/a>\n\n\n<a href=\"https:\/\/ssscorp.org\/2020-regular-and-special-meetings\/\" target=\"_self\" class=\"button primary reveal-icon\"  >\n    <span>Riunioni 2020<\/span>\n  <i class=\"icon-angle-right\" ><\/i><\/a>\n\n\n<a href=\"https:\/\/ssscorp.org\/2021-regular-and-special-meetings\/\" target=\"_self\" class=\"button primary reveal-icon\"  >\n    <span>2021 incontri<\/span>\n  <i class=\"icon-angle-right\" ><\/i><\/a>\n\n\n<a href=\"https:\/\/ssscorp.org\/2022-regular-and-special-meetings\/\" target=\"_self\" class=\"button primary reveal-icon\"  >\n    <span>2022 incontri<\/span>\n  <i class=\"icon-angle-right\" ><\/i><\/a>\n\n\n\n\t\t<\/div>\n\t\t\t\t\t<\/div>\n\n\t\n\n<\/div>\n\n\t\t<\/div>\n\n\t\t\n<style>\n#section_1252581970 {\n  padding-top: 30px;\n  padding-bottom: 30px;\n}\n#section_1252581970 .ux-shape-divider--top svg {\n  height: 150px;\n  --divider-top-width: 100%;\n}\n#section_1252581970 .ux-shape-divider--bottom svg {\n  height: 150px;\n  --divider-width: 100%;\n}\n<\/style>\n\t<\/section>\n\t\n\n","protected":false},"excerpt":{"rendered":"","protected":false},"author":1,"featured_media":0,"parent":0,"menu_order":0,"comment_status":"closed","ping_status":"closed","template":"page-blank.php","meta":{"iawp_total_views":3,"footnotes":""},"class_list":["post-2056","page","type-page","status-publish","hentry"],"_links":{"self":[{"href":"https:\/\/ssscorp.org\/it\/wp-json\/wp\/v2\/pages\/2056","targetHints":{"allow":["GET"]}}],"collection":[{"href":"https:\/\/ssscorp.org\/it\/wp-json\/wp\/v2\/pages"}],"about":[{"href":"https:\/\/ssscorp.org\/it\/wp-json\/wp\/v2\/types\/page"}],"author":[{"embeddable":true,"href":"https:\/\/ssscorp.org\/it\/wp-json\/wp\/v2\/users\/1"}],"replies":[{"embeddable":true,"href":"https:\/\/ssscorp.org\/it\/wp-json\/wp\/v2\/comments?post=2056"}],"version-history":[{"count":1,"href":"https:\/\/ssscorp.org\/it\/wp-json\/wp\/v2\/pages\/2056\/revisions"}],"predecessor-version":[{"id":2067,"href":"https:\/\/ssscorp.org\/it\/wp-json\/wp\/v2\/pages\/2056\/revisions\/2067"}],"wp:attachment":[{"href":"https:\/\/ssscorp.org\/it\/wp-json\/wp\/v2\/media?parent=2056"}],"curies":[{"name":"wp","href":"https:\/\/api.w.org\/{rel}","templated":true}]}}