{"id":18700,"date":"2026-05-14T15:18:40","date_gmt":"2026-05-14T15:18:40","guid":{"rendered":"https:\/\/ssscorp.org\/nutrire-il-mondo-un-langar-alla-volta-2\/"},"modified":"2026-05-14T16:32:28","modified_gmt":"2026-05-14T16:32:28","slug":"nutrire-il-mondo-un-langar-alla-volta-2","status":"publish","type":"page","link":"https:\/\/ssscorp.org\/it\/nutrire-il-mondo-un-langar-alla-volta-2\/","title":{"rendered":"Soccorso per le inondazioni del Punjab"},"content":{"rendered":"\n\n\n<style>\n\n\n.seva-logo-section .row {\n  margin: 0 !important;\n}\n\n.row-large > .col {\n  padding: 0px;\n}\n\n.seva-map-section {\n  width: 100vw;\n  left: 50%;\n  transform: translateX(-50.00001%);\n}\n\n\n.row {\nmax-width: 840px;\n}\n\n.flood-relief-msg-box {\nwidth: 25em;\nmargin: 0 auto;\nborder-radius: 15px;\npadding: 15px;\nmargin-top: 30px;\n}\n\n@media (max-width: 500px) {\n.flood-relief-msg-box {\nwidth: 100%;\nmargin-top: 50px;\n}\n}\n\n.flood-relief-msg-box .message-box-bg-overlay {\nborder-radius: 15px;\n}\n\n.flood-relief-msg-box .col-inner {\npadding: 8px 8px !important;\n}\n\n.flood-relief-msg-box p {\nmargin: 10px 0;\n}\n\nh4.section-title b {\nopacity: 0;\n}\n\n\n.flood-relief-numbers-row .col-inner {\n  display: flex;\n  justify-content: center;\n  flex-direction: column;\n  align-items: center;\n}\n.flood-relief-numbers-row .col-inner p {\n margin: 10px 0;\n}\n\n.flood-relief-pull-quote {\npadding: 1em 3em;\n}\n\n@media (max-width: 500px) {\n.flood-relief-pull-quote {\npadding: 1em;\n}\n\n}\n\n@media (max-width: 549px) {\n.seva-map-section .col-inner {\n padding-top: 10px !important;\n padding-bottom: 10px !important;\n}\n.seva-map-section-last {\n margin-top: -1em;\n  margin-bottom: 1em;\n}\n}\n<\/style>\n\n\t<section class=\"section\" id=\"section_1285778897\">\n\t\t<div class=\"bg section-bg fill bg-fill  bg-loaded\" >\n\n\t\t\t\n\t\t\t\n\t\t\t\n\n\t\t<\/div>\n\n\t\t\n\n\t\t<div class=\"section-content relative\">\n\t\t\t\n\n<div class=\"row align-middle align-center\"  id=\"row-991764470\">\n\n\n\t<div id=\"col-60116\" class=\"col small-12 large-12\"  >\n\t\t\t\t<div class=\"col-inner text-center\"  >\n\t\t\t\n\t\t\t\n\n<div class=\"container section-title-container\" ><h4 class=\"section-title section-title-center\"><b><\/b><span class=\"section-title-main\" style=\"font-size:91%;\">Seva in azione - Soccorso umanitario<\/span><b><\/b><\/h4><\/div>\n\n<div class=\"container section-title-container\" ><h1 class=\"section-title section-title-center\"><b><\/b><span class=\"section-title-main\" style=\"font-size:105%;\">Soccorso per le inondazioni del Punjab<\/span><b><\/b><\/h1><\/div>\n\n<p style=\"text-align: left;\">Quando le devastanti inondazioni hanno fatto sfollare centinaia di famiglie in tutto il Punjab, in India, il sangat ha risposto con rapidit\u00e0, attenzione e impegno costante, dimostrando l&#8217;aspetto del seva quando le comunit\u00e0 agiscono insieme.<\/p>\n<p>Un&#8217;iniziativa congiunta di <strong>SSSC &#8211; Miri Piri Academy &#8211; Raj Khalsa Gurdwara<\/strong><\/p>\n\n\t\t<\/div>\n\t\t\t\t\t<\/div>\n\n\t\n\n<\/div>\n\n\t\t<\/div>\n\n\t\t\n<style>\n#section_1285778897 {\n  padding-top: 0px;\n  padding-bottom: 0px;\n}\n#section_1285778897 .ux-shape-divider--top svg {\n  height: 150px;\n  --divider-top-width: 100%;\n}\n#section_1285778897 .ux-shape-divider--bottom svg {\n  height: 150px;\n  --divider-width: 100%;\n}\n<\/style>\n\t<\/section>\n\t\n\t<section class=\"section seva-map-section\" id=\"section_1554546285\">\n\t\t<div class=\"bg section-bg fill bg-fill  bg-loaded\" >\n\n\t\t\t\n\t\t\t\n\t\t\t\n\n\t\t<\/div>\n\n\t\t\n\n\t\t<div class=\"section-content relative\">\n\t\t\t\n\n<div class=\"row row-collapse align-middle align-center\"  id=\"row-243841879\">\n\n\n\t<div id=\"col-1729798970\" class=\"col medium-4 small-12 large-4\"  >\n\t\t\t\t<div class=\"col-inner text-center\"  >\n\t\t\t\n\t\t\t\n\n\n\n<div style=\"color: white; font-size: 2rem; font-weight: bold; text-align: center\" id=\"sssc-map-first-column\">\n100\n<\/div>\n<div style=\"color: white; font-size: 1; text-align: center\">famiglie raggiunte con aiuti immediati<\/div>\n<div style=\"color: white; font-size: 1rem; text-align: center; margin-top: 5px;\">&nbsp;<\/div>\n\n<style>\n@media (max-width: 549px) {\n  #sssc-map-first-column {\n    margin-top: 10px;\n  }\n}\n<\/style>\n\n\n\t\t<\/div>\n\t\t\t\t\n<style>\n#col-1729798970 > .col-inner {\n  padding: 0 0px 0px 0px;\n  margin: 0 0px 0px 0px;\n}\n<\/style>\n\t<\/div>\n\n\t\n\n\t<div id=\"col-322628993\" class=\"col medium-4 small-12 large-4\"  >\n\t\t\t\t<div class=\"col-inner text-center\"  >\n\t\t\t\n\t\t\t\n\n\n\n<div style=\"color: white; font-size: 2rem; font-weight: bold; text-align: center\">808<\/div>\n<div style=\"color: white; font-size: 1; text-align: center\">kit di lenzuola e coperte consegnate<\/div>\n<div style=\"color: white; font-size: 1rem; text-align: center; margin-top: 5px;\">&nbsp;<\/div>\n\n\n\t\t<\/div>\n\t\t\t\t\n<style>\n#col-322628993 > .col-inner {\n  padding: 0 0px 0px 0px;\n  margin: 0 0px 0px 0px;\n}\n<\/style>\n\t<\/div>\n\n\t\n\n\t<div id=\"col-227177792\" class=\"col medium-4 small-12 large-4\"  >\n\t\t\t\t<div class=\"col-inner text-center\"  >\n\t\t\t\n\t\t\t\n\n\n\n<div class=\"seva-map-section-last\"><div style=\"color: white; font-size: 2rem; font-weight: bold; text-align: center\">1<\/div>\n<div style=\"color: white; font-size: 1rem; text-align: center\">ricostruzione della casa in corso<\/div>\n<div style=\"background: white; color: rgb(33, 0, 112); font-size: 1rem; text-align: center; margin: 5px auto; width: 5.5rem\">IN CORSO<\/div><\/div>\n\n\n\t\t<\/div>\n\t\t\t\t\n<style>\n#col-227177792 > .col-inner {\n  padding: 0 0px 0px 0px;\n  margin: 0 0px 0px 0px;\n}\n<\/style>\n\t<\/div>\n\n\t\n\n\n<style>\n#row-243841879 > .col > .col-inner {\n  padding: 30px 0px 30px 0px;\n}\n<\/style>\n<\/div>\n\n\t\t<\/div>\n\n\t\t\n<style>\n#section_1554546285 {\n  padding-top: 8px;\n  padding-bottom: 8px;\n  background-color: rgb(33, 0, 112);\n}\n#section_1554546285 .ux-shape-divider--top svg {\n  height: 150px;\n  --divider-top-width: 100%;\n}\n#section_1554546285 .ux-shape-divider--bottom svg {\n  height: 150px;\n  --divider-width: 100%;\n}\n<\/style>\n\t<\/section>\n\t\n\t<div id=\"gap-2145672927\" class=\"gap-element clearfix\" style=\"display:block; height:auto;\">\n\t\t\n<style>\n#gap-2145672927 {\n  padding-top: 50px;\n}\n<\/style>\n\t<\/div>\n\t\n\n\t<section class=\"section\" id=\"section_970687024\">\n\t\t<div class=\"bg section-bg fill bg-fill  bg-loaded\" >\n\n\t\t\t\n\t\t\t\n\t\t\t\n\n\t\t<\/div>\n\n\t\t\n\n\t\t<div class=\"section-content relative\">\n\t\t\t\n\n<div class=\"row\"  id=\"row-583225307\">\n\n\n\t<div id=\"col-1577756809\" class=\"col small-12 large-12\"  >\n\t\t\t\t<div class=\"col-inner\"  >\n\t\t\t\n\t\t\t\n\n\t<div id=\"text-1948737917\" class=\"text seva-text-section\">\n\t\t\n\n<h3 style=\"text-align: center; margin-bottom: 1.5em;\">La risposta<\/h3>\n<p class=\"gmail-font-claude-response-body gmail-break-words gmail-whitespace-normal gmail-leading-&#091;1.7&#093;\" style=\"text-align: left;\">Quando il Punjab \u00e8 stato colpito da una grave alluvione, centinaia di famiglie sono rimaste senza riparo, biancheria da letto o beni di prima necessit\u00e0. La SSSC, in collaborazione con la Miri Piri Academy e il Raj Khalsa Gurdwara, ha mobilitato rapidamente le risorse, dando priorit\u00e0 alle famiglie delle aree pi\u00f9 colpite e assicurandosi che i soccorsi raggiungessero coloro che avevano meno possibilit\u00e0 di recupero. <\/p>\n<p class=\"gmail-font-claude-response-body gmail-break-words gmail-whitespace-normal gmail-leading-&#091;1.7&#093;\" style=\"text-align: left;\">Sono stati raccolti fondi e distribuiti aiuti immediati, con un&#8217;attenzione particolare alla dignit\u00e0: sono stati assemblati kit completi di biancheria da letto e consegnati alle famiglie come un pacchetto unico.<\/p>\n\n\t\t\n<style>\n#text-1948737917 {\n  text-align: center;\n}\n<\/style>\n\t<\/div>\n\t\n\n\t\t<\/div>\n\t\t\t\t\t<\/div>\n\n\t\n\n<\/div>\n\n\t\t<\/div>\n\n\t\t\n<style>\n#section_970687024 {\n  padding-top: 0px;\n  padding-bottom: 0px;\n}\n#section_970687024 .ux-shape-divider--top svg {\n  height: 150px;\n  --divider-top-width: 100%;\n}\n#section_970687024 .ux-shape-divider--bottom svg {\n  height: 150px;\n  --divider-width: 100%;\n}\n<\/style>\n\t<\/section>\n\t\n\t<section class=\"section\" id=\"section_2067892327\">\n\t\t<div class=\"bg section-bg fill bg-fill  bg-loaded\" >\n\n\t\t\t\n\t\t\t\n\t\t\t\n\n\t\t<\/div>\n\n\t\t\n\n\t\t<div class=\"section-content relative\">\n\t\t\t\n\n<h3 style=\"text-align: center; margin-bottom: 1.5em;\">L&#8217;impatto con i numeri<\/h3>\n\n<div class=\"row align-equal flood-relief-numbers-row\"  id=\"row-1549359157\">\n\n\n\t<div id=\"col-1052063922\" class=\"col medium-6 small-12 large-6\"  >\n\t\t\t\t<div class=\"col-inner\" style=\"background-color:rgb(239, 239, 239);\" >\n\t\t\t\n\t\t\t\n\n<p style=\"text-align: center;\"><strong>100 famiglie<\/strong><\/p>\n<p style=\"text-align: center;\">sostenuti con aiuti immediati per le inondazioni<\/p>\n\n\t\t<\/div>\n\t\t\t\t\n<style>\n#col-1052063922 > .col-inner {\n  padding: 15px 15px 15px 15px;\n  border-radius: 20px;\n}\n<\/style>\n\t<\/div>\n\n\t\n\n\t<div id=\"col-1509466065\" class=\"col medium-6 small-12 large-6\"  >\n\t\t\t\t<div class=\"col-inner\" style=\"background-color:rgb(239, 239, 239);\" >\n\t\t\t\n\t\t\t\n\n<p style=\"text-align: center;\"><strong>300 kit di biancheria da letto<\/strong><\/p>\n<p style=\"text-align: center;\">kit completi consegnati alle famiglie sfollate<\/p>\n\n\t\t<\/div>\n\t\t\t\t\n<style>\n#col-1509466065 > .col-inner {\n  padding: 15px 15px 15px 15px;\n  border-radius: 20px;\n}\n<\/style>\n\t<\/div>\n\n\t\n\n<\/div>\n<div class=\"row align-equal align-center flood-relief-numbers-row\"  id=\"row-2021995437\">\n\n\n\t<div id=\"col-679022501\" class=\"col medium-6 small-12 large-6\"  >\n\t\t\t\t<div class=\"col-inner\" style=\"background-color:rgb(239, 239, 239);\" >\n\t\t\t\n\t\t\t\n\n<p style=\"text-align: center;\"><strong>508 coperte<\/strong><\/p>\n<p style=\"text-align: center;\">ulteriori coperte che raggiungono le famiglie nelle aree pi\u00f9 colpite<\/p>\n\n\t\t<\/div>\n\t\t\t\t\n<style>\n#col-679022501 > .col-inner {\n  padding: 15px 15px 15px 15px;\n  border-radius: 20px;\n}\n<\/style>\n\t<\/div>\n\n\t\n\n\t<div id=\"col-940295822\" class=\"col medium-6 small-12 large-6\"  >\n\t\t\t\t<div class=\"col-inner\" style=\"background-color:rgb(239, 239, 239);\" >\n\t\t\t\n\t\t\t\n\n<p style=\"text-align: center;\"><strong>1 ricostruzione di una casa In corso per una vedova che ha perso la sua casa<\/strong><\/p>\n<p style=\"text-align: center;\">un impegno per il recupero a lungo termine, non solo per il sollievo immediato<\/p>\n\n\t\t<\/div>\n\t\t\t\t\n<style>\n#col-940295822 > .col-inner {\n  padding: 15px 15px 15px 15px;\n  border-radius: 20px;\n}\n<\/style>\n\t<\/div>\n\n\t\n\n<\/div>\n<div class=\"row\"  id=\"row-1469416399\">\n\n\n\t<div id=\"col-417996573\" class=\"col small-12 large-12\"  >\n\t\t\t\t<div class=\"col-inner\"  >\n\t\t\t\n\t\t\t\n\n<p style=\"text-align: center;\"><em>Tutti i soccorsi sono stati effettuati in collaborazione con la Miri Piri Academy e il Raj Khalsa Gurdwara.<\/em><\/p>\n\n\t\t<\/div>\n\t\t\t\t\t<\/div>\n\n\t\n\n<\/div>\n\n\t\t<\/div>\n\n\t\t\n<style>\n#section_2067892327 {\n  padding-top: 0px;\n  padding-bottom: 0px;\n}\n#section_2067892327 .ux-shape-divider--top svg {\n  height: 150px;\n  --divider-top-width: 100%;\n}\n#section_2067892327 .ux-shape-divider--bottom svg {\n  height: 150px;\n  --divider-width: 100%;\n}\n<\/style>\n\t<\/section>\n\t\n\t<section class=\"section\" id=\"section_454629218\">\n\t\t<div class=\"bg section-bg fill bg-fill  bg-loaded\" >\n\n\t\t\t\n\t\t\t\n\t\t\t\n\n\t\t<\/div>\n\n\t\t\n\n\t\t<div class=\"section-content relative\">\n\t\t\t\n\n<div class=\"row\"  id=\"row-2034924109\">\n\n\n\t<div id=\"col-2103362810\" class=\"col small-12 large-12\"  >\n\t\t\t\t<div class=\"col-inner\"  >\n\t\t\t\n\t\t\t\n\n<h3 style=\"text-align: center;\">Una storia di Seva<\/h3>\n<p class=\"flood-relief-pull-quote\"><strong><em>Tra le persone raggiunte c&#8217;era anche una vedova che aveva perso interamente la sua casa a causa delle inondazioni. La ricostruzione in corso ci ricorda che il seva non \u00e8 solo una risposta immediata, ma anche la necessit\u00e0 di essere presenti per coloro che hanno pi\u00f9 bisogno di noi. <\/em><\/strong><\/p>\n<p>Questa iniziativa riflette ci\u00f2 che \u00e8 possibile fare quando il sangat agisce in modo unitario. La collaborazione tra la SSSC, l&#8217;MPA e il Raj Khalsa Gurdwara ha dimostrato come le risorse istituzionali e le relazioni comunitarie, gi\u00e0 esistenti, possano essere utilizzate in modo rapido e attento. <\/p>\n\n\n\t\t<\/div>\n\t\t\t\t\t<\/div>\n\n\t\n\n<\/div>\n\n\t\t<\/div>\n\n\t\t\n<style>\n#section_454629218 {\n  padding-top: 0px;\n  padding-bottom: 0px;\n}\n#section_454629218 .ux-shape-divider--top svg {\n  height: 150px;\n  --divider-top-width: 100%;\n}\n#section_454629218 .ux-shape-divider--bottom svg {\n  height: 150px;\n  --divider-width: 100%;\n}\n<\/style>\n\t<\/section>\n\t\n\t<section class=\"section\" id=\"section_607214455\">\n\t\t<div class=\"bg section-bg fill bg-fill  bg-loaded\" >\n\n\t\t\t\n\t\t\t\n\t\t\t\n\n\t\t<\/div>\n\n\t\t\n\n\t\t<div class=\"section-content relative\">\n\t\t\t\n\n<div class=\"row\"  id=\"row-2071419025\">\n\n\n\t<div id=\"col-664710527\" class=\"col small-12 large-12\"  >\n\t\t\t\t<div class=\"col-inner\"  >\n\t\t\t\n\t\t\t\n\n<h3 style=\"text-align: center; margin-bottom: 1.5em;\"><strong>Parte di un impegno crescente<\/strong><\/h3>\n<p>Il Punjab Flood Relief fa parte del pi\u00f9 ampio lavoro di seva della SSSC, che comprende azioni ambientali, servizi alimentari e risposte umanitarie in tutto il sangat globale. Nei prossimi quattro anni, la SSSC sta lavorando per creare Seva Hubs in 30 paesi, costruendo l&#8217;infrastruttura per questo tipo di risposta rapida e radicata a livello locale, ovunque viva la comunit\u00e0. <\/p>\n\n<div class=\"message-box relative flood-relief-msg-box dark\" style=\"padding-top:12px;padding-bottom:12px;\"><div class=\"message-box-bg-image bg-fill fill\" ><\/div><div class=\"message-box-bg-overlay bg-fill fill\" style=\"background-color:rgb(33, 0, 112);\"><\/div><div class=\"container relative\"><div class=\"inner last-reset\">\n\n<div class=\"row align-middle align-center\"  id=\"row-319725482\">\n\n\n\t<div id=\"col-471318823\" class=\"col small-12 large-12\"  >\n\t\t\t\t<div class=\"col-inner\"  >\n\t\t\t\n\t\t\t\n\n\t<div id=\"text-941149749\" class=\"text\">\n\t\t\n\n<p style=\"font-weight: bold;\">ATTUALI CENTRI DI SEVA:<\/p>\n<p><strong>India (Accademia Miri Piri) &#8211; Stati Uniti  <\/strong><\/p>\n<p style=\"font-size: 0.88em\">con l&#8217;obiettivo di raggiungere 30 hub in 30 paesi entro il 2029.<\/p>\n\n\t\t\n<style>\n#text-941149749 {\n  text-align: center;\n}\n<\/style>\n\t<\/div>\n\t\n\n\t\t<\/div>\n\t\t\t\t\n<style>\n#col-471318823 > .col-inner {\n  padding: 0 0px 0px 0px;\n  margin: 0 0px 0px 0px;\n}\n<\/style>\n\t<\/div>\n\n\t\n\n\n<style>\n#row-319725482 > .col > .col-inner {\n  padding: 30px 30px 30px 30px;\n}\n<\/style>\n<\/div>\n\n<\/div><\/div><\/div>\n\n\t\t<\/div>\n\t\t\t\t\t<\/div>\n\n\t\n\n<\/div>\n\n\t\t<\/div>\n\n\t\t\n<style>\n#section_607214455 {\n  padding-top: 0px;\n  padding-bottom: 0px;\n}\n#section_607214455 .ux-shape-divider--top svg {\n  height: 150px;\n  --divider-top-width: 100%;\n}\n#section_607214455 .ux-shape-divider--bottom svg {\n  height: 150px;\n  --divider-width: 100%;\n}\n<\/style>\n\t<\/section>\n\t\n\n","protected":false},"excerpt":{"rendered":"","protected":false},"author":1,"featured_media":0,"parent":0,"menu_order":0,"comment_status":"closed","ping_status":"closed","template":"","meta":{"iawp_total_views":1,"footnotes":""},"class_list":["post-18700","page","type-page","status-publish","hentry"],"_links":{"self":[{"href":"https:\/\/ssscorp.org\/it\/wp-json\/wp\/v2\/pages\/18700","targetHints":{"allow":["GET"]}}],"collection":[{"href":"https:\/\/ssscorp.org\/it\/wp-json\/wp\/v2\/pages"}],"about":[{"href":"https:\/\/ssscorp.org\/it\/wp-json\/wp\/v2\/types\/page"}],"author":[{"embeddable":true,"href":"https:\/\/ssscorp.org\/it\/wp-json\/wp\/v2\/users\/1"}],"replies":[{"embeddable":true,"href":"https:\/\/ssscorp.org\/it\/wp-json\/wp\/v2\/comments?post=18700"}],"version-history":[{"count":50,"href":"https:\/\/ssscorp.org\/it\/wp-json\/wp\/v2\/pages\/18700\/revisions"}],"predecessor-version":[{"id":19076,"href":"https:\/\/ssscorp.org\/it\/wp-json\/wp\/v2\/pages\/18700\/revisions\/19076"}],"wp:attachment":[{"href":"https:\/\/ssscorp.org\/it\/wp-json\/wp\/v2\/media?parent=18700"}],"curies":[{"name":"wp","href":"https:\/\/api.w.org\/{rel}","templated":true}]}}