{"id":17000,"date":"2026-01-22T13:06:10","date_gmt":"2026-01-22T13:06:10","guid":{"rendered":"https:\/\/ssscorp.org\/giornata-globale-di-seva\/"},"modified":"2026-02-02T18:11:06","modified_gmt":"2026-02-02T18:11:06","slug":"giornata-globale-di-seva","status":"publish","type":"page","link":"https:\/\/ssscorp.org\/it\/giornata-globale-di-seva\/","title":{"rendered":"Giornata globale di Seva"},"content":{"rendered":"\n\n\n<style>\n\n\n.img-inner {\n  \/*border: 0px solid #b7ccb2;\n  border-bottom-width: 3px;*\/\n  padding: 10px\n}\n\n.seva-logo-section, .seva-logo-section .img-inner, .seva-logo-section .col {\n  padding: 0 !important;\n}\n\n.seva-logo-section .row {\n  margin: 0 !important;\n}\n\n.row-large &gt; .col {\n  padding: 0px;\n}\n\n.seva-logo-section {\n  margin-top: -10% !important;\n  margin-bottom: -10% !important;\n  z-index: 20;\n}\n\n.seva-logo-section .col {\n  padding-bottom: 0;\n}\n\n@media screen and (max-width: 549px) {\n\n .seva-top-logo-wrap {\n   text-align: center !important;\n  }\n  \n  .seva-top-logo {\n    margin-left: auto !important;\n    margin-right: auto !important;\n  }\n\n}\n\n.seva-top-logo {\n \/*opacity: 0.7;*\/\n}\n\n.seva-top-logo .img-inner {\n  border: none !important;\n  box-shadow: none !important;\n}\n\n<\/style>\n\n\t<section class=\"section\" id=\"section_1289781344\">\n\t\t<div class=\"bg section-bg fill bg-fill  bg-loaded\" >\n\n\t\t\t\n\t\t\t\n\t\t\t\n\n\t\t<\/div>\n\n\t\t\n\n\t\t<div class=\"section-content relative\">\n\t\t\t\n\n<div class=\"row row-collapse align-middle align-center\"  id=\"row-100809203\">\n\n\n\t<div id=\"col-1044445840\" class=\"col seva-top-logo-wrap medium-6 small-12 large-6\"  >\n\t\t\t\t<div class=\"col-inner text-right\"  >\n\t\t\t\n\t\t\t\n\n\t<div class=\"img has-hover seva-top-logo x md-x lg-x y md-y lg-y\" id=\"image_1483187567\">\n\t\t\t\t\t\t\t\t<div class=\"img-inner box-shadow-2 dark\" style=\"margin:0px 0 0px 0px;\">\n\t\t\t<img fetchpriority=\"high\" decoding=\"async\" width=\"720\" height=\"516\" src=\"https:\/\/ssscorp.org\/wp-content\/uploads\/2026\/01\/LOGO-seva-cr.png\" class=\"attachment-large size-large\" alt=\"\" srcset=\"https:\/\/ssscorp.org\/wp-content\/uploads\/2026\/01\/LOGO-seva-cr.png 720w, https:\/\/ssscorp.org\/wp-content\/uploads\/2026\/01\/LOGO-seva-cr-300x215.png 300w\" sizes=\"(max-width: 720px) 100vw, 720px\" \/>\t\t\t\t\t\t\n\t\t\t\t\t<\/div>\n\t\t\t\t\t\t\t\t\n<style>\n#image_1483187567 {\n  width: 73%;\n}\n<\/style>\n\t<\/div>\n\t\n\n\n\t\t<\/div>\n\t\t\t\t\n<style>\n#col-1044445840 > .col-inner {\n  padding: 0 0px 0px 0px;\n  margin: 0 0px 0px 0px;\n}\n<\/style>\n\t<\/div>\n\n\t\n\n\t<div id=\"col-563667209\" class=\"col seva-top-logo-wrap medium-6 small-12 large-6\"  >\n\t\t\t\t<div class=\"col-inner text-left\"  >\n\t\t\t\n\t\t\t\n\n\t<div class=\"img has-hover seva-top-logo x md-x lg-x y md-y lg-y\" id=\"image_296078870\">\n\t\t\t\t\t\t\t\t<div class=\"img-inner box-shadow-2 dark\" >\n\t\t\t<img decoding=\"async\" width=\"800\" height=\"516\" src=\"https:\/\/ssscorp.org\/wp-content\/uploads\/2026\/01\/feeding-the-world-logo-e1769086802138.png\" class=\"attachment-large size-large\" alt=\"\" \/>\t\t\t\t\t\t\n\t\t\t\t\t<\/div>\n\t\t\t\t\t\t\t\t\n<style>\n#image_296078870 {\n  width: 82%;\n}\n<\/style>\n\t<\/div>\n\t\n\n\n\t\t<\/div>\n\t\t\t\t\n<style>\n#col-563667209 > .col-inner {\n  padding: 0 0px 0px 0px;\n  margin: 0 0px 0px 0px;\n}\n<\/style>\n\t<\/div>\n\n\t\n\n\n<style>\n#row-100809203 > .col > .col-inner {\n  padding: 0 0px 0px 0px;\n}\n<\/style>\n<\/div>\n\n\t\t<\/div>\n\n\t\t\n<style>\n#section_1289781344 {\n  padding-top: 0px;\n  padding-bottom: 0px;\n}\n#section_1289781344 .ux-shape-divider--top svg {\n  height: 150px;\n  --divider-top-width: 100%;\n}\n#section_1289781344 .ux-shape-divider--bottom svg {\n  height: 150px;\n  --divider-width: 100%;\n}\n<\/style>\n\t<\/section>\n\t\n\t<div id=\"gap-705070357\" class=\"gap-element clearfix\" style=\"display:block; height:auto;\">\n\t\t\n<style>\n#gap-705070357 {\n  padding-top: 30px;\n}\n<\/style>\n\t<\/div>\n\t\n\n  <div id=\"page-header-1935533588\" class=\"page-header-wrapper\">\n  <div class=\"page-title seva-header light simple-title\">\n\n    \n    <div class=\"page-title-inner container align-center text-center flex-row-col medium-flex-wrap\" >\n              <div class=\"title-wrapper is-large flex-col\">\n          <h1 class=\"entry-title mb-0\">\n            Giornata globale di Seva          <\/h1>\n        <\/div>\n                    <div class=\"title-content flex-col\">\n        <div class=\"title-breadcrumbs pb-half pt-half\"><\/div>      <\/div>\n    <\/div>\n\n       <\/div>\n    <\/div>\n  \n\n\t<div id=\"text-1643131724\" class=\"text seva-text-section\">\n\t\t\n\n<p dir=\"ltr\" style=\"text-align: center;\"><strong>Una Giornata Globale di Compassione, Servizio ed Elevazione<\/strong><br><br><\/p>\n<h2 dir=\"ltr\" style=\"text-align: left;\"><strong>Cos&#8217;\u00e8 il Global Day of Seva?<\/strong><\/h2>\n<p dir=\"ltr\" style=\"text-align: left;\">La <strong>Giornata Globale del Seva<\/strong> \u00e8 un invito mondiale a mettere in pratica i nostri valori spirituali attraverso il <strong>servizio disinteressato (seva)<\/strong>. In questa giornata, individui, famiglie, gurdwaras e comunit\u00e0 di tutto il mondo si uniscono per servire, sollevare i bisognosi e rafforzare legami locali compassionevoli ed equi. <\/p>\n<p dir=\"ltr\" style=\"text-align: left;\">Il nostro scopo \u00e8 semplice e potente: unirci <strong>per un&#8217;intenzione comune &#8211; il servizio &#8211; e<\/strong>scegliere progetti seva che possano avere un impatto significativo e misurabile nelle comunit\u00e0 di tutto il mondo.<\/p>\n<p dir=\"ltr\" style=\"text-align: left;\">Questa giornata \u00e8 dedicata a tante mani, un solo cuore.<\/p>\n<p style=\"text-align: left;\"> <\/p>\n<h2 dir=\"ltr\" style=\"text-align: left;\"><strong>I nostri temi globali<\/strong><\/h2>\n<p dir=\"ltr\" style=\"text-align: left;\">Ogni anno, il Global Day of Seva mette in evidenza un tema unificante che riflette i nostri valori comuni e i bisogni del mondo.<\/p>\n<h3 dir=\"ltr\" style=\"text-align: left;\">Tema del 2025: Seva il pianeta<\/h3>\n<p dir=\"ltr\" style=\"text-align: left;\"><a href=\"https:\/\/ssscorp.org\/it\/il-progetto-seva-globale\/\" target=\"_blank\" rel=\"noopener\">&gt;  LEGGI QUI<\/a><\/p>\n<p dir=\"ltr\" style=\"text-align: left;\">Nel 2025, le comunit\u00e0 di tutto il mondo si sono concentrate sulla cura della Terra attraverso atti di servizio che onorano la sostenibilit\u00e0, la gestione dell&#8217;ambiente e la nostra responsabilit\u00e0 verso le generazioni future.<\/p>\n<h3 dir=\"ltr\" style=\"text-align: left;\">Tema 2026: Nutrire il mondo, un Langar alla volta<\/h3>\n<p dir=\"ltr\" style=\"text-align: left;\"><a href=\"https:\/\/ssscorp.org\/it\/nutrire-il-mondo-un-langar-alla-volta\/\" target=\"_blank\" rel=\"noopener\">&gt;  LEGGI QUI<\/a><\/p>\n<p dir=\"ltr\" style=\"text-align: left;\">Nel 2026, il Global Day of Seva \u00e8 incentrato sul <strong>langar, la<\/strong>sacra tradizione di condividere il cibo come espressione di uguaglianza, compassione e comunit\u00e0.<\/p>\n<p dir=\"ltr\" style=\"text-align: left;\">Insieme, ci impegniamo a <strong>nutrire il mondo, un langar alla volta<\/strong>.<\/p>\n<p style=\"text-align: left;\"> <\/p>\n<h2 dir=\"ltr\" style=\"text-align: left;\"><strong>Il nostro scopo comune<\/strong><\/h2>\n<p dir=\"ltr\" style=\"text-align: left;\">Il Global Day of Seva \u00e8 stato creato grazie alla collaborazione della comunit\u00e0 e alla visione collettiva. Il suo scopo \u00e8 quello di: <\/p>\n<ul style=\"text-align: left;\">\n<li dir=\"ltr\">\n<p dir=\"ltr\">Riunire le comunit\u00e0 intorno a un&#8217;intenzione comune<\/p>\n<\/li>\n<li dir=\"ltr\">\n<p dir=\"ltr\">Offrire modi accessibili alle persone per restituire attraverso il servizio<\/p>\n<\/li>\n<li dir=\"ltr\">\n<p dir=\"ltr\">Rafforzare la connessione attraverso l&#8217;azione collettiva<\/p>\n<\/li>\n<li dir=\"ltr\">\n<p dir=\"ltr\">Esplorare modi significativi per comprendere e misurare l&#8217;impatto sociale nelle nostre comunit\u00e0<\/p>\n<\/li>\n<\/ul>\n<p dir=\"ltr\" style=\"text-align: left;\">Insieme, trasformiamo i valori in azioni e il servizio in un&#8217;espressione globale di unit\u00e0.<\/p>\n\t\t\n<style>\n#text-1643131724 {\n  text-align: center;\n}\n<\/style>\n\t<\/div>\n\t\n<p> <\/p>\n<p> <\/p>\n\n","protected":false},"excerpt":{"rendered":"","protected":false},"author":1,"featured_media":0,"parent":0,"menu_order":0,"comment_status":"closed","ping_status":"closed","template":"","meta":{"iawp_total_views":0,"footnotes":""},"class_list":["post-17000","page","type-page","status-publish","hentry"],"_links":{"self":[{"href":"https:\/\/ssscorp.org\/it\/wp-json\/wp\/v2\/pages\/17000","targetHints":{"allow":["GET"]}}],"collection":[{"href":"https:\/\/ssscorp.org\/it\/wp-json\/wp\/v2\/pages"}],"about":[{"href":"https:\/\/ssscorp.org\/it\/wp-json\/wp\/v2\/types\/page"}],"author":[{"embeddable":true,"href":"https:\/\/ssscorp.org\/it\/wp-json\/wp\/v2\/users\/1"}],"replies":[{"embeddable":true,"href":"https:\/\/ssscorp.org\/it\/wp-json\/wp\/v2\/comments?post=17000"}],"version-history":[{"count":30,"href":"https:\/\/ssscorp.org\/it\/wp-json\/wp\/v2\/pages\/17000\/revisions"}],"predecessor-version":[{"id":17202,"href":"https:\/\/ssscorp.org\/it\/wp-json\/wp\/v2\/pages\/17000\/revisions\/17202"}],"wp:attachment":[{"href":"https:\/\/ssscorp.org\/it\/wp-json\/wp\/v2\/media?parent=17000"}],"curies":[{"name":"wp","href":"https:\/\/api.w.org\/{rel}","templated":true}]}}