{"id":14371,"date":"2025-08-20T20:11:39","date_gmt":"2025-08-20T20:11:39","guid":{"rendered":"https:\/\/ssscorp.org\/lesperienza-di-servizio-del-consiglio-di-amministrazione-di-legacy-nonprofit\/"},"modified":"2025-08-20T20:41:45","modified_gmt":"2025-08-20T20:41:45","slug":"lesperienza-di-servizio-del-consiglio-di-amministrazione-di-legacy-nonprofit","status":"publish","type":"page","link":"https:\/\/ssscorp.org\/it\/lesperienza-di-servizio-del-consiglio-di-amministrazione-di-legacy-nonprofit\/","title":{"rendered":"L&#8217;esperienza di servizio del consiglio di amministrazione di Legacy Nonprofit"},"content":{"rendered":"\n<h2 class=\"wp-block-heading\">L&#8217;esperienza di servizio del consiglio di amministrazione di Legacy Nonprofit<\/h2>\n\n<p>Far parte di uno dei nostri consigli di amministrazione non profit \u00e8 un modo significativo per contribuire con le tue capacit\u00e0, la tua visione e la tua devozione al servizio della nostra Dharma e della comunit\u00e0 globale. I membri del Consiglio hanno il compito di guidare la missione, assicurare una buona governance e sostenere la vitalit\u00e0 delle organizzazioni che servono. <\/p>\n\n<h3 class=\"wp-block-heading\"><strong>Scopo del servizio del Consiglio<\/strong><\/h3>\n\n<p><strong>I nostri consigli di amministrazione non profit:<\/strong><\/p>\n\n<ul class=\"wp-block-list\">\n<li>Fornire la direzione strategica e la supervisione della propria organizzazione.<br\/><\/li>\n\n\n\n<li>Sostenere la missione, i valori e l&#8217;eredit\u00e0 del Siri Singh Sahib.<br\/><\/li>\n\n\n\n<li>Salvaguardare le risorse e garantire la responsabilit\u00e0 nei confronti del sangat e degli stakeholder.<br\/><\/li>\n\n\n\n<li>Costruire l&#8217;unit\u00e0 e promuovere una cultura di servizio, trasparenza e fiducia.<br\/><\/li>\n<\/ul>\n\n<h3 class=\"wp-block-heading\"><strong>Cosa significa servire<\/strong><\/h3>\n\n<p>Il servizio nel Consiglio \u00e8 un&#8217;opportunit\u00e0 per servire con dedizione e scopo. I membri possono aspettarsi di: <\/p>\n\n<ul class=\"wp-block-list\">\n<li><strong>Guidare con intenzione<\/strong> &#8211; Prendere decisioni che facciano progredire la missione e servano i bisogni del sangat.<br\/><\/li>\n\n\n\n<li><strong>Collaborare con integrit\u00e0<\/strong> &#8211; Lavorare a fianco di altri membri dedicati che apportano prospettive e competenze diverse.<br\/><\/li>\n\n\n\n<li><strong>Crescere nel servizio<\/strong> &#8211; Espandi le tue competenze in materia di governance, leadership e gestione organizzativa.<br\/><\/li>\n\n\n\n<li><strong>Rafforzare la nostra eredit\u00e0<\/strong> &#8211; Sostenere i programmi e le iniziative che elevano e ispirano le comunit\u00e0 di tutto il mondo.<br\/><\/li>\n<\/ul>\n\n<h3 class=\"wp-block-heading\"><strong>Impegno e aspettative<\/strong><\/h3>\n\n<ul class=\"wp-block-list\">\n<li><strong>Durata del servizio:<\/strong> La maggior parte dei mandati dei consigli di amministrazione delle organizzazioni non profit \u00e8 di 2 anni con possibilit\u00e0 di rinnovo.<br\/><\/li>\n\n\n\n<li><strong>Impegno di tempo:<\/strong> L&#8217;impegno di tempo mensile per le riunioni, il lavoro delle commissioni e la preparazione varia. Troverai l&#8217;impegno di tempo approssimativo nella descrizione delle mansioni dei membri del Consiglio, che viene pubblicata man mano che si aprono le posizioni. <br\/><\/li>\n\n\n\n<li><strong>Etica e responsabilit\u00e0:<\/strong> Aderenza ai Codici etici dell&#8217;organizzazione, alle politiche sui conflitti di interesse e agli standard di governance.<br\/><\/li>\n\n\n\n<li><strong>Impegno attivo:<\/strong> Partecipazione preparata e presente alle riunioni, ai lavori dei comitati e agli eventi organizzativi.<br\/><\/li>\n<\/ul>\n\n<h3 class=\"wp-block-heading\"><strong>Supporto per i membri del consiglio di amministrazione<\/strong><\/h3>\n\n<p>Sosteniamo i nostri membri del Consiglio nell&#8217;adempimento del loro ruolo attraverso:<\/p>\n\n<ul class=\"wp-block-list\">\n<li><strong>Orientamento e formazione<\/strong> &#8211; Un&#8217;introduzione alla missione, alla struttura di governance e alle priorit\u00e0 attuali dell&#8217;organizzazione, oltre alla formazione BoardSource: Certificato di formazione per consiglieri di amministrazione di organizzazioni non profit.<br\/><\/li>\n\n\n\n<li><strong>Sviluppo continuo<\/strong> &#8211; La Siri Singh Sahib Corporation offre periodicamente corsi di formazione per lo sviluppo professionale aperti ai membri del Consiglio.<br\/><\/li>\n\n\n\n<li><strong>Comunit\u00e0 e connessione<\/strong> &#8211; Opportunit\u00e0 di costruire relazioni con i membri del Consiglio e i leader delle organizzazioni.<br\/><\/li>\n<\/ul>\n\n<h3 class=\"wp-block-heading\"><strong>Il sentiero del Seva<\/strong><\/h3>\n\n<p>Si tratta di una posizione di volontariato. Far parte di un consiglio di amministrazione di un&#8217;organizzazione no-profit all&#8217;interno della nostra famiglia Dharmica \u00e8 un&#8217;opportunit\u00e0 unica per fare del bene, condividere i tuoi talenti e contribuire a garantire la forza e la sostenibilit\u00e0 delle nostre organizzazioni per le generazioni a venire.  <\/p>\n\n<p>Clicca<a href=\"https:\/\/ssscorp.org\/it\/organizzazione-no-profit\/\"> qui<\/a> per vedere la nostra famiglia di organizzazioni no-profit<\/p>\n\n<p>Clicca <a href=\"https:\/\/ssscorp.org\/it\/chi-serviamo\/servire-in-un-consiglio-sussidiario\/\">qui<\/a> per visualizzare le offerte di lavoro dei membri del consiglio di amministrazione.<\/p>\n","protected":false},"excerpt":{"rendered":"<p>L&#8217;esperienza di servizio del consiglio di amministrazione di Legacy Nonprofit Far parte di uno dei nostri consigli di amministrazione non profit \u00e8 un modo significativo per contribuire con le tue capacit\u00e0, la tua visione e la tua devozione al servizio della nostra Dharma e della comunit\u00e0 globale. I membri del Consiglio hanno il compito di [&#8230;]\n","protected":false},"author":2,"featured_media":0,"parent":0,"menu_order":0,"comment_status":"closed","ping_status":"closed","template":"","meta":{"iawp_total_views":1,"footnotes":""},"class_list":["post-14371","page","type-page","status-publish","hentry"],"_links":{"self":[{"href":"https:\/\/ssscorp.org\/it\/wp-json\/wp\/v2\/pages\/14371","targetHints":{"allow":["GET"]}}],"collection":[{"href":"https:\/\/ssscorp.org\/it\/wp-json\/wp\/v2\/pages"}],"about":[{"href":"https:\/\/ssscorp.org\/it\/wp-json\/wp\/v2\/types\/page"}],"author":[{"embeddable":true,"href":"https:\/\/ssscorp.org\/it\/wp-json\/wp\/v2\/users\/2"}],"replies":[{"embeddable":true,"href":"https:\/\/ssscorp.org\/it\/wp-json\/wp\/v2\/comments?post=14371"}],"version-history":[{"count":4,"href":"https:\/\/ssscorp.org\/it\/wp-json\/wp\/v2\/pages\/14371\/revisions"}],"predecessor-version":[{"id":14406,"href":"https:\/\/ssscorp.org\/it\/wp-json\/wp\/v2\/pages\/14371\/revisions\/14406"}],"wp:attachment":[{"href":"https:\/\/ssscorp.org\/it\/wp-json\/wp\/v2\/media?parent=14371"}],"curies":[{"name":"wp","href":"https:\/\/api.w.org\/{rel}","templated":true}]}}