{"id":12385,"date":"2025-03-09T19:04:34","date_gmt":"2025-03-09T19:04:34","guid":{"rendered":"https:\/\/ssscorp.org\/crc-eps\/"},"modified":"2025-03-09T21:07:03","modified_gmt":"2025-03-09T21:07:03","slug":"crc-eps","status":"publish","type":"page","link":"https:\/\/ssscorp.org\/it\/il-progetto-di-riconciliazione-compassionevole\/crc-eps\/","title":{"rendered":"CRC &#8211; EPS"},"content":{"rendered":"\t\t<div data-elementor-type=\"wp-page\" data-elementor-id=\"12385\" class=\"elementor elementor-12385 elementor-12352\">\n\t\t\t\t\t\t<section class=\"elementor-section elementor-top-section elementor-element elementor-element-32e1c9bd elementor-section-boxed elementor-section-height-default elementor-section-height-default\" data-id=\"32e1c9bd\" data-element_type=\"section\" data-e-type=\"section\" data-settings=\"{&quot;background_background&quot;:&quot;gradient&quot;}\">\n\t\t\t\t\t\t\t<div class=\"elementor-background-overlay\"><\/div>\n\t\t\t\t\t\t\t<div class=\"elementor-container elementor-column-gap-no\">\n\t\t\t\t\t<div class=\"elementor-column elementor-col-100 elementor-top-column elementor-element elementor-element-6dedc390\" data-id=\"6dedc390\" data-element_type=\"column\" data-e-type=\"column\">\n\t\t\t<div class=\"elementor-widget-wrap elementor-element-populated\">\n\t\t\t\t\t\t<div class=\"elementor-element elementor-element-163e0dc0 elementor-widget elementor-widget-image\" data-id=\"163e0dc0\" data-element_type=\"widget\" data-e-type=\"widget\" data-widget_type=\"image.default\">\n\t\t\t\t<div class=\"elementor-widget-container\">\n\t\t\t\t\t\t\t\t\t\t\t\t\t\t\t<img decoding=\"async\" src=\"https:\/\/ssscorp.org\/wp-content\/uploads\/elementor\/thumbs\/eps-logo_orig-r2mamnf9ggz2v12dxytvvv9cvntowgu1nrhzvu128e.png\" title=\"eps-logo_orig.png\" alt=\"eps-logo_orig.png\" loading=\"lazy\" \/>\t\t\t\t\t\t\t\t\t\t\t\t\t\t\t<\/div>\n\t\t\t\t<\/div>\n\t\t\t\t<div class=\"elementor-element elementor-element-219b4652 elementor-widget elementor-widget-heading\" data-id=\"219b4652\" data-element_type=\"widget\" data-e-type=\"widget\" data-widget_type=\"heading.default\">\n\t\t\t\t<div class=\"elementor-widget-container\">\n\t\t\t\t\t<h1 class=\"elementor-heading-title elementor-size-default\">Etica e standard professionali (EPS)<\/h1>\t\t\t\t<\/div>\n\t\t\t\t<\/div>\n\t\t\t\t<div class=\"elementor-element elementor-element-7d0f87eb elementor-widget elementor-widget-text-editor\" data-id=\"7d0f87eb\" data-element_type=\"widget\" data-e-type=\"widget\" data-widget_type=\"text-editor.default\">\n\t\t\t\t<div class=\"elementor-widget-container\">\n\t\t\t\t\t\t\t\t\t<p>L&#8217;EPS serve l&#8217;unit\u00e0, l&#8217;etica e l&#8217;integrit\u00e0 delle nostre comunit\u00e0 locali e globali e dei nostri Sangat collaborando con le entit\u00e0 e gli individui appropriati per risolvere i reclami e le violazioni dei nostri codici etici. Creiamo e manteniamo processi che permettono di risolvere situazioni difficili in modo sistematico, equo e rispettoso. Educhiamo le nostre comunit\u00e0 e i nostri Sangat, i ministri, gli insegnanti e i formatori di insegnanti a lavorare insieme in modo etico e consapevole. L&#8217;EPS insegna i nostri valori e i nostri standard in ogni luogo in cui opera. L&#8217;EPS lavora per risolvere dubbi\/reclami riguardanti gli insegnanti e i formatori di KRI Kundalini Yoga, i ministri della SDI e le organizzazioni ispirate da Yogi Bhajan. Questo ufficio lavora indipendentemente, ma a stretto contatto con KRI, IKYTA, 3HO e SDI. Gestiamo i reclami dal 2001. <\/p>\n\t\t\t\t\t\t\t\t<\/div>\n\t\t\t\t<\/div>\n\t\t\t\t<div class=\"elementor-element elementor-element-329406b2 elementor-align-center elementor-widget elementor-widget-button\" data-id=\"329406b2\" data-element_type=\"widget\" data-e-type=\"widget\" data-widget_type=\"button.default\">\n\t\t\t\t<div class=\"elementor-widget-container\">\n\t\t\t\t\t\t\t\t\t<div class=\"elementor-button-wrapper\">\n\t\t\t\t\t<a class=\"elementor-button elementor-button-link elementor-size-sm\" href=\"https:\/\/epsweb.org\/\" target=\"_blank\">\n\t\t\t\t\t\t<span class=\"elementor-button-content-wrapper\">\n\t\t\t\t\t\t\t\t\t<span class=\"elementor-button-text\">Visita la pagina web di EPS qui<\/span>\n\t\t\t\t\t<\/span>\n\t\t\t\t\t<\/a>\n\t\t\t\t<\/div>\n\t\t\t\t\t\t\t\t<\/div>\n\t\t\t\t<\/div>\n\t\t\t\t<section class=\"elementor-section elementor-inner-section elementor-element elementor-element-6698d693 elementor-section-boxed elementor-section-height-default elementor-section-height-default\" data-id=\"6698d693\" data-element_type=\"section\" data-e-type=\"section\">\n\t\t\t\t\t\t<div class=\"elementor-container elementor-column-gap-default\">\n\t\t\t\t\t<div class=\"elementor-column elementor-col-50 elementor-inner-column elementor-element elementor-element-76dd03aa\" data-id=\"76dd03aa\" data-element_type=\"column\" data-e-type=\"column\">\n\t\t\t<div class=\"elementor-widget-wrap elementor-element-populated\">\n\t\t\t\t\t\t<div class=\"elementor-element elementor-element-4a5c3342 elementor-widget elementor-widget-text-editor\" data-id=\"4a5c3342\" data-element_type=\"widget\" data-e-type=\"widget\" data-widget_type=\"text-editor.default\">\n\t\t\t\t<div class=\"elementor-widget-container\">\n\t\t\t\t\t\t\t\t\t<p>Missione EPS<\/p>\n\t\t\t\t\t\t\t\t<\/div>\n\t\t\t\t<\/div>\n\t\t\t\t<div class=\"elementor-element elementor-element-551b8bbf elementor-widget elementor-widget-text-editor\" data-id=\"551b8bbf\" data-element_type=\"widget\" data-e-type=\"widget\" data-widget_type=\"text-editor.default\">\n\t\t\t\t<div class=\"elementor-widget-container\">\n\t\t\t\t\t\t\t\t\t<p>L&#8217;Ufficio Etica e Standard Professionali e Risoluzione Consapevole dei Conflitti si occupa di mantenere l&#8217;etica e l&#8217;integrit\u00e0 delle comunit\u00e0 3HO\/KRI\/Sikh Dharma, degli insegnanti di Kundalini Yoga, dei formatori di insegnanti KRI e delle organizzazioni no-profit:<\/p>\n<p>1. Sostenere ambienti sicuri per i nostri membri, le nostre comunit\u00e0 e le nostre organizzazioni.<\/p>\n<p>2. Educare tutti i segmenti della nostra comunit\u00e0 a un comportamento etico e rispettoso.<\/p>\n<p>3. Dare agli studenti la possibilit\u00e0 di avere voci forti e chiare nelle nostre comunit\u00e0 globali 3HO\/KRI\/Sikh Dharma.<\/p>\n<p>4. Sostenere una cultura etica, inclusiva, diversificata e trasparente in cui tutti i partecipanti possano parlare liberamente ed essere ascoltati con rispetto.<\/p>\n<p>5. Migliorare l&#8217;integrit\u00e0 e la professionalit\u00e0 degli insegnanti di Kundalini Yoga e dei formatori di insegnanti KRI<br \/>Offrire percorsi guidati di risoluzione consapevole dei conflitti <\/p>\n\t\t\t\t\t\t\t\t<\/div>\n\t\t\t\t<\/div>\n\t\t\t\t\t<\/div>\n\t\t<\/div>\n\t\t\t\t<div class=\"elementor-column elementor-col-50 elementor-inner-column elementor-element elementor-element-3f9ae515\" data-id=\"3f9ae515\" data-element_type=\"column\" data-e-type=\"column\">\n\t\t\t<div class=\"elementor-widget-wrap elementor-element-populated\">\n\t\t\t\t\t\t<div class=\"elementor-element elementor-element-6aded67e elementor-widget elementor-widget-text-editor\" data-id=\"6aded67e\" data-element_type=\"widget\" data-e-type=\"widget\" data-widget_type=\"text-editor.default\">\n\t\t\t\t<div class=\"elementor-widget-container\">\n\t\t\t\t\t\t\t\t\t<p>Visione EPS<\/p>\n\t\t\t\t\t\t\t\t<\/div>\n\t\t\t\t<\/div>\n\t\t\t\t<div class=\"elementor-element elementor-element-2f309cab elementor-widget elementor-widget-text-editor\" data-id=\"2f309cab\" data-element_type=\"widget\" data-e-type=\"widget\" data-widget_type=\"text-editor.default\">\n\t\t\t\t<div class=\"elementor-widget-container\">\n\t\t\t\t\t\t\t\t\t<p>L&#8217;EPS \u00e8 al servizio dell&#8217;unit\u00e0, dell&#8217;etica e dell&#8217;integrit\u00e0 delle nostre comunit\u00e0 3HO\/KRI\/Sikh Dharma locali e globali, collaborando con le entit\u00e0 e gli individui interessati per risolvere reclami e violazioni dei nostri codici etici. Creiamo e manteniamo processi che permettono di risolvere le situazioni difficili in modo sistematico, equo e rispettoso. Educhiamo le nostre comunit\u00e0, i ministri, gli insegnanti e i formatori di insegnanti su come lavorare in modo etico e consapevole.  <\/p>\n<p>L&#8217;EPS gestisce i reclami dal 2014 utilizzando una procedura di reclamo formale, la mediazione e la giustizia riparativa. L&#8217;EPS lavora in modo indipendente, ma a stretto contatto con KRI, IKYTA, 3HO e SDI. <\/p>\n<p>L&#8217;EPS \u00e8 aperto a tutti e desidera servire tutti. Se hai un problema, ti invitiamo a contattare l&#8217;EPS per trovare insieme delle soluzioni. <\/p>\n\t\t\t\t\t\t\t\t<\/div>\n\t\t\t\t<\/div>\n\t\t\t\t\t<\/div>\n\t\t<\/div>\n\t\t\t\t\t<\/div>\n\t\t<\/section>\n\t\t\t\t\t<\/div>\n\t\t<\/div>\n\t\t\t\t\t<\/div>\n\t\t<\/section>\n\t\t\t\t<\/div>\n\t\t","protected":false},"excerpt":{"rendered":"<p>Etica e standard professionali (EPS) L&#8217;EPS serve l&#8217;unit\u00e0, l&#8217;etica e l&#8217;integrit\u00e0 delle nostre comunit\u00e0 locali e globali e dei nostri Sangat collaborando con le entit\u00e0 e gli individui appropriati per risolvere i reclami e le violazioni dei nostri codici etici. Creiamo e manteniamo processi che permettono di risolvere situazioni difficili in modo sistematico, equo e [&#8230;]\n","protected":false},"author":1,"featured_media":0,"parent":6963,"menu_order":0,"comment_status":"closed","ping_status":"closed","template":"elementor_header_footer","meta":{"iawp_total_views":1,"footnotes":""},"class_list":["post-12385","page","type-page","status-publish","hentry"],"_links":{"self":[{"href":"https:\/\/ssscorp.org\/it\/wp-json\/wp\/v2\/pages\/12385","targetHints":{"allow":["GET"]}}],"collection":[{"href":"https:\/\/ssscorp.org\/it\/wp-json\/wp\/v2\/pages"}],"about":[{"href":"https:\/\/ssscorp.org\/it\/wp-json\/wp\/v2\/types\/page"}],"author":[{"embeddable":true,"href":"https:\/\/ssscorp.org\/it\/wp-json\/wp\/v2\/users\/1"}],"replies":[{"embeddable":true,"href":"https:\/\/ssscorp.org\/it\/wp-json\/wp\/v2\/comments?post=12385"}],"version-history":[{"count":2,"href":"https:\/\/ssscorp.org\/it\/wp-json\/wp\/v2\/pages\/12385\/revisions"}],"predecessor-version":[{"id":12657,"href":"https:\/\/ssscorp.org\/it\/wp-json\/wp\/v2\/pages\/12385\/revisions\/12657"}],"up":[{"embeddable":true,"href":"https:\/\/ssscorp.org\/it\/wp-json\/wp\/v2\/pages\/6963"}],"wp:attachment":[{"href":"https:\/\/ssscorp.org\/it\/wp-json\/wp\/v2\/media?parent=12385"}],"curies":[{"name":"wp","href":"https:\/\/api.w.org\/{rel}","templated":true}]}}