{"id":12343,"date":"2025-03-09T19:01:13","date_gmt":"2025-03-09T19:01:13","guid":{"rendered":"https:\/\/ssscorp.org\/crc-faq\/"},"modified":"2025-03-09T22:27:09","modified_gmt":"2025-03-09T22:27:09","slug":"crc-faq","status":"publish","type":"page","link":"https:\/\/ssscorp.org\/it\/il-progetto-di-riconciliazione-compassionevole\/crc-faq\/","title":{"rendered":"CRP &#8211; FAQ"},"content":{"rendered":"\t\t<div data-elementor-type=\"wp-page\" data-elementor-id=\"12343\" class=\"elementor elementor-12343\">\n\t\t\t\t\t\t<section class=\"elementor-section elementor-top-section elementor-element elementor-element-69b0a3ee elementor-section-boxed elementor-section-height-default elementor-section-height-default\" data-id=\"69b0a3ee\" data-element_type=\"section\" data-e-type=\"section\" data-settings=\"{&quot;background_background&quot;:&quot;gradient&quot;}\">\n\t\t\t\t\t\t\t<div class=\"elementor-background-overlay\"><\/div>\n\t\t\t\t\t\t\t<div class=\"elementor-container elementor-column-gap-no\">\n\t\t\t\t\t<div class=\"elementor-column elementor-col-100 elementor-top-column elementor-element elementor-element-596d13b3\" data-id=\"596d13b3\" data-element_type=\"column\" data-e-type=\"column\">\n\t\t\t<div class=\"elementor-widget-wrap elementor-element-populated\">\n\t\t\t\t\t\t<div class=\"elementor-element elementor-element-77c2a8ef elementor-widget elementor-widget-image\" data-id=\"77c2a8ef\" data-element_type=\"widget\" data-e-type=\"widget\" data-widget_type=\"image.default\">\n\t\t\t\t<div class=\"elementor-widget-container\">\n\t\t\t\t\t\t\t\t\t\t\t\t\t\t\t<img decoding=\"async\" src=\"https:\/\/ssscorp.org\/wp-content\/uploads\/elementor\/thumbs\/cropped-white-with-green-banner-agriculture-logo-1_orig-r2mamiq2iasn8z97pesr1eg1wqgutzbdz48khg823m.png\" title=\"cropped-white-with-green-banner-agriculture-logo-1_orig.png\" alt=\"cropped-white-with-green-banner-agriculture-logo-1_orig.png\" loading=\"lazy\" \/>\t\t\t\t\t\t\t\t\t\t\t\t\t\t\t<\/div>\n\t\t\t\t<\/div>\n\t\t\t\t<div class=\"elementor-element elementor-element-21800fae elementor-widget elementor-widget-heading\" data-id=\"21800fae\" data-element_type=\"widget\" data-e-type=\"widget\" data-widget_type=\"heading.default\">\n\t\t\t\t<div class=\"elementor-widget-container\">\n\t\t\t\t\t<h1 class=\"elementor-heading-title elementor-size-default\">DOMANDE FREQUENTI<\/h1>\t\t\t\t<\/div>\n\t\t\t\t<\/div>\n\t\t\t\t\t<\/div>\n\t\t<\/div>\n\t\t\t\t\t<\/div>\n\t\t<\/section>\n\t\t\t\t<section class=\"elementor-section elementor-top-section elementor-element elementor-element-aea33aa elementor-section-content-middle elementor-section-boxed elementor-section-height-default elementor-section-height-default\" data-id=\"aea33aa\" data-element_type=\"section\" data-e-type=\"section\" data-settings=\"{&quot;background_background&quot;:&quot;classic&quot;}\">\n\t\t\t\t\t\t\t<div class=\"elementor-background-overlay\"><\/div>\n\t\t\t\t\t\t\t<div class=\"elementor-container elementor-column-gap-no\">\n\t\t\t\t\t<div class=\"elementor-column elementor-col-50 elementor-top-column elementor-element elementor-element-30c6743b\" data-id=\"30c6743b\" data-element_type=\"column\" data-e-type=\"column\">\n\t\t\t<div class=\"elementor-widget-wrap elementor-element-populated\">\n\t\t\t\t\t\t<div class=\"elementor-element elementor-element-6fc2729e elementor-widget elementor-widget-text-editor\" data-id=\"6fc2729e\" data-element_type=\"widget\" data-e-type=\"widget\" data-widget_type=\"text-editor.default\">\n\t\t\t\t<div class=\"elementor-widget-container\">\n\t\t\t\t\t\t\t\t\t<p>Chi \u00e8 Just Outcomes<\/p>\n\t\t\t\t\t\t\t\t<\/div>\n\t\t\t\t<\/div>\n\t\t\t\t<div class=\"elementor-element elementor-element-7a920376 elementor-widget elementor-widget-text-editor\" data-id=\"7a920376\" data-element_type=\"widget\" data-e-type=\"widget\" data-widget_type=\"text-editor.default\">\n\t\t\t\t<div class=\"elementor-widget-container\">\n\t\t\t\t\t\t\t\t\t<p>Just Outcomes \u00e8 un team di specialisti in giustizia riparativa, trasformazione dei conflitti, costruzione di comunit\u00e0 e cambiamento organizzativo. Il nostro lavoro si basa sulla comprensione dell&#8217;importanza delle relazioni nel creare crescita e cambiamento. Il team principale \u00e8 composto da Aaron Lyons, Catherine Bargen e Matthew Hartman, che hanno un&#8217;esperienza complessiva di oltre 50 anni di lavoro in questo campo. Just Outcomes si avvale anche di un team pi\u00f9 ampio, specializzato in aree correlate come l&#8217;assistenza informata sui traumi, la guarigione della comunit\u00e0, la diversit\u00e0\/equit\u00e0\/inclusione, la giustizia di transizione, la negoziazione tra pi\u00f9 soggetti, la costruzione strategica della pace e la legge. Per saperne di pi\u00f9 su di noi, visita il sito <a href=\"http:\/\/www.justoutcomesconsulting.com\/\" data-cke-saved-href=\"http:\/\/www.justoutcomesconsulting.com\">www.justoutcomesconsulting.com<\/a>    <\/p>\n\t\t\t\t\t\t\t\t<\/div>\n\t\t\t\t<\/div>\n\t\t\t\t\t<\/div>\n\t\t<\/div>\n\t\t\t\t<div class=\"elementor-column elementor-col-50 elementor-top-column elementor-element elementor-element-bc816ad\" data-id=\"bc816ad\" data-element_type=\"column\" data-e-type=\"column\">\n\t\t\t<div class=\"elementor-widget-wrap elementor-element-populated\">\n\t\t\t\t\t\t<div class=\"elementor-element elementor-element-57726468 elementor-widget elementor-widget-image\" data-id=\"57726468\" data-element_type=\"widget\" data-e-type=\"widget\" data-widget_type=\"image.default\">\n\t\t\t\t<div class=\"elementor-widget-container\">\n\t\t\t\t\t\t\t\t\t\t\t\t\t\t\t<img decoding=\"async\" src=\"https:\/\/ssscorp.org\/wp-content\/uploads\/elementor\/thumbs\/white-with-green-banner-agriculture-logo_orig-r2mamnfbaox8hylngnj4ztekgqiwnj03f7j2pkzx3c.png\" title=\"white-with-green-banner-agriculture-logo_orig.png\" alt=\"white-with-green-banner-agriculture-logo_orig.png\" loading=\"lazy\" \/>\t\t\t\t\t\t\t\t\t\t\t\t\t\t\t<\/div>\n\t\t\t\t<\/div>\n\t\t\t\t\t<\/div>\n\t\t<\/div>\n\t\t\t\t\t<\/div>\n\t\t<\/section>\n\t\t\t\t<section class=\"elementor-section elementor-top-section elementor-element elementor-element-767a7606 elementor-section-content-middle elementor-section-boxed elementor-section-height-default elementor-section-height-default\" data-id=\"767a7606\" data-element_type=\"section\" data-e-type=\"section\" data-settings=\"{&quot;background_background&quot;:&quot;classic&quot;}\">\n\t\t\t\t\t\t\t<div class=\"elementor-background-overlay\"><\/div>\n\t\t\t\t\t\t\t<div class=\"elementor-container elementor-column-gap-no\">\n\t\t\t\t\t<div class=\"elementor-column elementor-col-50 elementor-top-column elementor-element elementor-element-4cfc5539\" data-id=\"4cfc5539\" data-element_type=\"column\" data-e-type=\"column\">\n\t\t\t<div class=\"elementor-widget-wrap elementor-element-populated\">\n\t\t\t\t\t\t<div class=\"elementor-element elementor-element-206a30f3 elementor-widget elementor-widget-image\" data-id=\"206a30f3\" data-element_type=\"widget\" data-e-type=\"widget\" data-widget_type=\"image.default\">\n\t\t\t\t<div class=\"elementor-widget-container\">\n\t\t\t\t\t\t\t\t\t\t\t\t\t\t\t<img decoding=\"async\" src=\"https:\/\/ssscorp.org\/wp-content\/uploads\/elementor\/thumbs\/white-with-green-banner-agriculture-logo_orig-r2mamnfbaox8hylngnj4ztekgqiwnj03f7j2pkzx3c.png\" title=\"white-with-green-banner-agriculture-logo_orig.png\" alt=\"white-with-green-banner-agriculture-logo_orig.png\" loading=\"lazy\" \/>\t\t\t\t\t\t\t\t\t\t\t\t\t\t\t<\/div>\n\t\t\t\t<\/div>\n\t\t\t\t\t<\/div>\n\t\t<\/div>\n\t\t\t\t<div class=\"elementor-column elementor-col-50 elementor-top-column elementor-element elementor-element-1a9db3eb\" data-id=\"1a9db3eb\" data-element_type=\"column\" data-e-type=\"column\">\n\t\t\t<div class=\"elementor-widget-wrap elementor-element-populated\">\n\t\t\t\t\t\t<div class=\"elementor-element elementor-element-4911dccb elementor-widget elementor-widget-text-editor\" data-id=\"4911dccb\" data-element_type=\"widget\" data-e-type=\"widget\" data-widget_type=\"text-editor.default\">\n\t\t\t\t<div class=\"elementor-widget-container\">\n\t\t\t\t\t\t\t\t\t<p>Cos&#8217;\u00e8 la giustizia riparativa?<\/p>\n\t\t\t\t\t\t\t\t<\/div>\n\t\t\t\t<\/div>\n\t\t\t\t<div class=\"elementor-element elementor-element-16e9f3c5 elementor-widget elementor-widget-text-editor\" data-id=\"16e9f3c5\" data-element_type=\"widget\" data-e-type=\"widget\" data-widget_type=\"text-editor.default\">\n\t\t\t\t<div class=\"elementor-widget-container\">\n\t\t\t\t\t\t\t\t\t<p>La giustizia riparativa \u00e8 un approccio per affrontare i danni all&#8217;interno della comunit\u00e0 che riconosce la nostra interconnessione all&#8217;interno di una rete di relazioni. Questo approccio \u00e8 radicato in principi fondamentali che comprendono: <\/p>\n<ul>\n<li><em>Inclusione:<\/em> la giustizia \u00e8 partecipativa e collaborativa, piuttosto che conflittuale e gerarchica.<\/li>\n<li><em>Riparazione:<\/em> la giustizia consiste nel costruire\/ricostruire relazioni corrette; nel restituire dignit\u00e0 e voce a coloro che sono stati danneggiati; nel curare i traumi; nel promuovere la responsabilit\u00e0 individuale e collettiva e il senso di responsabilit\u00e0; nel fare ammenda; nel ripristinare l&#8217;identit\u00e0 e il significato.<\/li>\n<li><em>Trasformazione:<\/em> affrontare le cause profonde; costruire la resilienza individuale, collettiva e organizzativa.<\/li>\n<\/ul>\n<p>In breve, la giustizia riparativa cerca di riparare i danni e di costruire una comunit\u00e0 di fiducia. Per raggiungere questi obiettivi, \u00e8 possibile utilizzare un&#8217;ampia gamma di approcci che vengono sviluppati e perfezionati in modo collaborativo, sulla base di decenni di esperienza e ricerca. <\/p>\n\t\t\t\t\t\t\t\t<\/div>\n\t\t\t\t<\/div>\n\t\t\t\t\t<\/div>\n\t\t<\/div>\n\t\t\t\t\t<\/div>\n\t\t<\/section>\n\t\t\t\t<section class=\"elementor-section elementor-top-section elementor-element elementor-element-5aabf96b elementor-section-content-middle elementor-section-boxed elementor-section-height-default elementor-section-height-default\" data-id=\"5aabf96b\" data-element_type=\"section\" data-e-type=\"section\" data-settings=\"{&quot;background_background&quot;:&quot;classic&quot;}\">\n\t\t\t\t\t\t\t<div class=\"elementor-background-overlay\"><\/div>\n\t\t\t\t\t\t\t<div class=\"elementor-container elementor-column-gap-no\">\n\t\t\t\t\t<div class=\"elementor-column elementor-col-50 elementor-top-column elementor-element elementor-element-4a7188d4\" data-id=\"4a7188d4\" data-element_type=\"column\" data-e-type=\"column\">\n\t\t\t<div class=\"elementor-widget-wrap elementor-element-populated\">\n\t\t\t\t\t\t<div class=\"elementor-element elementor-element-94e50fa elementor-widget elementor-widget-text-editor\" data-id=\"94e50fa\" data-element_type=\"widget\" data-e-type=\"widget\" data-widget_type=\"text-editor.default\">\n\t\t\t\t<div class=\"elementor-widget-container\">\n\t\t\t\t\t\t\t\t\t<p>Perch\u00e9 Just Outcomes \u00e8 coinvolto?<\/p>\n\t\t\t\t\t\t\t\t<\/div>\n\t\t\t\t<\/div>\n\t\t\t\t<div class=\"elementor-element elementor-element-10896ad8 elementor-widget elementor-widget-text-editor\" data-id=\"10896ad8\" data-element_type=\"widget\" data-e-type=\"widget\" data-widget_type=\"text-editor.default\">\n\t\t\t\t<div class=\"elementor-widget-container\">\n\t\t\t\t\t\t\t\t\t<p>In tempi di crisi, spesso pu\u00f2 essere utile avere un soggetto esterno che faciliti processi collaborativi, relazionali e intenzionali per rispondere alle esigenze emergenti di individui e gruppi all&#8217;interno della comunit\u00e0. Noi portiamo con noi una variet\u00e0 di esperienze che speriamo e crediamo possano essere utili alla tua comunit\u00e0. Ci impegniamo a rispondere alle vostre esigenze e circostanze uniche. Alcuni punti su come vediamo il nostro ruolo:   <\/p>\n<ul>\n<li>Il ruolo principale di Just Outcomes \u00e8 quello di facilitare un processo attraverso il quale questa comunit\u00e0 possa rispondere alla crisi attuale secondo i valori e gli insegnamenti che ha espresso.<\/li>\n<li>La concezione del progetto \u00e8 altamente collaborativa, con Just Outcomes che svolge un ruolo di facilitazione, supporto e consulenza per i membri della comunit\u00e0 che conducono il lavoro.<\/li>\n<li>La guida del processo di Riconciliazione Compassionevole sar\u00e0 affidata al CRC, che sar\u00e0 progettato per rappresentare il pi\u00f9 possibile tutti gli aspetti della comunit\u00e0 (vedi spiegazione sopra).<\/li>\n<\/ul>\n\t\t\t\t\t\t\t\t<\/div>\n\t\t\t\t<\/div>\n\t\t\t\t\t<\/div>\n\t\t<\/div>\n\t\t\t\t<div class=\"elementor-column elementor-col-50 elementor-top-column elementor-element elementor-element-7d47e397\" data-id=\"7d47e397\" data-element_type=\"column\" data-e-type=\"column\">\n\t\t\t<div class=\"elementor-widget-wrap elementor-element-populated\">\n\t\t\t\t\t\t<div class=\"elementor-element elementor-element-113d42fa elementor-widget elementor-widget-image\" data-id=\"113d42fa\" data-element_type=\"widget\" data-e-type=\"widget\" data-widget_type=\"image.default\">\n\t\t\t\t<div class=\"elementor-widget-container\">\n\t\t\t\t\t\t\t\t\t\t\t\t\t\t\t<img decoding=\"async\" src=\"https:\/\/ssscorp.org\/wp-content\/uploads\/elementor\/thumbs\/white-with-green-banner-agriculture-logo_orig-r2mamnfbaox8hylngnj4ztekgqiwnj03f7j2pkzx3c.png\" title=\"white-with-green-banner-agriculture-logo_orig.png\" alt=\"white-with-green-banner-agriculture-logo_orig.png\" loading=\"lazy\" \/>\t\t\t\t\t\t\t\t\t\t\t\t\t\t\t<\/div>\n\t\t\t\t<\/div>\n\t\t\t\t\t<\/div>\n\t\t<\/div>\n\t\t\t\t\t<\/div>\n\t\t<\/section>\n\t\t\t\t<section class=\"elementor-section elementor-top-section elementor-element elementor-element-655f92a5 elementor-section-content-middle elementor-section-boxed elementor-section-height-default elementor-section-height-default\" data-id=\"655f92a5\" data-element_type=\"section\" data-e-type=\"section\" data-settings=\"{&quot;background_background&quot;:&quot;classic&quot;}\">\n\t\t\t\t\t\t\t<div class=\"elementor-background-overlay\"><\/div>\n\t\t\t\t\t\t\t<div class=\"elementor-container elementor-column-gap-no\">\n\t\t\t\t\t<div class=\"elementor-column elementor-col-50 elementor-top-column elementor-element elementor-element-6a2bda39\" data-id=\"6a2bda39\" data-element_type=\"column\" data-e-type=\"column\">\n\t\t\t<div class=\"elementor-widget-wrap elementor-element-populated\">\n\t\t\t\t\t\t<div class=\"elementor-element elementor-element-63222676 elementor-widget elementor-widget-image\" data-id=\"63222676\" data-element_type=\"widget\" data-e-type=\"widget\" data-widget_type=\"image.default\">\n\t\t\t\t<div class=\"elementor-widget-container\">\n\t\t\t\t\t\t\t\t\t\t\t\t\t\t\t<img decoding=\"async\" src=\"https:\/\/ssscorp.org\/wp-content\/uploads\/elementor\/thumbs\/white-with-green-banner-agriculture-logo_orig-r2mamnfbaox8hylngnj4ztekgqiwnj03f7j2pkzx3c.png\" title=\"white-with-green-banner-agriculture-logo_orig.png\" alt=\"white-with-green-banner-agriculture-logo_orig.png\" loading=\"lazy\" \/>\t\t\t\t\t\t\t\t\t\t\t\t\t\t\t<\/div>\n\t\t\t\t<\/div>\n\t\t\t\t\t<\/div>\n\t\t<\/div>\n\t\t\t\t<div class=\"elementor-column elementor-col-50 elementor-top-column elementor-element elementor-element-2facb8c0\" data-id=\"2facb8c0\" data-element_type=\"column\" data-e-type=\"column\">\n\t\t\t<div class=\"elementor-widget-wrap elementor-element-populated\">\n\t\t\t\t\t\t<div class=\"elementor-element elementor-element-43f74952 elementor-widget elementor-widget-text-editor\" data-id=\"43f74952\" data-element_type=\"widget\" data-e-type=\"widget\" data-widget_type=\"text-editor.default\">\n\t\t\t\t<div class=\"elementor-widget-container\">\n\t\t\t\t\t\t\t\t\t<p>Come sar\u00e0 il Processo di Riconciliazione Compassionevole<\/p>\n\t\t\t\t\t\t\t\t<\/div>\n\t\t\t\t<\/div>\n\t\t\t\t<div class=\"elementor-element elementor-element-20777a05 elementor-widget elementor-widget-text-editor\" data-id=\"20777a05\" data-element_type=\"widget\" data-e-type=\"widget\" data-widget_type=\"text-editor.default\">\n\t\t\t\t<div class=\"elementor-widget-container\">\n\t\t\t\t\t\t\t\t\t<p>A differenza di altri processi su larga scala, la giustizia riparativa e la trasformazione dei conflitti non seguono un approccio prescritto o predeterminato. Ogni individuo e comunit\u00e0 ha esigenze diverse per quanto riguarda la sua guarigione e la sua crescita. Per noi, essere al servizio della guarigione e della crescita significa prendersi il tempo necessario per costruire strategie e approcci che si basino direttamente sui bisogni che sentiamo esprimere all&#8217;interno della comunit\u00e0. L&#8217;impegno a essere reattivi significa che quando interveniamo in una crisi, il nostro lavoro viene svolto in profonda consultazione e collaborazione con le persone coinvolte e colpite. Con il supporto e la guida del nostro team, la forma di questo processo sar\u00e0 determinata dal CRC e dai suoi gruppi consultivi nei prossimi mesi.    <\/p>\n\t\t\t\t\t\t\t\t<\/div>\n\t\t\t\t<\/div>\n\t\t\t\t\t<\/div>\n\t\t<\/div>\n\t\t\t\t\t<\/div>\n\t\t<\/section>\n\t\t\t\t<\/div>\n\t\t","protected":false},"excerpt":{"rendered":"<p>DOMANDE FREQUENTI Chi \u00e8 Just Outcomes Just Outcomes \u00e8 un team di specialisti in giustizia riparativa, trasformazione dei conflitti, costruzione di comunit\u00e0 e cambiamento organizzativo. Il nostro lavoro si basa sulla comprensione dell&#8217;importanza delle relazioni nel creare crescita e cambiamento. Il team principale \u00e8 composto da Aaron Lyons, Catherine Bargen e Matthew Hartman, che hanno [&#8230;]\n","protected":false},"author":1,"featured_media":0,"parent":6963,"menu_order":0,"comment_status":"closed","ping_status":"closed","template":"elementor_header_footer","meta":{"iawp_total_views":2,"footnotes":""},"class_list":["post-12343","page","type-page","status-publish","hentry"],"_links":{"self":[{"href":"https:\/\/ssscorp.org\/it\/wp-json\/wp\/v2\/pages\/12343","targetHints":{"allow":["GET"]}}],"collection":[{"href":"https:\/\/ssscorp.org\/it\/wp-json\/wp\/v2\/pages"}],"about":[{"href":"https:\/\/ssscorp.org\/it\/wp-json\/wp\/v2\/types\/page"}],"author":[{"embeddable":true,"href":"https:\/\/ssscorp.org\/it\/wp-json\/wp\/v2\/users\/1"}],"replies":[{"embeddable":true,"href":"https:\/\/ssscorp.org\/it\/wp-json\/wp\/v2\/comments?post=12343"}],"version-history":[{"count":10,"href":"https:\/\/ssscorp.org\/it\/wp-json\/wp\/v2\/pages\/12343\/revisions"}],"predecessor-version":[{"id":12569,"href":"https:\/\/ssscorp.org\/it\/wp-json\/wp\/v2\/pages\/12343\/revisions\/12569"}],"up":[{"embeddable":true,"href":"https:\/\/ssscorp.org\/it\/wp-json\/wp\/v2\/pages\/6963"}],"wp:attachment":[{"href":"https:\/\/ssscorp.org\/it\/wp-json\/wp\/v2\/media?parent=12343"}],"curies":[{"name":"wp","href":"https:\/\/api.w.org\/{rel}","templated":true}]}}