{"id":12326,"date":"2025-03-09T18:58:00","date_gmt":"2025-03-09T18:58:00","guid":{"rendered":"https:\/\/ssscorp.org\/risultati-giusti\/"},"modified":"2025-03-09T22:27:21","modified_gmt":"2025-03-09T22:27:21","slug":"risultati-giusti","status":"publish","type":"page","link":"https:\/\/ssscorp.org\/it\/il-progetto-di-riconciliazione-compassionevole\/risultati-giusti\/","title":{"rendered":"CRP &#8211; Risultati giusti"},"content":{"rendered":"\t\t<div data-elementor-type=\"wp-page\" data-elementor-id=\"12326\" class=\"elementor elementor-12326 elementor-12309\">\n\t\t\t\t\t\t<section class=\"elementor-section elementor-top-section elementor-element elementor-element-8a2b87 elementor-section-boxed elementor-section-height-default elementor-section-height-default\" data-id=\"8a2b87\" data-element_type=\"section\" data-e-type=\"section\" data-settings=\"{&quot;background_background&quot;:&quot;classic&quot;}\">\n\t\t\t\t\t\t\t<div class=\"elementor-background-overlay\"><\/div>\n\t\t\t\t\t\t\t<div class=\"elementor-container elementor-column-gap-no\">\n\t\t\t\t\t<div class=\"elementor-column elementor-col-100 elementor-top-column elementor-element elementor-element-1137ac83\" data-id=\"1137ac83\" data-element_type=\"column\" data-e-type=\"column\">\n\t\t\t<div class=\"elementor-widget-wrap elementor-element-populated\">\n\t\t\t\t\t\t<div class=\"elementor-element elementor-element-1bd680b5 elementor-widget elementor-widget-heading\" data-id=\"1bd680b5\" data-element_type=\"widget\" data-e-type=\"widget\" data-widget_type=\"heading.default\">\n\t\t\t\t<div class=\"elementor-widget-container\">\n\t\t\t\t\t<h1 class=\"elementor-heading-title elementor-size-default\">Risultati giusti<\/h1>\t\t\t\t<\/div>\n\t\t\t\t<\/div>\n\t\t\t\t<div class=\"elementor-element elementor-element-4a8a2768 elementor-widget elementor-widget-text-editor\" data-id=\"4a8a2768\" data-element_type=\"widget\" data-e-type=\"widget\" data-widget_type=\"text-editor.default\">\n\t\t\t\t<div class=\"elementor-widget-container\">\n\t\t\t\t\t\t\t\t\t<p>Just Outcomes \u00e8 un team di consulenti di giustizia riparativa che lavora con i leader delle comunit\u00e0 e delle organizzazioni per costruire e migliorare i sistemi di sicurezza, giustizia e responsabilit\u00e0 della comunit\u00e0. Just Outcomes \u00e8 specializzata nel raggiungimento di risultati che supportano la leadership collettiva e incorporano le intuizioni, le aspirazioni e le esigenze delle comunit\u00e0 e dei gruppi. <\/p>\n\t\t\t\t\t\t\t\t<\/div>\n\t\t\t\t<\/div>\n\t\t\t\t<section class=\"elementor-section elementor-inner-section elementor-element elementor-element-4d150972 elementor-section-boxed elementor-section-height-default elementor-section-height-default\" data-id=\"4d150972\" data-element_type=\"section\" data-e-type=\"section\">\n\t\t\t\t\t\t<div class=\"elementor-container elementor-column-gap-default\">\n\t\t\t\t\t<div class=\"elementor-column elementor-col-50 elementor-inner-column elementor-element elementor-element-4ee73837\" data-id=\"4ee73837\" data-element_type=\"column\" data-e-type=\"column\">\n\t\t\t<div class=\"elementor-widget-wrap elementor-element-populated\">\n\t\t\t\t\t\t<div class=\"elementor-element elementor-element-219d6a9a elementor-widget elementor-widget-heading\" data-id=\"219d6a9a\" data-element_type=\"widget\" data-e-type=\"widget\" data-widget_type=\"heading.default\">\n\t\t\t\t<div class=\"elementor-widget-container\">\n\t\t\t\t\t<h2 class=\"elementor-heading-title elementor-size-default\">Mision<\/h2>\t\t\t\t<\/div>\n\t\t\t\t<\/div>\n\t\t\t\t<div class=\"elementor-element elementor-element-7bcfaa41 elementor-widget elementor-widget-text-editor\" data-id=\"7bcfaa41\" data-element_type=\"widget\" data-e-type=\"widget\" data-widget_type=\"text-editor.default\">\n\t\t\t\t<div class=\"elementor-widget-container\">\n\t\t\t\t\t\t\t\t\t<p>La nostra missione \u00e8 sostenere le comunit\u00e0 e le organizzazioni nello sviluppo di risposte giuste ad azioni o situazioni dannose.<\/p>\n\t\t\t\t\t\t\t\t<\/div>\n\t\t\t\t<\/div>\n\t\t\t\t\t<\/div>\n\t\t<\/div>\n\t\t\t\t<div class=\"elementor-column elementor-col-50 elementor-inner-column elementor-element elementor-element-416d2893\" data-id=\"416d2893\" data-element_type=\"column\" data-e-type=\"column\">\n\t\t\t<div class=\"elementor-widget-wrap elementor-element-populated\">\n\t\t\t\t\t\t<div class=\"elementor-element elementor-element-51dcaf19 elementor-widget elementor-widget-heading\" data-id=\"51dcaf19\" data-element_type=\"widget\" data-e-type=\"widget\" data-widget_type=\"heading.default\">\n\t\t\t\t<div class=\"elementor-widget-container\">\n\t\t\t\t\t<h2 class=\"elementor-heading-title elementor-size-default\">Visione dei risultati\n<\/h2>\t\t\t\t<\/div>\n\t\t\t\t<\/div>\n\t\t\t\t<div class=\"elementor-element elementor-element-8e65ebe elementor-widget elementor-widget-text-editor\" data-id=\"8e65ebe\" data-element_type=\"widget\" data-e-type=\"widget\" data-widget_type=\"text-editor.default\">\n\t\t\t\t<div class=\"elementor-widget-container\">\n\t\t\t\t\t\t\t\t\t<p>Immaginiamo comunit\u00e0 vivaci e resilienti costruite sulla forza di relazioni giuste.<\/p>\n\t\t\t\t\t\t\t\t<\/div>\n\t\t\t\t<\/div>\n\t\t\t\t\t<\/div>\n\t\t<\/div>\n\t\t\t\t\t<\/div>\n\t\t<\/section>\n\t\t\t\t\t<\/div>\n\t\t<\/div>\n\t\t\t\t\t<\/div>\n\t\t<\/section>\n\t\t\t\t<section class=\"elementor-section elementor-top-section elementor-element elementor-element-3a388bb8 elementor-section-boxed elementor-section-height-default elementor-section-height-default\" data-id=\"3a388bb8\" data-element_type=\"section\" data-e-type=\"section\" data-settings=\"{&quot;background_background&quot;:&quot;classic&quot;}\">\n\t\t\t\t\t\t\t<div class=\"elementor-background-overlay\"><\/div>\n\t\t\t\t\t\t\t<div class=\"elementor-container elementor-column-gap-no\">\n\t\t\t\t\t<div class=\"elementor-column elementor-col-100 elementor-top-column elementor-element elementor-element-25327dd0\" data-id=\"25327dd0\" data-element_type=\"column\" data-e-type=\"column\">\n\t\t\t<div class=\"elementor-widget-wrap elementor-element-populated\">\n\t\t\t\t\t\t<div class=\"elementor-element elementor-element-1d18feaa elementor-widget elementor-widget-image\" data-id=\"1d18feaa\" data-element_type=\"widget\" data-e-type=\"widget\" data-widget_type=\"image.default\">\n\t\t\t\t<div class=\"elementor-widget-container\">\n\t\t\t\t\t\t\t\t\t\t\t\t\t\t\t<img decoding=\"async\" width=\"198\" height=\"101\" src=\"https:\/\/ssscorp.org\/wp-content\/uploads\/2025\/03\/just-outcomes-logo.png\" class=\"attachment-large size-large wp-image-12148\" alt=\"\" \/>\t\t\t\t\t\t\t\t\t\t\t\t\t\t\t<\/div>\n\t\t\t\t<\/div>\n\t\t\t\t<div class=\"elementor-element elementor-element-1ce3ea4a elementor-widget elementor-widget-text-editor\" data-id=\"1ce3ea4a\" data-element_type=\"widget\" data-e-type=\"widget\" data-widget_type=\"text-editor.default\">\n\t\t\t\t<div class=\"elementor-widget-container\">\n\t\t\t\t\t\t\t\t\t<p>Il team Just Outcomes<\/p>\n\t\t\t\t\t\t\t\t<\/div>\n\t\t\t\t<\/div>\n\t\t\t\t<section class=\"elementor-section elementor-inner-section elementor-element elementor-element-1546985e elementor-section-boxed elementor-section-height-default elementor-section-height-default\" data-id=\"1546985e\" data-element_type=\"section\" data-e-type=\"section\">\n\t\t\t\t\t\t<div class=\"elementor-container elementor-column-gap-default\">\n\t\t\t\t\t<div class=\"elementor-column elementor-col-33 elementor-inner-column elementor-element elementor-element-62b7cf24\" data-id=\"62b7cf24\" data-element_type=\"column\" data-e-type=\"column\">\n\t\t\t<div class=\"elementor-widget-wrap elementor-element-populated\">\n\t\t\t\t\t\t<div class=\"elementor-element elementor-element-58501ea5 elementor-widget elementor-widget-image\" data-id=\"58501ea5\" data-element_type=\"widget\" data-e-type=\"widget\" data-widget_type=\"image.default\">\n\t\t\t\t<div class=\"elementor-widget-container\">\n\t\t\t\t\t\t\t\t\t\t\t\t\t\t\t<img fetchpriority=\"high\" decoding=\"async\" width=\"520\" height=\"676\" src=\"https:\/\/ssscorp.org\/wp-content\/uploads\/2025\/03\/screen-shot-2021-01-26-at-10-40-46-am_orig.png\" class=\"attachment-large size-large wp-image-12156\" alt=\"\" srcset=\"https:\/\/ssscorp.org\/wp-content\/uploads\/2025\/03\/screen-shot-2021-01-26-at-10-40-46-am_orig.png 520w, https:\/\/ssscorp.org\/wp-content\/uploads\/2025\/03\/screen-shot-2021-01-26-at-10-40-46-am_orig-231x300.png 231w\" sizes=\"(max-width: 520px) 100vw, 520px\" \/>\t\t\t\t\t\t\t\t\t\t\t\t\t\t\t<\/div>\n\t\t\t\t<\/div>\n\t\t\t\t<div class=\"elementor-element elementor-element-6d1188f9 elementor-widget elementor-widget-heading\" data-id=\"6d1188f9\" data-element_type=\"widget\" data-e-type=\"widget\" data-widget_type=\"heading.default\">\n\t\t\t\t<div class=\"elementor-widget-container\">\n\t\t\t\t\t<h2 class=\"elementor-heading-title elementor-size-default\">Catherine Bargen<\/h2>\t\t\t\t<\/div>\n\t\t\t\t<\/div>\n\t\t\t\t<div class=\"elementor-element elementor-element-52729dfd elementor-widget elementor-widget-text-editor\" data-id=\"52729dfd\" data-element_type=\"widget\" data-e-type=\"widget\" data-widget_type=\"text-editor.default\">\n\t\t\t\t<div class=\"elementor-widget-container\">\n\t\t\t\t\t\t\t\t\t<p>Catherine Bargen lavora con le comunit\u00e0 per sviluppare programmi di giustizia riparativa da oltre 20 anni. Lavorando in tutto il Canada e a livello internazionale, \u00e8 consulente, formatrice e facilitatrice di processi di giustizia riparativa e di trasformazione dei conflitti per scuole, comunit\u00e0 di fede, comunit\u00e0 indigene, organizzazioni governative e non governative. Prima di fondare Just Outcomes, Catherine ha lavorato per 9 anni come coordinatore della giustizia riparativa all&#8217;interno della Divisione Servizi alle Vittime e Prevenzione dei Crimini del Governo della British Columbia, in Canada. \u00c8 autrice e coautrice di numerose risorse sulla giustizia riparativa e nel 2019 \u00e8 stata insignita del premio per la sicurezza della comunit\u00e0 e la prevenzione del crimine della BC. Catherine ha conseguito un master in trasformazione dei conflitti presso il Center for Justice and Peacebuilding in Virginia, USA. Nel suo lavoro ha uno stile allegro, ma allo stesso tempo offre la sua genuina attenzione e compassione per tutte le persone con cui lavora.     <\/p>\n\t\t\t\t\t\t\t\t<\/div>\n\t\t\t\t<\/div>\n\t\t\t\t\t<\/div>\n\t\t<\/div>\n\t\t\t\t<div class=\"elementor-column elementor-col-33 elementor-inner-column elementor-element elementor-element-15b352eb\" data-id=\"15b352eb\" data-element_type=\"column\" data-e-type=\"column\">\n\t\t\t<div class=\"elementor-widget-wrap elementor-element-populated\">\n\t\t\t\t\t\t<div class=\"elementor-element elementor-element-18bd54c1 elementor-widget elementor-widget-image\" data-id=\"18bd54c1\" data-element_type=\"widget\" data-e-type=\"widget\" data-widget_type=\"image.default\">\n\t\t\t\t<div class=\"elementor-widget-container\">\n\t\t\t\t\t\t\t\t\t\t\t\t\t\t\t<img decoding=\"async\" width=\"518\" height=\"676\" src=\"https:\/\/ssscorp.org\/wp-content\/uploads\/2025\/03\/screen-shot-2021-01-26-at-10-41-06-am_orig.png\" class=\"attachment-large size-large wp-image-12164\" alt=\"\" srcset=\"https:\/\/ssscorp.org\/wp-content\/uploads\/2025\/03\/screen-shot-2021-01-26-at-10-41-06-am_orig.png 518w, https:\/\/ssscorp.org\/wp-content\/uploads\/2025\/03\/screen-shot-2021-01-26-at-10-41-06-am_orig-230x300.png 230w\" sizes=\"(max-width: 518px) 100vw, 518px\" \/>\t\t\t\t\t\t\t\t\t\t\t\t\t\t\t<\/div>\n\t\t\t\t<\/div>\n\t\t\t\t<div class=\"elementor-element elementor-element-2032a85b elementor-widget elementor-widget-heading\" data-id=\"2032a85b\" data-element_type=\"widget\" data-e-type=\"widget\" data-widget_type=\"heading.default\">\n\t\t\t\t<div class=\"elementor-widget-container\">\n\t\t\t\t\t<h2 class=\"elementor-heading-title elementor-size-default\">Matthew Hartman<\/h2>\t\t\t\t<\/div>\n\t\t\t\t<\/div>\n\t\t\t\t<div class=\"elementor-element elementor-element-7144d1a6 elementor-widget elementor-widget-text-editor\" data-id=\"7144d1a6\" data-element_type=\"widget\" data-e-type=\"widget\" data-widget_type=\"text-editor.default\">\n\t\t\t\t<div class=\"elementor-widget-container\">\n\t\t\t\t\t\t\t\t\t<p>Matthew Hartman ha oltre 20 anni di esperienza multisettoriale come facilitatore, formatore, amministratore di programmi e consulente nell&#8217;ambito del movimento della giustizia riparativa negli Stati Uniti e in Canada. La sua esperienza comprende la facilitazione di processi di giustizia riparativa in contesti diversi, il lavoro nei settori no-profit e governativi per sviluppare e amministrare programmi di giustizia riparativa e la collaborazione con comunit\u00e0 e agenzie per allineare le loro risposte ai danni con valori umani riparativi e universali. Professionista dai grandi principi, Matthew ha una passione di lunga data per lo sviluppo umano e organizzativo. Combinando la sua curiosit\u00e0 e la sua empatia con eccezionali capacit\u00e0 organizzative e tecniche, Matthew offre un approccio potenziante e collaborativo al lavoro con le persone e i gruppi. Ha conseguito un Master in Trasformazione dei Conflitti.    <\/p>\n\t\t\t\t\t\t\t\t<\/div>\n\t\t\t\t<\/div>\n\t\t\t\t\t<\/div>\n\t\t<\/div>\n\t\t\t\t<div class=\"elementor-column elementor-col-33 elementor-inner-column elementor-element elementor-element-15ba2b6b\" data-id=\"15ba2b6b\" data-element_type=\"column\" data-e-type=\"column\">\n\t\t\t<div class=\"elementor-widget-wrap elementor-element-populated\">\n\t\t\t\t\t\t<div class=\"elementor-element elementor-element-365fa853 elementor-widget elementor-widget-image\" data-id=\"365fa853\" data-element_type=\"widget\" data-e-type=\"widget\" data-widget_type=\"image.default\">\n\t\t\t\t<div class=\"elementor-widget-container\">\n\t\t\t\t\t\t\t\t\t\t\t\t\t\t\t<img loading=\"lazy\" decoding=\"async\" width=\"528\" height=\"680\" src=\"https:\/\/ssscorp.org\/wp-content\/uploads\/2025\/03\/screen-shot-2021-01-26-at-10-41-21-am_orig.png\" class=\"attachment-large size-large wp-image-12172\" alt=\"\" srcset=\"https:\/\/ssscorp.org\/wp-content\/uploads\/2025\/03\/screen-shot-2021-01-26-at-10-41-21-am_orig.png 528w, https:\/\/ssscorp.org\/wp-content\/uploads\/2025\/03\/screen-shot-2021-01-26-at-10-41-21-am_orig-233x300.png 233w\" sizes=\"(max-width: 528px) 100vw, 528px\" \/>\t\t\t\t\t\t\t\t\t\t\t\t\t\t\t<\/div>\n\t\t\t\t<\/div>\n\t\t\t\t<div class=\"elementor-element elementor-element-49b1f460 elementor-widget elementor-widget-heading\" data-id=\"49b1f460\" data-element_type=\"widget\" data-e-type=\"widget\" data-widget_type=\"heading.default\">\n\t\t\t\t<div class=\"elementor-widget-container\">\n\t\t\t\t\t<h2 class=\"elementor-heading-title elementor-size-default\">Aaron Lyons<\/h2>\t\t\t\t<\/div>\n\t\t\t\t<\/div>\n\t\t\t\t<div class=\"elementor-element elementor-element-266bab01 elementor-widget elementor-widget-text-editor\" data-id=\"266bab01\" data-element_type=\"widget\" data-e-type=\"widget\" data-widget_type=\"text-editor.default\">\n\t\t\t\t<div class=\"elementor-widget-container\">\n\t\t\t\t\t\t\t\t\t<p>Aaron Lyons \u00e8 un esperto e appassionato costruttore di pace e specialista di giustizia riparativa con 17 anni di servizio internazionale nella facilitazione, consulenza, coaching e formazione. Ha conseguito un Master in Trasformazione dei Conflitti presso il Center for Justice and Peacebuilding, in Virginia, e vanta anni di pratica di facilitazione nel dialogo riparativo in seguito a crimini e traumi. Aaron supporta una serie di agenzie governative e non governative nella progettazione e nell&#8217;implementazione di approcci orientati ai valori, informati sui traumi e culturalmente sensibili per affrontare conflitti, danni e ingiustizie. Crede fermamente nella capacit\u00e0 delle persone di crescere e scoprire i propri modi creativi per superare anche le esperienze di vita pi\u00f9 difficili. Facilitatore, scrittore e istruttore naturale, Aaron porta una presenza perspicace, coinvolgente e costante in tutto il suo lavoro.    <\/p>\n\t\t\t\t\t\t\t\t<\/div>\n\t\t\t\t<\/div>\n\t\t\t\t\t<\/div>\n\t\t<\/div>\n\t\t\t\t\t<\/div>\n\t\t<\/section>\n\t\t\t\t\t<\/div>\n\t\t<\/div>\n\t\t\t\t\t<\/div>\n\t\t<\/section>\n\t\t\t\t<\/div>\n\t\t","protected":false},"excerpt":{"rendered":"<p>Risultati giusti Just Outcomes \u00e8 un team di consulenti di giustizia riparativa che lavora con i leader delle comunit\u00e0 e delle organizzazioni per costruire e migliorare i sistemi di sicurezza, giustizia e responsabilit\u00e0 della comunit\u00e0. Just Outcomes \u00e8 specializzata nel raggiungimento di risultati che supportano la leadership collettiva e incorporano le intuizioni, le aspirazioni e [&#8230;]\n","protected":false},"author":1,"featured_media":0,"parent":6963,"menu_order":0,"comment_status":"closed","ping_status":"closed","template":"elementor_header_footer","meta":{"iawp_total_views":2,"footnotes":""},"class_list":["post-12326","page","type-page","status-publish","hentry"],"_links":{"self":[{"href":"https:\/\/ssscorp.org\/it\/wp-json\/wp\/v2\/pages\/12326","targetHints":{"allow":["GET"]}}],"collection":[{"href":"https:\/\/ssscorp.org\/it\/wp-json\/wp\/v2\/pages"}],"about":[{"href":"https:\/\/ssscorp.org\/it\/wp-json\/wp\/v2\/types\/page"}],"author":[{"embeddable":true,"href":"https:\/\/ssscorp.org\/it\/wp-json\/wp\/v2\/users\/1"}],"replies":[{"embeddable":true,"href":"https:\/\/ssscorp.org\/it\/wp-json\/wp\/v2\/comments?post=12326"}],"version-history":[{"count":3,"href":"https:\/\/ssscorp.org\/it\/wp-json\/wp\/v2\/pages\/12326\/revisions"}],"predecessor-version":[{"id":12628,"href":"https:\/\/ssscorp.org\/it\/wp-json\/wp\/v2\/pages\/12326\/revisions\/12628"}],"up":[{"embeddable":true,"href":"https:\/\/ssscorp.org\/it\/wp-json\/wp\/v2\/pages\/6963"}],"wp:attachment":[{"href":"https:\/\/ssscorp.org\/it\/wp-json\/wp\/v2\/media?parent=12326"}],"curies":[{"name":"wp","href":"https:\/\/api.w.org\/{rel}","templated":true}]}}