{"id":6959,"date":"2023-08-28T16:51:50","date_gmt":"2023-08-28T16:51:50","guid":{"rendered":"https:\/\/ssscorp.org\/le-projet-de-reconciliation-compatissante\/"},"modified":"2025-03-09T22:36:10","modified_gmt":"2025-03-09T22:36:10","slug":"le-projet-de-reconciliation-compatissante","status":"publish","type":"page","link":"https:\/\/ssscorp.org\/fr\/le-projet-de-reconciliation-compatissante\/","title":{"rendered":"Le projet de r\u00e9conciliation compatissante"},"content":{"rendered":"\n\n  <div class=\"banner has-hover has-parallax\" id=\"banner-595754375\">\n          <div class=\"banner-inner fill\">\n        <div class=\"banner-bg fill\" data-parallax=\"-3\" data-parallax-container=\".banner\" data-parallax-background>\n            <div class=\"bg fill bg-fill \"><\/div>\n                        <div class=\"overlay\"><\/div>            \n                    <\/div>\n\t\t\n        <div class=\"banner-layers container\">\n            <div class=\"fill banner-link\"><\/div>            \n\n   <div id=\"text-box-1729907879\" class=\"text-box banner-layer x50 md-x50 lg-x50 y50 md-y50 lg-y50 res-text\">\n                                <div class=\"text-box-content text dark\">\n              \n              <div class=\"text-inner text-center\">\n                  \n\n<h3 class=\"uppercase\"><strong>Le projet de r\u00e9conciliation compatissante<\/strong><\/h3>\n\n              <\/div>\n           <\/div>\n                            \n<style>\n#text-box-1729907879 {\n  width: 60%;\n}\n#text-box-1729907879 .text-box-content {\n  font-size: 100%;\n}\n<\/style>\n    <\/div>\n \n\n        <\/div>\n      <\/div>\n\n            \n<style>\n#banner-595754375 {\n  padding-top: 300px;\n}\n#banner-595754375 .bg.bg-loaded {\n  background-image: url(https:\/\/ssscorp.org\/wp-content\/uploads\/2022\/09\/Untitled-design-3-scaled-1.jpeg);\n}\n#banner-595754375 .overlay {\n  background-color: rgba(17, 33, 82, 0.855);\n}\n#banner-595754375 .ux-shape-divider--top svg {\n  height: 150px;\n  --divider-top-width: 100%;\n}\n#banner-595754375 .ux-shape-divider--bottom svg {\n  height: 150px;\n  --divider-width: 100%;\n}\n<\/style>\n  <\/div>\n\n\n\t<section class=\"section\" id=\"section_1942534495\">\n\t\t<div class=\"bg section-bg fill bg-fill  bg-loaded\" >\n\n\t\t\t\n\t\t\t\n\t\t\t\n\n\t\t<\/div>\n\n\t\t\n\n\t\t<div class=\"section-content relative\">\n\t\t\t\n\n<div class=\"row align-center\"  id=\"row-194617493\">\n\n\n\t<div id=\"col-518657592\" class=\"col small-12 large-12\"  >\n\t\t\t\t<div class=\"col-inner\"  >\n\t\t\t\n\t\t\t\n\n<h2>Le projet de r\u00e9conciliation compatissante<\/h2>\n<p><span style=\"font-weight: 400;\">Au d\u00e9but de l&#8217;ann\u00e9e 2020, les communaut\u00e9s mondiales 3HO, KRI et Sikh Dharma International ont entendu le douloureux partage d&#8217;exp\u00e9riences de pr\u00e9judice au sein de nos communaut\u00e9s, et en particulier de nos programmes pour la jeunesse et de nos \u00e9coles.<\/span><\/p>\n<p><span style=\"font-weight: 400;\">Le SSSC s&#8217;est engag\u00e9 dans une d\u00e9marche de r\u00e9conciliation compatissante, qui s&#8217;appuie sur les principes fondamentaux de la justice r\u00e9paratrice pour guider les processus de gu\u00e9rison de toutes les personnes touch\u00e9es. Le projet de r\u00e9conciliation compatissante vise \u00e0 reconna\u00eetre et \u00e0 r\u00e9parer les pr\u00e9judices subis tout en reconstruisant une communaut\u00e9 de confiance.<\/span><\/p>\n<p><span style=\"font-weight: 400;\">\u00c0 l&#8217;automne 2020, le SSSC a engag\u00e9 Just Outcomes, une soci\u00e9t\u00e9 de conseil en justice r\u00e9paratrice, qui s&#8217;est efforc\u00e9e de rencontrer des individus et des groupes au sein de notre communaut\u00e9 afin de mieux comprendre les divers besoins et exp\u00e9riences pr\u00e9sents. Ce processus d&#8217;apprentissage et d&#8217;\u00e9valuation a aid\u00e9 Just Outcomes \u00e0 comprendre ce qui pourrait \u00eatre n\u00e9cessaire pour r\u00e9pondre de mani\u00e8re significative aux besoins de reconnaissance et de gu\u00e9rison. Gr\u00e2ce \u00e0 cette mise en r\u00e9seau et \u00e0 l&#8217;\u00e9tablissement de relations, Just Outcomes a travaill\u00e9 en \u00e9troite collaboration avec nos partenaires actuels.<\/span><\/p>\n<p><span style=\"font-weight: 400;\">Les dirigeants des organisations et des communaut\u00e9s doivent renforcer les capacit\u00e9s et concevoir des voies vers la justice, le soutien et la gu\u00e9rison.<\/span><\/p>\n<p><span style=\"font-weight: 400;\">Une initiative importante du projet de r\u00e9conciliation compatissante a \u00e9t\u00e9 la cr\u00e9ation de la Commission de r\u00e9conciliation compatissante (CRC). Le CRC est un groupe diversifi\u00e9 qui tient compte des nombreuses voix, des besoins et des perspectives qui existent dans notre communaut\u00e9. La structure actuelle du CRC consiste en une s\u00e9rie d&#8217;\u00e9quipes consultatives travaillant aux c\u00f4t\u00e9s du CRC principal, qui est compos\u00e9 de repr\u00e9sentants de chaque \u00e9quipe consultative.<\/span><\/p>\n<p><span style=\"font-weight: 400;\">Cliquez ici pour plus d&#8217;informations sur le projet : <\/span><a href=\"https:\/\/ssscorp.org\/fr\/le-projet-de-reconciliation-compatissante\/crc-test\/\"><span style=\"font-weight: 400;\">https:\/\/ssscorp.org\/the-compassionate-reconciliation-project\/crp-about\/<\/span><\/a><\/p>\n\n\n\t\t<\/div>\n\t\t\t\t\t<\/div>\n\n\t\n\n<\/div>\n\n\t\t<\/div>\n\n\t\t\n<style>\n#section_1942534495 {\n  padding-top: 30px;\n  padding-bottom: 30px;\n}\n#section_1942534495 .ux-shape-divider--top svg {\n  height: 150px;\n  --divider-top-width: 100%;\n}\n#section_1942534495 .ux-shape-divider--bottom svg {\n  height: 150px;\n  --divider-width: 100%;\n}\n<\/style>\n\t<\/section>\n\t\n\n","protected":false},"excerpt":{"rendered":"","protected":false},"author":2,"featured_media":0,"parent":0,"menu_order":0,"comment_status":"closed","ping_status":"closed","template":"page-blank.php","meta":{"iawp_total_views":1,"footnotes":""},"class_list":["post-6959","page","type-page","status-publish","hentry"],"_links":{"self":[{"href":"https:\/\/ssscorp.org\/fr\/wp-json\/wp\/v2\/pages\/6959","targetHints":{"allow":["GET"]}}],"collection":[{"href":"https:\/\/ssscorp.org\/fr\/wp-json\/wp\/v2\/pages"}],"about":[{"href":"https:\/\/ssscorp.org\/fr\/wp-json\/wp\/v2\/types\/page"}],"author":[{"embeddable":true,"href":"https:\/\/ssscorp.org\/fr\/wp-json\/wp\/v2\/users\/2"}],"replies":[{"embeddable":true,"href":"https:\/\/ssscorp.org\/fr\/wp-json\/wp\/v2\/comments?post=6959"}],"version-history":[{"count":4,"href":"https:\/\/ssscorp.org\/fr\/wp-json\/wp\/v2\/pages\/6959\/revisions"}],"predecessor-version":[{"id":12837,"href":"https:\/\/ssscorp.org\/fr\/wp-json\/wp\/v2\/pages\/6959\/revisions\/12837"}],"wp:attachment":[{"href":"https:\/\/ssscorp.org\/fr\/wp-json\/wp\/v2\/media?parent=6959"}],"curies":[{"name":"wp","href":"https:\/\/api.w.org\/{rel}","templated":true}]}}