{"id":6927,"date":"2023-08-28T16:49:53","date_gmt":"2023-08-28T16:49:53","guid":{"rendered":"https:\/\/ssscorp.org\/inclusion-diversite-equite-et-accessibilite-idea-au-csst-2\/"},"modified":"2025-07-29T19:24:47","modified_gmt":"2025-07-29T19:24:47","slug":"inclusion-diversite-equite-et-accessibilite-idea-au-csst-2","status":"publish","type":"page","link":"https:\/\/ssscorp.org\/fr\/inclusion-diversite-equite-et-accessibilite-idea-au-csst-2\/","title":{"rendered":"Programme ind\u00e9pendant de gu\u00e9rison et de r\u00e9paration (IHRP) pour la communaut\u00e9 du dharma sikh"},"content":{"rendered":"\n\n  <div class=\"banner has-hover has-parallax\" id=\"banner-1019042657\">\n          <div class=\"banner-inner fill\">\n        <div class=\"banner-bg fill\" data-parallax=\"-3\" data-parallax-container=\".banner\" data-parallax-background>\n            <div class=\"bg fill bg-fill \"><\/div>\n                        <div class=\"overlay\"><\/div>            \n                    <\/div>\n\t\t\n        <div class=\"banner-layers container\">\n            <div class=\"fill banner-link\"><\/div>            \n\n   <div id=\"text-box-1443285705\" class=\"text-box banner-layer x50 md-x50 lg-x50 y50 md-y50 lg-y50 res-text\">\n                                <div class=\"text-box-content text dark\">\n              \n              <div class=\"text-inner text-center\">\n                  \n\n<h3 class=\"uppercase\"><strong>Independent Healing and Reparations Program (IHRP) for the 3HO\/Sikh Dharma Community<\/strong><\/h3>\n\n              <\/div>\n           <\/div>\n                            \n<style>\n#text-box-1443285705 {\n  width: 60%;\n}\n#text-box-1443285705 .text-box-content {\n  font-size: 100%;\n}\n<\/style>\n    <\/div>\n \n\n        <\/div>\n      <\/div>\n\n            \n<style>\n#banner-1019042657 {\n  padding-top: 300px;\n}\n#banner-1019042657 .bg.bg-loaded {\n  background-image: url(https:\/\/ssscorp.org\/wp-content\/uploads\/2022\/09\/Untitled-design-3-scaled-1.jpeg);\n}\n#banner-1019042657 .overlay {\n  background-color: rgba(17, 33, 82, 0.855);\n}\n#banner-1019042657 .ux-shape-divider--top svg {\n  height: 150px;\n  --divider-top-width: 100%;\n}\n#banner-1019042657 .ux-shape-divider--bottom svg {\n  height: 150px;\n  --divider-width: 100%;\n}\n<\/style>\n  <\/div>\n\n\n\t<section class=\"section\" id=\"section_732828439\">\n\t\t<div class=\"bg section-bg fill bg-fill  bg-loaded\" >\n\n\t\t\t\n\t\t\t\n\t\t\t\n\n\t\t<\/div>\n\n\t\t\n\n\t\t<div class=\"section-content relative\">\n\t\t\t\n\n<div class=\"row align-center\"  id=\"row-1149391085\">\n\n\n\t<div id=\"col-1395462305\" class=\"col small-12 large-12\"  >\n\t\t\t\t<div class=\"col-inner\"  >\n\t\t\t\n\t\t\t\n\n<h2>Independent Healing and Reparations Program (IHRP) for the 3HO\/Sikh Dharma Community<\/h2>\n<p>\u00a0<\/p>\n<p><span style=\"font-weight: 400;\">July 28, 2025<\/span><\/p>\n<p><strong>IHRP Closure Statement\u00a0<\/strong><\/p>\n<p>Click here to view the <a href=\"https:\/\/drive.google.com\/file\/d\/1gKjEGoVYP_DUtTYH_k4ZgVsldyJpD6In\/view?usp=sharing\"><span style=\"font-weight: 400;\" data-rich-links=\"{&quot;fple-t&quot;:&quot;IHRP Closing Statement.pdf&quot;,&quot;fple-u&quot;:&quot;https:\/\/drive.google.com\/file\/d\/1gKjEGoVYP_DUtTYH_k4ZgVsldyJpD6In\/view?usp=sharing&quot;,&quot;fple-mt&quot;:&quot;application\/pdf&quot;,&quot;type&quot;:&quot;first-party-link&quot;}\">IHRP Closing Statement.pdf<\/span><\/a><\/p>\n\n\t\t<\/div>\n\t\t\t\t\t<\/div>\n\n\t\n\n<\/div>\n\n\t\t<\/div>\n\n\t\t\n<style>\n#section_732828439 {\n  padding-top: 30px;\n  padding-bottom: 30px;\n}\n#section_732828439 .ux-shape-divider--top svg {\n  height: 150px;\n  --divider-top-width: 100%;\n}\n#section_732828439 .ux-shape-divider--bottom svg {\n  height: 150px;\n  --divider-width: 100%;\n}\n<\/style>\n\t<\/section>\n\t\n\n","protected":false},"excerpt":{"rendered":"","protected":false},"author":2,"featured_media":0,"parent":0,"menu_order":0,"comment_status":"closed","ping_status":"closed","template":"page-blank.php","meta":{"iawp_total_views":8,"footnotes":""},"class_list":["post-6927","page","type-page","status-publish","hentry"],"_links":{"self":[{"href":"https:\/\/ssscorp.org\/fr\/wp-json\/wp\/v2\/pages\/6927","targetHints":{"allow":["GET"]}}],"collection":[{"href":"https:\/\/ssscorp.org\/fr\/wp-json\/wp\/v2\/pages"}],"about":[{"href":"https:\/\/ssscorp.org\/fr\/wp-json\/wp\/v2\/types\/page"}],"author":[{"embeddable":true,"href":"https:\/\/ssscorp.org\/fr\/wp-json\/wp\/v2\/users\/2"}],"replies":[{"embeddable":true,"href":"https:\/\/ssscorp.org\/fr\/wp-json\/wp\/v2\/comments?post=6927"}],"version-history":[{"count":7,"href":"https:\/\/ssscorp.org\/fr\/wp-json\/wp\/v2\/pages\/6927\/revisions"}],"predecessor-version":[{"id":13896,"href":"https:\/\/ssscorp.org\/fr\/wp-json\/wp\/v2\/pages\/6927\/revisions\/13896"}],"wp:attachment":[{"href":"https:\/\/ssscorp.org\/fr\/wp-json\/wp\/v2\/media?parent=6927"}],"curies":[{"name":"wp","href":"https:\/\/api.w.org\/{rel}","templated":true}]}}