{"id":6869,"date":"2023-08-28T16:36:52","date_gmt":"2023-08-28T16:36:52","guid":{"rendered":"https:\/\/ssscorp.org\/commission-des-droits-de-la-personne-2\/"},"modified":"2024-09-20T15:13:29","modified_gmt":"2024-09-20T15:13:29","slug":"commission-des-droits-de-la-personne-2","status":"publish","type":"page","link":"https:\/\/ssscorp.org\/fr\/commission-des-droits-de-la-personne-2\/","title":{"rendered":"Groupe de travail sur les demandes non mon\u00e9taires de l&#8217;IHRP"},"content":{"rendered":"\n\n  <div class=\"banner has-hover has-parallax\" id=\"banner-1003251391\">\n          <div class=\"banner-inner fill\">\n        <div class=\"banner-bg fill\" data-parallax=\"-3\" data-parallax-container=\".banner\" data-parallax-background>\n            <div class=\"bg fill bg-fill \"><\/div>\n                        <div class=\"overlay\"><\/div>            \n                    <\/div>\n\t\t\n        <div class=\"banner-layers container\">\n            <div class=\"fill banner-link\"><\/div>            \n\n   <div id=\"text-box-2015146877\" class=\"text-box banner-layer x50 md-x50 lg-x50 y50 md-y50 lg-y50 res-text\">\n                                <div class=\"text-box-content text dark\">\n              \n              <div class=\"text-inner text-center\">\n                  \n\n<h3 class=\"uppercase\"><strong>Groupe de travail sur les demandes non mon\u00e9taires de l&#8217;IHRP<\/strong><\/h3>\n\n              <\/div>\n           <\/div>\n                            \n<style>\n#text-box-2015146877 {\n  width: 60%;\n}\n#text-box-2015146877 .text-box-content {\n  font-size: 100%;\n}\n<\/style>\n    <\/div>\n \n\n        <\/div>\n      <\/div>\n\n            \n<style>\n#banner-1003251391 {\n  padding-top: 300px;\n}\n#banner-1003251391 .bg.bg-loaded {\n  background-image: url(https:\/\/ssscorp.org\/wp-content\/uploads\/2022\/09\/Untitled-design-3-scaled-1.jpeg);\n}\n#banner-1003251391 .overlay {\n  background-color: rgba(17, 33, 82, 0.855);\n}\n#banner-1003251391 .ux-shape-divider--top svg {\n  height: 150px;\n  --divider-top-width: 100%;\n}\n#banner-1003251391 .ux-shape-divider--bottom svg {\n  height: 150px;\n  --divider-width: 100%;\n}\n<\/style>\n  <\/div>\n\n\n\t<section class=\"section\" id=\"section_1465408992\">\n\t\t<div class=\"bg section-bg fill bg-fill  bg-loaded\" >\n\n\t\t\t\n\t\t\t\n\t\t\t\n\n\t\t<\/div>\n\n\t\t\n\n\t\t<div class=\"section-content relative\">\n\t\t\t\n\n<div class=\"row align-center\"  id=\"row-128064591\">\n\n\n\t<div id=\"col-286488374\" class=\"col small-12 large-12\"  >\n\t\t\t\t<div class=\"col-inner\"  >\n\t\t\t\n\t\t\t\n\n<h2>Groupe de travail sur les demandes non mon\u00e9taires de l&#8217;IHRP<\/h2>\n<p>Le 7 juin 2023, le CSSS a cr\u00e9\u00e9 un groupe de travail sur les demandes non mon\u00e9taires charg\u00e9 d&#8217;\u00e9valuer les demandes non mon\u00e9taires des participants \u00e0 l&#8217;IHRP et de pr\u00e9senter au conseil d&#8217;administration ses conclusions et recommandations concernant ces demandes. Les demandes non mon\u00e9taires ont \u00e9t\u00e9 compil\u00e9es et communiqu\u00e9es \u00e0 la task force par Lynn Shiner, la facilitatrice de l&#8217;IHRP, l&#8217;anonymat des personnes \u00e9tant soigneusement pr\u00e9serv\u00e9. Il comprend plus d&#8217;un millier de demandes non mon\u00e9taires.<br><a href=\"https:\/\/epsweb.org\/reparations-faq\/\" target=\"_blank\" rel=\"noopener\">Programme ind\u00e9pendant de gu\u00e9rison et de r\u00e9paration (IHRP).  <\/a><\/p>\n<p> <\/p>\n\n\t\t<\/div>\n\t\t\t\t\t<\/div>\n\n\t\n\n<\/div>\n\n\t\t<\/div>\n\n\t\t\n<style>\n#section_1465408992 {\n  padding-top: 30px;\n  padding-bottom: 30px;\n}\n#section_1465408992 .ux-shape-divider--top svg {\n  height: 150px;\n  --divider-top-width: 100%;\n}\n#section_1465408992 .ux-shape-divider--bottom svg {\n  height: 150px;\n  --divider-width: 100%;\n}\n<\/style>\n\t<\/section>\n\t\n\n","protected":false},"excerpt":{"rendered":"","protected":false},"author":2,"featured_media":0,"parent":0,"menu_order":0,"comment_status":"closed","ping_status":"closed","template":"page-blank.php","meta":{"iawp_total_views":1,"footnotes":""},"class_list":["post-6869","page","type-page","status-publish","hentry"],"_links":{"self":[{"href":"https:\/\/ssscorp.org\/fr\/wp-json\/wp\/v2\/pages\/6869","targetHints":{"allow":["GET"]}}],"collection":[{"href":"https:\/\/ssscorp.org\/fr\/wp-json\/wp\/v2\/pages"}],"about":[{"href":"https:\/\/ssscorp.org\/fr\/wp-json\/wp\/v2\/types\/page"}],"author":[{"embeddable":true,"href":"https:\/\/ssscorp.org\/fr\/wp-json\/wp\/v2\/users\/2"}],"replies":[{"embeddable":true,"href":"https:\/\/ssscorp.org\/fr\/wp-json\/wp\/v2\/comments?post=6869"}],"version-history":[{"count":4,"href":"https:\/\/ssscorp.org\/fr\/wp-json\/wp\/v2\/pages\/6869\/revisions"}],"predecessor-version":[{"id":10880,"href":"https:\/\/ssscorp.org\/fr\/wp-json\/wp\/v2\/pages\/6869\/revisions\/10880"}],"wp:attachment":[{"href":"https:\/\/ssscorp.org\/fr\/wp-json\/wp\/v2\/media?parent=6869"}],"curies":[{"name":"wp","href":"https:\/\/api.w.org\/{rel}","templated":true}]}}