{"id":6841,"date":"2023-08-28T16:33:01","date_gmt":"2023-08-28T16:33:01","guid":{"rendered":"https:\/\/ssscorp.org\/programmes-de-conseil-2\/"},"modified":"2024-09-20T15:11:52","modified_gmt":"2024-09-20T15:11:52","slug":"programmes-de-conseil-2","status":"publish","type":"page","link":"https:\/\/ssscorp.org\/fr\/programmes-de-conseil-2\/","title":{"rendered":"Programmes de conseil"},"content":{"rendered":"\n\n  <div class=\"banner has-hover has-parallax\" id=\"banner-1525935226\">\n          <div class=\"banner-inner fill\">\n        <div class=\"banner-bg fill\" data-parallax=\"-3\" data-parallax-container=\".banner\" data-parallax-background>\n            <div class=\"bg fill bg-fill \"><\/div>\n                        <div class=\"overlay\"><\/div>            \n                    <\/div>\n\t\t\n        <div class=\"banner-layers container\">\n            <div class=\"fill banner-link\"><\/div>            \n\n   <div id=\"text-box-1651509664\" class=\"text-box banner-layer x50 md-x50 lg-x50 y50 md-y50 lg-y50 res-text\">\n                                <div class=\"text-box-content text dark\">\n              \n              <div class=\"text-inner text-center\">\n                  \n\n<h3 class=\"uppercase\"><strong>Programmes de conseil<\/strong><\/h3>\n\n              <\/div>\n           <\/div>\n                            \n<style>\n#text-box-1651509664 {\n  width: 60%;\n}\n#text-box-1651509664 .text-box-content {\n  font-size: 100%;\n}\n<\/style>\n    <\/div>\n \n\n        <\/div>\n      <\/div>\n\n            \n<style>\n#banner-1525935226 {\n  padding-top: 300px;\n}\n#banner-1525935226 .bg.bg-loaded {\n  background-image: url(https:\/\/ssscorp.org\/wp-content\/uploads\/2022\/09\/Untitled-design-3-scaled-1.jpeg);\n}\n#banner-1525935226 .overlay {\n  background-color: rgba(17, 33, 82, 0.855);\n}\n#banner-1525935226 .ux-shape-divider--top svg {\n  height: 150px;\n  --divider-top-width: 100%;\n}\n#banner-1525935226 .ux-shape-divider--bottom svg {\n  height: 150px;\n  --divider-width: 100%;\n}\n<\/style>\n  <\/div>\n\n\n\t<section class=\"section\" id=\"section_813775655\">\n\t\t<div class=\"bg section-bg fill bg-fill  bg-loaded\" >\n\n\t\t\t\n\t\t\t\n\t\t\t\n\n\t\t<\/div>\n\n\t\t\n\n\t\t<div class=\"section-content relative\">\n\t\t\t\n\n<div class=\"row align-center\"  id=\"row-1047914746\">\n\n\n\t<div id=\"col-1981524591\" class=\"col small-12 large-12\"  >\n\t\t\t\t<div class=\"col-inner\"  >\n\t\t\t\n\t\t\t\n\n<h2>Programmes de conseil<\/h2>\n<p>En r\u00e9ponse aux rapports de pr\u00e9judice, la Siri Singh Sahib Corporation a mis en place plusieurs programmes pour soutenir les membres de notre communaut\u00e9. \u00c0 partir de mars 2020, des programmes de remboursement des frais de conseil ont \u00e9t\u00e9 mis en place pour soutenir les membres de longue date de la communaut\u00e9 et les membres de la deuxi\u00e8me g\u00e9n\u00e9ration.  <\/p>\n<p>Ces programmes ont \u00e9t\u00e9 achev\u00e9s depuis.<\/p>\n\n\t\t<\/div>\n\t\t\t\t\t<\/div>\n\n\t\n\n<\/div>\n\n\t\t<\/div>\n\n\t\t\n<style>\n#section_813775655 {\n  padding-top: 30px;\n  padding-bottom: 30px;\n}\n#section_813775655 .ux-shape-divider--top svg {\n  height: 150px;\n  --divider-top-width: 100%;\n}\n#section_813775655 .ux-shape-divider--bottom svg {\n  height: 150px;\n  --divider-width: 100%;\n}\n<\/style>\n\t<\/section>\n\t\n\n","protected":false},"excerpt":{"rendered":"","protected":false},"author":2,"featured_media":0,"parent":0,"menu_order":0,"comment_status":"closed","ping_status":"closed","template":"page-blank.php","meta":{"iawp_total_views":3,"footnotes":""},"class_list":["post-6841","page","type-page","status-publish","hentry"],"_links":{"self":[{"href":"https:\/\/ssscorp.org\/fr\/wp-json\/wp\/v2\/pages\/6841","targetHints":{"allow":["GET"]}}],"collection":[{"href":"https:\/\/ssscorp.org\/fr\/wp-json\/wp\/v2\/pages"}],"about":[{"href":"https:\/\/ssscorp.org\/fr\/wp-json\/wp\/v2\/types\/page"}],"author":[{"embeddable":true,"href":"https:\/\/ssscorp.org\/fr\/wp-json\/wp\/v2\/users\/2"}],"replies":[{"embeddable":true,"href":"https:\/\/ssscorp.org\/fr\/wp-json\/wp\/v2\/comments?post=6841"}],"version-history":[{"count":3,"href":"https:\/\/ssscorp.org\/fr\/wp-json\/wp\/v2\/pages\/6841\/revisions"}],"predecessor-version":[{"id":10871,"href":"https:\/\/ssscorp.org\/fr\/wp-json\/wp\/v2\/pages\/6841\/revisions\/10871"}],"wp:attachment":[{"href":"https:\/\/ssscorp.org\/fr\/wp-json\/wp\/v2\/media?parent=6841"}],"curies":[{"name":"wp","href":"https:\/\/api.w.org\/{rel}","templated":true}]}}