{"id":2565,"date":"2022-09-02T15:48:13","date_gmt":"2022-09-02T15:48:13","guid":{"rendered":"https:\/\/ssscorp.org\/dossiers-de-presence-sssc-2\/"},"modified":"2026-03-17T13:51:01","modified_gmt":"2026-03-17T13:51:01","slug":"dossiers-de-presence-sssc-2","status":"publish","type":"page","link":"https:\/\/ssscorp.org\/fr\/dossiers-de-presence-sssc-2\/","title":{"rendered":"Dossiers de pr\u00e9sence SSSC"},"content":{"rendered":"\n\n  <div class=\"banner has-hover has-parallax\" id=\"banner-1224700826\">\n          <div class=\"banner-inner fill\">\n        <div class=\"banner-bg fill\" data-parallax=\"-3\" data-parallax-container=\".banner\" data-parallax-background>\n            <div class=\"bg fill bg-fill \"><\/div>\n                        <div class=\"overlay\"><\/div>            \n                    <\/div>\n\t\t\n        <div class=\"banner-layers container\">\n            <div class=\"fill banner-link\"><\/div>            \n\n   <div id=\"text-box-420907027\" class=\"text-box banner-layer x50 md-x50 lg-x50 y50 md-y50 lg-y50 res-text\">\n                                <div class=\"text-box-content text dark\">\n              \n              <div class=\"text-inner text-center\">\n                  \n\n<h3 class=\"uppercase\"><strong>Dossiers de pr\u00e9sence SSSC<\/strong><\/h3>\n<p>Les records de fr\u00e9quentation sont publi\u00e9s sur des p\u00e9riodes de 6 mois, de janvier \u00e0 juin et de juillet \u00e0 d\u00e9cembre de chaque ann\u00e9e.\u200b<\/p>\n\n\n              <\/div>\n           <\/div>\n                            \n<style>\n#text-box-420907027 {\n  width: 83%;\n}\n#text-box-420907027 .text-box-content {\n  font-size: 100%;\n}\n<\/style>\n    <\/div>\n \n\n        <\/div>\n      <\/div>\n\n            \n<style>\n#banner-1224700826 {\n  padding-top: 300px;\n}\n#banner-1224700826 .bg.bg-loaded {\n  background-image: url(https:\/\/ssscorp.org\/wp-content\/uploads\/2022\/09\/Untitled-design-3-scaled-1.jpeg);\n}\n#banner-1224700826 .overlay {\n  background-color: rgba(17, 33, 82, 0.855);\n}\n#banner-1224700826 .ux-shape-divider--top svg {\n  height: 150px;\n  --divider-top-width: 100%;\n}\n#banner-1224700826 .ux-shape-divider--bottom svg {\n  height: 150px;\n  --divider-width: 100%;\n}\n<\/style>\n  <\/div>\n\n\n\t<section class=\"section\" id=\"section_526116852\">\n\t\t<div class=\"bg section-bg fill bg-fill  bg-loaded\" >\n\n\t\t\t\n\t\t\t\n\t\t\t\n\n\t\t<\/div>\n\n\t\t\n\n\t\t<div class=\"section-content relative\">\n\t\t\t\n\n<div class=\"row\"  id=\"row-931126945\">\n\n\n\t<div id=\"col-572222157\" class=\"col medium-4 small-12 large-4\"  >\n\t\t\t\t<div class=\"col-inner\"  >\n\t\t\t\n\t\t\t\n\n<h2>2014<\/h2>\n<p><br>21 mai 2014 &#8211; 5 novembre 2014<br>6 novembre 2014 &#8211; 25 mars 2015<\/p>\n\n\t\t<\/div>\n\t\t\t\t\t<\/div>\n\n\t\n\n\t<div id=\"col-111890755\" class=\"col medium-4 small-12 large-4\"  >\n\t\t\t\t<div class=\"col-inner\"  >\n\t\t\t\n\t\t\t\n\n<h2>2015<\/h2>\n<p><br>26 mars 2015 &#8211; 2 septembre 2015<br>3 septembre 2015 &#8211; 31 d\u00e9cembre 2015<\/p>\n\n\t\t<\/div>\n\t\t\t\t\t<\/div>\n\n\t\n\n\t<div id=\"col-934955733\" class=\"col medium-4 small-12 large-4\"  >\n\t\t\t\t<div class=\"col-inner\"  >\n\t\t\t\n\t\t\t\n\n<h2>2016<\/h2>\n<p><br>1er janvier 2016 &#8211; 30 juin 2016<br>1er juillet 2016 &#8211; 31 d\u00e9cembre 2016<\/p>\n\n\t\t<\/div>\n\t\t\t\t\t<\/div>\n\n\t\n\n\t<div id=\"col-1110415563\" class=\"col medium-4 small-12 large-4\"  >\n\t\t\t\t<div class=\"col-inner\"  >\n\t\t\t\n\t\t\t\n\n<h2>2017<\/h2>\n<p><br>1er janvier 2017 &#8211; 30 juin 2017<br>1er juillet 2017 &#8211; 31 d\u00e9cembre 2017<\/p>\n\n\t\t<\/div>\n\t\t\t\t\t<\/div>\n\n\t\n\n\t<div id=\"col-1004113549\" class=\"col medium-4 small-12 large-4\"  >\n\t\t\t\t<div class=\"col-inner\"  >\n\t\t\t\n\t\t\t\n\n<h2>2018<\/h2>\n<p><br>1er janvier 2018 &#8211; 30 juin 2018<br>1er juillet 2019 &#8211; 31 d\u00e9cembre 2018<\/p>\n\n\t\t<\/div>\n\t\t\t\t\t<\/div>\n\n\t\n\n\t<div id=\"col-189862052\" class=\"col medium-4 small-12 large-4\"  >\n\t\t\t\t<div class=\"col-inner\"  >\n\t\t\t\n\t\t\t\n\n<h2>2019<\/h2>\n<p><br>1er janvier 2019 &#8211; 30 juin 2019<br>1er juillet 2019 &#8211; 31 d\u00e9cembre 2019<\/p>\n\n\t\t<\/div>\n\t\t\t\t\t<\/div>\n\n\t\n\n\t<div id=\"col-821309850\" class=\"col medium-4 small-12 large-4\"  >\n\t\t\t\t<div class=\"col-inner\"  >\n\t\t\t\n\t\t\t\n\n<h2>2020<\/h2>\n<p><br>1er janvier 2020 &#8211; 30 juin 2020<br>31 juillet 2021 &#8211; 31 d\u00e9cembre 2021<\/p>\n\n\t\t<\/div>\n\t\t\t\t\t<\/div>\n\n\t\n\n\t<div id=\"col-2012970248\" class=\"col medium-4 small-12 large-4\"  >\n\t\t\t\t<div class=\"col-inner\"  >\n\t\t\t\n\t\t\t\n\n<h2>2021<\/h2>\n<p><br>1er janvier 2021 &#8211; 30 juin 2021<br>1er juillet 2021 &#8211; 31 d\u00e9cembre 2021<\/p>\n\n\t\t<\/div>\n\t\t\t\t\t<\/div>\n\n\t\n\n<\/div>\n\n\t\t<\/div>\n\n\t\t\n<style>\n#section_526116852 {\n  padding-top: 30px;\n  padding-bottom: 30px;\n}\n#section_526116852 .ux-shape-divider--top svg {\n  height: 150px;\n  --divider-top-width: 100%;\n}\n#section_526116852 .ux-shape-divider--bottom svg {\n  height: 150px;\n  --divider-width: 100%;\n}\n<\/style>\n\t<\/section>\n\t\n\n","protected":false},"excerpt":{"rendered":"","protected":false},"author":1,"featured_media":0,"parent":0,"menu_order":0,"comment_status":"closed","ping_status":"closed","template":"page-blank.php","meta":{"iawp_total_views":1,"footnotes":""},"class_list":["post-2565","page","type-page","status-publish","hentry"],"_links":{"self":[{"href":"https:\/\/ssscorp.org\/fr\/wp-json\/wp\/v2\/pages\/2565","targetHints":{"allow":["GET"]}}],"collection":[{"href":"https:\/\/ssscorp.org\/fr\/wp-json\/wp\/v2\/pages"}],"about":[{"href":"https:\/\/ssscorp.org\/fr\/wp-json\/wp\/v2\/types\/page"}],"author":[{"embeddable":true,"href":"https:\/\/ssscorp.org\/fr\/wp-json\/wp\/v2\/users\/1"}],"replies":[{"embeddable":true,"href":"https:\/\/ssscorp.org\/fr\/wp-json\/wp\/v2\/comments?post=2565"}],"version-history":[{"count":3,"href":"https:\/\/ssscorp.org\/fr\/wp-json\/wp\/v2\/pages\/2565\/revisions"}],"predecessor-version":[{"id":18060,"href":"https:\/\/ssscorp.org\/fr\/wp-json\/wp\/v2\/pages\/2565\/revisions\/18060"}],"wp:attachment":[{"href":"https:\/\/ssscorp.org\/fr\/wp-json\/wp\/v2\/media?parent=2565"}],"curies":[{"name":"wp","href":"https:\/\/api.w.org\/{rel}","templated":true}]}}