{"id":2525,"date":"2022-09-02T15:25:41","date_gmt":"2022-09-02T15:25:41","guid":{"rendered":"https:\/\/ssscorp.org\/election-du-sssc\/electeurs\/lettre-de-recommandation\/"},"modified":"2022-10-22T21:08:43","modified_gmt":"2022-10-22T21:08:43","slug":"lettre-de-recommandation","status":"publish","type":"page","link":"https:\/\/ssscorp.org\/fr\/election-du-sssc\/electeurs\/lettre-de-recommandation\/","title":{"rendered":"Lettre de recommandation"},"content":{"rendered":"\n\t<section class=\"section\" id=\"section_2083835325\">\n\t\t<div class=\"bg section-bg fill bg-fill  bg-loaded\" >\n\n\t\t\t\n\t\t\t\n\t\t\t\n\n\t\t<\/div>\n\n\t\t\n\n\t\t<div class=\"section-content relative\">\n\t\t\t\n\n<div class=\"row align-center\"  id=\"row-1135511265\">\n\n\n\t<div id=\"col-805036880\" class=\"col small-12 large-12\"  >\n\t\t\t\t<div class=\"col-inner text-left\"  >\n\t\t\t\n\t\t\t\n\n<h2 id=\"503784193199685412\" class=\"element wsite-content-title editable-text cke_editable cke_editable_inline cke_contents_ltr cke_show_borders cke_focus\" style=\"text-align: center;\" tabindex=\"0\" role=\"textbox\" contenteditable=\"true\" spellcheck=\"true\" aria-label=\"false\"><span style=\"color: #8d7824; font-size: 150%;\">Processus de recommandation 2022<\/span><br><span style=\"font-size: xx-large; color: #333333;\">pour ceux qui \u00e9crivent des recommandations aux \u00e9lecteurs<\/span><\/h2>\n\t<div id=\"gap-2027503578\" class=\"gap-element clearfix\" style=\"display:block; height:auto;\">\n\t\t\n<style>\n#gap-2027503578 {\n  padding-top: 30px;\n}\n<\/style>\n\t<\/div>\n\t\n\n\t<div id=\"text-3512353703\" class=\"text\">\n\t\t\n\n<h2><strong><span style=\"color: #8d7824;\">Pour les ministres, les membres du Conseil de Khalsa et les formateurs professionnels et principaux de l&#8217;ATA&nbsp;:<\/span><\/strong><\/h2>\n<p>Au cours du processus \u00e9lectoral, il se peut que l&#8217;on vous demande de fournir des recommandations de membres de la communaut\u00e9 qui souhaitent rejoindre l&#8217;\u00e9lectorat et devenir \u00e9lecteur. Pour ce faire, veuillez consulter les \u00e9l\u00e9ments suivants avant de remplir la recommandation en ligne&nbsp;:<\/p>\n<ol>\n<li>Veuillez consulter les exigences du candidat. Si l&#8217;\u00e9lecteur potentiel r\u00e9pond aux exigences, vous pouvez r\u00e9diger une lettre de recommandation.<\/li>\n<li>Vous ne pouvez \u00e9crire des lettres de recommandation que SI vous \u00eates l&#8217;un des suivants&nbsp;: un ministre en r\u00e8gle et un membre actif du Conseil de Khalsa ou un formateur principal actif\/professionnel de l&#8217;Acad\u00e9mie ATA. Si vous n&#8217;\u00eates pas s\u00fbr de votre statut dans les cat\u00e9gories ci-dessus, veuillez contacter l&#8217;organisation subsidiaire. <\/li>\n<li>Vous ne pouvez PAS r\u00e9diger de recommandation si vous \u00eates un membre de la famille de la personne qui postule. <\/li>\n<li><span style=\"color: #2a2a2a;\">Les candidats au SSSC ne peuvent pas r\u00e9diger de lettres de recommandation pour les personnes qui demandent \u00e0 faire partie de l&#8217;\u00e9lectorat. Si un recommandataire devient candidat apr\u00e8s avoir \u00e9crit une lettre de recommandation, la personne qui demande \u00e0 faire partie de l&#8217;\u00e9lectorat sera invit\u00e9e \u00e0 fournir une lettre suppl\u00e9mentaire.<\/span><\/li>\n<li> Nous n&#8217;accepterons PAS les lettres \u00e9crites\/PDF comme recommandation. Seules les recommandations EN LIGNE seront prises en compte. <\/li>\n<li>Vous pouvez remplir ce formulaire pour autant d&#8217;\u00e9lecteurs potentiels que possible. <\/li>\n<\/ol>\n<p><span style=\"color: #e14d43;\"><strong>Note \u00e0 l&#8217;intention des candidats potentiels  <\/strong><strong>recommandeurs : Vous devez \u00eatre en r\u00e8gle pour pouvoir recommander un \u00e9lecteur potentiel par le biais de ce processus de demande d&#8217;inscription. Veuillez contacter les entit\u00e9s correspondantes pour confirmer que vous \u00eates en r\u00e8gle avant de r\u00e9diger une recommandation. Le dernier jour pour pouvoir \u00eatre en r\u00e8gle est le <em style=\"text-decoration:underline\">13 septembre 2022, \u00e0 20 heures HNE,<\/em> pour pouvoir recommander un \u00e9lecteur potentiel.  <\/strong><\/span><\/p>\n\t\t\n<style>\n#text-3512353703 {\n  text-align: left;\n}\n<\/style>\n\t<\/div>\n\t\n<div class=\"row\"  id=\"row-1845759323\">\n\n\n\t<div id=\"col-1301091810\" class=\"col small-12 large-12\"  >\n\t\t\t\t<div class=\"col-inner\"  >\n\t\t\t\n\t\t\t\n\n\n\n<script>(function(t,e,s,n){var o,a,c;t.SMCX=t.SMCX||[],e.getElementById(n)||(o=e.getElementsByTagName(s),a=o[o.length-1],c=e.createElement(s),c.type=\"text\/javascript\",c.async=!0,c.id=n,c.src=\"https:\/\/widget.surveymonkey.com\/collect\/website\/js\/tRaiETqnLgj758hTBazgd1YkBlJMi2KW7b_2BiLPJX42My3wdyZqiA2ZcG4uSxdnkB.js\",a.parentNode.insertBefore(c,a))})(window,document,\"script\",\"smcx-sdk\");<\/script>\n\n\n\t\t<\/div>\n\t\t\t\t\t<\/div>\n\n\t\n\n<\/div>\n\n\t\t<\/div>\n\t\t\t\t\t<\/div>\n\n\t\n\n<\/div>\n\n\t\t<\/div>\n\n\t\t\n<style>\n#section_2083835325 {\n  padding-top: 30px;\n  padding-bottom: 30px;\n}\n#section_2083835325 .ux-shape-divider--top svg {\n  height: 150px;\n  --divider-top-width: 100%;\n}\n#section_2083835325 .ux-shape-divider--bottom svg {\n  height: 150px;\n  --divider-width: 100%;\n}\n<\/style>\n\t<\/section>\n\t\n\n","protected":false},"excerpt":{"rendered":"","protected":false},"author":1,"featured_media":0,"parent":2461,"menu_order":0,"comment_status":"closed","ping_status":"closed","template":"page-blank.php","meta":{"iawp_total_views":12,"footnotes":""},"class_list":["post-2525","page","type-page","status-publish","hentry"],"_links":{"self":[{"href":"https:\/\/ssscorp.org\/fr\/wp-json\/wp\/v2\/pages\/2525","targetHints":{"allow":["GET"]}}],"collection":[{"href":"https:\/\/ssscorp.org\/fr\/wp-json\/wp\/v2\/pages"}],"about":[{"href":"https:\/\/ssscorp.org\/fr\/wp-json\/wp\/v2\/types\/page"}],"author":[{"embeddable":true,"href":"https:\/\/ssscorp.org\/fr\/wp-json\/wp\/v2\/users\/1"}],"replies":[{"embeddable":true,"href":"https:\/\/ssscorp.org\/fr\/wp-json\/wp\/v2\/comments?post=2525"}],"version-history":[{"count":3,"href":"https:\/\/ssscorp.org\/fr\/wp-json\/wp\/v2\/pages\/2525\/revisions"}],"predecessor-version":[{"id":3052,"href":"https:\/\/ssscorp.org\/fr\/wp-json\/wp\/v2\/pages\/2525\/revisions\/3052"}],"up":[{"embeddable":true,"href":"https:\/\/ssscorp.org\/fr\/wp-json\/wp\/v2\/pages\/2461"}],"wp:attachment":[{"href":"https:\/\/ssscorp.org\/fr\/wp-json\/wp\/v2\/media?parent=2525"}],"curies":[{"name":"wp","href":"https:\/\/api.w.org\/{rel}","templated":true}]}}