{"id":2513,"date":"2022-09-02T15:26:40","date_gmt":"2022-09-02T15:26:40","guid":{"rendered":"https:\/\/ssscorp.org\/election-du-sssc\/electeurs\/nouveaux-electeurs\/"},"modified":"2022-10-20T15:24:30","modified_gmt":"2022-10-20T15:24:30","slug":"nouveaux-electeurs","status":"publish","type":"page","link":"https:\/\/ssscorp.org\/fr\/election-du-sssc\/electeurs\/nouveaux-electeurs\/","title":{"rendered":"Nouveaux \u00e9lecteurs"},"content":{"rendered":"\n\t<section class=\"section\" id=\"section_1226899515\">\n\t\t<div class=\"bg section-bg fill bg-fill  bg-loaded\" >\n\n\t\t\t\n\t\t\t\n\t\t\t\n\n\t\t<\/div>\n\n\t\t\n\n\t\t<div class=\"section-content relative\">\n\t\t\t\n\n<div class=\"row align-center\"  id=\"row-825870730\">\n\n\n\t<div id=\"col-1152901073\" class=\"col small-12 large-12\"  >\n\t\t\t\t<div class=\"col-inner text-left\"  >\n\t\t\t\n\t\t\t\n\n<h2 id=\"503784193199685412\" class=\"element wsite-content-title editable-text cke_editable cke_editable_inline cke_contents_ltr cke_show_borders cke_focus\" style=\"text-align: center;\" tabindex=\"0\" role=\"textbox\" contenteditable=\"true\" spellcheck=\"true\" aria-label=\"false\"><span style=\"color: #8d7824; font-size: 150%;\">Processus de candidature pour les nouveaux \u00e9lecteurs 2022<\/span><br><span style=\"font-size: xx-large; color: #333333;\">pour les NOUVEAUX \u00c9lecteurs<\/span><\/h2>\n\t<div id=\"text-1259448608\" class=\"text\">\n\t\t\n\n<h2><strong><span style=\"color: #8d7824;\">Pour les membres de la communaut\u00e9 qui souhaitent postuler pour devenir \u00e9lecteur, veuillez suivre ces \u00e9tapes&nbsp;:<\/span><\/strong><\/h2>\n<p><span style=\"color: #020202; font-size: large;\"><strong>Conditions de candidature : vous devez remplir les 4 conditions \u00e9num\u00e9r\u00e9es ci-dessous pour pouvoir voter<\/strong><\/span><\/p>\n<ol>\n<li>A prononc\u00e9 des v\u0153ux sikhs, ou est n\u00e9 ou a grandi en tant que sikh de parents membres de la communaut\u00e9 sikh Dharma \/ 3HO, ou a pratiqu\u00e9 le Kundalini Yoga pendant au moins 7 ann\u00e9es cons\u00e9cutives, et<\/li>\n<li>Est actuellement et a v\u00e9cu et pratiqu\u00e9 le style de vie Sikh Dharma \/ 3HO pendant au moins 7 ann\u00e9es cons\u00e9cutives, et<\/li>\n<li>Est actuellement et a \u00e9t\u00e9 un membre actif de la communaut\u00e9 Sikh Dharma\/3HO pendant au moins 7 ann\u00e9es cons\u00e9cutives, et<\/li>\n<li>N&#8217;est pas actuellement, et n&#8217;a jamais \u00e9t\u00e9 impliqu\u00e9 dans des activit\u00e9s, des organisations ou des communications qui nuisent, menacent ou d\u00e9forment les organisations h\u00e9rit\u00e9es (par exemple, ont une plainte EPS active, ont menac\u00e9 ou intent\u00e9 une action en justice contre une organisation h\u00e9rit\u00e9e ou ses employ\u00e9s, ont d\u00e9pos\u00e9 des plaintes aupr\u00e8s du SGPC ou d&#8217;autres organes directeurs sikhs au sujet d&#8217;une organisation sikh Dharma\/3HO).<\/li>\n<\/ol>\n<p><span style=\"font-size: 120%; color: #333333;\"><strong>Processus de demande<\/strong><\/span><\/p>\n<ol>\n<li>Remplissez la demande en ligne. Cette application sera disponible sur cette page \u00e0 partir du 25 mars 2022. La p\u00e9riode de candidature se termine le 13 septembre 2022 \u00e0 20 h HNE\/6 h HNR\/5 h HNP.<\/li>\n<li>Obtenez 3 lettres de recommandation de ministres en r\u00e8gle, de membres actifs du conseil Khalsa et \/ ou de formateurs actifs et professionnels de l&#8217;Acad\u00e9mie ATA. Vous aurez besoin des informations (nom, email et num\u00e9ro de t\u00e9l\u00e9phone) de vos trois recommandataires avant de commencer la candidature en ligne. <strong>Remarque&nbsp;:<\/strong> Les lettres de recommandation ne peuvent pas \u00eatre r\u00e9dig\u00e9es par des proches. Envoyez-leur<span style=\"font-size: 100%;\"> <a href=\"https:\/\/www.ssscorp.org\/recommendation-process.html\" target=\"_blank\" rel=\"noopener\"><strong>https:\/\/www.ssscorp.org\/recommendation-process.html<\/strong><\/a> <\/span>pour qu&#8217;ils remplissent la recommandation en ligne. AUCUNE LETTRE OU RECOMMANDATION PDF ne sera accept\u00e9e. Ils doivent remplir la recommandation en ligne.<\/li>\n<li><span style=\"color: #2a2a2a;\">Les candidats au SSSC ne peuvent pas r\u00e9diger de lettres de recommandation pour les personnes qui demandent \u00e0 faire partie de l&#8217;\u00e9lectorat. Si un recommandataire devient candidat apr\u00e8s avoir \u00e9crit une lettre de recommandation, la personne qui demande \u00e0 faire partie de l&#8217;\u00e9lectorat sera invit\u00e9e \u00e0 fournir une lettre suppl\u00e9mentaire.<\/span><\/li>\n<li>Les recommandations en ligne doivent \u00eatre soumises par les personnes qui les ont formul\u00e9es avant le 13 septembre 2022 \u00e0 20 h HNE\/6 h MST\/5 h PST.<\/li>\n<li>Votre demande sera envoy\u00e9e, examin\u00e9e et approuv\u00e9e par Armanino, la soci\u00e9t\u00e9 tierce qui supervise l&#8217;\u00e9lection.<\/li>\n<li>En cas d&#8217;approbation, vous recevrez alors une carte d&#8217;\u00e9lecteur le jour o\u00f9 vous voterez. <\/li>\n<\/ol>\n<p><strong>Remarque :<\/strong> si Armanino a besoin de plus d&#8217;informations pour votre candidature, il vous contactera par courrier \u00e9lectronique. Merci de r\u00e9pondre le plus rapidement possible. Les r\u00e9ponses doivent \u00eatre re\u00e7ues pendant la p\u00e9riode de candidature pour \u00eatre accept\u00e9es. Le d\u00e9faut de r\u00e9pondre dans le d\u00e9lai indiqu\u00e9 peut entra\u00eener le refus de votre candidature. <\/p>\n<p><span style=\"font-size: 120%; color: #333333;\"><strong>Appliquer<\/strong><\/span><\/p>\n<p><span style=\"color: #2a2a2a;\">La proc\u00e9dure de candidature pour les nouveaux membres de l&#8217;\u00e9lectorat d\u00e9bute le 25 mars 2022 et se termine le 13 septembre 2022 \u00e0 20h EST\/6h MST\/5h PST.  <br><br>POUR RAPPEL : Apr\u00e8s avoir rempli la lettre de candidature, veuillez envoyer ce lien  <\/span><a href=\"https:\/\/www.ssscorp.org\/recommendation-process.html\" target=\"_blank\" rel=\"noopener\"><span style=\"font-size: 100%;\"><strong>https:\/\/www.ssscorp.org\/recommendation-process.html<\/strong><\/span><\/a><span style=\"color: #2a2a2a;\"><a href=\"_wp_link_placeholder\"><span style=\"font-size: 100%;\"> <\/span><\/a>aux personnes qui r\u00e9digeront votre lettre de recommandation :  <\/span><\/p>\n\t\t\n<style>\n#text-1259448608 {\n  text-align: left;\n}\n<\/style>\n\t<\/div>\n\t\n<div class=\"row\"  id=\"row-935037752\">\n\n\n\t<div id=\"col-431402769\" class=\"col small-12 large-12\"  >\n\t\t\t\t<div class=\"col-inner\"  >\n\t\t\t\n\t\t\t\n\n\n\n<script>(function(t,e,s,n){var o,a,c;t.SMCX=t.SMCX||[],e.getElementById(n)||(o=e.getElementsByTagName(s),a=o[o.length-1],c=e.createElement(s),c.type=\"text\/javascript\",c.async=!0,c.id=n,c.src=\"https:\/\/widget.surveymonkey.com\/collect\/website\/js\/tRaiETqnLgj758hTBazgdxmwFJWsJD7oWfYGoQhbjFA_2FlnpCq2WIWempCoZLW5co.js\",a.parentNode.insertBefore(c,a))})(window,document,\"script\",\"smcx-sdk\");<\/script>\n\n\n\t\t<\/div>\n\t\t\t\t\t<\/div>\n\n\t\n\n<\/div>\n\n\t\t<\/div>\n\t\t\t\t\t<\/div>\n\n\t\n\n<\/div>\n\n\t\t<\/div>\n\n\t\t\n<style>\n#section_1226899515 {\n  padding-top: 30px;\n  padding-bottom: 30px;\n}\n#section_1226899515 .ux-shape-divider--top svg {\n  height: 150px;\n  --divider-top-width: 100%;\n}\n#section_1226899515 .ux-shape-divider--bottom svg {\n  height: 150px;\n  --divider-width: 100%;\n}\n<\/style>\n\t<\/section>\n\t\n\n","protected":false},"excerpt":{"rendered":"","protected":false},"author":1,"featured_media":0,"parent":2461,"menu_order":0,"comment_status":"closed","ping_status":"closed","template":"page-blank.php","meta":{"iawp_total_views":2,"footnotes":""},"class_list":["post-2513","page","type-page","status-publish","hentry"],"_links":{"self":[{"href":"https:\/\/ssscorp.org\/fr\/wp-json\/wp\/v2\/pages\/2513","targetHints":{"allow":["GET"]}}],"collection":[{"href":"https:\/\/ssscorp.org\/fr\/wp-json\/wp\/v2\/pages"}],"about":[{"href":"https:\/\/ssscorp.org\/fr\/wp-json\/wp\/v2\/types\/page"}],"author":[{"embeddable":true,"href":"https:\/\/ssscorp.org\/fr\/wp-json\/wp\/v2\/users\/1"}],"replies":[{"embeddable":true,"href":"https:\/\/ssscorp.org\/fr\/wp-json\/wp\/v2\/comments?post=2513"}],"version-history":[{"count":1,"href":"https:\/\/ssscorp.org\/fr\/wp-json\/wp\/v2\/pages\/2513\/revisions"}],"predecessor-version":[{"id":2519,"href":"https:\/\/ssscorp.org\/fr\/wp-json\/wp\/v2\/pages\/2513\/revisions\/2519"}],"up":[{"embeddable":true,"href":"https:\/\/ssscorp.org\/fr\/wp-json\/wp\/v2\/pages\/2461"}],"wp:attachment":[{"href":"https:\/\/ssscorp.org\/fr\/wp-json\/wp\/v2\/media?parent=2513"}],"curies":[{"name":"wp","href":"https:\/\/api.w.org\/{rel}","templated":true}]}}