{"id":2476,"date":"2022-09-02T15:25:35","date_gmt":"2022-09-02T15:25:35","guid":{"rendered":"https:\/\/ssscorp.org\/election-du-sssc\/electeurs\/renouveler-le-droit-de-vote\/"},"modified":"2022-12-16T19:37:21","modified_gmt":"2022-12-16T19:37:21","slug":"renouveler-le-droit-de-vote","status":"publish","type":"page","link":"https:\/\/ssscorp.org\/fr\/election-du-sssc\/electeurs\/renouveler-le-droit-de-vote\/","title":{"rendered":"Renouveler le droit de vote"},"content":{"rendered":"\n\t<section class=\"section\" id=\"section_87732146\">\n\t\t<div class=\"bg section-bg fill bg-fill  bg-loaded\" >\n\n\t\t\t\n\t\t\t\n\t\t\t\n\n\t\t<\/div>\n\n\t\t\n\n\t\t<div class=\"section-content relative\">\n\t\t\t\n\n<div class=\"row align-center\"  id=\"row-610795462\">\n\n\n\t<div id=\"col-1372512175\" class=\"col small-12 large-12\"  >\n\t\t\t\t<div class=\"col-inner text-left\"  >\n\t\t\t\n\t\t\t\n\n<h2 id=\"503784193199685412\" class=\"element wsite-content-title editable-text cke_editable cke_editable_inline cke_contents_ltr cke_show_borders cke_focus\" style=\"text-align: center;\" tabindex=\"0\" role=\"textbox\" contenteditable=\"true\" spellcheck=\"true\" aria-label=\"false\"><span style=\"color: #8d7824; font-size: 150%;\">Processus de renouvellement des \u00e9lecteurs 2022<\/span><br><span style=\"font-size: xx-large; color: #333333;\">pour les \u00e9lecteurs qui reviennent<\/span><\/h2>\n\t<div id=\"gap-1021185062\" class=\"gap-element clearfix\" style=\"display:block; height:auto;\">\n\t\t\n<style>\n#gap-1021185062 {\n  padding-top: 30px;\n}\n<\/style>\n\t<\/div>\n\t\n\n\t<div id=\"text-3543653201\" class=\"text\">\n\t\t\n\n<h2><strong><span style=\"color: #8d7824;\">Pour les \u00e9lecteurs qui reviennent :<\/span><\/strong><\/h2>\n<p>Si vous avez d\u00e9j\u00e0 \u00e9t\u00e9 approuv\u00e9 pour faire partie du groupe d&#8217;\u00e9lecteurs du SSSC, vous pouvez renouveler vos informations d&#8217;identification. <br>Notez que si vous ne renouvelez pas ce tour \u00e9lectoral, vous devrez pr\u00e9senter une nouvelle demande pour le prochain cycle \u00e9lectoral en tant que nouvel \u00e9lecteur. Si vous confirmez vos pouvoirs d&#8217;\u00e9lecteur, vous pourrez les renouveler lors du prochain cycle \u00e9lectoral sans avoir \u00e0 pr\u00e9senter une nouvelle demande. <br><br>Si vous n&#8217;avez PAS \u00c9T\u00c9 APPROUV\u00c9 AU PR\u00c9ALABLE en tant qu&#8217;\u00e9lecteur, veuillez vous rendre \u00e0 la <a href=\"https:\/\/ssscorp.org\/fr\/election-du-sssc\/electeurs\/nouveaux-electeurs\/\">page Nouvelle demande d&#8217;\u00e9lecteur.<\/a><br><br><strong>La date limite pour le renouvellement de votre carte d&#8217;\u00e9lecteur est le 8 octobre 2022, avant 20 heures.<\/strong><\/p>\n\t\t\n<style>\n#text-3543653201 {\n  text-align: left;\n}\n<\/style>\n\t<\/div>\n\t\n<div class=\"row\"  id=\"row-1801522657\">\n\n\n\t<div id=\"col-1153787150\" class=\"col small-12 large-12\"  >\n\t\t\t\t<div class=\"col-inner\"  >\n\t\t\t\n\t\t\t\n\n\n\n<script>(function(t,e,s,n){var o,a,c;t.SMCX=t.SMCX||[],e.getElementById(n)||(o=e.getElementsByTagName(s),a=o[o.length-1],c=e.createElement(s),c.type=\"text\/javascript\",c.async=!0,c.id=n,c.src=\"https:\/\/widget.surveymonkey.com\/collect\/website\/js\/tRaiETqnLgj758hTBazgd1YkBlJMi2KW7b_2BiLPJX42O1oGrZ8J5LscyG41ViGgmo.js\",a.parentNode.insertBefore(c,a))})(window,document,\"script\",\"smcx-sdk\");<\/script>\n\n\n\t\t<\/div>\n\t\t\t\t\t<\/div>\n\n\t\n\n<\/div>\n\n\t\t<\/div>\n\t\t\t\t\t<\/div>\n\n\t\n\n<\/div>\n\n\t\t<\/div>\n\n\t\t\n<style>\n#section_87732146 {\n  padding-top: 30px;\n  padding-bottom: 30px;\n}\n#section_87732146 .ux-shape-divider--top svg {\n  height: 150px;\n  --divider-top-width: 100%;\n}\n#section_87732146 .ux-shape-divider--bottom svg {\n  height: 150px;\n  --divider-width: 100%;\n}\n<\/style>\n\t<\/section>\n\t\n\n","protected":false},"excerpt":{"rendered":"","protected":false},"author":1,"featured_media":0,"parent":2461,"menu_order":0,"comment_status":"closed","ping_status":"closed","template":"page-blank.php","meta":{"iawp_total_views":2,"footnotes":""},"class_list":["post-2476","page","type-page","status-publish","hentry"],"_links":{"self":[{"href":"https:\/\/ssscorp.org\/fr\/wp-json\/wp\/v2\/pages\/2476","targetHints":{"allow":["GET"]}}],"collection":[{"href":"https:\/\/ssscorp.org\/fr\/wp-json\/wp\/v2\/pages"}],"about":[{"href":"https:\/\/ssscorp.org\/fr\/wp-json\/wp\/v2\/types\/page"}],"author":[{"embeddable":true,"href":"https:\/\/ssscorp.org\/fr\/wp-json\/wp\/v2\/users\/1"}],"replies":[{"embeddable":true,"href":"https:\/\/ssscorp.org\/fr\/wp-json\/wp\/v2\/comments?post=2476"}],"version-history":[{"count":2,"href":"https:\/\/ssscorp.org\/fr\/wp-json\/wp\/v2\/pages\/2476\/revisions"}],"predecessor-version":[{"id":4324,"href":"https:\/\/ssscorp.org\/fr\/wp-json\/wp\/v2\/pages\/2476\/revisions\/4324"}],"up":[{"embeddable":true,"href":"https:\/\/ssscorp.org\/fr\/wp-json\/wp\/v2\/pages\/2461"}],"wp:attachment":[{"href":"https:\/\/ssscorp.org\/fr\/wp-json\/wp\/v2\/media?parent=2476"}],"curies":[{"name":"wp","href":"https:\/\/api.w.org\/{rel}","templated":true}]}}